{"id":5134,"date":"2026-01-23T10:09:57","date_gmt":"2026-01-23T02:09:57","guid":{"rendered":"https:\/\/minghanggroup.com\/?post_type=product&#038;p=5134"},"modified":"2026-01-23T10:09:59","modified_gmt":"2026-01-23T02:09:59","slug":"glass-unique-candle-jars-with-embossed-design-for-brand-bulk","status":"publish","type":"product","link":"https:\/\/minghanggroup.com\/de\/produkt\/glass-unique-candle-jars-with-embossed-design-for-brand-bulk\/","title":{"rendered":"460 ml einzigartige Glaskerzengl\u00e4ser mit gepr\u00e4gtem Design f\u00fcr Marken im Gro\u00dfhandel"},"content":{"rendered":"<p>Ihre einzigartigen Kerzengl\u00e4ser sollten nicht nur Wachs enthalten \u2013 sie sollten Ihrem Gesch\u00e4ft ein bezauberndes Ambiente verleihen. Als Spezialisten f\u00fcr den Gro\u00dfhandel mit Glaskerzengl\u00e4sern fertigen wir luxuri\u00f6se Gef\u00e4\u00dfe, die Ihre Kerzenkollektion zu einem absoluten Must-have f\u00fcr Ihre Kunden machen.<\/p>\n<h2>Produktmerkmale<\/h2>\n<ul>\n<li><strong>Musterstil:<\/strong> Das Wabenmuster wirkt sehr modern, das Palmenblattmuster hingegen eher rustikal \u2013 Ihr Kerzenhalter erz\u00e4hlt eine ganz pers\u00f6nliche Geschichte.<\/li>\n<li><strong>Stabile Basis:<\/strong> Durch die erh\u00f6hte Basis steht der Halter selbst auf einer Marmorplatte absolut stabil. So ist Ihr Kerzenhalter nicht nur robust und langlebig, sondern auch von au\u00dfergew\u00f6hnlicher Qualit\u00e4t.<\/li>\n<li><strong>Kristallklar:<\/strong> Durch das klare Glas k\u00f6nnen Sie alle Farben des Aromatherapie\u00f6ls sehr deutlich sehen, ohne dass es zu Unsch\u00e4rfen oder Filtereffekten kommt.<\/li>\n<\/ul>\n<h2>Wichtigste Spezifikationen<\/h2>\n<table style=\"border-collapse: collapse; width: 80%; margin-left: auto; margin-right: auto;\" border=\"0\" width=\"288\" cellspacing=\"0\" cellpadding=\"0\">\n<tbody>\n<tr style=\"height: 13.50pt;\">\n<td style=\"height: 13.5pt; width: 54pt; text-align: center;\" width=\"72\" height=\"18\">Gr\u00f6\u00dfe<\/td>\n<td style=\"width: 54pt; text-align: center;\" width=\"72\">Abmessungen (mm)<\/td>\n<td style=\"width: 54pt; text-align: center;\" width=\"72\">Verf\u00fcgbare Muster<\/td>\n<td style=\"width: 54pt; text-align: center;\" width=\"72\">Farbe<\/td>\n<\/tr>\n<tr style=\"height: 13.50pt;\">\n<td style=\"height: 13.5pt; text-align: center;\" height=\"18\">460 ml<\/td>\n<td style=\"text-align: center;\">67 \u00d7 85 \u00d7 130<\/td>\n<td style=\"text-align: center;\">Palme, Mosaik, Wabe, M\u00fcnzen, Punkte, F\u00e4cher<\/td>\n<td style=\"text-align: center;\">Klar\/benutzerdefiniert<\/td>\n<\/tr>\n<\/tbody>\n<\/table>\n<h2>Erfolgsbeispiel<\/h2>\n<p>Eine nordamerikanische Premium-Aromatherapiemarke entschied sich f\u00fcr unsere einzigartigen Kerzengl\u00e4ser als Hauptverpackung f\u00fcr ihre neue Produktreihe. Der Kunde passte verschiedene Pr\u00e4gemuster individuell an, w\u00e4hlte eine matte, sandgestrahlte Oberfl\u00e4che mit kontrastierenden Hochglanzakzenten, platzierte sein Markenlogo auf dem Boden und bestellte verschiedene Gr\u00f6\u00dfenkombinationen.<\/p>\n<p>In den ersten drei Monaten nach der Produkteinf\u00fchrung entwickelten sich die \u201elimitierten, strukturierten Gl\u00e4ser\u201c zu einem Verkaufsschlager. Bereits drei Monate sp\u00e4ter bestellte der Kunde eine zweite Gro\u00dfbestellung, die 45 % gr\u00f6\u00dfer war als die erste.<\/p>\n<h2>Ihre Anpassungsoptionen<\/h2>\n<ol>\n<li><strong>Oberfl\u00e4chenveredelungsoptionen:<\/strong> Es unterst\u00fctzt Mischprozesse wie Sandstrahlen und Polieren von Bereichen, interne Farbbeschichtung und externe Transparenz zur Verbesserung der Display\u00e4sthetik.<\/li>\n<li><strong>Anpassbare Deckel:<\/strong> Das Produkt wird mit Deckeln aus Holz, Glas oder Metall angeboten und unterst\u00fctzt auch die individuelle Gestaltung von Farbe, Gravur oder laserge\u00e4tzten Logos.<\/li>\n<li><strong>Markenlogo unten:<\/strong> Markenname, Fassungsverm\u00f6gen oder Herkunftsinformationen k\u00f6nnen auf dem Boden des Bechers eingepr\u00e4gt werden, was f\u00fcr ein professionelleres Aussehen sorgt und gleichzeitig den Standards f\u00fcr den Einzelhandel entspricht.<\/li>\n<\/ol>","protected":false},"excerpt":{"rendered":"<p>Entdecken Sie einzigartige Kerzengl\u00e4ser mit faszinierenden Texturen \u2013 ideal f\u00fcr Markenkollektionen. Kerzengl\u00e4ser aus Glas im Gro\u00dfhandel, direkt vom Hersteller, mit schnellem Versand.<\/p>","protected":false},"featured_media":5143,"template":"","meta":{"postBodyCss":"","postBodyMargin":[],"postBodyPadding":[],"postBodyBackground":{"backgroundType":"classic","gradient":""}},"product_brand":[],"product_cat":[15,82,17],"product_tag":[],"class_list":{"0":"post-5134","1":"product","2":"type-product","3":"status-publish","4":"has-post-thumbnail","6":"product_cat-glass-containers","7":"product_cat-candle-jars","8":"product_cat-glass-jars","10":"first","11":"instock","12":"shipping-taxable","13":"product-type-simple"},"jetpack_sharing_enabled":true,"_links":{"self":[{"href":"https:\/\/minghanggroup.com\/de\/wp-json\/wp\/v2\/product\/5134","targetHints":{"allow":["GET"]}}],"collection":[{"href":"https:\/\/minghanggroup.com\/de\/wp-json\/wp\/v2\/product"}],"about":[{"href":"https:\/\/minghanggroup.com\/de\/wp-json\/wp\/v2\/types\/product"}],"wp:featuredmedia":[{"embeddable":true,"href":"https:\/\/minghanggroup.com\/de\/wp-json\/wp\/v2\/media\/5143"}],"wp:attachment":[{"href":"https:\/\/minghanggroup.com\/de\/wp-json\/wp\/v2\/media?parent=5134"}],"wp:term":[{"taxonomy":"product_brand","embeddable":true,"href":"https:\/\/minghanggroup.com\/de\/wp-json\/wp\/v2\/product_brand?post=5134"},{"taxonomy":"product_cat","embeddable":true,"href":"https:\/\/minghanggroup.com\/de\/wp-json\/wp\/v2\/product_cat?post=5134"},{"taxonomy":"product_tag","embeddable":true,"href":"https:\/\/minghanggroup.com\/de\/wp-json\/wp\/v2\/product_tag?post=5134"}],"curies":[{"name":"wp","href":"https:\/\/api.w.org\/{rel}","templated":true}]}}