{"id":5117,"date":"2026-01-22T16:35:09","date_gmt":"2026-01-22T08:35:09","guid":{"rendered":"https:\/\/minghanggroup.com\/?post_type=product&#038;p=5117"},"modified":"2026-01-22T16:52:04","modified_gmt":"2026-01-22T08:52:04","slug":"clear-small-candle-jars-for-packaging-wholesale","status":"publish","type":"product","link":"https:\/\/minghanggroup.com\/de\/produkt\/clear-small-candle-jars-for-packaging-wholesale\/","title":{"rendered":"85 ml durchsichtige kleine Kerzengl\u00e4ser f\u00fcr Verpackungszwecke im Gro\u00dfhandel"},"content":{"rendered":"<p>Ihre kleinen Kerzengl\u00e4ser sollten nicht nur Wachs enthalten \u2013 sie sollten Ihr Gesch\u00e4ft zum Stadtgespr\u00e4ch machen. Als Spezialisten f\u00fcr Kerzenbeh\u00e4lter in gro\u00dfen Mengen fertigen wir Glasverpackungen, die Ihre Kerzenkollektion im Gro\u00dfhandel zum Liebling Ihrer Kunden machen.<\/p>\n<h2>Produktmerkmale<\/h2>\n<ul>\n<li><strong>Kompakter Charme:<\/strong> Klein und kompakt, ideal f\u00fcr Schreibtische oder Nachttische. Ihr Kerzenbeh\u00e4lter ist gem\u00fctlich und stabil.<\/li>\n<li><strong>Kristallklare Klarheit:<\/strong> Alle Farben der duftenden \u00e4therischen \u00d6le sind durch das transparente Glas sichtbar \u2013 keine tr\u00fcben Filter.<\/li>\n<li><strong>Flexibilit\u00e4t des Deckels:<\/strong> Die Deckel aus Kunststoff oder Holz schlie\u00dfen fest, kein Wachs tritt aus, kein Staub.<\/li>\n<\/ul>\n<h2>Wichtigste Spezifikationen<\/h2>\n<table style=\"border-collapse: collapse; width: 80%; margin-left: auto; margin-right: auto;\" border=\"0\" width=\"288\" cellspacing=\"0\" cellpadding=\"0\">\n<tbody>\n<tr style=\"height: 13.50pt;\">\n<td style=\"height: 13.5pt; width: 54pt; text-align: center;\" width=\"72\" height=\"18\">Gr\u00f6\u00dfe<\/td>\n<td style=\"width: 54pt; text-align: center;\" width=\"72\">Abmessungen (mm)<\/td>\n<td style=\"width: 54pt; text-align: center;\" width=\"72\">Deckeloptionen<\/td>\n<td style=\"width: 54pt; text-align: center;\" width=\"72\">Beenden<\/td>\n<\/tr>\n<tr style=\"height: 13.50pt;\">\n<td style=\"height: 13.5pt; text-align: center;\" height=\"18\">85 ml<\/td>\n<td style=\"text-align: center;\">65 \u00d7 58 \u00d7 60<\/td>\n<td style=\"text-align: center;\">Kunststoff oder Holz<\/td>\n<td style=\"text-align: center;\">Klar\/benutzerdefiniert<\/td>\n<\/tr>\n<\/tbody>\n<\/table>\n<h2>Erfolgsbeispiel<\/h2>\n<p>Eine unserer kleinen Kerzenbecher wurde von einer Aromatherapie-Marke als Verpackung f\u00fcr ihre neue Produktlinie ausgew\u00e4hlt. Um die Idee der Kollektion zu unterstreichen, entwarf der Kunde ein markantes gelbes Glas und verwendete ein pr\u00e4zises Siebdruckverfahren, um das Markenlogo mit mattierter Oberfl\u00e4che auf die transparente Flasche aufzubringen. So bleiben die Frische und Leichtigkeit des Produkts sowie die ansprechende Optik erhalten.<\/p>\n<p>Nach der Umstellung der Verpackung stieg der Absatz dieser Produktlinie im ersten Quartal um 150 %. Mittlerweile betreut dieser Kunde alle seine Bestellungen.<\/p>\n<h2>Ihre Anpassungsoptionen<\/h2>\n<ol>\n<li><strong>Becherrand- und Detailbearbeitung:<\/strong> Durch die Kombination von Laser-Kaltschneidtechnologie und Handpolitur erh\u00e4lt der dickwandige Tassenrand eine spiegelglatte und abgerundete Oberfl\u00e4che, die im Vergleich zur \u00fcblichen w\u00e4rmebehandelten Randbearbeitung das Erscheinungsbild eines Luxusartikels widerspiegelt.<\/li>\n<li><strong>Individuell anpassbare Farbvisualisierungen:<\/strong> Durch die Anwendung der Farbverlaufs-Spr\u00fchtechnik auf der Innenwand oder dem Boden, beispielsweise durch das Aufbringen von bernsteinfarbenen oder rauchgrauen Farbt\u00f6nen, die sich von unten ausbreiten, bewirkt die Dicke des Glases eine Lichtbrechung, die der Farbe eine erstaunliche 3D-Tiefe und einen wirklich eindrucksvollen Effekt verleiht.<\/li>\n<li><strong>Passende Materialkombinationen:<\/strong> Die dickwandigen Becher werden mit individuell gefertigten Deckeln aus Marmor, geb\u00fcrstetem Metall oder nat\u00fcrlichem Walnussholz kombiniert. Der Kontrast zwischen der rauen Stein- oder Holzstruktur und dem feinen Glas verleiht der Geschenkidee einen echten Wow-Effekt.<\/li>\n<\/ol>","protected":false},"excerpt":{"rendered":"<p>Hochwertige, kleine Kerzengl\u00e4ser aus Klarglas, ideal f\u00fcr Duftkerzen. Zuverl\u00e4ssige Gro\u00dfbestellung von Kerzenbeh\u00e4ltern, schnelle Lieferung m\u00f6glich.<\/p>","protected":false},"featured_media":5121,"template":"","meta":{"postBodyCss":"","postBodyMargin":[],"postBodyPadding":[],"postBodyBackground":{"backgroundType":"classic","gradient":""}},"product_brand":[],"product_cat":[15,82,17],"product_tag":[],"class_list":{"0":"post-5117","1":"product","2":"type-product","3":"status-publish","4":"has-post-thumbnail","6":"product_cat-glass-containers","7":"product_cat-candle-jars","8":"product_cat-glass-jars","10":"first","11":"instock","12":"shipping-taxable","13":"product-type-simple"},"jetpack_sharing_enabled":true,"_links":{"self":[{"href":"https:\/\/minghanggroup.com\/de\/wp-json\/wp\/v2\/product\/5117","targetHints":{"allow":["GET"]}}],"collection":[{"href":"https:\/\/minghanggroup.com\/de\/wp-json\/wp\/v2\/product"}],"about":[{"href":"https:\/\/minghanggroup.com\/de\/wp-json\/wp\/v2\/types\/product"}],"wp:featuredmedia":[{"embeddable":true,"href":"https:\/\/minghanggroup.com\/de\/wp-json\/wp\/v2\/media\/5121"}],"wp:attachment":[{"href":"https:\/\/minghanggroup.com\/de\/wp-json\/wp\/v2\/media?parent=5117"}],"wp:term":[{"taxonomy":"product_brand","embeddable":true,"href":"https:\/\/minghanggroup.com\/de\/wp-json\/wp\/v2\/product_brand?post=5117"},{"taxonomy":"product_cat","embeddable":true,"href":"https:\/\/minghanggroup.com\/de\/wp-json\/wp\/v2\/product_cat?post=5117"},{"taxonomy":"product_tag","embeddable":true,"href":"https:\/\/minghanggroup.com\/de\/wp-json\/wp\/v2\/product_tag?post=5117"}],"curies":[{"name":"wp","href":"https:\/\/api.w.org\/{rel}","templated":true}]}}