{"id":5105,"date":"2026-01-22T15:58:16","date_gmt":"2026-01-22T07:58:16","guid":{"rendered":"https:\/\/minghanggroup.com\/?post_type=product&#038;p=5105"},"modified":"2026-01-22T16:51:00","modified_gmt":"2026-01-22T08:51:00","slug":"frosted-glass-candle-containers-with-lids-wholesale","status":"publish","type":"product","link":"https:\/\/minghanggroup.com\/de\/produkt\/frosted-glass-candle-containers-with-lids-wholesale\/","title":{"rendered":"80 ml und 95 ml Kerzenbeh\u00e4lter aus mattiertem Glas mit Deckel \u2013 Gro\u00dfhandel"},"content":{"rendered":"<p>Ihre Kerzenbeh\u00e4lter mit Deckel sollten nicht nur Wachs aufbewahren \u2013 sie sollten Ihr Gesch\u00e4ft zum Stadtgespr\u00e4ch machen. Als Spezialisten f\u00fcr mattierte Kerzengl\u00e4ser fertigen wir Glasverpackungen, die Ihre Kerzenkollektion im Gro\u00dfhandel zum Liebling Ihrer Kunden machen.<\/p>\n<h2>Produktmerkmale<\/h2>\n<ul>\n<li><strong>Weiche, mattierte Oberfl\u00e4che:<\/strong> Eine mattierte Oberfl\u00e4che streut das Kerzenlicht sehr sanft und mild wie Mondlicht und sorgt so f\u00fcr eine sofortige Aufwertung der behaglichen Atmosph\u00e4re Ihres Raumduftes.<\/li>\n<li><strong>Deckel sichern:<\/strong> Ein perfekt schlie\u00dfender Holzdeckel verhindert Wachsaustritt und Staubansammlung. Ihr Kerzenbeh\u00e4lter ist robust, langlebig und von h\u00f6chster Qualit\u00e4t.<\/li>\n<li><strong>Einfaches zylindrisches Design:<\/strong> Die zeitlose zylindrische Form eignet sich ideal f\u00fcr den skandinavischen minimalistischen Stil und kann mit Etiketten oder Aufdrucken verziert werden, um einen anspruchsvollen Look auszudr\u00fccken.<\/li>\n<\/ul>\n<h2>Wichtigste Spezifikationen<\/h2>\n<table style=\"border-collapse: collapse; width: 80%; margin-left: auto; margin-right: auto;\" border=\"0\" width=\"288\" cellspacing=\"0\" cellpadding=\"0\">\n<tbody>\n<tr style=\"height: 13.50pt;\">\n<td style=\"height: 13.5pt; width: 54pt; text-align: center;\" width=\"72\" height=\"18\">Gr\u00f6\u00dfe (ml)<\/td>\n<td style=\"width: 54pt; text-align: center;\" width=\"72\">Abmessungen (mm)<\/td>\n<td style=\"width: 54pt; text-align: center;\" width=\"72\">Deckeltyp<\/td>\n<td style=\"width: 54pt; text-align: center;\" width=\"72\">Farbe<\/td>\n<\/tr>\n<tr style=\"height: 13.50pt;\">\n<td style=\"height: 13.5pt; text-align: center;\" align=\"right\" height=\"18\">80<\/td>\n<td style=\"text-align: center;\">52 \u00d7 45 \u00d7 62<\/td>\n<td class=\"et2\" style=\"text-align: center;\" rowspan=\"2\">Kunststoff oder Holz<\/td>\n<td class=\"et2\" style=\"text-align: center;\" rowspan=\"2\">Mattiert oder individuell<\/td>\n<\/tr>\n<tr style=\"height: 13.50pt;\">\n<td style=\"height: 13.5pt; text-align: center;\" align=\"right\" height=\"18\">95<\/td>\n<td style=\"text-align: center;\">56 \u00d7 47 \u00d7 66<\/td>\n<\/tr>\n<\/tbody>\n<\/table>\n<h2>Erfolgsbeispiel<\/h2>\n<p>Eine nordamerikanische Aromatherapie-Marke hat unseren mattierten Glaskerzenhalter als Hauptverpackung f\u00fcr ihre neue Produktlinie ausgew\u00e4hlt. Der Kerzenhalter pr\u00e4sentiert ein wei\u00dfes, aufgedrucktes Seidenlogo, und der Deckel ist aus Naturholz gefertigt und mit der Markengeschichte graviert. So wird sichergestellt, dass die Marke sowohl bei brennender als auch bei unangez\u00fcndeter Kerze hohe Wiedererkennungswerte erzielt.<\/p>\n<p>Nach der Markteinf\u00fchrung stieg der Absatz dieser Serie innerhalb von drei Monaten um rund 42 %, was zu mehr Bestellungen f\u00fcr kundenspezifische Versionen in verschiedenen Gr\u00f6\u00dfen f\u00fchrte, um das Produktangebot f\u00fcr Feiertage und Abonnements zu erweitern.<\/p>\n<h2>Ihre Anpassungsoptionen<\/h2>\n<ol>\n<li><strong>Verbessertes Deckelmaterial und verbesserte Deckelstruktur: <\/strong>Unsere Deckel sind so konstruiert, dass sie verschiedene Holzarten wie Bambus, Buche und Eiche aufnehmen k\u00f6nnen und zus\u00e4tzlich mit einem Silikondichtungsring versehen werden k\u00f6nnen, um eine bessere Luftdichtigkeit zu erreichen und so mehr Aroma einzuschlie\u00dfen.<\/li>\n<li><strong>Individuell gestaltbares Becher-Branding: <\/strong>Der Becherkorpus kann per Siebdruck, Hei\u00dfpr\u00e4gung (Gold oder Silber) oder partieller Lackierung verziert werden. Logoplatzierung und -gr\u00f6\u00dfe lassen sich flexibel an die jeweiligen Pr\u00e4sentationsanforderungen anpassen.<\/li>\n<li><strong>Passende Verpackungs- und Kombinationsm\u00f6glichkeiten: <\/strong>Es besteht die M\u00f6glichkeit, eine individuell gestaltete Farbbox mit einer umweltfreundlichen Innenschale oder einer Geschenkbox zu kombinieren. Dies eignet sich hervorragend f\u00fcr den direkten Einsatz im Marken-Einzelhandel oder bei Werbeaktionen zu Feiertagen.<\/li>\n<\/ol>","protected":false},"excerpt":{"rendered":"<p>Mattierte Kerzengl\u00e4ser, speziell f\u00fcr hochwertige Kerzenverpackungen. Diese Kerzenbeh\u00e4lter mit Deckel sind direkt ab Werk erh\u00e4ltlich und erm\u00f6glichen individuelle Gro\u00dfbestellungen.<\/p>","protected":false},"featured_media":5116,"template":"","meta":{"postBodyCss":"","postBodyMargin":[],"postBodyPadding":[],"postBodyBackground":{"backgroundType":"classic","gradient":""}},"product_brand":[],"product_cat":[15,82,17],"product_tag":[],"class_list":{"0":"post-5105","1":"product","2":"type-product","3":"status-publish","4":"has-post-thumbnail","6":"product_cat-glass-containers","7":"product_cat-candle-jars","8":"product_cat-glass-jars","10":"first","11":"instock","12":"shipping-taxable","13":"product-type-simple"},"jetpack_sharing_enabled":true,"_links":{"self":[{"href":"https:\/\/minghanggroup.com\/de\/wp-json\/wp\/v2\/product\/5105","targetHints":{"allow":["GET"]}}],"collection":[{"href":"https:\/\/minghanggroup.com\/de\/wp-json\/wp\/v2\/product"}],"about":[{"href":"https:\/\/minghanggroup.com\/de\/wp-json\/wp\/v2\/types\/product"}],"wp:featuredmedia":[{"embeddable":true,"href":"https:\/\/minghanggroup.com\/de\/wp-json\/wp\/v2\/media\/5116"}],"wp:attachment":[{"href":"https:\/\/minghanggroup.com\/de\/wp-json\/wp\/v2\/media?parent=5105"}],"wp:term":[{"taxonomy":"product_brand","embeddable":true,"href":"https:\/\/minghanggroup.com\/de\/wp-json\/wp\/v2\/product_brand?post=5105"},{"taxonomy":"product_cat","embeddable":true,"href":"https:\/\/minghanggroup.com\/de\/wp-json\/wp\/v2\/product_cat?post=5105"},{"taxonomy":"product_tag","embeddable":true,"href":"https:\/\/minghanggroup.com\/de\/wp-json\/wp\/v2\/product_tag?post=5105"}],"curies":[{"name":"wp","href":"https:\/\/api.w.org\/{rel}","templated":true}]}}