{"id":5099,"date":"2026-01-22T14:44:43","date_gmt":"2026-01-22T06:44:43","guid":{"rendered":"https:\/\/minghanggroup.com\/?post_type=product&#038;p=5099"},"modified":"2026-01-22T15:07:01","modified_gmt":"2026-01-22T07:07:01","slug":"tulip-style-glass-candle-containers-wholesale","status":"publish","type":"product","link":"https:\/\/minghanggroup.com\/de\/produkt\/tulip-style-glass-candle-containers-wholesale\/","title":{"rendered":"Gro\u00dfhandel f\u00fcr 110-ml-Kerzenbeh\u00e4lter aus Glas im Tulpenstil"},"content":{"rendered":"<p>Diese tulpenf\u00f6rmigen Kerzenbeh\u00e4lter haben einen nach innen gew\u00f6lbten Korpus und leicht gebogene Kanten. Die schlichten, vertikalen Streifen auf dem Korpus sorgen f\u00fcr besseren Halt und erzeugen ein sch\u00f6nes Licht- und Schattenspiel.<\/p>\n<h2>Produktmerkmale<\/h2>\n<ul>\n<li><strong>Elegante Tulpen-Silhouette:<\/strong> Die eleganten, flie\u00dfenden Kurven sind sehr einpr\u00e4gsam und verleihen dem Ganzen einen Hauch von nat\u00fcrlicher, eleganter Raffinesse.<\/li>\n<li><strong>Dekorative vertikale Streifen:<\/strong> Die vertikalen Streifen haben sowohl eine dekorative Wirkung als auch eine verbesserte Griffigkeit und erzeugen zudem ein anregendes und faszinierendes Spiel von Licht und Schatten.<\/li>\n<li><strong>Klarglas:<\/strong> Durch das klare Glas hat man einen klaren Blick auf das Wachs, die Flamme und alle Verzierungen im Inneren der Kerze.<\/li>\n<\/ul>\n<h2 style=\"text-align: left;\">Wichtigste Spezifikationen<\/h2>\n<table class=\"aligncenter\" style=\"border-collapse: collapse; width: 451.52pt;\" border=\"0\" width=\"602\" cellspacing=\"0\" cellpadding=\"0\">\n<tbody>\n<tr style=\"height: 13.50pt;\">\n<td style=\"height: 13.50pt; width: 121.50pt;\" width=\"162\" height=\"18\">Specification<\/td>\n<td style=\"width: 330.00pt;\" width=\"440\">Details<\/td>\n<\/tr>\n<tr style=\"height: 13.50pt;\">\n<td style=\"height: 13.50pt;\" height=\"18\">Kapazit\u00e4t<\/td>\n<td>110 ml<\/td>\n<\/tr>\n<tr style=\"height: 13.50pt;\">\n<td style=\"height: 13.50pt;\" height=\"18\">Abmessungen<\/td>\n<td>67 \u00d7 55 \u00d7 72 mm<\/td>\n<\/tr>\n<tr style=\"height: 13.50pt;\">\n<td style=\"height: 13.50pt;\" height=\"18\">Material<\/td>\n<td>Klarglas<\/td>\n<\/tr>\n<tr style=\"height: 13.50pt;\">\n<td style=\"height: 13.50pt;\" height=\"18\">Glasform<\/td>\n<td>Tulpenform mit vertikaler Riffelung und gewelltem Rand<\/td>\n<\/tr>\n<tr style=\"height: 13.50pt;\">\n<td style=\"height: 13.50pt;\" height=\"18\">Anpassungsumfang<\/td>\n<td>Farbe, Fl\u00f6tenmuster, Gr\u00f6\u00dfe, Vergoldung, Form<\/td>\n<\/tr>\n<tr style=\"height: 13.50pt;\">\n<td style=\"height: 13.50pt;\" height=\"18\">Handwerkskunst<\/td>\n<td>Gepresste Glasformteile f\u00fcr komplexe Tulpenformen und Riffelungen<\/td>\n<\/tr>\n<tr style=\"height: 13.50pt;\">\n<td style=\"height: 13.50pt;\" height=\"18\">Produktzweck<\/td>\n<td>Dekorative Kerzenbeh\u00e4lter, Kerzengl\u00e4ser<\/td>\n<\/tr>\n<tr style=\"height: 13.50pt;\">\n<td style=\"height: 13.50pt;\" height=\"18\">Geeignete Branchen<\/td>\n<td>Luxuskerzenmarken, Geschenkartikel- und Wohnaccessoires-H\u00e4ndler<\/td>\n<\/tr>\n<\/tbody>\n<\/table>\n<h2>Erfolgsgeschichte: Kerzenserie in Zusammenarbeit mit Floristen ein Riesenerfolg<\/h2>\n<p>Ein Online-Blumenh\u00e4ndler erwarb unsere tulpenf\u00f6rmigen Glasgef\u00e4\u00dfe als exklusive Beh\u00e4lter. Das einzigartige Design passte perfekt zu seinem Markenimage und f\u00fchrte zu einem Umsatzwachstum von 150 Prozent im Online-Direktvertrieb. Das transparente Glas brachte die nat\u00fcrliche Farbe des Wachses optimal zur Geltung, was die Verbreitung in den sozialen Medien um 80 Prozent steigerte. Die positive Produktperformance und das Kundenfeedback \u00fcberzeugten den H\u00e4ndler so sehr, dass er weitere 250.000 Glasgef\u00e4\u00dfe f\u00fcr seine Standard- und Saisonkollektionen bestellte.<\/p>\n<h2>Anpassungsm\u00f6glichkeiten f\u00fcr Kerzenbeh\u00e4lter<\/h2>\n<ul>\n<li>Glasfarben: Schlagen Sie sanfte T\u00f6ne wie Ros\u00e9, Salbeigr\u00fcn oder Himmelblau vor, um dem floralen Thema mehr Ausdruck zu verleihen.<\/li>\n<li>Variationen der Rillen: Durch Ver\u00e4ndern der Breite, Tiefe oder des Abstands zwischen den vertikalen Rillen lassen sich unterschiedliche Erscheinungsbilder erzielen.<\/li>\n<li>Metallische Ausf\u00fchrungen: F\u00e4cher, die an den R\u00e4ndern vergoldet oder mit Gold, Silber oder Kupfer verziert wurden.<\/li>\n<li>Gepr\u00e4gter Boden: Verzieren Sie den unteren Teil der Dose mit kleinen, erhabenen Blumenmotiven oder Ihrem Firmenlogo.<\/li>\n<\/ul>","protected":false},"excerpt":{"rendered":"<p>Kerzengl\u00e4ser im Tulpenstil mit vertikaler Rippenstruktur und floralem Rand, ideal f\u00fcr Duftkerzen und Dekoration. Hochwertige Kerzenbeh\u00e4lter direkt vom Hersteller.<\/p>","protected":false},"featured_media":5101,"template":"","meta":{"postBodyCss":"","postBodyMargin":[],"postBodyPadding":[],"postBodyBackground":{"backgroundType":"classic","gradient":""}},"product_brand":[],"product_cat":[15,82,17],"product_tag":[],"class_list":{"0":"post-5099","1":"product","2":"type-product","3":"status-publish","4":"has-post-thumbnail","6":"product_cat-glass-containers","7":"product_cat-candle-jars","8":"product_cat-glass-jars","10":"first","11":"instock","12":"shipping-taxable","13":"product-type-simple"},"jetpack_sharing_enabled":true,"_links":{"self":[{"href":"https:\/\/minghanggroup.com\/de\/wp-json\/wp\/v2\/product\/5099","targetHints":{"allow":["GET"]}}],"collection":[{"href":"https:\/\/minghanggroup.com\/de\/wp-json\/wp\/v2\/product"}],"about":[{"href":"https:\/\/minghanggroup.com\/de\/wp-json\/wp\/v2\/types\/product"}],"wp:featuredmedia":[{"embeddable":true,"href":"https:\/\/minghanggroup.com\/de\/wp-json\/wp\/v2\/media\/5101"}],"wp:attachment":[{"href":"https:\/\/minghanggroup.com\/de\/wp-json\/wp\/v2\/media?parent=5099"}],"wp:term":[{"taxonomy":"product_brand","embeddable":true,"href":"https:\/\/minghanggroup.com\/de\/wp-json\/wp\/v2\/product_brand?post=5099"},{"taxonomy":"product_cat","embeddable":true,"href":"https:\/\/minghanggroup.com\/de\/wp-json\/wp\/v2\/product_cat?post=5099"},{"taxonomy":"product_tag","embeddable":true,"href":"https:\/\/minghanggroup.com\/de\/wp-json\/wp\/v2\/product_tag?post=5099"}],"curies":[{"name":"wp","href":"https:\/\/api.w.org\/{rel}","templated":true}]}}