{"id":5044,"date":"2026-01-21T16:48:11","date_gmt":"2026-01-21T08:48:11","guid":{"rendered":"https:\/\/minghanggroup.com\/?post_type=product&#038;p=5044"},"modified":"2026-01-21T16:59:05","modified_gmt":"2026-01-21T08:59:05","slug":"vertical-stripes-diffuser-bottle-with-sticks-wholesale","status":"publish","type":"product","link":"https:\/\/minghanggroup.com\/de\/produkt\/vertical-stripes-diffuser-bottle-with-sticks-wholesale\/","title":{"rendered":"130-ml-Diffusorflasche mit vertikalen Streifen und St\u00e4bchen (Gro\u00dfhandel)"},"content":{"rendered":"<p>Ihre Diffusorflasche mit St\u00e4bchen sollte nicht nur Duft speichern, sondern auch Licht wie fl\u00fcssige Seide \u00fcber Ihren Schreibtisch tanzen lassen. Als Spezialisten f\u00fcr runde Glasdiffusorflaschen fertigen wir Glasdiffusoren mit Duftst\u00e4bchen, die Ihren Diffusor f\u00fcr \u00e4therische \u00d6le in einen stillen Blickfang verwandeln, der die Atmosph\u00e4re eines Raumes anregt.<\/p>\n<h2>Produktmerkmale<\/h2>\n<ul>\n<li><strong>Lichtstreuung in Rillen:<\/strong> Eine Reihe vertikaler Linien reflektiert das Licht wie fl\u00fcssige Diamanten \u2013 Ihren Wohnraum mit Duft zu versch\u00f6nern, sah noch nie so gut aus.<\/li>\n<li><strong>Rundhalssicherheit:<\/strong> Aufschraubbar, aus nat\u00fcrlichem Rattan, schilfstabil und auslaufsicher.<\/li>\n<li><strong>Kunst aus leeren Flaschen:<\/strong> Verwandeln Sie Ihr leeres Glas in eine Schreibtischdekoration \u2013 so erreichen Sie gleichzeitig Zero Waste und hohen Stil.<\/li>\n<\/ul>\n<h2>Wichtigste Spezifikationen<\/h2>\n<table style=\"border-collapse: collapse; width: 80%; margin-left: auto; margin-right: auto;\" border=\"0\" width=\"288\" cellspacing=\"0\" cellpadding=\"0\">\n<tbody>\n<tr style=\"height: 13.50pt;\">\n<td style=\"height: 13.5pt; width: 54pt; text-align: center;\" width=\"72\" height=\"18\">Gr\u00f6\u00dfe<\/td>\n<td style=\"width: 54pt; text-align: center;\" width=\"72\">Abmessungen (mm)<\/td>\n<td style=\"width: 54pt; text-align: center;\" width=\"72\">Halsart<\/td>\n<td style=\"width: 54pt; text-align: center;\" width=\"72\">Besonderheit<\/td>\n<\/tr>\n<tr style=\"height: 13.50pt;\">\n<td style=\"height: 13.5pt; text-align: center;\" height=\"18\">130 ml<\/td>\n<td style=\"text-align: center;\">50 \u00d7 127<\/td>\n<td style=\"text-align: center;\">Schraubverschluss<\/td>\n<td style=\"text-align: center;\">Vertikale Nuten<\/td>\n<\/tr>\n<\/tbody>\n<\/table>\n<h2>Erfolgsbeispiel<\/h2>\n<p>Eine Marke f\u00fcr Raumd\u00fcfte ben\u00f6tigte einen Diffusorflakon, der ihre minimalistische Duftlinie aufwertete und gleichzeitig am Point of Sale ein Premium-Image vermittelte. Anl\u00e4sslich der Produkteinf\u00fchrung entschied man sich f\u00fcr unseren transparenten Glasflakon und veredelte ihn mit einem mattierten Finish, einem eleganten, gepr\u00e4gten Markenlogo auf der Schulter und feinen, im Siebdruckverfahren aufgebrachten Linienmustern \u2013 perfekt abgestimmt auf den Markenstil.<\/p>\n<p>Das verbesserte Flaschendesign trug ma\u00dfgeblich zum Umsatzwachstum der Marke um 35 % innerhalb von nur zwei Monaten bei. Angespornt durch die positive Marktresonanz bestellte die Marke mehrere Quartale in Folge nach.<\/p>\n<h2>Ihre Anpassungsoptionen<\/h2>\n<ol>\n<li><strong>Gepr\u00e4gtes\/Vertieftes Logo-Design:<\/strong> Platzieren Sie ein kaum sichtbares, gepr\u00e4gtes Logo auf der Vorder- oder Unterseite der Flasche. Dadurch wird die Marke dauerhaft erkennbar, ohne dass zus\u00e4tzlicher Druck erforderlich ist. Diese Methode eignet sich besonders f\u00fcr langlebige Standardprodukte.<\/li>\n<li><strong>Individuelle Glasfarboptionen:<\/strong> Neben der standardm\u00e4\u00dfigen transparenten Farbe umfassen die individuellen Optionen Rauchgrau, Bernstein, Hellbraun oder sanfte Morandi-Farben, die zur Unterscheidung verschiedener Duftrichtungen oder Produktlinien verwendet werden k\u00f6nnen.<\/li>\n<li><strong>Seiden- und Siebdruck von Mustern und Texten:<\/strong> Es werden einfarbige, mehrfarbige Siebdruckverfahren unterst\u00fctzt, sodass Duftnamen, Markenslogans oder geometrische Muster gedruckt werden k\u00f6nnen. Dadurch wird die Sichtbarkeit im Regal erh\u00f6ht, ohne die Textur der Flasche zu beeintr\u00e4chtigen.<\/li>\n<\/ol>","protected":false},"excerpt":{"rendered":"<p>Diffusorflasche mit St\u00e4bchen, rund und mit vertikalen Streifen. Direkt vom Hersteller: Glasdiffusorflaschen und individuelle Gro\u00dfbestellungen m\u00f6glich.<\/p>","protected":false},"featured_media":5048,"template":"","meta":{"postBodyCss":"","postBodyMargin":[],"postBodyPadding":[],"postBodyBackground":{"backgroundType":"classic","gradient":""}},"product_brand":[],"product_cat":[15,16,63],"product_tag":[],"class_list":{"0":"post-5044","1":"product","2":"type-product","3":"status-publish","4":"has-post-thumbnail","6":"product_cat-glass-containers","7":"product_cat-glass-bottles","8":"product_cat-reed-diffuser-bottles","10":"first","11":"instock","12":"shipping-taxable","13":"product-type-simple"},"jetpack_sharing_enabled":true,"_links":{"self":[{"href":"https:\/\/minghanggroup.com\/de\/wp-json\/wp\/v2\/product\/5044","targetHints":{"allow":["GET"]}}],"collection":[{"href":"https:\/\/minghanggroup.com\/de\/wp-json\/wp\/v2\/product"}],"about":[{"href":"https:\/\/minghanggroup.com\/de\/wp-json\/wp\/v2\/types\/product"}],"wp:featuredmedia":[{"embeddable":true,"href":"https:\/\/minghanggroup.com\/de\/wp-json\/wp\/v2\/media\/5048"}],"wp:attachment":[{"href":"https:\/\/minghanggroup.com\/de\/wp-json\/wp\/v2\/media?parent=5044"}],"wp:term":[{"taxonomy":"product_brand","embeddable":true,"href":"https:\/\/minghanggroup.com\/de\/wp-json\/wp\/v2\/product_brand?post=5044"},{"taxonomy":"product_cat","embeddable":true,"href":"https:\/\/minghanggroup.com\/de\/wp-json\/wp\/v2\/product_cat?post=5044"},{"taxonomy":"product_tag","embeddable":true,"href":"https:\/\/minghanggroup.com\/de\/wp-json\/wp\/v2\/product_tag?post=5044"}],"curies":[{"name":"wp","href":"https:\/\/api.w.org\/{rel}","templated":true}]}}