{"id":5010,"date":"2026-01-21T14:51:15","date_gmt":"2026-01-21T06:51:15","guid":{"rendered":"https:\/\/minghanggroup.com\/?post_type=product&#038;p=5010"},"modified":"2026-01-21T15:28:37","modified_gmt":"2026-01-21T07:28:37","slug":"clear-diffuser-empty-glass-bottles-wholesale","status":"publish","type":"product","link":"https:\/\/minghanggroup.com\/de\/produkt\/clear-diffuser-empty-glass-bottles-wholesale\/","title":{"rendered":"120 ml leere Glasflaschen f\u00fcr Diffusoren (Gro\u00dfhandel)"},"content":{"rendered":"<p>Diese leere Glasflasche f\u00fcr den Diffusor besticht durch ihre elegante Silhouette: Sie erinnert an eine achtbl\u00e4ttrige Melone. Der Flaschenk\u00f6rper besteht aus acht sanft geschwungenen Linien, die sich vom Boden bis zur Schulter erstrecken und so eine formsch\u00f6ne Oberfl\u00e4che bilden.<\/p>\n<h2>Produktmerkmale<\/h2>\n<ul>\n<li><strong>Achtbl\u00e4ttrige Melonenform:<\/strong> Die Kurven flie\u00dfen in acht Bl\u00fctenbl\u00e4ttern, die der Flasche mehr Tiefe verleihen, und das Licht wird dann gebrochen, was zu einem warmen und raffinierten Eindruck und Aussehen f\u00fchrt.<\/li>\n<li><strong>Weitm\u00fcndungsdesign:<\/strong> Die weite \u00d6ffnung erleichtert das Bef\u00fcllen und erh\u00f6ht gleichzeitig die Offenheit und Attraktivit\u00e4t der Flasche.<\/li>\n<li><strong>120 ml Fassungsverm\u00f6gen:<\/strong> Das moderate Fassungsverm\u00f6gen von 120 ml ist f\u00fcr die Dialysebed\u00fcrfnisse der meisten Wohn- und Schlafzimmer ausreichend und sorgt f\u00fcr einen langanhaltenden Duft.<\/li>\n<\/ul>\n<h2 style=\"text-align: left;\">Wichtigste Spezifikationen<\/h2>\n<table class=\"aligncenter\" style=\"border-collapse: collapse; width: 435.77pt;\" border=\"0\" width=\"581\" cellspacing=\"0\" cellpadding=\"0\">\n<tbody>\n<tr style=\"height: 13.50pt;\">\n<td style=\"height: 13.50pt; width: 116.25pt;\" width=\"155\" height=\"18\">Specification<\/td>\n<td style=\"width: 319.50pt;\" width=\"426\">Details<\/td>\n<\/tr>\n<tr style=\"height: 13.50pt;\">\n<td style=\"height: 13.50pt;\" height=\"18\">Kapazit\u00e4t<\/td>\n<td>120 ml<\/td>\n<\/tr>\n<tr style=\"height: 13.50pt;\">\n<td style=\"height: 13.50pt;\" height=\"18\">Abmessungen<\/td>\n<td>67 \u00d7 101 mm<\/td>\n<\/tr>\n<tr style=\"height: 13.50pt;\">\n<td style=\"height: 13.50pt;\" height=\"18\">Innen-\/Au\u00dfenhalsdurchmesser<\/td>\n<td>18 mm \/ 38 mm<\/td>\n<\/tr>\n<tr style=\"height: 13.50pt;\">\n<td style=\"height: 13.50pt;\" height=\"18\">Material<\/td>\n<td>Soda-Kalk-Glas<\/td>\n<\/tr>\n<tr style=\"height: 13.50pt;\">\n<td style=\"height: 13.50pt;\" height=\"18\">Flaschenform<\/td>\n<td>Achtlappige Melonenrippe<\/td>\n<\/tr>\n<tr style=\"height: 13.50pt;\">\n<td style=\"height: 13.50pt;\" height=\"18\">Anpassungsumfang<\/td>\n<td>Farbe, Gr\u00f6\u00dfe, Form, Oberfl\u00e4chenstruktur<\/td>\n<\/tr>\n<tr style=\"height: 13.50pt;\">\n<td style=\"height: 13.50pt;\" height=\"18\">Handwerkskunst<\/td>\n<td>Mehrlappige Glasformung, Formung der ausladenden Mund\u00f6ffnung<\/td>\n<\/tr>\n<tr style=\"height: 13.50pt;\">\n<td style=\"height: 13.50pt;\" height=\"18\">Produktzweck<\/td>\n<td>Gro\u00dfhandel mit Glas-Diffusorflaschen und Duft\u00f6lbeh\u00e4ltern<\/td>\n<\/tr>\n<tr style=\"height: 13.50pt;\">\n<td style=\"height: 13.50pt;\" height=\"18\">Geeignete Branchen<\/td>\n<td>Minimalistische Wohnmarken, Boutique-Einzelhandel<\/td>\n<\/tr>\n<\/tbody>\n<\/table>\n<h2>Erfolgsgeschichte: Die Bestseller-Serie f\u00fcr nordische Wohnaccessoires<\/h2>\n<p>Unsere 120-ml-Glasflasche mit Diffusor wurde zum Kernprodukt einer nordischen Einrichtungsmarke. Deren Philosophie der organischen \u00c4sthetik, die in 80 % der positiven Bewertungen zum Ausdruck kommt, spiegelt sich perfekt in der organischen Melonenform wider. Das elegante Design f\u00fchrte zu einem Anstieg der Social-Media-Aktivit\u00e4ten um 200 %. Die Marke war sehr zufrieden und bestellte die 500.000 Flaschen erneut f\u00fcr ihr Standardsortiment und neue Saisonprodukte.<\/p>\n<h2>Gro\u00dfhandel mit individuell anpassbaren Glasdiffusorflaschen<\/h2>\n<ul>\n<li>Glasfarbe und -ton: Es wird in vier Farben erh\u00e4ltlich sein: transparent, hellgrau, hellgr\u00fcn und mattwei\u00df.<\/li>\n<li>Variationen der Bl\u00fctenbl\u00e4tter: Es kann eine \u00c4nderung in der Anzahl der Bl\u00fctenbl\u00e4tter (z. B. sechs oder zehn) oder in ihrer Tiefe und Kr\u00fcmmung geben.<\/li>\n<li>Gepr\u00e4gte Glasverzierungen: Es wird ein Zweifarbenverfahren angewendet, bei dem die Innenseite der Flasche mit farbigem Glas gepr\u00e4gt wird.<\/li>\n<li>Gepr\u00e4gter Boden\/Sockel: Bringen Sie ein kleines, erhabenes Logo oder ein Blattmuster am Boden der Flasche an.<\/li>\n<\/ul>","protected":false},"excerpt":{"rendered":"<p>Leere, transparente Glasflasche f\u00fcr Aromatherapie-Diffusoren mit eleganten, geschwungenen Rippen. Ideal f\u00fcr die Pr\u00e4sentation von Aromatherapie-Produkten. Robuste Glasflaschen f\u00fcr Aromatherapie-Diffusoren im Gro\u00dfhandel erh\u00e4ltlich. Direkt vom Hersteller.<\/p>","protected":false},"featured_media":5019,"template":"","meta":{"postBodyCss":"","postBodyMargin":[],"postBodyPadding":[],"postBodyBackground":{"backgroundType":"classic","gradient":""}},"product_brand":[],"product_cat":[15,16,63],"product_tag":[],"class_list":{"0":"post-5010","1":"product","2":"type-product","3":"status-publish","4":"has-post-thumbnail","6":"product_cat-glass-containers","7":"product_cat-glass-bottles","8":"product_cat-reed-diffuser-bottles","10":"first","11":"instock","12":"shipping-taxable","13":"product-type-simple"},"jetpack_sharing_enabled":true,"_links":{"self":[{"href":"https:\/\/minghanggroup.com\/de\/wp-json\/wp\/v2\/product\/5010","targetHints":{"allow":["GET"]}}],"collection":[{"href":"https:\/\/minghanggroup.com\/de\/wp-json\/wp\/v2\/product"}],"about":[{"href":"https:\/\/minghanggroup.com\/de\/wp-json\/wp\/v2\/types\/product"}],"wp:featuredmedia":[{"embeddable":true,"href":"https:\/\/minghanggroup.com\/de\/wp-json\/wp\/v2\/media\/5019"}],"wp:attachment":[{"href":"https:\/\/minghanggroup.com\/de\/wp-json\/wp\/v2\/media?parent=5010"}],"wp:term":[{"taxonomy":"product_brand","embeddable":true,"href":"https:\/\/minghanggroup.com\/de\/wp-json\/wp\/v2\/product_brand?post=5010"},{"taxonomy":"product_cat","embeddable":true,"href":"https:\/\/minghanggroup.com\/de\/wp-json\/wp\/v2\/product_cat?post=5010"},{"taxonomy":"product_tag","embeddable":true,"href":"https:\/\/minghanggroup.com\/de\/wp-json\/wp\/v2\/product_tag?post=5010"}],"curies":[{"name":"wp","href":"https:\/\/api.w.org\/{rel}","templated":true}]}}