{"id":4980,"date":"2026-01-21T12:00:07","date_gmt":"2026-01-21T04:00:07","guid":{"rendered":"https:\/\/minghanggroup.com\/?post_type=product&#038;p=4980"},"modified":"2026-01-21T13:54:11","modified_gmt":"2026-01-21T05:54:11","slug":"100ml-reed-diffuser-jars-with-faceted-bulk","status":"publish","type":"product","link":"https:\/\/minghanggroup.com\/de\/produkt\/100ml-reed-diffuser-jars-with-faceted-bulk\/","title":{"rendered":"50-ml- und 100-ml-Duftst\u00e4bchen mit facettiertem Glas"},"content":{"rendered":"<p>Dieser Duftdiffusor hat eine zylindrische Form und ein au\u00dfergew\u00f6hnlich glattes, diamantgeschliffenes Design. Ein Standardgewinde am Hals sorgt f\u00fcr einen perfekten Verschluss.<\/p>\n<h2>Produktmerkmale<\/h2>\n<ul>\n<li><strong>Vollst\u00e4ndiges Diamantschliffmuster:<\/strong> Das kleine, glatte Diamantschliffmuster verleiht einen schimmernden Look und vermittelt ein Gef\u00fchl von Luxus.<\/li>\n<li><strong>Pr\u00e4zise Gewindedichtung:<\/strong> Das normale Gewinde am Flaschenhals sorgt f\u00fcr einen sehr dichten Sitz und verhindert ein Auslaufen, sodass Sie gleichzeitig sicher sein k\u00f6nnen, Ihr Parf\u00fcm optimal pr\u00e4sentieren zu k\u00f6nnen.<\/li>\n<li><strong>Zwei Praxisgr\u00f6\u00dfen:<\/strong> 50 ml, die auf dem Schreibtisch ausgestellt und als Geschenk verwendet werden k\u00f6nnen; 100 ml, die f\u00fcr den Gebrauch zu Hause geeignet sind.<\/li>\n<\/ul>\n<h2 style=\"text-align: left;\">Wichtigste Spezifikationen<\/h2>\n<table class=\"aligncenter\" style=\"border-collapse: collapse; width: 447.02pt;\" border=\"0\" width=\"596\" cellspacing=\"0\" cellpadding=\"0\">\n<tbody>\n<tr style=\"height: 13.50pt;\">\n<td style=\"height: 13.50pt; width: 116.25pt;\" width=\"155\" height=\"18\">Specification<\/td>\n<td style=\"width: 330.75pt;\" width=\"441\">Details<\/td>\n<\/tr>\n<tr style=\"height: 13.50pt;\">\n<td style=\"height: 13.50pt;\" height=\"18\">Kapazit\u00e4t<\/td>\n<td>50 ml \/ 100 ml<\/td>\n<\/tr>\n<tr style=\"height: 13.50pt;\">\n<td style=\"height: 13.50pt;\" height=\"18\">Abmessungen<\/td>\n<td>62 \u00d7 49 \u00d7 72 mm \/ 77 \u00d7 61 \u00d7 85 mm<\/td>\n<\/tr>\n<tr style=\"height: 13.50pt;\">\n<td style=\"height: 13.50pt;\" height=\"18\">Innen-\/Au\u00dfenhalsdurchmesser<\/td>\n<td>17 mm \/ 27 mm (Beide)<\/td>\n<\/tr>\n<tr style=\"height: 13.50pt;\">\n<td style=\"height: 13.50pt;\" height=\"18\">Material<\/td>\n<td>Soda-Kalk-Glas<\/td>\n<\/tr>\n<tr style=\"height: 13.50pt;\">\n<td style=\"height: 13.50pt;\" height=\"18\">Flaschenform<\/td>\n<td>Facettierter Zylinder<\/td>\n<\/tr>\n<tr style=\"height: 13.50pt;\">\n<td style=\"height: 13.50pt;\" height=\"18\">Anpassungsumfang<\/td>\n<td>Farbe, Gr\u00f6\u00dfe, Mattierung, Vergoldung<\/td>\n<\/tr>\n<tr style=\"height: 13.50pt;\">\n<td style=\"height: 13.50pt;\" height=\"18\">Handwerkskunst<\/td>\n<td>Pr\u00e4zisionsglaspressen, Gewindeschneiden<\/td>\n<\/tr>\n<tr style=\"height: 13.50pt;\">\n<td style=\"height: 13.50pt;\" height=\"18\">Produktzweck<\/td>\n<td>Moderne Duftst\u00e4bchen-Gl\u00e4ser, Flaschen mit hochwertigen Duft\u00f6len<\/td>\n<\/tr>\n<tr style=\"height: 13.50pt;\">\n<td style=\"height: 13.50pt;\" height=\"18\">Geeignete Branchen<\/td>\n<td>Moderne Raumd\u00fcfte, Luxushotellerie<\/td>\n<\/tr>\n<\/tbody>\n<\/table>\n<h2>Fallstudie<\/h2>\n<p>Unsere 100-ml-Flakons mit Duftst\u00e4bchen wurden von einer renommierten Hotelkette in Nordamerika f\u00fcr deren neuen, exklusiven Duft bestellt. Das diamantgeschliffene Design kam bei den G\u00e4sten gut an, obwohl 40 % der verkauften Produkte von Kunden stammten, die sie auch zu Hause kaufen wollten. Die schwere und unauff\u00e4llige Flaschenform verhindert ein Umkippen. Der Innendurchmesser des Flaschenhalses betr\u00e4gt standardm\u00e4\u00dfig 17 mm und ist mit allen g\u00e4ngigen Ausgie\u00dfern kompatibel. Das Hotel war so zufrieden, dass es innerhalb der n\u00e4chsten drei Jahre weitere 450.000 Flaschen f\u00fcr alle Suiten bestellte.<\/p>\n<h2>Die individuelle Gestaltung von Duftst\u00e4bchengl\u00e4sern<\/h2>\n<ul>\n<li>Glasfarbe und Transparenz: Es ist in klar, hellgrau, schwarz oder bernsteinfarben erh\u00e4ltlich und verleiht dem Glas so ein glamour\u00f6ses Aussehen.<\/li>\n<li>Variation des Schnittmusters: Die Tiefe, Geometrie oder Gr\u00f6\u00dfe des Diamantschnittmusters kann ver\u00e4ndert werden.<\/li>\n<li>Mattiertes Finish: Reduzieren Sie den Glanz mit einem matten Finish oder einem leicht mattierten Finish f\u00fcr ein luxuri\u00f6ses, mattes Erscheinungsbild.<\/li>\n<li>Lasergravur: Gravur eines kleinen Markennamens oder Designs auf ausgew\u00e4hlten Schnittfl\u00e4chen.<\/li>\n<\/ul>","protected":false},"excerpt":{"rendered":"<p>Duftst\u00e4bchen-Diffusor in Glasform mit Diamantschliff und Schraubverschluss, ideal f\u00fcr die Tisch-Aromatherapie. 100-ml-Fl\u00e4schchen f\u00fcr luxuri\u00f6se Dekoration. Schneller Versand.<\/p>","protected":false},"featured_media":5004,"template":"","meta":{"postBodyCss":"","postBodyMargin":[],"postBodyPadding":[],"postBodyBackground":{"backgroundType":"classic","gradient":""}},"product_brand":[],"product_cat":[15,16,63],"product_tag":[],"class_list":{"0":"post-4980","1":"product","2":"type-product","3":"status-publish","4":"has-post-thumbnail","6":"product_cat-glass-containers","7":"product_cat-glass-bottles","8":"product_cat-reed-diffuser-bottles","10":"first","11":"instock","12":"shipping-taxable","13":"product-type-simple"},"jetpack_sharing_enabled":true,"_links":{"self":[{"href":"https:\/\/minghanggroup.com\/de\/wp-json\/wp\/v2\/product\/4980","targetHints":{"allow":["GET"]}}],"collection":[{"href":"https:\/\/minghanggroup.com\/de\/wp-json\/wp\/v2\/product"}],"about":[{"href":"https:\/\/minghanggroup.com\/de\/wp-json\/wp\/v2\/types\/product"}],"wp:featuredmedia":[{"embeddable":true,"href":"https:\/\/minghanggroup.com\/de\/wp-json\/wp\/v2\/media\/5004"}],"wp:attachment":[{"href":"https:\/\/minghanggroup.com\/de\/wp-json\/wp\/v2\/media?parent=4980"}],"wp:term":[{"taxonomy":"product_brand","embeddable":true,"href":"https:\/\/minghanggroup.com\/de\/wp-json\/wp\/v2\/product_brand?post=4980"},{"taxonomy":"product_cat","embeddable":true,"href":"https:\/\/minghanggroup.com\/de\/wp-json\/wp\/v2\/product_cat?post=4980"},{"taxonomy":"product_tag","embeddable":true,"href":"https:\/\/minghanggroup.com\/de\/wp-json\/wp\/v2\/product_tag?post=4980"}],"curies":[{"name":"wp","href":"https:\/\/api.w.org\/{rel}","templated":true}]}}