{"id":4950,"date":"2026-01-21T13:27:45","date_gmt":"2026-01-21T05:27:45","guid":{"rendered":"https:\/\/minghanggroup.com\/?post_type=product&#038;p=4950"},"modified":"2026-01-21T13:27:47","modified_gmt":"2026-01-21T05:27:47","slug":"unusual-reed-diffuser-bottles-with-embossed-design-wholesale","status":"publish","type":"product","link":"https:\/\/minghanggroup.com\/de\/produkt\/unusual-reed-diffuser-bottles-with-embossed-design-wholesale\/","title":{"rendered":"Au\u00dfergew\u00f6hnliche Duftst\u00e4bchenflaschen (120 ml, 250 ml) mit gepr\u00e4gtem Design \u2013 Gro\u00dfhandel"},"content":{"rendered":"<p>Ihre au\u00dfergew\u00f6hnlichen Duftst\u00e4bchen-Fl\u00e4schchen sollten nicht nur Duft speichern, sondern das Licht wie fl\u00fcssige Kunst auf Ihrem Couchtisch tanzen lassen. Als Spezialisten f\u00fcr den Gro\u00dfhandel mit Duftst\u00e4bchen-Fl\u00e4schchen aus Glas fertigen wir luxuri\u00f6se Diffusoren, die Ihren Duftdiffusor in einen stillen Blickfang verwandeln, der im Raum f\u00fcr Gespr\u00e4chsstoff sorgt.<\/p>\n<h2>Produktmerkmale<\/h2>\n<ul>\n<li><strong>Gepr\u00e4gtes Kunstglasdesign:<\/strong> Die Flasche verf\u00fcgt \u00fcber ein dreidimensionales, gepr\u00e4gtes Glasstrukturmuster, das f\u00fcr das Auge mehrere tiefe Schichten erzeugt und die Flasche somit unter anderen \u00e4hnlichen Glasflaschen f\u00fcr Duftst\u00e4bchen im Gro\u00dfhandel sehr gut sichtbar macht.<\/li>\n<li><strong>Symmetrische unregelm\u00e4\u00dfige Silhouette:<\/strong> Die unregelm\u00e4\u00dfige Silhouette mit den spiegelnden Seiten bricht mit der \u00fcblichen runden oder quadratischen Form der Diffusorflaschen; daher passt dieses k\u00fcnstlerische Element sowohl zu luxuri\u00f6sen Wohnaccessoires als auch zu Geschenkartikeln.<\/li>\n<li><strong>Stabile, verdickte Flaschenbodenkonstruktion: <\/strong>Durch die verdickte Bodenkonstruktion wird nicht nur die Gesamtstabilit\u00e4t der Flasche erh\u00f6ht, sondern auch das Risiko des Umkippens verringert, wodurch sie sich f\u00fcr den Einsatz im Einzelhandel und in Hotels eignet.<\/li>\n<\/ul>\n<h2>Wichtigste Spezifikationen<\/h2>\n<table style=\"border-collapse: collapse; width: 80%; margin-left: auto; margin-right: auto;\" border=\"0\" width=\"288\" cellspacing=\"0\" cellpadding=\"0\">\n<tbody>\n<tr style=\"height: 13.50pt;\">\n<td style=\"height: 13.5pt; width: 54pt; text-align: center;\" width=\"72\" height=\"18\">Gr\u00f6\u00dfe (ml)<\/td>\n<td style=\"width: 54pt; text-align: center;\" width=\"72\">Abmessungen (mm)<\/td>\n<td style=\"width: 54pt; text-align: center;\" width=\"72\">Halsart<\/td>\n<td style=\"width: 54pt; text-align: center;\" width=\"72\">Besonderheit<\/td>\n<\/tr>\n<tr style=\"height: 13.50pt;\">\n<td style=\"height: 13.5pt; text-align: center;\" align=\"right\" height=\"18\">120<\/td>\n<td style=\"text-align: center;\">114 \u00d7 100<\/td>\n<td class=\"et2\" style=\"text-align: center;\" rowspan=\"2\">Schraubverschluss<\/td>\n<td class=\"et2\" style=\"text-align: center;\" rowspan=\"2\">Gepr\u00e4gte Textur<\/td>\n<\/tr>\n<tr style=\"height: 13.50pt;\">\n<td style=\"height: 13.5pt; text-align: center;\" align=\"right\" height=\"18\">250<\/td>\n<td style=\"text-align: center;\">139 \u00d7 117<\/td>\n<\/tr>\n<\/tbody>\n<\/table>\n<h2>Erfolgsbeispiel<\/h2>\n<p>Eine europ\u00e4ische Duftmarke w\u00e4hlte die einzigartigen Flakons mit Duftst\u00e4bchen als zentrale Verpackung f\u00fcr ihre j\u00e4hrliche Raumduftkollektion. Wir lieferten ihnen eine Komplettl\u00f6sung f\u00fcr Glasflakons mit Duftst\u00e4bchen im Gro\u00dfhandel und individualisierten einen exklusiven, rauchrosa Flakon mit einem seidenbedruckten Logo am Boden sowie originelle Duftst\u00e4bchen aus Holz.<\/p>\n<p>Nach der Produkteinf\u00fchrung verzeichnete die Kollektion einen massiven Anstieg der Wiederkaufsraten in Fachgesch\u00e4ften f\u00fcr gehobene Haushaltswaren, und der Preis pro Flasche stieg im Vergleich zum urspr\u00fcnglichen Basismodell um rund 30 %. Dadurch konnte der Kunde eine einzigartige Duftlinie f\u00fcr den Wohnbereich entwickeln.<\/p>\n<h2>Ihre Anpassungsoptionen<\/h2>\n<ol>\n<li><strong>Gepr\u00e4gte\/Vertiefte Details:<\/strong> Verwenden Sie ein individuelles geometrisches oder markenspezifisches Muster auf der Vorder- oder R\u00fcckseite der Flasche, um die haptische und visuelle Attraktivit\u00e4t zu steigern.<\/li>\n<li><strong>Flaschenhals und Zubeh\u00f6rkombination:<\/strong> Es bietet Platz f\u00fcr Flaschenhalsgr\u00f6\u00dfen unterschiedlicher Gr\u00f6\u00dfe und eignet sich f\u00fcr Diffusorst\u00e4bchen aus Metall, Holz oder individuell gestalteten Materialien, um einen stimmigen Gesamteindruck zu erzielen.<\/li>\n<li><strong>Farb- und Beschichtungsoptionen:<\/strong> Erm\u00f6glicht partielles Spr\u00fchen, Farbverlaufseffekte oder die Beschichtung des Innenraums mit Farben, passend f\u00fcr limitierte Editionen oder luxuri\u00f6se Duftkollektionen.<\/li>\n<\/ol>","protected":false},"excerpt":{"rendered":"<p>Au\u00dfergew\u00f6hnliche Duftst\u00e4bchen-Flaschen aus elegantem, gepr\u00e4gtem Glas. Diese Duftst\u00e4bchen-Flaschen sind im Gro\u00dfhandel erh\u00e4ltlich und k\u00f6nnen individuell gestaltet werden. Kostenlose Muster sind verf\u00fcgbar.<\/p>","protected":false},"featured_media":5001,"template":"","meta":{"postBodyCss":"","postBodyMargin":[],"postBodyPadding":[],"postBodyBackground":{"backgroundType":"classic","gradient":""}},"product_brand":[],"product_cat":[15,16,63],"product_tag":[],"class_list":{"0":"post-4950","1":"product","2":"type-product","3":"status-publish","4":"has-post-thumbnail","6":"product_cat-glass-containers","7":"product_cat-glass-bottles","8":"product_cat-reed-diffuser-bottles","10":"first","11":"instock","12":"shipping-taxable","13":"product-type-simple"},"jetpack_sharing_enabled":true,"_links":{"self":[{"href":"https:\/\/minghanggroup.com\/de\/wp-json\/wp\/v2\/product\/4950","targetHints":{"allow":["GET"]}}],"collection":[{"href":"https:\/\/minghanggroup.com\/de\/wp-json\/wp\/v2\/product"}],"about":[{"href":"https:\/\/minghanggroup.com\/de\/wp-json\/wp\/v2\/types\/product"}],"wp:featuredmedia":[{"embeddable":true,"href":"https:\/\/minghanggroup.com\/de\/wp-json\/wp\/v2\/media\/5001"}],"wp:attachment":[{"href":"https:\/\/minghanggroup.com\/de\/wp-json\/wp\/v2\/media?parent=4950"}],"wp:term":[{"taxonomy":"product_brand","embeddable":true,"href":"https:\/\/minghanggroup.com\/de\/wp-json\/wp\/v2\/product_brand?post=4950"},{"taxonomy":"product_cat","embeddable":true,"href":"https:\/\/minghanggroup.com\/de\/wp-json\/wp\/v2\/product_cat?post=4950"},{"taxonomy":"product_tag","embeddable":true,"href":"https:\/\/minghanggroup.com\/de\/wp-json\/wp\/v2\/product_tag?post=4950"}],"curies":[{"name":"wp","href":"https:\/\/api.w.org\/{rel}","templated":true}]}}