{"id":4916,"date":"2026-01-21T09:37:40","date_gmt":"2026-01-21T01:37:40","guid":{"rendered":"https:\/\/minghanggroup.com\/?post_type=product&#038;p=4916"},"modified":"2026-01-21T10:57:26","modified_gmt":"2026-01-21T02:57:26","slug":"empty-glass-diffuser-bottles-with-vertical-grooves-bulk","status":"publish","type":"product","link":"https:\/\/minghanggroup.com\/de\/produkt\/empty-glass-diffuser-bottles-with-vertical-grooves-bulk\/","title":{"rendered":"120 ml leere Glasdiffusorflaschen mit vertikalen Rillen (Gro\u00dfpackung)"},"content":{"rendered":"<p>Diese leeren Glasdiffusorflaschen haben eine zylindrische Form. Der klare Glasbeh\u00e4lter ist mit dekorativen, vertikalen Rillen versehen, und der Boden ist mit attraktiven Mustern graviert. Der mehrfache Schraubverschluss ist sowohl praktisch als auch \u00e4sthetisch ansprechend.<\/p>\n<h2>Produktmerkmale<\/h2>\n<ul>\n<li><strong>Vertikal gerippter Korpus:<\/strong> Zahlreiche vertikale Rippen erzeugen durch Lichtbrechung eine subtile optische Tiefe und verbessern gleichzeitig die Griffigkeit.<\/li>\n<li><strong>Mehrlagiger Schraubverschluss:<\/strong> Die mehrlagige Schraubverschlusskonstruktion erm\u00f6glicht eine dichte Abdichtung, um Leckagen zu verhindern, und erleichtert gleichzeitig das Bef\u00fcllen, wodurch ein Gleichgewicht zwischen Praktikabilit\u00e4t und Luftdichtheit erreicht wird.<\/li>\n<li><strong>Gro\u00dfes Fassungsverm\u00f6gen von 120 ml:<\/strong> Die gro\u00dfz\u00fcgige Gr\u00f6\u00dfe von 120 ml garantiert eine kontinuierliche Duftabgabe \u00fcber einen l\u00e4ngeren Zeitraum in mittelgro\u00dfen bis gro\u00dfen R\u00e4umen.<\/li>\n<\/ul>\n<h2 style=\"text-align: left;\">Wichtigste Spezifikationen<\/h2>\n<table class=\"aligncenter\" style=\"border-collapse: collapse; width: 426.02pt;\" border=\"0\" width=\"568\" cellspacing=\"0\" cellpadding=\"0\">\n<tbody>\n<tr style=\"height: 13.50pt;\">\n<td style=\"height: 13.50pt; width: 116.25pt;\" width=\"155\" height=\"18\">Specification<\/td>\n<td style=\"width: 309.75pt;\" width=\"413\">Details<\/td>\n<\/tr>\n<tr style=\"height: 13.50pt;\">\n<td style=\"height: 13.50pt;\" height=\"18\">Kapazit\u00e4t<\/td>\n<td>120 ml<\/td>\n<\/tr>\n<tr style=\"height: 13.50pt;\">\n<td style=\"height: 13.50pt;\" height=\"18\">Abmessungen<\/td>\n<td>70 \u00d7 81 mm<\/td>\n<\/tr>\n<tr style=\"height: 13.50pt;\">\n<td style=\"height: 13.50pt;\" height=\"18\">Innen-\/Au\u00dfenhalsdurchmesser<\/td>\n<td>17 mm \/ 27 mm<\/td>\n<\/tr>\n<tr style=\"height: 13.50pt;\">\n<td style=\"height: 13.50pt;\" height=\"18\">Material<\/td>\n<td>Klarglas<\/td>\n<\/tr>\n<tr style=\"height: 13.50pt;\">\n<td style=\"height: 13.50pt;\" height=\"18\">Anpassungsumfang<\/td>\n<td>Farbe, Gr\u00f6\u00dfe, Form, Deckel<\/td>\n<\/tr>\n<tr style=\"height: 13.50pt;\">\n<td style=\"height: 13.50pt;\" height=\"18\">Handwerkskunst<\/td>\n<td>Geriffelte Glasformteile, Gewindeschneiden<\/td>\n<\/tr>\n<tr style=\"height: 13.50pt;\">\n<td style=\"height: 13.50pt;\" height=\"18\">Produktzweck<\/td>\n<td>Duftflakon mit Diffusorfunktion, Dekorative Duftflakons<\/td>\n<\/tr>\n<tr style=\"height: 13.50pt;\">\n<td style=\"height: 13.50pt;\" height=\"18\">Geeignete Branchen<\/td>\n<td>Hochwertige Marken f\u00fcr Raumd\u00fcfte, Inneneinrichtung<\/td>\n<\/tr>\n<\/tbody>\n<\/table>\n<h2>Erfolgsgeschichte: Exklusive Annehmlichkeiten einer Boutique-Hotelkette<\/h2>\n<p>Unsere 120-ml-Diffusor-Parf\u00fcmflakons wurden von einem luxuri\u00f6sen Boutique-Hotel in den USA in Auftrag gegeben. Sie bestechen durch ihr sanftes Bernstein-Finish mit vergoldetem Boden. Dank des Fassungsverm\u00f6gens von 120 ml ist nur alle drei Monate eine Nachf\u00fcllung n\u00f6tig, was die Betriebskosten um 30 % senkt. Aufgrund des hochwertigen und exklusiven Designs wurde der Verkaufspreis um die H\u00e4lfte erh\u00f6ht. Das Hotel war von dem positiven Feedback seiner G\u00e4ste und der Produktleistung begeistert und bestellte daher weitere 400.000 Flakons f\u00fcr alle seine Hotels in den n\u00e4chsten f\u00fcnf Jahren.<\/p>\n<h2>Individualisierungsoptionen f\u00fcr leere Glasdiffusorflaschen<\/h2>\n<ul>\n<li>Glasfarbe und Transparenz: Es gibt klares, get\u00f6ntes, bernsteinfarbenes oder undurchsichtiges wei\u00dfes Glas.<\/li>\n<li>Flaschendesign: W\u00e4hlbare Breite, Tiefe oder Muster der vertikalen Rillen.<\/li>\n<li>Individuelle Bodengravur: F\u00fcgen Sie ein spezielles Zierband hinzu oder kombinieren Sie das Logo mit dem Bodendesign.<\/li>\n<li>Buntglasakzente: Hierbei handelt es sich um eine Zweifarbentechnik, bei der ein Buntglashintergrund auf das Klarglas aufgetragen wird.<\/li>\n<\/ul>","protected":false},"excerpt":{"rendered":"<p>Kompakte Auto-Diffusorflasche mit Holzperlenkordel, nachf\u00fcllbar f\u00fcr \u00e4therische \u00d6le und Duftstoffe, hochwertige leere Auto-Diffusorflaschen im Gro\u00dfhandel, schneller Versand.<\/p>","protected":false},"featured_media":4942,"template":"","meta":{"postBodyCss":"","postBodyMargin":[],"postBodyPadding":[],"postBodyBackground":{"backgroundType":"classic","gradient":""}},"product_brand":[],"product_cat":[15,16,63],"product_tag":[],"class_list":{"0":"post-4916","1":"product","2":"type-product","3":"status-publish","4":"has-post-thumbnail","6":"product_cat-glass-containers","7":"product_cat-glass-bottles","8":"product_cat-reed-diffuser-bottles","10":"first","11":"instock","12":"shipping-taxable","13":"product-type-simple"},"jetpack_sharing_enabled":true,"_links":{"self":[{"href":"https:\/\/minghanggroup.com\/de\/wp-json\/wp\/v2\/product\/4916","targetHints":{"allow":["GET"]}}],"collection":[{"href":"https:\/\/minghanggroup.com\/de\/wp-json\/wp\/v2\/product"}],"about":[{"href":"https:\/\/minghanggroup.com\/de\/wp-json\/wp\/v2\/types\/product"}],"wp:featuredmedia":[{"embeddable":true,"href":"https:\/\/minghanggroup.com\/de\/wp-json\/wp\/v2\/media\/4942"}],"wp:attachment":[{"href":"https:\/\/minghanggroup.com\/de\/wp-json\/wp\/v2\/media?parent=4916"}],"wp:term":[{"taxonomy":"product_brand","embeddable":true,"href":"https:\/\/minghanggroup.com\/de\/wp-json\/wp\/v2\/product_brand?post=4916"},{"taxonomy":"product_cat","embeddable":true,"href":"https:\/\/minghanggroup.com\/de\/wp-json\/wp\/v2\/product_cat?post=4916"},{"taxonomy":"product_tag","embeddable":true,"href":"https:\/\/minghanggroup.com\/de\/wp-json\/wp\/v2\/product_tag?post=4916"}],"curies":[{"name":"wp","href":"https:\/\/api.w.org\/{rel}","templated":true}]}}