{"id":4864,"date":"2026-01-20T15:08:24","date_gmt":"2026-01-20T07:08:24","guid":{"rendered":"https:\/\/minghanggroup.com\/?post_type=product&#038;p=4864"},"modified":"2026-01-21T09:31:22","modified_gmt":"2026-01-21T01:31:22","slug":"hanging-empty-car-diffuser-bottles-wholesale","status":"publish","type":"product","link":"https:\/\/minghanggroup.com\/de\/produkt\/hanging-empty-car-diffuser-bottles-wholesale\/","title":{"rendered":"8ml leere Auto-Diffusorflaschen zum Aufh\u00e4ngen (Gro\u00dfhandel)"},"content":{"rendered":"<p>Dieser Autoduftspender besticht durch sein einzigartiges Design. Der facettierte Einschnitt formt einen markanten Kegel, der sich spitz zul\u00e4uft. Die \u00d6ffnung ist mit einem mehrschichtigen Holzverschluss versehen und mit einer gewebten Kordel mit Holzperlen ausgestattet, sodass der Duftspender einfach aufgeh\u00e4ngt werden kann.<\/p>\n<h2>Produktmerkmale<\/h2>\n<ul>\n<li><strong>Rhomboidf\u00f6rmige konische Flasche:<\/strong> Die Form des rautenf\u00f6rmigen Kegels ist scharfkantig und verleiht dem Bild dadurch Tiefe, wodurch die Produkte besser wiedererkennbar werden.<\/li>\n<li><strong>Mehrschichtige Holzkappe:<\/strong> Die mehrschichtige Holzkappe dient sowohl der Abdichtung als auch der Duftstoffverteilung.<\/li>\n<li><strong>Kabeldesign in Kontrastfarbe:<\/strong> Die leuchtend bunte, gewebte Kordel mit Holzperlen lie\u00df sich leicht auf den R\u00fcckspiegel eines Autos kleben.<\/li>\n<\/ul>\n<h2 style=\"text-align: left;\">Wichtigste Spezifikationen<\/h2>\n<table class=\"aligncenter\" style=\"border-collapse: collapse; width: 393.77pt;\" border=\"0\" width=\"525\" cellspacing=\"0\" cellpadding=\"0\">\n<tbody>\n<tr style=\"height: 13.50pt;\">\n<td style=\"height: 13.50pt; width: 116.25pt;\" width=\"155\" height=\"18\">Specification<\/td>\n<td style=\"width: 277.50pt;\" width=\"370\">Details<\/td>\n<\/tr>\n<tr style=\"height: 13.50pt;\">\n<td style=\"height: 13.50pt;\" height=\"18\">Kapazit\u00e4t<\/td>\n<td>8 ml<\/td>\n<\/tr>\n<tr style=\"height: 13.50pt;\">\n<td style=\"height: 13.50pt;\" height=\"18\">Abmessungen<\/td>\n<td>37\u00d746mm<\/td>\n<\/tr>\n<tr style=\"height: 13.50pt;\">\n<td style=\"height: 13.50pt;\" height=\"18\">Material<\/td>\n<td>Kalk-Natron-Glas, Holz, Baumwollkordel<\/td>\n<\/tr>\n<tr style=\"height: 13.50pt;\">\n<td style=\"height: 13.50pt;\" height=\"18\">Flaschenform<\/td>\n<td>Diamant-\/Sechseckkegel<\/td>\n<\/tr>\n<tr style=\"height: 13.50pt;\">\n<td style=\"height: 13.50pt;\" height=\"18\">Anpassungsumfang<\/td>\n<td>Farb-, Deckel-, Oberfl\u00e4chen-, Gr\u00f6\u00dfen- und Formvariationen<\/td>\n<\/tr>\n<tr style=\"height: 13.50pt;\">\n<td style=\"height: 13.50pt;\" height=\"18\">Handwerkskunst<\/td>\n<td>Facettiertes Glasprofil, Kordelmontage<\/td>\n<\/tr>\n<tr style=\"height: 13.50pt;\">\n<td style=\"height: 13.50pt;\" height=\"18\">Produktzweck<\/td>\n<td>H\u00e4ngende Duftflaschen, Auto-Duftflaschen<\/td>\n<\/tr>\n<tr style=\"height: 13.50pt;\">\n<td style=\"height: 13.50pt;\" height=\"18\">Geeignete Branchen<\/td>\n<td>Autozubeh\u00f6r, Boutique-H\u00e4ndler<\/td>\n<\/tr>\n<\/tbody>\n<\/table>\n<h2>Fallstudie<\/h2>\n<p>Eine der f\u00fchrenden europ\u00e4ischen Marken f\u00fcr Autozubeh\u00f6r bestellte unsere rautenf\u00f6rmige Duftflasche. Das markante Design entwickelte sich schnell zu einem Kultobjekt und f\u00fchrte zu einem Anstieg der Erw\u00e4hnungen dieser Produktkategorie in den sozialen Medien um 400 %. Ein weiteres Markenzeichen war die Verwendung der auff\u00e4lligen, farbenfrohen Kordel, die die Markenbekanntheit in der Zielgruppe um 60 % steigerte. Der Erfolg begeisterte die Marke so sehr, dass sie weitere 600.000 Flaschen f\u00fcr eine landesweite Werbekampagne bestellte.<\/p>\n<h2>Leere Autodiffusorflaschen im Gro\u00dfhandel\u00a0<span class=\"text-[#00CEC8]\">Anpassungsoptionen<\/span><\/h2>\n<ul>\n<li>Holzkappen-Finish: Die Kappen sind in verschiedenen Holzarten oder gebeizten Ausf\u00fchrungen erh\u00e4ltlich, passend zur Farbpalette Ihrer Marke.<\/li>\n<li>Holzkappen: Es gibt Kappen aus verschiedenen Holzarten oder mit gebeizter Oberfl\u00e4che, die auf das Farbschema der Marke abgestimmt sind.<\/li>\n<li>Mattierte Oberfl\u00e4che: Durch das Aufbringen einer mattierten Oberfl\u00e4che auf die Glasoberfl\u00e4che erh\u00e4lt diese ein diffuseres Erscheinungsbild.<\/li>\n<li>Form und Proportion: Ver\u00e4ndern Sie den Winkel des Kegels oder der Facetten ein wenig, um eine besondere Form zu erzeugen.<\/li>\n<\/ul>","protected":false},"excerpt":{"rendered":"<p>Kompakte Auto-Diffusorflasche mit Holzperlenkordel, nachf\u00fcllbar f\u00fcr \u00e4therische \u00d6le und Duftstoffe, hochwertige leere Auto-Diffusorflaschen im Gro\u00dfhandel, schneller Versand.<\/p>","protected":false},"featured_media":4913,"template":"","meta":{"postBodyCss":"","postBodyMargin":[],"postBodyPadding":[],"postBodyBackground":{"backgroundType":"classic","gradient":""}},"product_brand":[],"product_cat":[15,16,63],"product_tag":[],"class_list":{"0":"post-4864","1":"product","2":"type-product","3":"status-publish","4":"has-post-thumbnail","6":"product_cat-glass-containers","7":"product_cat-glass-bottles","8":"product_cat-reed-diffuser-bottles","10":"first","11":"instock","12":"shipping-taxable","13":"product-type-simple"},"jetpack_sharing_enabled":true,"_links":{"self":[{"href":"https:\/\/minghanggroup.com\/de\/wp-json\/wp\/v2\/product\/4864","targetHints":{"allow":["GET"]}}],"collection":[{"href":"https:\/\/minghanggroup.com\/de\/wp-json\/wp\/v2\/product"}],"about":[{"href":"https:\/\/minghanggroup.com\/de\/wp-json\/wp\/v2\/types\/product"}],"wp:featuredmedia":[{"embeddable":true,"href":"https:\/\/minghanggroup.com\/de\/wp-json\/wp\/v2\/media\/4913"}],"wp:attachment":[{"href":"https:\/\/minghanggroup.com\/de\/wp-json\/wp\/v2\/media?parent=4864"}],"wp:term":[{"taxonomy":"product_brand","embeddable":true,"href":"https:\/\/minghanggroup.com\/de\/wp-json\/wp\/v2\/product_brand?post=4864"},{"taxonomy":"product_cat","embeddable":true,"href":"https:\/\/minghanggroup.com\/de\/wp-json\/wp\/v2\/product_cat?post=4864"},{"taxonomy":"product_tag","embeddable":true,"href":"https:\/\/minghanggroup.com\/de\/wp-json\/wp\/v2\/product_tag?post=4864"}],"curies":[{"name":"wp","href":"https:\/\/api.w.org\/{rel}","templated":true}]}}