{"id":4858,"date":"2026-01-20T15:02:49","date_gmt":"2026-01-20T07:02:49","guid":{"rendered":"https:\/\/minghanggroup.com\/?post_type=product&#038;p=4858"},"modified":"2026-01-20T15:39:31","modified_gmt":"2026-01-20T07:39:31","slug":"empty-diffuser-bottles-and-reeds-with-ribbed-design-bulk","status":"publish","type":"product","link":"https:\/\/minghanggroup.com\/de\/produkt\/empty-diffuser-bottles-and-reeds-with-ribbed-design-bulk\/","title":{"rendered":"50 ml und 100 ml runde, leere Diffusorflaschen und Duftst\u00e4bchen mit geripptem Design (Gro\u00dfpackung)"},"content":{"rendered":"<p>Ihre leeren Diffusorflaschen und -st\u00e4bchen sollten nicht einfach nur auf Ihrem Schreibtisch stehen \u2013 sie k\u00f6nnen, wenn sie leer sind, zu Kunstwerken werden. Als Spezialisten f\u00fcr formsch\u00f6ne Diffusorflaschen fertigen wir Glasflaschen, die Ihren \u00e4therischen \u00d6ldiffusor in einen dezenten Blickfang verwandeln.<\/p>\n<h2>Produktmerkmale<\/h2>\n<ul>\n<li><strong>Lichtstreuung in Rillen: <\/strong>Vertikale Linien reflektieren das Licht wie fl\u00fcssige Diamanten \u2013 ein magischer Zauber f\u00fcr Ihren Raumduft.<\/li>\n<li><strong>Schraub-, Kappensicherung: <\/strong>Die nat\u00fcrlichen Rattanrohre lassen sich durch Drehen fixieren \u2013 kein Wackeln, kein Versch\u00fctten.<\/li>\n<li><strong>Eleganz der leeren Flasche: <\/strong>Ihre leeren Diffusorflaschen werden in Schreibtischskulpturen verwandelt \u2013 kein Abfall, erhabener Stil.<\/li>\n<\/ul>\n<h2>Wichtigste Spezifikationen<\/h2>\n<table style=\"border-collapse: collapse; width: 80%; margin-left: auto; margin-right: auto;\" border=\"0\" width=\"360\" cellspacing=\"0\" cellpadding=\"0\">\n<tbody>\n<tr style=\"height: 13.50pt;\">\n<td style=\"height: 13.5pt; width: 54pt; text-align: center;\" width=\"72\" height=\"18\">Gr\u00f6\u00dfe (ml)<\/td>\n<td style=\"width: 54pt; text-align: center;\" width=\"72\">Abmessungen (mm)<\/td>\n<td style=\"width: 54pt; text-align: center;\" width=\"72\">Halsart<\/td>\n<td style=\"width: 54pt; text-align: center;\" width=\"72\">Besonderheit<\/td>\n<td style=\"width: 54pt; text-align: center;\" width=\"72\">Form<\/td>\n<\/tr>\n<tr style=\"height: 13.50pt;\">\n<td style=\"height: 13.5pt; text-align: center;\" align=\"right\" height=\"18\">50<\/td>\n<td style=\"text-align: center;\">58 \u00d7 68<\/td>\n<td class=\"et2\" style=\"text-align: center;\" rowspan=\"2\">Schraubverschluss<\/td>\n<td class=\"et2\" style=\"text-align: center;\" rowspan=\"2\">Vertikale Nuten<\/td>\n<td class=\"et2\" style=\"text-align: center;\" rowspan=\"2\">Runden<\/td>\n<\/tr>\n<tr style=\"height: 13.50pt;\">\n<td style=\"height: 13.5pt; text-align: center;\" align=\"right\" height=\"18\">100<\/td>\n<td style=\"text-align: center;\">74 \u00d7 85<\/td>\n<\/tr>\n<\/tbody>\n<\/table>\n<h2>Erfolgsbeispiel<\/h2>\n<p>Eine Marke f\u00fcr Haushaltsd\u00fcfte entschied sich f\u00fcr unsere geriffelten Glasflakons und versah sie mit einem eleganten, gepr\u00e4gten Logo auf der Schulter. Die Flakons sind mit einem sanften Matt-Finish und schicken, im Siebdruckverfahren hergestellten Designs verziert, die perfekt zu den Duftnoten passen.<\/p>\n<p>Nach der Einf\u00fchrung dieser ma\u00dfgeschneiderten Verpackung verzeichnete die Marke innerhalb von zwei Quartalen einen deutlichen Anstieg der Kundeninteraktionen am Point of Sale, eine um 35 % verbesserte visuelle Produktwirkung und 30 % mehr Wiederk\u00e4ufe. Die Marke verwendet diese individuell gestaltete Diffusorflasche nun standardm\u00e4\u00dfig und bestellt sie regelm\u00e4\u00dfig in gro\u00dfen Mengen f\u00fcr verschiedene Produktlinien.<\/p>\n<h2>Ihre Anpassungsoptionen<\/h2>\n<ol>\n<li><strong>Gepr\u00e4gtes oder vertieftes Markenlogo:<\/strong> Um die Markenbekanntheit zu steigern und die optische Attraktivit\u00e4t des Produkts zu erh\u00f6hen, k\u00f6nnen Sie das Logo pr\u00e4gen oder ein einfaches Symbol auf der Vorderseite, der Schulter oder dem Boden der Flasche anbringen. So sind Sie nicht mehr so \u200b\u200bstark auf Etiketten angewiesen.<\/li>\n<li><strong>Siebdruck- oder Hei\u00dfpr\u00e4geverzierung:<\/strong> Warum nicht ein paar feine Linien, geometrische Formen oder Beschreibungen des Duftes auf die Flasche auftragen? Es gibt die M\u00f6glichkeit eines einfarbigen Siebdrucks, und es ist auch m\u00f6glich, eine Gold-\/Silber-Hei\u00dfpr\u00e4gung zu verwenden, um die Pr\u00e4sentation attraktiver zu gestalten.<\/li>\n<li><strong>Flaschenhals und passendes Zubeh\u00f6r:<\/strong> Sie k\u00f6nnen die Gr\u00f6\u00dfe des Flaschenhalses entsprechend der Marktposition der Marke festlegen und dann mit nat\u00fcrlichen Rattanst\u00e4ben, Faserrohren oder dekorativen Bl\u00fctendiffusoren, die zur gew\u00e4hlten Halsgr\u00f6\u00dfe passen, eine passende Kombination herstellen.<\/li>\n<\/ol>","protected":false},"excerpt":{"rendered":"<p>Design f\u00fcr leere Diffusorflaschen und Duftst\u00e4bchen, ideal f\u00fcr Marken von Raumd\u00fcften. Kostenloser Versand, individuelle Anpassung bei gr\u00f6\u00dferen Bestellmengen m\u00f6glich. Eine attraktive Auswahl an Diffusorflaschen mit Duftst\u00e4bchen.<\/p>","protected":false},"featured_media":4862,"template":"","meta":{"postBodyCss":"","postBodyMargin":[],"postBodyPadding":[],"postBodyBackground":{"backgroundType":"classic","gradient":""}},"product_brand":[],"product_cat":[15,16,63],"product_tag":[],"class_list":{"0":"post-4858","1":"product","2":"type-product","3":"status-publish","4":"has-post-thumbnail","6":"product_cat-glass-containers","7":"product_cat-glass-bottles","8":"product_cat-reed-diffuser-bottles","10":"first","11":"instock","12":"shipping-taxable","13":"product-type-simple"},"jetpack_sharing_enabled":true,"_links":{"self":[{"href":"https:\/\/minghanggroup.com\/de\/wp-json\/wp\/v2\/product\/4858","targetHints":{"allow":["GET"]}}],"collection":[{"href":"https:\/\/minghanggroup.com\/de\/wp-json\/wp\/v2\/product"}],"about":[{"href":"https:\/\/minghanggroup.com\/de\/wp-json\/wp\/v2\/types\/product"}],"wp:featuredmedia":[{"embeddable":true,"href":"https:\/\/minghanggroup.com\/de\/wp-json\/wp\/v2\/media\/4862"}],"wp:attachment":[{"href":"https:\/\/minghanggroup.com\/de\/wp-json\/wp\/v2\/media?parent=4858"}],"wp:term":[{"taxonomy":"product_brand","embeddable":true,"href":"https:\/\/minghanggroup.com\/de\/wp-json\/wp\/v2\/product_brand?post=4858"},{"taxonomy":"product_cat","embeddable":true,"href":"https:\/\/minghanggroup.com\/de\/wp-json\/wp\/v2\/product_cat?post=4858"},{"taxonomy":"product_tag","embeddable":true,"href":"https:\/\/minghanggroup.com\/de\/wp-json\/wp\/v2\/product_tag?post=4858"}],"curies":[{"name":"wp","href":"https:\/\/api.w.org\/{rel}","templated":true}]}}