{"id":4849,"date":"2026-01-20T13:37:54","date_gmt":"2026-01-20T05:37:54","guid":{"rendered":"https:\/\/minghanggroup.com\/?post_type=product&#038;p=4849"},"modified":"2026-01-20T13:51:49","modified_gmt":"2026-01-20T05:51:49","slug":"hanging-car-air-diffuser-bottles-with-wooden-lids-bulk","status":"publish","type":"product","link":"https:\/\/minghanggroup.com\/de\/produkt\/hanging-car-air-diffuser-bottles-with-wooden-lids-bulk\/","title":{"rendered":"8 ml H\u00e4ngende Auto-Lufterfrischerflaschen mit Holzdeckeln (Gro\u00dfpackung)"},"content":{"rendered":"<p>Dieser Auto-Luftdiffusor ist aus Kalk-Natron-Glas gefertigt. Die kleine Flasche hat einen glatten, quadratischen Holzverschluss. Dank der weichen, beigefarbenen Kordel (mit einer Holzperle als Abschluss) l\u00e4sst sie sich einfach am R\u00fcckspiegel befestigen.<\/p>\n<h2>Produktmerkmale<\/h2>\n<ul>\n<li><strong>Quadratische Flasche:<\/strong> Die Mini-Quadratform ist nicht nur platzsparend im Auto, sondern die klaren geometrischen Linien sind auch optisch ansprechend.<\/li>\n<li><strong>Quadratische Diffusorkappe aus Holz:<\/strong> Die quadratische Diffusorkappe aus Holz dient sowohl der Abdichtung als auch der Luftverteilung und ihre nat\u00fcrliche Textur passt hervorragend zur warmen Atmosph\u00e4re Ihres Autos.<\/li>\n<li><strong>Geflochtenes Kordeldesign:<\/strong> Die Holzperlen an der beige geflochtenen Kordel erm\u00f6glichen es, sie im Auto aufzuh\u00e4ngen (z. B. am R\u00fcckspiegel).<\/li>\n<\/ul>\n<h2 style=\"text-align: left;\">Wichtigste Spezifikationen<\/h2>\n<table class=\"aligncenter\" style=\"border-collapse: collapse; width: 454.52pt;\" border=\"0\" width=\"606\" cellspacing=\"0\" cellpadding=\"0\">\n<tbody>\n<tr style=\"height: 13.50pt;\">\n<td style=\"height: 13.50pt; width: 116.25pt;\" width=\"155\" height=\"18\">Specification<\/td>\n<td style=\"width: 338.25pt;\" width=\"451\">Details<\/td>\n<\/tr>\n<tr style=\"height: 13.50pt;\">\n<td style=\"height: 13.50pt;\" height=\"18\">Kapazit\u00e4t<\/td>\n<td>8 ml<\/td>\n<\/tr>\n<tr style=\"height: 13.50pt;\">\n<td style=\"height: 13.50pt;\" height=\"18\">Abmessungen<\/td>\n<td>27 \u00d7 46 mm<\/td>\n<\/tr>\n<tr style=\"height: 13.50pt;\">\n<td style=\"height: 13.50pt;\" height=\"18\">Material<\/td>\n<td>Natrium-Kalzium-Glas, Holz, Baumwollkordel<\/td>\n<\/tr>\n<tr style=\"height: 13.50pt;\">\n<td style=\"height: 13.50pt;\" height=\"18\">Flaschenform<\/td>\n<td>Miniaturw\u00fcrfel<\/td>\n<\/tr>\n<tr style=\"height: 13.50pt;\">\n<td style=\"height: 13.50pt;\" height=\"18\">Anpassungsumfang<\/td>\n<td>Farbe, Gr\u00f6\u00dfe, Form, Oberfl\u00e4che, Deckel<\/td>\n<\/tr>\n<tr style=\"height: 13.50pt;\">\n<td style=\"height: 13.50pt;\" height=\"18\">Produktzweck<\/td>\n<td>H\u00e4ngende Autodiffusorflaschen, Glasdiffusorflaschen<\/td>\n<\/tr>\n<tr style=\"height: 13.50pt;\">\n<td style=\"height: 13.50pt;\" height=\"18\">Geeignete Branchen<\/td>\n<td>Autozubeh\u00f6r, Reiseutensilien<\/td>\n<\/tr>\n<\/tbody>\n<\/table>\n<h2>Erfolgsgeschichte<\/h2>\n<p>Unsere 8-ml-Autodiffusorfl\u00e4schchen zum Aufh\u00e4ngen wurden von einer Lifestyle-Marke f\u00fcr Autos als wichtiges Duftaccessoire ausgew\u00e4hlt. Die kubische Form erzielte eine Kundenzufriedenheit von 95 Prozent und war der beliebteste Artikel in ihrer Abo-Box. Dank des eleganten Designs stieg die Anzahl der geteilten Unboxing-Videos in den sozialen Medien um 300 Prozent. Die Marke war so zufrieden, dass sie weitere 500.000 Fl\u00e4schchen bestellte, um einen Vorrat f\u00fcr zwei Jahre zu haben.<\/p>\n<h2>Anpassungsm\u00f6glichkeiten f\u00fcr Auto-Luftdiffusorflaschen<\/h2>\n<ul>\n<li>Glasfarben und -oberfl\u00e4chen: Erh\u00e4ltlich in klar, rauchfarben oder mattiert.<\/li>\n<li>Individuelle Gestaltung von Seil und Perlen: Es ist m\u00f6glich, die Farbe und das Material des Seils, die Form der Perlen oder das Holz zu \u00e4ndern.<\/li>\n<li>Lasergravur: Ein kleines Logo, Muster oder Initialen wird auf eine der Seiten des Glasw\u00fcrfels oder der Holzkappe graviert.<\/li>\n<li>Pr\u00e4gung: Bringen Sie ein kleines, erhabenes Emblem an der Unterseite der Holzkappe oder des W\u00fcrfels an.<\/li>\n<\/ul>","protected":false},"excerpt":{"rendered":"<p>Kleine Auto-Lufterfrischerflaschen mit quadratischem Holzverschluss und Seil, elegante H\u00e4ngeflaschen f\u00fcr Aroma\u00f6le und als Geschenk, Sonderanfertigungen m\u00f6glich, OEM-Auftrag verf\u00fcgbar.<\/p>","protected":false},"featured_media":4851,"template":"","meta":{"postBodyCss":"","postBodyMargin":[],"postBodyPadding":[],"postBodyBackground":{"backgroundType":"classic","gradient":""}},"product_brand":[],"product_cat":[15,16,63],"product_tag":[],"class_list":{"0":"post-4849","1":"product","2":"type-product","3":"status-publish","4":"has-post-thumbnail","6":"product_cat-glass-containers","7":"product_cat-glass-bottles","8":"product_cat-reed-diffuser-bottles","10":"first","11":"instock","12":"shipping-taxable","13":"product-type-simple"},"jetpack_sharing_enabled":true,"_links":{"self":[{"href":"https:\/\/minghanggroup.com\/de\/wp-json\/wp\/v2\/product\/4849","targetHints":{"allow":["GET"]}}],"collection":[{"href":"https:\/\/minghanggroup.com\/de\/wp-json\/wp\/v2\/product"}],"about":[{"href":"https:\/\/minghanggroup.com\/de\/wp-json\/wp\/v2\/types\/product"}],"wp:featuredmedia":[{"embeddable":true,"href":"https:\/\/minghanggroup.com\/de\/wp-json\/wp\/v2\/media\/4851"}],"wp:attachment":[{"href":"https:\/\/minghanggroup.com\/de\/wp-json\/wp\/v2\/media?parent=4849"}],"wp:term":[{"taxonomy":"product_brand","embeddable":true,"href":"https:\/\/minghanggroup.com\/de\/wp-json\/wp\/v2\/product_brand?post=4849"},{"taxonomy":"product_cat","embeddable":true,"href":"https:\/\/minghanggroup.com\/de\/wp-json\/wp\/v2\/product_cat?post=4849"},{"taxonomy":"product_tag","embeddable":true,"href":"https:\/\/minghanggroup.com\/de\/wp-json\/wp\/v2\/product_tag?post=4849"}],"curies":[{"name":"wp","href":"https:\/\/api.w.org\/{rel}","templated":true}]}}