{"id":4848,"date":"2026-01-20T14:03:32","date_gmt":"2026-01-20T06:03:32","guid":{"rendered":"https:\/\/minghanggroup.com\/?post_type=product&#038;p=4848"},"modified":"2026-01-20T14:03:34","modified_gmt":"2026-01-20T06:03:34","slug":"diffuser-bottle-and-sticks-with-flat-round-shape-wholesale","status":"publish","type":"product","link":"https:\/\/minghanggroup.com\/de\/produkt\/diffuser-bottle-and-sticks-with-flat-round-shape-wholesale\/","title":{"rendered":"100-ml- und 200-ml-Diffusorflaschen und -st\u00e4bchen mit flacher, runder Form (Gro\u00dfhandel)"},"content":{"rendered":"<p>Ihre Diffusorflasche und -st\u00e4bchen sollten nicht nur Duft speichern, sondern das Licht wie fl\u00fcssige Seide \u00fcber Ihren Schreibtisch tanzen lassen. Als Spezialisten f\u00fcr leere Diffusorflaschen fertigen wir Glas-St\u00e4bchen-Diffusoren, die Ihren Duft\u00f6l-Diffusor in einen stillen, pulsierenden Mittelpunkt des Raumes verwandeln.<\/p>\n<h2>Produktmerkmale<\/h2>\n<ul>\n<li><strong>Flaches quadratisches Lichtspiel:<\/strong> Die Kanten streuen das Licht wie ein Diamant \u2013 nach nur einem Augenblick mit Ihrem Duft wird daraus ein Kunstwerk in Ihrem Zuhause.<\/li>\n<li><strong>Sicherer Drehverschluss:<\/strong> Die nat\u00fcrlichen Rattanrohre lassen sich einfach aufdrehen \u2013 kein Wackeln, kein Versch\u00fctten.<\/li>\n<li><strong>Kristallklare Klarheit:<\/strong> Durch das klare Glas kann man jeden einzelnen Tropfen der duftenden \u00e4therischen \u00d6le sehen, keine tr\u00fcben Filter.<\/li>\n<\/ul>\n<h2>Wichtigste Spezifikationen<\/h2>\n<table style=\"border-collapse: collapse; width: 80%; margin-left: auto; margin-right: auto;\" border=\"0\" width=\"288\" cellspacing=\"0\" cellpadding=\"0\">\n<tbody>\n<tr style=\"height: 13.50pt;\">\n<td style=\"height: 13.5pt; width: 54pt; text-align: center;\" width=\"72\" height=\"18\">Gr\u00f6\u00dfe (ml)<\/td>\n<td style=\"width: 54pt; text-align: center;\" width=\"72\">Abmessungen (mm)<\/td>\n<td style=\"width: 54pt; text-align: center;\" width=\"72\">Halsdurchmesser (mm)<\/td>\n<td style=\"width: 54pt; text-align: center;\" width=\"72\">Form<\/td>\n<\/tr>\n<tr style=\"height: 13.50pt;\">\n<td style=\"height: 13.5pt; text-align: center;\" align=\"right\" height=\"18\">100<\/td>\n<td style=\"text-align: center;\">95\u00d7100<\/td>\n<td style=\"text-align: center;\">15\/26<\/td>\n<td class=\"et2\" style=\"text-align: center;\" rowspan=\"2\">Flaches Quadrat<\/td>\n<\/tr>\n<tr style=\"height: 13.50pt;\">\n<td style=\"height: 13.5pt; text-align: center;\" align=\"right\" height=\"18\">200<\/td>\n<td style=\"text-align: center;\">113\u00d7120<\/td>\n<td style=\"text-align: center;\">19\/31<\/td>\n<\/tr>\n<\/tbody>\n<\/table>\n<h2>Erfolgsbeispiel<\/h2>\n<p>Eine Boutique-Marke f\u00fcr moderne Raumd\u00fcfte suchte nach einem Aromadiffusor-Flakon, der nicht nur ihrem Premium-Ansatz entsprach, sondern auch alltagstauglich war. Zur Einf\u00fchrung ihrer neuen Produktlinie entschied sich die Marke f\u00fcr unsere Klarglas-Diffusor-Flakons und verpasste ihnen ein neues Design: Die Flakons sind nun mattiert, ein elegantes, gepr\u00e4gtes Markenlogo ziert die Schulter, und ein geometrisches Siebdruckmuster, das die Markenidentit\u00e4t unterstreicht, kommt zum Einsatz.<\/p>\n<p>Dies f\u00fchrte zu einem Anstieg der Kundenzahlen um 35 % innerhalb von zwei Monaten, die zu Wiederk\u00e4ufen f\u00fchrten. Angespornt von dieser positiven Marktresonanz bestellt die Marke weiterhin regelm\u00e4\u00dfig gro\u00dfe Mengen f\u00fcr die kommenden saisonalen Produkteinf\u00fchrungen.<\/p>\n<h2>Ihre Anpassungsoptionen<\/h2>\n<ol>\n<li><strong>Markenidentit\u00e4tsverbesserung:<\/strong> Mithilfe dieser Techniken kann ein gepr\u00e4gtes oder vertieftes Logo f\u00fcr eine Marke angebracht werden, und die Vorderseite der Flasche kann mit Siebdruck, Hei\u00dfpr\u00e4gung oder Silberfolie bedruckt werden, um die Markenbekanntheit weiter zu steigern.<\/li>\n<li><strong>Flaschenfarboptionen:<\/strong> Neben dem hochtransparenten wei\u00dfen Glas k\u00f6nnen auch matte Farben wie helles Rauchgrau, Bernstein und Hellgr\u00fcn f\u00fcr unterschiedliche Duftkompositionen und Einrichtungsstile eingesetzt werden.<\/li>\n<li><strong>Flaschenhals und passendes Zubeh\u00f6r:<\/strong> Mit diesen Flaschendesigns lassen sich Flaschenh\u00e4lse unterschiedlicher H\u00f6he und unterschiedlichen Durchmessers kombinieren, sodass die Kombination mit Rattanst\u00e4bchen, Faserst\u00e4ben oder blumenf\u00f6rmigen Diffusorst\u00e4bchen vielseitig genug ist, um den gesamten Dekorationsstil aufzuwerten.<\/li>\n<\/ol>","protected":false},"excerpt":{"rendered":"<p>Diffusorflasche und -st\u00e4bchen mit klarem, abgerundetem Korpus. Leere Diffusorflaschen direkt vom Hersteller, individuelle Anpassungen in gro\u00dfen Mengen m\u00f6glich.<\/p>","protected":false},"featured_media":4857,"template":"","meta":{"postBodyCss":"","postBodyMargin":[],"postBodyPadding":[],"postBodyBackground":{"backgroundType":"classic","gradient":""}},"product_brand":[],"product_cat":[15,16,63],"product_tag":[],"class_list":{"0":"post-4848","1":"product","2":"type-product","3":"status-publish","4":"has-post-thumbnail","6":"product_cat-glass-containers","7":"product_cat-glass-bottles","8":"product_cat-reed-diffuser-bottles","10":"first","11":"instock","12":"shipping-taxable","13":"product-type-simple"},"jetpack_sharing_enabled":true,"_links":{"self":[{"href":"https:\/\/minghanggroup.com\/de\/wp-json\/wp\/v2\/product\/4848","targetHints":{"allow":["GET"]}}],"collection":[{"href":"https:\/\/minghanggroup.com\/de\/wp-json\/wp\/v2\/product"}],"about":[{"href":"https:\/\/minghanggroup.com\/de\/wp-json\/wp\/v2\/types\/product"}],"wp:featuredmedia":[{"embeddable":true,"href":"https:\/\/minghanggroup.com\/de\/wp-json\/wp\/v2\/media\/4857"}],"wp:attachment":[{"href":"https:\/\/minghanggroup.com\/de\/wp-json\/wp\/v2\/media?parent=4848"}],"wp:term":[{"taxonomy":"product_brand","embeddable":true,"href":"https:\/\/minghanggroup.com\/de\/wp-json\/wp\/v2\/product_brand?post=4848"},{"taxonomy":"product_cat","embeddable":true,"href":"https:\/\/minghanggroup.com\/de\/wp-json\/wp\/v2\/product_cat?post=4848"},{"taxonomy":"product_tag","embeddable":true,"href":"https:\/\/minghanggroup.com\/de\/wp-json\/wp\/v2\/product_tag?post=4848"}],"curies":[{"name":"wp","href":"https:\/\/api.w.org\/{rel}","templated":true}]}}