{"id":4819,"date":"2026-01-20T10:03:15","date_gmt":"2026-01-20T02:03:15","guid":{"rendered":"https:\/\/minghanggroup.com\/?post_type=product&#038;p=4819"},"modified":"2026-01-20T11:53:28","modified_gmt":"2026-01-20T03:53:28","slug":"empty-car-air-freshener-diffuser-bottles-bulk","status":"publish","type":"product","link":"https:\/\/minghanggroup.com\/de\/produkt\/empty-car-air-freshener-diffuser-bottles-bulk\/","title":{"rendered":"10 ml leere Auto-Lufterfrischer-Diffusorflaschen (Gro\u00dfpackung)"},"content":{"rendered":"<p>Diese Auto-Lufterfrischer-Diffusorflaschen bestehen aus Kalk-Natron-Glas. Sie sind kompakt, kuppelf\u00f6rmig und mit einem kugelf\u00f6rmigen Verschluss aus Naturholz versehen. Die Kordel ist fein geflochten und mit funkelnden Kristallperlen besetzt. Dadurch l\u00e4sst sie sich einfach am R\u00fcckspiegel eines Autos befestigen.<\/p>\n<h2>Produktmerkmale<\/h2>\n<ul>\n<li><strong>Kugelkappe aus Naturholz:<\/strong> Die Wood-Kugelkappe besitzt Dichtungs- und Diffusionseigenschaften.<\/li>\n<li><strong>Kuppelf\u00f6rmige Flasche:<\/strong> Die Mini-Kuppelform bietet viel Platz im Innenraum des Wagens und die sanften Rundungen wirken sehr elegant.<\/li>\n<li><strong>Dekoratives Kordeldesign:<\/strong> Die gewebte Variante wird mit Kristallperlen versehen, was bedeutet, dass sie leicht im Innenraum des Autos aufgeh\u00e4ngt werden kann (z. B. an einem R\u00fcckspiegel).<\/li>\n<\/ul>\n<h2 style=\"text-align: left;\">Wichtigste Spezifikationen<\/h2>\n<table class=\"aligncenter\" style=\"border-collapse: collapse; width: 443.27pt;\" border=\"0\" width=\"591\" cellspacing=\"0\" cellpadding=\"0\">\n<tbody>\n<tr style=\"height: 13.50pt;\">\n<td style=\"height: 13.50pt; width: 116.25pt;\" width=\"155\" height=\"18\">Specification<\/td>\n<td style=\"width: 327.00pt;\" width=\"436\">Details<\/td>\n<\/tr>\n<tr style=\"height: 13.50pt;\">\n<td style=\"height: 13.50pt;\" height=\"18\">Kapazit\u00e4t<\/td>\n<td>10 ml<\/td>\n<\/tr>\n<tr style=\"height: 13.50pt;\">\n<td style=\"height: 13.50pt;\" height=\"18\">Abmessungen<\/td>\n<td>54\u00d730mm<\/td>\n<\/tr>\n<tr style=\"height: 13.50pt;\">\n<td style=\"height: 13.50pt;\" height=\"18\">Material<\/td>\n<td>Kalk-Natron-Glas, Holz, Baumwollkordel, Kristallperle<\/td>\n<\/tr>\n<tr style=\"height: 13.50pt;\">\n<td style=\"height: 13.50pt;\" height=\"18\">Flaschenform<\/td>\n<td>Kleine Glocke \/ Kuppel<\/td>\n<\/tr>\n<tr style=\"height: 13.50pt;\">\n<td style=\"height: 13.50pt;\" height=\"18\">Anpassungsumfang<\/td>\n<td>Farbe, Deckel, Form, Gr\u00f6\u00dfe<\/td>\n<\/tr>\n<tr style=\"height: 13.50pt;\">\n<td style=\"height: 13.50pt;\" height=\"18\">Handwerkskunst<\/td>\n<td>Glasblasen, Drechseln, Kordelherstellung<\/td>\n<\/tr>\n<tr style=\"height: 13.50pt;\">\n<td style=\"height: 13.50pt;\" height=\"18\">Geeignete Branchen<\/td>\n<td>Autozubeh\u00f6r, Lifestyle-Marken, Aromatherapie<\/td>\n<\/tr>\n<\/tbody>\n<\/table>\n<h2>Erfolgsgeschichte: Ein koreanischer Autoteilehersteller \u2013 ein Kassenschlager<\/h2>\n<p>Eine koreanische Marke f\u00fcr Autozubeh\u00f6r kaufte eine gro\u00dfe Menge unserer 10-ml-Auto-Lufterfrischer-Diffusoren. Die Kunden waren begeistert von der bereits angebrachten, gewebten Kordel, da diese nicht nur Zeit sparte, sondern auch die Kundenzufriedenheit um 35 % steigerte. Durch die Kombination von Holz und Kristallperlen erwies sich das Produkt als sehr attraktives Geschenk, was zu einem Umsatzplus von 200 % in der Weihnachtszeit f\u00fchrte. Das Unternehmen war mit dem Erfolg des Produkts sehr zufrieden und bestellte vorsorglich weitere 800.000 Flaschen.<\/p>\n<h2>Personalisierung der leeren Autodiffusorflaschen<\/h2>\n<ul>\n<li>Glasoberfl\u00e4chen und Farben: Sie haben die Wahl zwischen klarem und get\u00f6ntem oder bernsteinfarbenem und mattem Glas.<\/li>\n<li>Optionen f\u00fcr den Holzdeckel: Der Deckel wird aus verschiedenen Holzarten wie Bambus, Sandelholz oder Walnussholz gefertigt.<\/li>\n<li>Individuelle Gestaltung von Kordeln und Perlen: Sie w\u00e4hlen die Farbe und das Material der Kordel (Baumwolle, Leder) sowie die Art der Perlen (Stein, Metall, Keramik), die Sie verwenden m\u00f6chten.<\/li>\n<li>Siebdruck: Beim Siebdruckverfahren lassen sich einfache Motive sowie W\u00f6rter auf Glas drucken.<\/li>\n<\/ul>","protected":false},"excerpt":{"rendered":"<p>Elegante, leere Auto-Diffusorflaschen mit Holzverschluss und Kristallkordel, perfekt als Auto-Lufterfrischer-Diffusorflaschen f\u00fcr \u00e4therische \u00d6le, direkt vom Hersteller.<\/p>","protected":false},"featured_media":4824,"template":"","meta":{"postBodyCss":"","postBodyMargin":[],"postBodyPadding":[],"postBodyBackground":{"backgroundType":"classic","gradient":""}},"product_brand":[],"product_cat":[15,16,63],"product_tag":[],"class_list":{"0":"post-4819","1":"product","2":"type-product","3":"status-publish","4":"has-post-thumbnail","6":"product_cat-glass-containers","7":"product_cat-glass-bottles","8":"product_cat-reed-diffuser-bottles","10":"first","11":"instock","12":"shipping-taxable","13":"product-type-simple"},"jetpack_sharing_enabled":true,"_links":{"self":[{"href":"https:\/\/minghanggroup.com\/de\/wp-json\/wp\/v2\/product\/4819","targetHints":{"allow":["GET"]}}],"collection":[{"href":"https:\/\/minghanggroup.com\/de\/wp-json\/wp\/v2\/product"}],"about":[{"href":"https:\/\/minghanggroup.com\/de\/wp-json\/wp\/v2\/types\/product"}],"wp:featuredmedia":[{"embeddable":true,"href":"https:\/\/minghanggroup.com\/de\/wp-json\/wp\/v2\/media\/4824"}],"wp:attachment":[{"href":"https:\/\/minghanggroup.com\/de\/wp-json\/wp\/v2\/media?parent=4819"}],"wp:term":[{"taxonomy":"product_brand","embeddable":true,"href":"https:\/\/minghanggroup.com\/de\/wp-json\/wp\/v2\/product_brand?post=4819"},{"taxonomy":"product_cat","embeddable":true,"href":"https:\/\/minghanggroup.com\/de\/wp-json\/wp\/v2\/product_cat?post=4819"},{"taxonomy":"product_tag","embeddable":true,"href":"https:\/\/minghanggroup.com\/de\/wp-json\/wp\/v2\/product_tag?post=4819"}],"curies":[{"name":"wp","href":"https:\/\/api.w.org\/{rel}","templated":true}]}}