{"id":4789,"date":"2026-01-19T16:21:28","date_gmt":"2026-01-19T08:21:28","guid":{"rendered":"https:\/\/minghanggroup.com\/?post_type=product&#038;p=4789"},"modified":"2026-01-19T16:45:02","modified_gmt":"2026-01-19T08:45:02","slug":"tree-shaped-beautiful-diffuser-bottles-for-decorative-bulk","status":"publish","type":"product","link":"https:\/\/minghanggroup.com\/de\/produkt\/tree-shaped-beautiful-diffuser-bottles-for-decorative-bulk\/","title":{"rendered":"80 ml und 98 ml formsch\u00f6ne, baumf\u00f6rmige Diffusorflaschen f\u00fcr dekorative Zwecke"},"content":{"rendered":"<p>Ihre formsch\u00f6nen Diffusorflaschen sollten nicht nur Duft speichern, sondern auch das Licht wie eine sanfte Waldbrise tanzen lassen. Als Spezialisten f\u00fcr dekorative Diffusorflaschen fertigen wir Glasflaschen, die Ihren Duftdiffusor in ein stilles Meisterwerk verwandeln.<\/p>\n<h2>Produktmerkmale<\/h2>\n<ul>\n<li><strong>Organische Baumsilhouette:<\/strong> Die astf\u00f6rmigen Kurven reflektieren das Licht, als w\u00e4ren sie aus echtem Holz, und machen Ihren Raumduft im Handumdrehen zu einem Kunstwerk.<\/li>\n<li><strong>Doppelt einsetzbar, vielseitig nutzbar:<\/strong> Ob Glasstopfen oder nat\u00fcrliche Rattanst\u00e4bchen \u2013 die Verpackung Ihres Diffusors l\u00e4sst sich im Handumdrehen anpassen.<\/li>\n<li><strong>Stabile Baumbasis:<\/strong> Kein Wackeln auf Marmortischen. Ihre Glasdiffusorflasche ist robust und f\u00fchlt sich luxuri\u00f6s an.<\/li>\n<\/ul>\n<h2>Wichtigste Spezifikationen<\/h2>\n<table style=\"border-collapse: collapse; width: 80%; margin-left: auto; margin-right: auto;\" border=\"0\" width=\"288\" cellspacing=\"0\" cellpadding=\"0\">\n<tbody>\n<tr style=\"height: 13.50pt;\">\n<td style=\"height: 13.5pt; width: 54pt; text-align: center;\" width=\"72\" height=\"18\">Gr\u00f6\u00dfe (ml)<\/td>\n<td style=\"width: 54pt; text-align: center;\" width=\"72\">Abmessungen (mm)<\/td>\n<td style=\"width: 54pt; text-align: center;\" width=\"72\">Halsdurchmesser (mm)<\/td>\n<td style=\"width: 54pt; text-align: center;\" width=\"72\">Form<\/td>\n<\/tr>\n<tr style=\"height: 13.50pt;\">\n<td style=\"height: 13.5pt; text-align: center;\" align=\"right\" height=\"18\">80<\/td>\n<td style=\"text-align: center;\">66 \u00d7 108<\/td>\n<td style=\"text-align: center;\">15\/24<\/td>\n<td class=\"et2\" style=\"text-align: center;\" rowspan=\"2\">Baumsilhouette<\/td>\n<\/tr>\n<tr style=\"height: 13.50pt;\">\n<td style=\"height: 13.5pt; text-align: center;\" align=\"right\" height=\"18\">98<\/td>\n<td style=\"text-align: center;\">66 \u00d7 101<\/td>\n<td style=\"text-align: center;\">15\/25<\/td>\n<\/tr>\n<\/tbody>\n<\/table>\n<h2>Erfolgsbeispiel<\/h2>\n<p>Eine auf Geschenke spezialisierte Marke f\u00fcr Raumd\u00fcfte hat mit uns zusammengearbeitet, um diesen baumf\u00f6rmigen Glasflakon f\u00fcr ihre limitierte Weihnachtskollektion zu personalisieren. F\u00fcr die weihnachtliche Verpackung entschied sich der Kunde f\u00fcr speziell angefertigtes gr\u00fcnes Glas. Der Flakon ist mit dem Markenlogo graviert und mit goldenen Details verziert.<\/p>\n<p>Nach der Produkteinf\u00fchrung stieg der Umsatz im ersten Quartal um fast 28 %, wodurch die Position der Marke auf dem Markt f\u00fcr dekorative Duftstoffe deutlich gest\u00e4rkt wurde.<\/p>\n<h2>Ihre Anpassungsoptionen<\/h2>\n<ol>\n<li><strong>Glasfarbe und Oberfl\u00e4chenbehandlung:<\/strong> Je nach gew\u00fcnschtem Transparenzgrad stehen Ihnen verschiedene Optionen zur Verf\u00fcgung, wie zum Beispiel Farbverl\u00e4ufe, eine T\u00f6nung des Innenlichts oder spezielle Mattierungseffekte, um die dekorative Wirkung zu verbessern und eine bestimmte Atmosph\u00e4re im Raum zu schaffen.<\/li>\n<li><strong>Dekorative Accessoires der gehobenen Klasse:<\/strong> In Kombination mit individuell gefertigten Rattanelementen (die in geraden, spiralf\u00f6rmigen oder floralen Mustern hergestellt werden k\u00f6nnen) oder einem ungew\u00f6hnlichen Glasdeckel verst\u00e4rken diese Merkmale die Attraktivit\u00e4t des Produkts als Geschenk und seine visuelle Wirkung.<\/li>\n<li><strong>Kapazit\u00e4t und Set-Kombinationen:<\/strong> Das Produkt wird in verschiedenen F\u00fcllmengen angeboten und kann zu Geschenksets oder Duftsets zusammengestellt werden, die sich ideal f\u00fcr Urlaube, Hotels oder ma\u00dfgeschneiderte Projekte eignen.<\/li>\n<\/ol>","protected":false},"excerpt":{"rendered":"<p>Wundersch\u00f6ne Diffusorflaschen im dekorativen Design f\u00fcr Duftst\u00e4bchen. Direkt vom Hersteller, mit individueller Gro\u00dfbestellung und schnellem Versand f\u00fcr Ihre Marken.<\/p>","protected":false},"featured_media":4807,"template":"","meta":{"postBodyCss":"","postBodyMargin":[],"postBodyPadding":[],"postBodyBackground":{"backgroundType":"classic","gradient":""}},"product_brand":[],"product_cat":[15,16,63],"product_tag":[],"class_list":{"0":"post-4789","1":"product","2":"type-product","3":"status-publish","4":"has-post-thumbnail","6":"product_cat-glass-containers","7":"product_cat-glass-bottles","8":"product_cat-reed-diffuser-bottles","10":"first","11":"instock","12":"shipping-taxable","13":"product-type-simple"},"jetpack_sharing_enabled":true,"_links":{"self":[{"href":"https:\/\/minghanggroup.com\/de\/wp-json\/wp\/v2\/product\/4789","targetHints":{"allow":["GET"]}}],"collection":[{"href":"https:\/\/minghanggroup.com\/de\/wp-json\/wp\/v2\/product"}],"about":[{"href":"https:\/\/minghanggroup.com\/de\/wp-json\/wp\/v2\/types\/product"}],"wp:featuredmedia":[{"embeddable":true,"href":"https:\/\/minghanggroup.com\/de\/wp-json\/wp\/v2\/media\/4807"}],"wp:attachment":[{"href":"https:\/\/minghanggroup.com\/de\/wp-json\/wp\/v2\/media?parent=4789"}],"wp:term":[{"taxonomy":"product_brand","embeddable":true,"href":"https:\/\/minghanggroup.com\/de\/wp-json\/wp\/v2\/product_brand?post=4789"},{"taxonomy":"product_cat","embeddable":true,"href":"https:\/\/minghanggroup.com\/de\/wp-json\/wp\/v2\/product_cat?post=4789"},{"taxonomy":"product_tag","embeddable":true,"href":"https:\/\/minghanggroup.com\/de\/wp-json\/wp\/v2\/product_tag?post=4789"}],"curies":[{"name":"wp","href":"https:\/\/api.w.org\/{rel}","templated":true}]}}