{"id":4784,"date":"2026-01-19T12:00:19","date_gmt":"2026-01-19T04:00:19","guid":{"rendered":"https:\/\/minghanggroup.com\/?post_type=product&#038;p=4784"},"modified":"2026-01-19T13:44:15","modified_gmt":"2026-01-19T05:44:15","slug":"100ml-clear-flat-round-diffuser-bottles-wholesale","status":"publish","type":"product","link":"https:\/\/minghanggroup.com\/de\/produkt\/100ml-clear-flat-round-diffuser-bottles-wholesale\/","title":{"rendered":"Gro\u00dfhandel f\u00fcr 100-ml-Diffusorflaschen, durchsichtig, flach, rund"},"content":{"rendered":"<p>Diese runden Diffusorflaschen sind breit, flach-oval geformt, bestehen aus Kalk-Natron-Glas und haben einen so schlanken Hals, dass er perfekt zum Diffusorst\u00e4bchen passt.<\/p>\n<h2>Produktmerkmale<\/h2>\n<ul>\n<li><strong>L\u00e4ngliche, flache, ovale Form:<\/strong> Es hat eine stabile und formsch\u00f6ne Gestalt und ist im breiten, flachen Design gefertigt, was es ideal f\u00fcr moderne Regalsysteme macht.<\/li>\n<li><strong>Schmaler Hals:<\/strong> Der schlanke Hals beherbergt den Diffusorstab und weiteres Zubeh\u00f6r und bildet einen Kontrast zum flachen, abgerundeten Korpus, was dem Design eine elegantere Note verleiht.<\/li>\n<li><strong>Gro\u00dfes Fassungsverm\u00f6gen von 200 ml:<\/strong> Das Fassungsverm\u00f6gen von 200 ml wurde intelligent in die flache Flaschenform integriert, wodurch ein gro\u00dfes Fassungsverm\u00f6gen bei schlankem Profil erreicht wird.<\/li>\n<\/ul>\n<h2 style=\"text-align: left;\">Wichtigste Spezifikationen<\/h2>\n<table class=\"aligncenter\" style=\"border-collapse: collapse; width: 426.02pt;\" border=\"0\" width=\"568\" cellspacing=\"0\" cellpadding=\"0\">\n<tbody>\n<tr style=\"height: 13.50pt;\">\n<td style=\"height: 13.50pt; width: 119.25pt;\" width=\"159\" height=\"18\">Specification<\/td>\n<td style=\"width: 306.75pt;\" width=\"409\">Details<\/td>\n<\/tr>\n<tr style=\"height: 13.50pt;\">\n<td style=\"height: 13.50pt;\" height=\"18\">Kapazit\u00e4t<\/td>\n<td>100 ml<\/td>\n<\/tr>\n<tr style=\"height: 13.50pt;\">\n<td style=\"height: 13.50pt;\" height=\"18\">Abmessungen<\/td>\n<td>125 \u00d7 36 \u00d7 109 mm<\/td>\n<\/tr>\n<tr style=\"height: 13.50pt;\">\n<td style=\"height: 13.50pt;\" height=\"18\">Innen-\/Au\u00dfenhalsdurchmesser<\/td>\n<td>12 mm \/ 23 mm<\/td>\n<\/tr>\n<tr style=\"height: 13.50pt;\">\n<td style=\"height: 13.50pt;\" height=\"18\">Material<\/td>\n<td>Soda-Kalk-Glas<\/td>\n<\/tr>\n<tr style=\"height: 13.50pt;\">\n<td style=\"height: 13.50pt;\" height=\"18\">Flaschenform<\/td>\n<td>Flaches, horizontal l\u00e4ngliches Oval<\/td>\n<\/tr>\n<tr style=\"height: 13.50pt;\">\n<td style=\"height: 13.50pt;\" height=\"18\">Anpassungsumfang<\/td>\n<td>Farbe, Ausf\u00fchrung, Gr\u00f6\u00dfe, Gravur<\/td>\n<\/tr>\n<tr style=\"height: 13.50pt;\">\n<td style=\"height: 13.50pt;\" height=\"18\">Handwerkskunst<\/td>\n<td>Flache ovale Glasleiste<\/td>\n<\/tr>\n<tr style=\"height: 13.50pt;\">\n<td style=\"height: 13.50pt;\" height=\"18\">Produktzweck<\/td>\n<td>Runde Diffusorflaschen, Diffusorflaschen in Gro\u00dfpackungen<\/td>\n<\/tr>\n<tr style=\"height: 13.50pt;\">\n<td style=\"height: 13.50pt;\" height=\"18\">Geeignete Branchen<\/td>\n<td>Moderne Raumduftmarken, Inneneinrichtung<\/td>\n<\/tr>\n<\/tbody>\n<\/table>\n<h2>Erfolgsgeschichte: Preisgekr\u00f6ntes Design einer japanischen Lifestyle-Marke<\/h2>\n<p>Eine japanische Lifestyle-Marke hat eine neue Duftlinie auf den Markt gebracht. Als Flaggschiffprodukt wurde der runde 200-ml-Diffusorflakon ausgew\u00e4hlt. Die markante, flache Ovalform f\u00fchrte zu einer Wiederkaufsrate von 80 Prozent. Das elegante Design steigerte die Anzahl der Shares durch Social-Media-Influencer um 300 Prozent. Die positive Marktresonanz und die perfekte \u00dcbereinstimmung mit dem Markenimage f\u00fchrten zu gro\u00dfer Zufriedenheit, sodass die Marke weitere 300.000 Flakons f\u00fcr ihre internationalen Flagship-Stores bestellte.<\/p>\n<h2>Anpassung der runden Diffusorflasche<\/h2>\n<ul>\n<li>Farbe und Transparenz des Glases: Es gibt klares, hellgraues oder get\u00f6ntes Glas.<\/li>\n<li>Mattierte Oberfl\u00e4che mit Frosteffekt: Es handelt sich um eine vollst\u00e4ndig sandgestrahlte, matte Oberfl\u00e4che, die einen sanften und \u00e4therischen Look erzeugt.<\/li>\n<li>Lasergravur: Das Bild komplizierter und flie\u00dfender Linien oder der Markenname wird in die Oberfl\u00e4che der Flasche eingraviert.<\/li>\n<li>Individuelle Flaschenhalsdekoration: \u201eLeichte und schlichte Flaschenhalsdekorationen k\u00f6nnen aus matter Keramik oder geb\u00fcrstetem Metall gefertigt werden.\u201c<\/li>\n<\/ul>","protected":false},"excerpt":{"rendered":"<p>Stilvolle 100-ml-Diffusorflasche aus flachem, rundem Glas, ideal f\u00fcr die Verpackung und das Branding von Raumd\u00fcften, hochwertige runde Diffusorflaschen, schneller Versand.<\/p>","protected":false},"featured_media":4790,"template":"","meta":{"postBodyCss":"","postBodyMargin":[],"postBodyPadding":[],"postBodyBackground":{"backgroundType":"classic","gradient":""}},"product_brand":[],"product_cat":[15,16,63],"product_tag":[],"class_list":{"0":"post-4784","1":"product","2":"type-product","3":"status-publish","4":"has-post-thumbnail","6":"product_cat-glass-containers","7":"product_cat-glass-bottles","8":"product_cat-reed-diffuser-bottles","10":"first","11":"instock","12":"shipping-taxable","13":"product-type-simple"},"jetpack_sharing_enabled":true,"_links":{"self":[{"href":"https:\/\/minghanggroup.com\/de\/wp-json\/wp\/v2\/product\/4784","targetHints":{"allow":["GET"]}}],"collection":[{"href":"https:\/\/minghanggroup.com\/de\/wp-json\/wp\/v2\/product"}],"about":[{"href":"https:\/\/minghanggroup.com\/de\/wp-json\/wp\/v2\/types\/product"}],"wp:featuredmedia":[{"embeddable":true,"href":"https:\/\/minghanggroup.com\/de\/wp-json\/wp\/v2\/media\/4790"}],"wp:attachment":[{"href":"https:\/\/minghanggroup.com\/de\/wp-json\/wp\/v2\/media?parent=4784"}],"wp:term":[{"taxonomy":"product_brand","embeddable":true,"href":"https:\/\/minghanggroup.com\/de\/wp-json\/wp\/v2\/product_brand?post=4784"},{"taxonomy":"product_cat","embeddable":true,"href":"https:\/\/minghanggroup.com\/de\/wp-json\/wp\/v2\/product_cat?post=4784"},{"taxonomy":"product_tag","embeddable":true,"href":"https:\/\/minghanggroup.com\/de\/wp-json\/wp\/v2\/product_tag?post=4784"}],"curies":[{"name":"wp","href":"https:\/\/api.w.org\/{rel}","templated":true}]}}