{"id":4771,"date":"2026-01-19T16:22:24","date_gmt":"2026-01-19T08:22:24","guid":{"rendered":"https:\/\/minghanggroup.com\/?post_type=product&#038;p=4771"},"modified":"2026-01-19T16:38:15","modified_gmt":"2026-01-19T08:38:15","slug":"bulk-diffuser-bottles-with-thick-base-for-home-decor","status":"publish","type":"product","link":"https:\/\/minghanggroup.com\/de\/produkt\/bulk-diffuser-bottles-with-thick-base-for-home-decor\/","title":{"rendered":"40 ml, 50 ml, 100 ml Gro\u00dfpackung Diffusorflaschen mit dickem Boden f\u00fcr die Heimdekoration"},"content":{"rendered":"<p>Ihre Duftflaschen sollten nicht nur Duft speichern, sondern auch Licht wie fl\u00fcssiges Kristall \u00fcber Ihren Schreibtisch tanzen lassen. Als Spezialisten f\u00fcr Kristall-Diffusorflaschen fertigen wir Glas-St\u00e4bchen-Diffusoren, die Ihren Duft\u00f6l-Diffusor in einen stillen Blickfang verwandeln.<\/p>\n<h2>Produktmerkmale<\/h2>\n<ul>\n<li><strong>Dicke, stabile Fundamentkonstruktion: <\/strong>Die verdickte Basis sorgt f\u00fcr einen niedrigen Schwerpunkt, wodurch das Produkt weniger leicht umkippt. Es eignet sich perfekt f\u00fcr private und gewerbliche R\u00e4ume, wenn die Pr\u00e4sentation \u00fcber einen l\u00e4ngeren Zeitraum erfolgen soll.<\/li>\n<li><strong>Hochwertiges, transparentes Glasmaterial: <\/strong>Super klar und transparent, gibt es die Farbe der Aromatherapie-Fl\u00fcssigkeit sehr genau wieder und erh\u00f6ht so die optische Wirkung und die Attraktivit\u00e4t des Produkts.<\/li>\n<li><strong>Optimiertes Flaschendesign: <\/strong>Durch die Kombination von abgerundeten Schultern und geraden Linien erh\u00e4lt der Flakon ein stilvolles und modernes Aussehen und ist gleichzeitig vielseitig einsetzbar. Dadurch passt er zu einer breiten Palette von Duftmarken.<\/li>\n<\/ul>\n<h2>Wichtigste Spezifikationen<\/h2>\n<table style=\"border-collapse: collapse; width: 80%; margin-left: auto; margin-right: auto;\" border=\"0\" width=\"288\" cellspacing=\"0\" cellpadding=\"0\">\n<tbody>\n<tr style=\"height: 13.50pt;\">\n<td style=\"height: 13.5pt; width: 54pt; text-align: center;\" width=\"72\" height=\"18\">Gr\u00f6\u00dfe (ml)<\/td>\n<td style=\"width: 54.00pt;\" width=\"72\">Abmessungen (mm)<\/td>\n<td style=\"width: 54pt; text-align: center;\" width=\"72\">Halsart<\/td>\n<td style=\"width: 54pt; text-align: center;\" width=\"72\">Form<\/td>\n<\/tr>\n<tr style=\"height: 13.50pt;\">\n<td style=\"height: 13.5pt; text-align: center;\" align=\"right\" height=\"18\">40<\/td>\n<td style=\"text-align: center;\">52 \u00d7 69<\/td>\n<td class=\"et2\" style=\"text-align: center;\" rowspan=\"3\">Schnappverschluss<\/td>\n<td class=\"et2\" style=\"text-align: center;\" rowspan=\"3\">Zylindrisch<\/td>\n<\/tr>\n<tr style=\"height: 13.50pt;\">\n<td style=\"height: 13.5pt; text-align: center;\" align=\"right\" height=\"18\">50<\/td>\n<td style=\"text-align: center;\">52 \u00d7 69<\/td>\n<\/tr>\n<tr style=\"height: 13.50pt;\">\n<td style=\"height: 13.5pt; text-align: center;\" align=\"right\" height=\"18\">100<\/td>\n<td style=\"text-align: center;\">65 \u00d7 81<\/td>\n<\/tr>\n<\/tbody>\n<\/table>\n<h2>Erfolgsbeispiel<\/h2>\n<p>Diese Duftmarke aus der Region orientiert sich am modernen Vintage-Stil und entschied sich schlie\u00dflich f\u00fcr einen Glasflakon als Hauptverpackung. Dank umfangreicher Individualisierungsm\u00f6glichkeiten nutzte die Marke die runde Fl\u00e4che in der Mitte des Flakons, um ihr Logo pr\u00e4zise im Siebdruckverfahren aufzubringen. Sie w\u00e4hlte einen bernsteinfarbenen Flakon mit matter Oberfl\u00e4che. Der individuell gestaltete Holzverschluss wurde mit schwarzen Faserdiffusorst\u00e4bchen in passender L\u00e4nge kombiniert, wodurch eine Verpackung von hoher k\u00fcnstlerischer Qualit\u00e4t entstand.<\/p>\n<p>Diese visuelle Wirkung trug ma\u00dfgeblich zur Steigerung der Markenbekanntheit bei den Konsumenten bei, was zu einem Anstieg der Kundenfrequenz in den Filialen um 55 Prozent f\u00fchrte. Dar\u00fcber hinaus wurden in den folgenden zwei Quartalen Folgebestellungen \u00fcber 250.000 Einheiten aufgegeben.<\/p>\n<h2>Ihre Anpassungsoptionen<\/h2>\n<ol>\n<li><strong>Personalisierung des gepr\u00e4gten Bereichs durch Branding: <\/strong>Durch die Verwendung der kreisf\u00f6rmigen Pr\u00e4gung in der Mitte der Flasche wird das Markenlogo mittels hochpr\u00e4zisem Siebdruck oder Hochtemperatur-Dekorationstechnologie integriert, wodurch die Markenidentit\u00e4t perfekt mit den Vintage-Mustern verschmilzt und die visuelle Schichtung zus\u00e4tzlich verst\u00e4rkt wird.<\/li>\n<li><strong>Optionen f\u00fcr Flaschenfarbe und Transparenz: <\/strong>Der Kunde kann zwischen einer bernsteinfarbenen Beschichtung mit lichtundurchl\u00e4ssigen Eigenschaften oder einem edlen Matt-Finish w\u00e4hlen. Beide Varianten erhalten die Wirksamkeit der \u00e4therischen \u00d6le und verleihen der Flasche eine zeitlose Eleganz.<\/li>\n<li><strong>Verschiedene Materialoptionen f\u00fcr die obere Kappe: <\/strong>Ausgehend von der \u00c4sthetik der Marke kann man sich f\u00fcr Holzstopper mit gepr\u00e4gten Logos (zum Beispiel aus Walnuss oder Eiche) entscheiden, um den Naturalismus zu betonen, oder man w\u00e4hlt Halsringe aus hellem Gold\/Bronzemetall, um einen Hauch von leichtem Luxus und Vintage-Stil zur Schau zu stellen.<\/li>\n<\/ol>","protected":false},"excerpt":{"rendered":"<p>Diese Diffusorflaschen zeichnen sich durch einen stabilen Standfu\u00df und einen weiten Hals aus. Diffusorflaschen in gro\u00dfen Mengen f\u00fcr die Direktlieferung ab Werk, hochwertige Kristall-Diffusorflaschen f\u00fcr individuelles Branding.<\/p>","protected":false},"featured_media":4788,"template":"","meta":{"postBodyCss":"","postBodyMargin":[],"postBodyPadding":[],"postBodyBackground":{"backgroundType":"classic","gradient":""}},"product_brand":[],"product_cat":[15,16,63],"product_tag":[],"class_list":{"0":"post-4771","1":"product","2":"type-product","3":"status-publish","4":"has-post-thumbnail","6":"product_cat-glass-containers","7":"product_cat-glass-bottles","8":"product_cat-reed-diffuser-bottles","10":"first","11":"instock","12":"shipping-taxable","13":"product-type-simple"},"jetpack_sharing_enabled":true,"_links":{"self":[{"href":"https:\/\/minghanggroup.com\/de\/wp-json\/wp\/v2\/product\/4771","targetHints":{"allow":["GET"]}}],"collection":[{"href":"https:\/\/minghanggroup.com\/de\/wp-json\/wp\/v2\/product"}],"about":[{"href":"https:\/\/minghanggroup.com\/de\/wp-json\/wp\/v2\/types\/product"}],"wp:featuredmedia":[{"embeddable":true,"href":"https:\/\/minghanggroup.com\/de\/wp-json\/wp\/v2\/media\/4788"}],"wp:attachment":[{"href":"https:\/\/minghanggroup.com\/de\/wp-json\/wp\/v2\/media?parent=4771"}],"wp:term":[{"taxonomy":"product_brand","embeddable":true,"href":"https:\/\/minghanggroup.com\/de\/wp-json\/wp\/v2\/product_brand?post=4771"},{"taxonomy":"product_cat","embeddable":true,"href":"https:\/\/minghanggroup.com\/de\/wp-json\/wp\/v2\/product_cat?post=4771"},{"taxonomy":"product_tag","embeddable":true,"href":"https:\/\/minghanggroup.com\/de\/wp-json\/wp\/v2\/product_tag?post=4771"}],"curies":[{"name":"wp","href":"https:\/\/api.w.org\/{rel}","templated":true}]}}