{"id":4766,"date":"2026-01-19T10:41:42","date_gmt":"2026-01-19T02:41:42","guid":{"rendered":"https:\/\/minghanggroup.com\/?post_type=product&#038;p=4766"},"modified":"2026-01-19T12:00:08","modified_gmt":"2026-01-19T04:00:08","slug":"christmas-tree-diffuser-sticks-and-bottles-wholesale","status":"publish","type":"product","link":"https:\/\/minghanggroup.com\/de\/produkt\/christmas-tree-diffuser-sticks-and-bottles-wholesale\/","title":{"rendered":"Gro\u00dfhandel f\u00fcr 200-ml-Weihnachtsbaum-Diffusorst\u00e4bchen und -flaschen"},"content":{"rendered":"<p>Dieser Diffusorstab mit passender Flasche besticht durch sein besonderes Weihnachtsbaum-Design. Die Flasche ist aus klarem Kalk-Natron-Glas gefertigt und verf\u00fcgt \u00fcber einen mehrfach verschraubbaren Hals, der das Einsetzen des Diffusorst\u00e4bchens erleichtert und der Flasche ein fr\u00f6hliches, weihnachtliches Aussehen verleiht.<\/p>\n<h2>Produktmerkmale<\/h2>\n<ul>\n<li><strong>Flasche in Form eines Weihnachtsbaums:<\/strong> Dies ist die ideale Weihnachtsdekoration und ein ideales Geschenk, da die Baumform ikonisch ist und einen unregelm\u00e4\u00dfigen Rand hat.<\/li>\n<li><strong>Wellenkantenverkleidung:<\/strong> Das wellenf\u00f6rmige Randdesign ist erhaben gestaltet, um einen optischen und haptischen Eindruck von Festlichkeit zu erzeugen.<\/li>\n<li><strong>Standard-Gewindehals:<\/strong> Die praktische Halskonstruktion erm\u00f6glicht eine einfache Handhabung und Aufbewahrung.<\/li>\n<\/ul>\n<h2 style=\"text-align: left;\">Wichtigste Spezifikationen<\/h2>\n<table class=\"aligncenter\" style=\"border-collapse: collapse; width: 444.77pt;\" border=\"0\" width=\"593\" cellspacing=\"0\" cellpadding=\"0\">\n<tbody>\n<tr style=\"height: 13.50pt;\">\n<td style=\"height: 13.50pt; width: 119.25pt;\" width=\"159\" height=\"18\">Specification<\/td>\n<td style=\"width: 325.50pt;\" width=\"434\">Details<\/td>\n<\/tr>\n<tr style=\"height: 13.50pt;\">\n<td style=\"height: 13.50pt;\" height=\"18\">Kapazit\u00e4t<\/td>\n<td>200 ml<\/td>\n<\/tr>\n<tr style=\"height: 13.50pt;\">\n<td style=\"height: 13.50pt;\" height=\"18\">Abmessungen<\/td>\n<td>105 \u00d7 42 \u00d7 150 mm<\/td>\n<\/tr>\n<tr style=\"height: 13.50pt;\">\n<td style=\"height: 13.50pt;\" height=\"18\">Innen-\/Au\u00dfenhalsdurchmesser<\/td>\n<td>17 mm \/ 27 mm<\/td>\n<\/tr>\n<tr style=\"height: 13.50pt;\">\n<td style=\"height: 13.50pt;\" height=\"18\">Material<\/td>\n<td>Soda-Kalk-Glas<\/td>\n<\/tr>\n<tr style=\"height: 13.50pt;\">\n<td style=\"height: 13.50pt;\" height=\"18\">Flaschenform<\/td>\n<td>Stilisierter Weihnachtsbaum mit strukturierten R\u00e4ndern<\/td>\n<\/tr>\n<tr style=\"height: 13.50pt;\">\n<td style=\"height: 13.50pt;\" height=\"18\">Anpassungsumfang<\/td>\n<td>Farbe, Gr\u00f6\u00dfe, Glasur, thematische Verzierungen<\/td>\n<\/tr>\n<tr style=\"height: 13.50pt;\">\n<td style=\"height: 13.50pt;\" height=\"18\">Handwerkskunst<\/td>\n<td>Glasformung, detaillierte Texturierung, Gewindeschneiden<\/td>\n<\/tr>\n<tr style=\"height: 13.50pt;\">\n<td style=\"height: 13.50pt;\" height=\"18\">Produktzweck<\/td>\n<td>Luxuri\u00f6se Diffusorflaschen im Gro\u00dfhandel, Diffusorflaschen<\/td>\n<\/tr>\n<tr style=\"height: 13.50pt;\">\n<td style=\"height: 13.50pt;\" height=\"18\">Geeignete Branchen<\/td>\n<td>Saisonale Einzelh\u00e4ndler, Marken f\u00fcr Heimdekoration<\/td>\n<\/tr>\n<\/tbody>\n<\/table>\n<h2>Erfolgsgeschichte<\/h2>\n<p>Unsere 200-ml-Diffusorst\u00e4bchen und -flakons wurden von einem US-amerikanischen Kaufhaus als Dekoration in Form eines Weihnachtsbaums verkauft. Dieses thematische Design f\u00fchrte zu einer 500-prozentigen Steigerung der Erw\u00e4hnungen der Weihnachtskollektion in den sozialen Medien. Innerhalb von 48 Stunden war dieses weihnachtliche Parf\u00fcm online ausverkauft und avancierte zum meistverkauften Raumduft der Saison. Der Erfolg beeindruckte das Kaufhaus so sehr, dass es 750.000 weitere Flakons bestellte, um die Nachfrage in den n\u00e4chsten drei Weihnachtssaisons zu decken.<\/p>\n<h2>Gro\u00dfhandel mit individueller Gestaltung von Luxus-Diffusorflaschen<\/h2>\n<ul>\n<li>Farben der Gl\u00e4ser: Es gibt sie in klar, mattwei\u00df (schneewei\u00df) oder in festlichen Farben wie Gr\u00fcn, Rot und anderen.<\/li>\n<li>Weitere Themen: Auch andere Feiertage (z. B. K\u00fcrbis-, Herz- oder Eierformen) k\u00f6nnen individuell gestaltet werden.<\/li>\n<li>Anleitung zum Pr\u00e4gen: Pr\u00e4gungen sind kleine, erhabene Details, die der Baumform hinzugef\u00fcgt werden, z. B. Ornamente oder Sterne.<\/li>\n<li>Siebdruck: Platzieren Sie eine Botschaft zum Feiertag oder ein kleines Markenlogo auf der Vorderseite der Flasche.<\/li>\n<\/ul>","protected":false},"excerpt":{"rendered":"<p>Festliche Duftst\u00e4bchen und Flasche im Weihnachtsbaumglas-Design, perfekt f\u00fcr die Weihnachtsdekoration und als Teil unserer luxuri\u00f6sen Duftflaschen-Gro\u00dfhandelskollektion, direkt vom Hersteller.<\/p>","protected":false},"featured_media":4772,"template":"","meta":{"postBodyCss":"","postBodyMargin":[],"postBodyPadding":[],"postBodyBackground":{"backgroundType":"classic","gradient":""}},"product_brand":[],"product_cat":[15,16,63],"product_tag":[],"class_list":{"0":"post-4766","1":"product","2":"type-product","3":"status-publish","4":"has-post-thumbnail","6":"product_cat-glass-containers","7":"product_cat-glass-bottles","8":"product_cat-reed-diffuser-bottles","10":"first","11":"instock","12":"shipping-taxable","13":"product-type-simple"},"jetpack_sharing_enabled":true,"_links":{"self":[{"href":"https:\/\/minghanggroup.com\/de\/wp-json\/wp\/v2\/product\/4766","targetHints":{"allow":["GET"]}}],"collection":[{"href":"https:\/\/minghanggroup.com\/de\/wp-json\/wp\/v2\/product"}],"about":[{"href":"https:\/\/minghanggroup.com\/de\/wp-json\/wp\/v2\/types\/product"}],"wp:featuredmedia":[{"embeddable":true,"href":"https:\/\/minghanggroup.com\/de\/wp-json\/wp\/v2\/media\/4772"}],"wp:attachment":[{"href":"https:\/\/minghanggroup.com\/de\/wp-json\/wp\/v2\/media?parent=4766"}],"wp:term":[{"taxonomy":"product_brand","embeddable":true,"href":"https:\/\/minghanggroup.com\/de\/wp-json\/wp\/v2\/product_brand?post=4766"},{"taxonomy":"product_cat","embeddable":true,"href":"https:\/\/minghanggroup.com\/de\/wp-json\/wp\/v2\/product_cat?post=4766"},{"taxonomy":"product_tag","embeddable":true,"href":"https:\/\/minghanggroup.com\/de\/wp-json\/wp\/v2\/product_tag?post=4766"}],"curies":[{"name":"wp","href":"https:\/\/api.w.org\/{rel}","templated":true}]}}