{"id":4761,"date":"2026-01-19T09:25:09","date_gmt":"2026-01-19T01:25:09","guid":{"rendered":"https:\/\/minghanggroup.com\/?post_type=product&#038;p=4761"},"modified":"2026-01-19T14:35:08","modified_gmt":"2026-01-19T06:35:08","slug":"empty-oil-diffuser-bottles-with-diamond-texture-bulk","status":"publish","type":"product","link":"https:\/\/minghanggroup.com\/de\/produkt\/empty-oil-diffuser-bottles-with-diamond-texture-bulk\/","title":{"rendered":"150 ml leere \u00d6ldiffusorflaschen mit Diamantstruktur (Gro\u00dfpackung)"},"content":{"rendered":"<p>Diese Duft\u00f6lflasche ist ein schlankes, zylinderf\u00f6rmiges Objekt aus massivem Glas. Ihre l\u00e4ngliche Form ist mit einem filigranen Diamantschliffmuster verziert. Sie ist nicht nur ein Beh\u00e4lter, sondern auch ein wundersch\u00f6nes Dekorationsobjekt.<\/p>\n<h2>Produktmerkmale<\/h2>\n<ul>\n<li><strong>Korpus im Diamantschliff:<\/strong> Der aufwendig geschnitzte Ganzk\u00f6rperschnitt erzeugt einen faszinierenden Licht- und Schatteneffekt mit einem luxuri\u00f6sen Eindruck.<\/li>\n<li><strong>Weitm\u00fcndungsdesign:<\/strong> Die weite \u00d6ffnung erm\u00f6glicht das Hinzuf\u00fcgen aller notwendigen \u00d6le und bietet Platz f\u00fcr Diffusorst\u00e4bchen und weiteres Zubeh\u00f6r, ohne die stilistische Kontinuit\u00e4t zu beeintr\u00e4chtigen.<\/li>\n<li><strong>Schlanke zylindrische Form:<\/strong> Die schlanke, zylindrische Form verleiht dem M\u00f6belst\u00fcck ein elegantes und hochwertiges Aussehen, es ist sehr stabil und f\u00fcgt sich problemlos in verschiedene Einrichtungsstile ein.<\/li>\n<\/ul>\n<h2 style=\"text-align: left;\">Wichtigste Spezifikationen<\/h2>\n<table class=\"aligncenter\" style=\"border-collapse: collapse; width: 444.77pt;\" border=\"0\" width=\"593\" cellspacing=\"0\" cellpadding=\"0\">\n<tbody>\n<tr style=\"height: 13.50pt;\">\n<td style=\"height: 13.50pt; width: 119.25pt;\" width=\"159\" height=\"18\">Specification<\/td>\n<td style=\"width: 325.50pt;\" width=\"434\">Details<\/td>\n<\/tr>\n<tr style=\"height: 13.50pt;\">\n<td style=\"height: 13.50pt;\" height=\"18\">Kapazit\u00e4t<\/td>\n<td>150 ml<\/td>\n<\/tr>\n<tr style=\"height: 13.50pt;\">\n<td style=\"height: 13.50pt;\" height=\"18\">Abmessungen<\/td>\n<td>55 \u00d7 133 mm<\/td>\n<\/tr>\n<tr style=\"height: 13.50pt;\">\n<td style=\"height: 13.50pt;\" height=\"18\">Innen-\/Au\u00dfenhalsdurchmesser<\/td>\n<td>19 mm \/ 35 mm<\/td>\n<\/tr>\n<tr style=\"height: 13.50pt;\">\n<td style=\"height: 13.50pt;\" height=\"18\">Material<\/td>\n<td>Natriumcalc-Glas<\/td>\n<\/tr>\n<tr style=\"height: 13.50pt;\">\n<td style=\"height: 13.50pt;\" height=\"18\">Flaschenform<\/td>\n<td>Hoher Zylinder mit diamantgeschliffenem Muster<\/td>\n<\/tr>\n<tr style=\"height: 13.50pt;\">\n<td style=\"height: 13.50pt;\" height=\"18\">Anpassungsumfang<\/td>\n<td>Form, Farbe, Schnittmuster, mattierte Details<\/td>\n<\/tr>\n<tr style=\"height: 13.50pt;\">\n<td style=\"height: 13.50pt;\" height=\"18\">Handwerkskunst<\/td>\n<td>Pr\u00e4zisionsglasschneiden\/-schleifen, Breitmaul-Finishing<\/td>\n<\/tr>\n<tr style=\"height: 13.50pt;\">\n<td style=\"height: 13.50pt;\" height=\"18\">Produktzweck<\/td>\n<td>\u00d6ldiffusorflaschen, Duft\u00f6lbeh\u00e4lter<\/td>\n<\/tr>\n<tr style=\"height: 13.50pt;\">\n<td style=\"height: 13.50pt;\" height=\"18\">Geeignete Branchen<\/td>\n<td>Luxuri\u00f6se Raumd\u00fcfte, Premium-Hotels<\/td>\n<\/tr>\n<\/tbody>\n<\/table>\n<h2>Erfolgsgeschichte: Eine neue Produktlinie eines europ\u00e4ischen Premium-Parf\u00fcmherstellers<\/h2>\n<p>Ein europ\u00e4ischer Dufthersteller brachte einen Premium-Raumduft auf den Markt. Die leere 150-ml-Flasche f\u00fcr einen Raumduft wurde in einem satten Smaragdgr\u00fcn gef\u00e4rbt. Das glitzernde Diamantschliff-Design steigert den Wert des Produkts um 70 Prozent. Das kristallklare Glas pr\u00e4sentiert das farbige \u00e4therische \u00d6l optimal und f\u00fchrt zu einer Steigerung der Online-Konversionsrate um 25 Prozent. Die Marke war \u00fcberaus zufrieden mit der Marktresonanz und den Verkaufszahlen und bestellte daher weitere 400.000 Flaschen f\u00fcr den weltweiten Vertrieb.<\/p>\n<h2>Personalisierung der \u00d6ldiffusorflaschen<\/h2>\n<ul>\n<li>Glasfarben und -t\u00f6ne: Erh\u00e4ltlich in klarem, tief bernsteinfarbenem, kobaltblauem oder smaragdgr\u00fcnem Kristallglas.<\/li>\n<li>Mustervariationen: Zu den Mustervariationen geh\u00f6ren auch Fischgr\u00e4tmuster, Stufenmuster und Radialschnitt.<\/li>\n<li>Details zum mattierten Schnitt: Die Schnittfl\u00e4chen sind mattiert, um sie gl\u00e4nzend zu halten und einen Kontrast zu erzeugen.<\/li>\n<li>Lasergravur: Lassen Sie ein kleines Logo oder Monogramm per Laser auf den ungeschnittenen Flaschenboden gravieren.<\/li>\n<\/ul>","protected":false},"excerpt":{"rendered":"<p>Hohe Duft\u00f6lflasche mit diamantgeschliffener Oberfl\u00e4che, geeignet f\u00fcr Nachf\u00fcllprojekte und moderne Dekorationen mit leeren Duft\u00f6lflaschen, Gro\u00dfhandelspreis.<\/p>","protected":false},"featured_media":4762,"template":"","meta":{"postBodyCss":"","postBodyMargin":[],"postBodyPadding":[],"postBodyBackground":{"backgroundType":"classic","gradient":""}},"product_brand":[],"product_cat":[15,16,63],"product_tag":[],"class_list":{"0":"post-4761","1":"product","2":"type-product","3":"status-publish","4":"has-post-thumbnail","6":"product_cat-glass-containers","7":"product_cat-glass-bottles","8":"product_cat-reed-diffuser-bottles","10":"first","11":"instock","12":"shipping-taxable","13":"product-type-simple"},"jetpack_sharing_enabled":true,"_links":{"self":[{"href":"https:\/\/minghanggroup.com\/de\/wp-json\/wp\/v2\/product\/4761","targetHints":{"allow":["GET"]}}],"collection":[{"href":"https:\/\/minghanggroup.com\/de\/wp-json\/wp\/v2\/product"}],"about":[{"href":"https:\/\/minghanggroup.com\/de\/wp-json\/wp\/v2\/types\/product"}],"wp:featuredmedia":[{"embeddable":true,"href":"https:\/\/minghanggroup.com\/de\/wp-json\/wp\/v2\/media\/4762"}],"wp:attachment":[{"href":"https:\/\/minghanggroup.com\/de\/wp-json\/wp\/v2\/media?parent=4761"}],"wp:term":[{"taxonomy":"product_brand","embeddable":true,"href":"https:\/\/minghanggroup.com\/de\/wp-json\/wp\/v2\/product_brand?post=4761"},{"taxonomy":"product_cat","embeddable":true,"href":"https:\/\/minghanggroup.com\/de\/wp-json\/wp\/v2\/product_cat?post=4761"},{"taxonomy":"product_tag","embeddable":true,"href":"https:\/\/minghanggroup.com\/de\/wp-json\/wp\/v2\/product_tag?post=4761"}],"curies":[{"name":"wp","href":"https:\/\/api.w.org\/{rel}","templated":true}]}}