{"id":4748,"date":"2026-01-16T15:53:44","date_gmt":"2026-01-16T07:53:44","guid":{"rendered":"https:\/\/minghanggroup.com\/?post_type=product&#038;p=4748"},"modified":"2026-01-16T16:50:02","modified_gmt":"2026-01-16T08:50:02","slug":"glass-square-diffuser-bottles-for-packaging-wholesale","status":"publish","type":"product","link":"https:\/\/minghanggroup.com\/de\/produkt\/glass-square-diffuser-bottles-for-packaging-wholesale\/","title":{"rendered":"200 ml und 250 ml quadratische Glas-Diffusorflaschen f\u00fcr Verpackungszwecke im Gro\u00dfhandel"},"content":{"rendered":"<p>Ihre quadratischen Diffusorflaschen sollten nicht nur Duftstoffe enthalten \u2013 sie sollten das Licht an jeder Kante wie eine moderne Skulptur funkeln lassen. Als Spezialisten f\u00fcr Aromadiffusorflaschen fertigen wir Glasflaschen, die Ihren Diffusor f\u00fcr \u00e4therische \u00d6le in ein stilles Meisterwerk verwandeln.<\/p>\n<h2>Produktmerkmale<\/h2>\n<ul>\n<li><strong>Minimalistische quadratische geometrische \u00c4sthetik: <\/strong>Die Flasche hat eine traditionelle quadratische Form mit klaren, scharfen Kanten, die den Eindruck von Industriedesign mit einer ganz anderen Balance verschiedener moderner Innenr\u00e4ume verbinden.<\/li>\n<li><strong>Verschiedene Deckeloptionen: <\/strong>Zur Auswahl stehen ein schimmerndes Gold-Metall-Halsband und eine halbkugelf\u00f6rmige Holzkappe, die zwei unterschiedliche Markenstile pr\u00e4sentieren: \u201eleichter, moderner Luxus\u201c und \u201enat\u00fcrlich und therapeutisch\u201c.<\/li>\n<li><strong>Ebene Fl\u00e4che f\u00fcr Markenpr\u00e4sentation: <\/strong>Die flachen, geraden Glasseiten der quadratischen Flasche sind eine gro\u00dfartige \u201eLeinwand\u201c f\u00fcr die Marke und k\u00f6nnen daher problemlos gro\u00dffl\u00e4chig im Siebdruckverfahren bedruckt, hei\u00dfgepr\u00e4gt oder mit Markenetiketten pr\u00e4zise versehen werden.<\/li>\n<\/ul>\n<h2>Wichtigste Spezifikationen<\/h2>\n<table style=\"border-collapse: collapse; width: 80%; margin-left: auto; margin-right: auto;\" border=\"0\" width=\"288\" cellspacing=\"0\" cellpadding=\"0\">\n<tbody>\n<tr style=\"height: 13.50pt;\">\n<td style=\"height: 13.5pt; width: 54pt; text-align: center;\" width=\"72\" height=\"18\">Gr\u00f6\u00dfe (ml)<\/td>\n<td style=\"width: 54pt; text-align: center;\" width=\"72\">Abmessungen (mm)<\/td>\n<td style=\"width: 54pt; text-align: center;\" width=\"72\">Halsart<\/td>\n<td style=\"width: 54pt; text-align: center;\" width=\"72\">Form<\/td>\n<\/tr>\n<tr style=\"height: 13.50pt;\">\n<td style=\"height: 13.5pt; text-align: center;\" align=\"right\" height=\"18\">200<\/td>\n<td style=\"text-align: center;\">68 \u00d7 95<\/td>\n<td class=\"et2\" style=\"text-align: center;\" rowspan=\"2\">Schraubverschluss<\/td>\n<td class=\"et2\" style=\"text-align: center;\" rowspan=\"2\">Quadratisch-geometrische<\/td>\n<\/tr>\n<tr style=\"height: 13.50pt;\">\n<td style=\"height: 13.5pt; text-align: center;\" align=\"right\" height=\"18\">250<\/td>\n<td style=\"text-align: center;\">74 \u00d7 102<\/td>\n<\/tr>\n<\/tbody>\n<\/table>\n<h2>Erfolgsbeispiel<\/h2>\n<p>Eine exklusive Marke f\u00fcr Wohnaccessoires entschied sich, diese 200-ml-Quadratflasche aus Klarglas als Kernprodukt des Jahres zu w\u00e4hlen. Sie entwarf einen matten, halbkugelf\u00f6rmigen Verschluss aus Naturholz mit Maserung, auf dem das Markenlogo per pr\u00e4ziser Lasergravur angebracht wurde. Zus\u00e4tzlich w\u00fcnschte sich die Marke einen einfarbigen, minimalistischen Siebdruck auf den flachen Glasseiten sowie handverlesene, farblich abgestimmte, individuell gefertigte Duftspender aus Naturholz.<\/p>\n<p>Die markante quadratische Form, die sich deutlich von den anderen runden Flaschen im Einzelhandel abhob, f\u00fchrte zu einem Umsatzanstieg von 70 % im Quartal. Der Kunde bestellte daraufhin weitere 180.000 Einheiten und entschied sich somit, das Produkt langfristig im Kernsortiment zu behalten.<\/p>\n<h2>Ihre Anpassungsoptionen<\/h2>\n<ol>\n<li><strong>Flaschenoberfl\u00e4chengestaltung:<\/strong> Wir nutzen die flachen, quadratischen Seiten der Flaschenoberfl\u00e4che optimal aus, um Ihnen entweder eine vollst\u00e4ndig mattierte oder eine teilweise sandgestrahlte Oberfl\u00e4che zu bieten. In Kombination mit unseren hochwertigen Siebdruck- oder Hei\u00dfpr\u00e4geverfahren hebt sich Ihr Markenlogo optimal von transparenten oder transluzenten Glasstrukturen ab. Deckel<\/li>\n<li><strong>Material- und Marken-Upgrade:<\/strong> Wir bieten die individuelle Gestaltung von Flaschenverschl\u00fcssen in verschiedenen Ausf\u00fchrungen an; beispielsweise gl\u00e4nzend gold- oder mattschwarz eloxierte Aluminiumverschl\u00fcsse f\u00fcr einen Hauch von Luxus oder lasergravierte Holzverschl\u00fcsse f\u00fcr ein naturnahes Ambiente. Die sp\u00fcrbaren Materialunterschiede spiegeln Ihre Markenidentit\u00e4t perfekt wider.<\/li>\n<li><strong>Personalisierte Diffusor-Medienkombinationen:<\/strong> Neben den herk\u00f6mmlichen Duftst\u00e4bchen k\u00f6nnen Sie Farbe, passende Sola-Bl\u00fcten oder Diffusorst\u00e4bchen mit Ihrem Markenlogo ausw\u00e4hlen. So verwandeln Sie die praktische Diffusionsfunktion in ein dekoratives Kunstwerk mit einem einzigartigen Mehrwert.<\/li>\n<\/ol>","protected":false},"excerpt":{"rendered":"<p>Elegante, quadratische Diffusorflaschen aus Klarglas mit goldenen oder Holzdeckeln. Diese Aromadiffusorflaschen sind in gro\u00dfen Mengen individuell anpassbar und werden schnell geliefert. Jetzt anfragen!<\/p>","protected":false},"featured_media":4752,"template":"","meta":{"postBodyCss":"","postBodyMargin":[],"postBodyPadding":[],"postBodyBackground":{"backgroundType":"classic","gradient":""}},"product_brand":[],"product_cat":[15,16,63],"product_tag":[],"class_list":{"0":"post-4748","1":"product","2":"type-product","3":"status-publish","4":"has-post-thumbnail","6":"product_cat-glass-containers","7":"product_cat-glass-bottles","8":"product_cat-reed-diffuser-bottles","10":"first","11":"instock","12":"shipping-taxable","13":"product-type-simple"},"jetpack_sharing_enabled":true,"_links":{"self":[{"href":"https:\/\/minghanggroup.com\/de\/wp-json\/wp\/v2\/product\/4748","targetHints":{"allow":["GET"]}}],"collection":[{"href":"https:\/\/minghanggroup.com\/de\/wp-json\/wp\/v2\/product"}],"about":[{"href":"https:\/\/minghanggroup.com\/de\/wp-json\/wp\/v2\/types\/product"}],"wp:featuredmedia":[{"embeddable":true,"href":"https:\/\/minghanggroup.com\/de\/wp-json\/wp\/v2\/media\/4752"}],"wp:attachment":[{"href":"https:\/\/minghanggroup.com\/de\/wp-json\/wp\/v2\/media?parent=4748"}],"wp:term":[{"taxonomy":"product_brand","embeddable":true,"href":"https:\/\/minghanggroup.com\/de\/wp-json\/wp\/v2\/product_brand?post=4748"},{"taxonomy":"product_cat","embeddable":true,"href":"https:\/\/minghanggroup.com\/de\/wp-json\/wp\/v2\/product_cat?post=4748"},{"taxonomy":"product_tag","embeddable":true,"href":"https:\/\/minghanggroup.com\/de\/wp-json\/wp\/v2\/product_tag?post=4748"}],"curies":[{"name":"wp","href":"https:\/\/api.w.org\/{rel}","templated":true}]}}