{"id":4743,"date":"2026-01-16T15:09:01","date_gmt":"2026-01-16T07:09:01","guid":{"rendered":"https:\/\/minghanggroup.com\/?post_type=product&#038;p=4743"},"modified":"2026-01-16T16:50:39","modified_gmt":"2026-01-16T08:50:39","slug":"embossed-glass-luxury-diffuser-bottles-for-home-decor-bulk","status":"publish","type":"product","link":"https:\/\/minghanggroup.com\/de\/produkt\/embossed-glass-luxury-diffuser-bottles-for-home-decor-bulk\/","title":{"rendered":"150 ml Luxus-Diffusorflaschen aus gepr\u00e4gtem Glas f\u00fcr die Heimdekoration (Gro\u00dfpackung)"},"content":{"rendered":"<p>Ihre luxuri\u00f6sen Diffusorflaschen sollten nicht nur Duft speichern, sondern das Licht wie in einem antiken Ballsaal tanzen lassen. Als Spezialisten f\u00fcr den Gro\u00dfhandel mit Diffusorflaschen aus Glas fertigen wir Glas-St\u00e4bchendiffusoren, die Ihren \u00e4therischen \u00d6ldiffusor zum stillen Star des Raumes machen.<\/p>\n<h2>Produktmerkmale<\/h2>\n<ul>\n<li><strong>Aufwendige Reliefkunst: <\/strong>Muster\/Oberfl\u00e4che des Kristalls, wie ein Hauch von Vintage-Luxus f\u00fcr Ihren Raumduft.<\/li>\n<li><strong>Sicherer Verschluss am Hals: <\/strong>Runde Duftst\u00e4bchen k\u00f6nnen direkt ohne Kippen, Wackeln oder Versch\u00fctten eingesetzt werden.<\/li>\n<li><strong>Gewichtige Eleganz: <\/strong>Dicker Standfu\u00df, kein Wackeln auf Marmortischen. Ihre Glasdiffusorflasche f\u00fchlt sich hochwertig und wertig an.<\/li>\n<\/ul>\n<h2>Wichtigste Spezifikationen<\/h2>\n<table style=\"border-collapse: collapse; width: 80%; margin-left: auto; margin-right: auto;\" border=\"0\" width=\"288\" cellspacing=\"0\" cellpadding=\"0\">\n<tbody>\n<tr style=\"height: 13.50pt;\">\n<td style=\"height: 13.5pt; width: 54pt; text-align: center;\" width=\"72\" height=\"18\">Gr\u00f6\u00dfe<\/td>\n<td style=\"width: 54pt; text-align: center;\" width=\"72\">Abmessungen (mm)<\/td>\n<td style=\"width: 54pt; text-align: center;\" width=\"72\">Innen- und Au\u00dfendurchmesser<\/td>\n<td style=\"width: 54pt; text-align: center;\" width=\"72\">Hauptmerkmal<\/td>\n<\/tr>\n<tr style=\"height: 13.50pt;\">\n<td style=\"height: 13.5pt; text-align: center;\" height=\"18\">150 ml<\/td>\n<td style=\"text-align: center;\">71 \u00d7 101<\/td>\n<td style=\"text-align: center;\">18\/34 mm<\/td>\n<td style=\"text-align: center;\">Gepr\u00e4gte Verzierung<\/td>\n<\/tr>\n<\/tbody>\n<\/table>\n<h2>Erfolgsbeispiel<\/h2>\n<p>Eine exklusive, italienisch inspirierte Duftmarke w\u00e4hlte diesen Glasflakon als zentrale Verpackung f\u00fcr ihre \u201eRenaissance\u201c-Kollektion. Die Marke verwendete eine aufwendige Handvergoldungstechnik, um ihr Markenemblem pr\u00e4zise im zentralen Ring des kunstvoll gepr\u00e4gten Designs hervorzuheben. Zus\u00e4tzlich wurde ein halbtransparenter, bernsteinfarbener Lack verwendet, der dem Flakon eine elegante, zeitlose Ausstrahlung verleiht und gleichzeitig seine Transparenz bewahrt. Dazu wurden Diffusoren aus Naturrattan in individueller L\u00e4nge kombiniert.<\/p>\n<p>Nach der Markteinf\u00fchrung dieses unverwechselbaren Produkts stieg der Absatz der Produktserie in gehobenen Superm\u00e4rkten um 80 %. Dank der effizienten Lieferkette, die durch das Direktvertriebsmodell ab Werk gew\u00e4hrleistet wurde, konnte die Marke nach dem Ausverkauf der ersten Charge schnell wieder Ware auf Lager nehmen und ausliefern.<\/p>\n<h2>Ihre Anpassungsoptionen<\/h2>\n<ol>\n<li><strong>Optionen f\u00fcr die Vintage-Farbbeschichtung des Flaschenk\u00f6rpers: <\/strong>Zu den individualisierbaren Optionen geh\u00f6ren Bernstein, Rauchgrau oder eine samtig-matte, durchscheinende Spr\u00fchbeschichtung. Diese, zusammen mit detaillierten Pr\u00e4gelinien, verst\u00e4rken das Spiel von Licht und Schatten.<\/li>\n<li><strong>Passende Metallaccessoires: <\/strong>Optional sind eloxierte Aluminium-Flaschenverschl\u00fcsse in gepr\u00e4gter Ausf\u00fchrung und passenden Farben erh\u00e4ltlich, beispielsweise Antikbronze, matt geb\u00fcrstetes Gold oder galvanisiertes Schwarz. Zus\u00e4tzlich kann die Oberseite des Verschlusses mit einem individuellen, gepr\u00e4gten Logo bedruckt werden.<\/li>\n<li><strong>Personalisierter Metallanh\u00e4nger: <\/strong>Ein individuell gestalteter Metallanh\u00e4nger mit dem Markenlogo (z. B. aus Zinklegierung oder Messing) kann mit einer d\u00fcnnen Lederschnur oder einem Samtband am Flaschenhals befestigt werden.<\/li>\n<\/ol>","protected":false},"excerpt":{"rendered":"<p>Exquisite, gepr\u00e4gte Luxus-Diffusorflaschen mit Vintage-Mustern. Diese hochwertigen Glasflaschen sind im Gro\u00dfhandel erh\u00e4ltlich und k\u00f6nnen individuell gestaltet werden. Schneller Versand.<\/p>","protected":false},"featured_media":4747,"template":"","meta":{"postBodyCss":"","postBodyMargin":[],"postBodyPadding":[],"postBodyBackground":{"backgroundType":"classic","gradient":""}},"product_brand":[],"product_cat":[15,16,63],"product_tag":[],"class_list":{"0":"post-4743","1":"product","2":"type-product","3":"status-publish","4":"has-post-thumbnail","6":"product_cat-glass-containers","7":"product_cat-glass-bottles","8":"product_cat-reed-diffuser-bottles","10":"first","11":"instock","12":"shipping-taxable","13":"product-type-simple"},"jetpack_sharing_enabled":true,"_links":{"self":[{"href":"https:\/\/minghanggroup.com\/de\/wp-json\/wp\/v2\/product\/4743","targetHints":{"allow":["GET"]}}],"collection":[{"href":"https:\/\/minghanggroup.com\/de\/wp-json\/wp\/v2\/product"}],"about":[{"href":"https:\/\/minghanggroup.com\/de\/wp-json\/wp\/v2\/types\/product"}],"wp:featuredmedia":[{"embeddable":true,"href":"https:\/\/minghanggroup.com\/de\/wp-json\/wp\/v2\/media\/4747"}],"wp:attachment":[{"href":"https:\/\/minghanggroup.com\/de\/wp-json\/wp\/v2\/media?parent=4743"}],"wp:term":[{"taxonomy":"product_brand","embeddable":true,"href":"https:\/\/minghanggroup.com\/de\/wp-json\/wp\/v2\/product_brand?post=4743"},{"taxonomy":"product_cat","embeddable":true,"href":"https:\/\/minghanggroup.com\/de\/wp-json\/wp\/v2\/product_cat?post=4743"},{"taxonomy":"product_tag","embeddable":true,"href":"https:\/\/minghanggroup.com\/de\/wp-json\/wp\/v2\/product_tag?post=4743"}],"curies":[{"name":"wp","href":"https:\/\/api.w.org\/{rel}","templated":true}]}}