{"id":4733,"date":"2026-01-16T14:11:58","date_gmt":"2026-01-16T06:11:58","guid":{"rendered":"https:\/\/minghanggroup.com\/?post_type=product&#038;p=4733"},"modified":"2026-01-16T16:52:26","modified_gmt":"2026-01-16T08:52:26","slug":"clear-glass-diffuser-bottles-with-vertical-stripe-design-wholesale","status":"publish","type":"product","link":"https:\/\/minghanggroup.com\/de\/produkt\/clear-glass-diffuser-bottles-with-vertical-stripe-design-wholesale\/","title":{"rendered":"150-ml-Diffusorflaschen aus Klarglas mit vertikalem Streifenmuster (Gro\u00dfpackung)"},"content":{"rendered":"<p>Ihre transparenten Glasfl\u00e4schchen f\u00fcr Duftdiffusoren sollten nicht nur Duft speichern, sondern auch ein faszinierendes Lichtspiel auf Ihrem Couchtisch erzeugen. Als Spezialisten f\u00fcr Duftdiffusorflaschen fertigen wir Glas-St\u00e4bchen-Diffusoren, die Ihren \u00e4therischen \u00d6ldiffusor in einen stillen Blickfang verwandeln.<\/p>\n<h2>Produktmerkmale<\/h2>\n<ul>\n<li><strong>Licht und Schatten bei der Darstellung vertikaler Streifen:<\/strong> Die Streifen streuen das Licht wie ein Prisma und verwandeln so einen Raumduft in ein Kunstwerk in Ihrem modernen Zuhause.<\/li>\n<li><strong>Verdickter, rutschfester Flaschenboden:<\/strong> Die Dicke des Flaschenbodens in Verbindung mit einer leichten konkaven Mitte sorgt f\u00fcr mehr Stabilit\u00e4t der Flasche, wodurch ein Umkippen wirksam verhindert und eine sichere Anwendung des Duftes erm\u00f6glicht wird.<\/li>\n<li><strong>Perfekte Diffusionsf\u00e4higkeit:<\/strong> Die weite Flaschen\u00f6ffnung bietet Platz f\u00fcr mehrere Duftst\u00e4bchen gleichzeitig, wodurch der Duft lange frisch und in der Luft gehalten wird. Somit ist der Diffusor ein perfektes Element f\u00fcr Ihre Raumdekoration.<\/li>\n<\/ul>\n<h2>Wichtigste Spezifikationen<\/h2>\n<table style=\"border-collapse: collapse; width: 80%; margin-right: auto; margin-left: auto;\" border=\"0\" width=\"288\" cellspacing=\"0\" cellpadding=\"0\">\n<tbody>\n<tr style=\"height: 13.50pt;\">\n<td style=\"height: 13.5pt; width: 54pt; text-align: center;\" width=\"72\" height=\"18\">Gr\u00f6\u00dfe<\/td>\n<td style=\"width: 54pt; text-align: center;\" width=\"72\">Abmessungen (mm)<\/td>\n<td style=\"width: 54pt; text-align: center;\" width=\"72\">Halsart<\/td>\n<td style=\"width: 54pt; text-align: center;\" width=\"72\">Besonderheit<\/td>\n<\/tr>\n<tr style=\"height: 13.50pt;\">\n<td style=\"height: 13.5pt; text-align: center;\" height=\"18\">150 ml<\/td>\n<td style=\"text-align: center;\">65 \u00d7 99<\/td>\n<td style=\"text-align: center;\">Schnappverschluss<\/td>\n<td style=\"text-align: center;\">Vertikale Streifen<\/td>\n<\/tr>\n<\/tbody>\n<\/table>\n<h2>Erfolgsbeispiel<\/h2>\n<p>Eine Boutique-Marke f\u00fcr Wohnaccessoires mit Fokus auf Wellnessprodukte w\u00e4hlte diese 150-ml-Aromatherapieflasche aus transparentem Glas als Verpackung f\u00fcr ihre j\u00e4hrliche Hauptkollektion. Dank einer Sonderanfertigung konnte die Marke ihr Logo mithilfe hochpr\u00e4ziser Lasergravur in die Zwischenr\u00e4ume der vertikalen Streifen auf der Flasche einbringen und kombinierte dies mit einem speziell entworfenen, mattschwarzen Aluminiumverschluss, um den modernen Industrie-Look zu unterstreichen.<\/p>\n<p>Bei der Produkteinf\u00fchrung war die erste Lieferung bereits nach drei Wochen ausverkauft, der Umsatz stieg im Vergleich zum Vorjahreszeitraum um 65 %.<\/p>\n<h2>Ihre Anpassungsoptionen<\/h2>\n<ol>\n<li><strong>Farbverlaufsprozess f\u00fcr den Flaschenk\u00f6rper: <\/strong>Im Inneren kommt eine Beschichtung oder ein Farbverlaufsspr\u00fchverfahren zum Einsatz, bei dem eine dunkle Farbe nach oben hin allm\u00e4hlich transparent wird. Diese Farbe wird auf transparentes Glas aufgetragen. Zus\u00e4tzlich wird eine Streifenstruktur verwendet, die in Kombination mit diesem Effekt einen prismenartigen Lichtbrechungseffekt erzeugt und so die optische Wirkung deutlich verst\u00e4rkt.<\/li>\n<li><strong>Anpassung des Flaschenverschlussmaterials: <\/strong>Neben den \u00fcblichen transparenten Kappen bieten wir unseren Kunden auch die M\u00f6glichkeit, eloxierte Aluminiumkappen (Gold, Silber, Mattschwarz) oder Kappen aus Naturholz (Walnuss, Eiche) zu w\u00e4hlen. Diese bilden einen Kontrast zu den transparenten Kappen und unterstreichen so das Markenimage. Die Positionierung Ihrer Marke als hochwertig, exklusiv oder nat\u00fcrlich l\u00e4sst sich durch die kontrastierenden Texturen von Metall und Holz optimal definieren.<\/li>\n<li><strong>Farbanpassung des Diffusormediums: <\/strong>Wir k\u00f6nnen Diffusorst\u00e4bchen in gro\u00dfen Mengen aus verschiedenen Materialien und Farben herstellen und Sie dabei unterst\u00fctzen. Beispielsweise farbige Faserst\u00e4bchen mit hoher Dichte, die zum Farbschema Ihrer Marke passen, oder speziell gefertigte Sola-Holzbl\u00fcten mit Markenetiketten. Beides tr\u00e4gt, sobald es aus der Verpackung genommen wird, zu einer erh\u00f6hten Markenbekanntheit bei.<\/li>\n<\/ol>","protected":false},"excerpt":{"rendered":"<p>Zylindrische Diffusorflaschen aus Klarglas mit vertikaler Rillenstruktur. Diese hochwertigen Diffusorflaschen sind auch in gro\u00dfen Mengen individuell anpassbar. Jetzt anfragen!<\/p>","protected":false},"featured_media":4742,"template":"","meta":{"postBodyCss":"","postBodyMargin":[],"postBodyPadding":[],"postBodyBackground":{"backgroundType":"classic","gradient":""}},"product_brand":[],"product_cat":[15,16,63],"product_tag":[],"class_list":{"0":"post-4733","1":"product","2":"type-product","3":"status-publish","4":"has-post-thumbnail","6":"product_cat-glass-containers","7":"product_cat-glass-bottles","8":"product_cat-reed-diffuser-bottles","10":"first","11":"instock","12":"shipping-taxable","13":"product-type-simple"},"jetpack_sharing_enabled":true,"_links":{"self":[{"href":"https:\/\/minghanggroup.com\/de\/wp-json\/wp\/v2\/product\/4733","targetHints":{"allow":["GET"]}}],"collection":[{"href":"https:\/\/minghanggroup.com\/de\/wp-json\/wp\/v2\/product"}],"about":[{"href":"https:\/\/minghanggroup.com\/de\/wp-json\/wp\/v2\/types\/product"}],"wp:featuredmedia":[{"embeddable":true,"href":"https:\/\/minghanggroup.com\/de\/wp-json\/wp\/v2\/media\/4742"}],"wp:attachment":[{"href":"https:\/\/minghanggroup.com\/de\/wp-json\/wp\/v2\/media?parent=4733"}],"wp:term":[{"taxonomy":"product_brand","embeddable":true,"href":"https:\/\/minghanggroup.com\/de\/wp-json\/wp\/v2\/product_brand?post=4733"},{"taxonomy":"product_cat","embeddable":true,"href":"https:\/\/minghanggroup.com\/de\/wp-json\/wp\/v2\/product_cat?post=4733"},{"taxonomy":"product_tag","embeddable":true,"href":"https:\/\/minghanggroup.com\/de\/wp-json\/wp\/v2\/product_tag?post=4733"}],"curies":[{"name":"wp","href":"https:\/\/api.w.org\/{rel}","templated":true}]}}