{"id":4717,"date":"2026-01-16T11:58:39","date_gmt":"2026-01-16T03:58:39","guid":{"rendered":"https:\/\/minghanggroup.com\/?post_type=product&#038;p=4717"},"modified":"2026-01-16T16:54:11","modified_gmt":"2026-01-16T08:54:11","slug":"geometric-conical-reed-diffuser-bottles-empty-design-bulk","status":"publish","type":"product","link":"https:\/\/minghanggroup.com\/de\/produkt\/geometric-conical-reed-diffuser-bottles-empty-design-bulk\/","title":{"rendered":"100-ml-Flaschen f\u00fcr geometrische, konische Duftst\u00e4bchen (leer, Gro\u00dfpackung)"},"content":{"rendered":"<p>Ihre Duftst\u00e4bchen-Fl\u00e4schchen sollten nicht nur Duft speichern, sondern Ihrem Raum eine Oase der Ruhe verleihen. Als Spezialisten f\u00fcr Duftst\u00e4bchen-Fl\u00e4schchen fertigen wir Glas-Duftst\u00e4bchen, die Ihren \u00e4therischen \u00d6ldiffusor zum stillen Herzst\u00fcck eines Raumes machen.<\/p>\n<h2>Produktmerkmale<\/h2>\n<ul>\n<li><strong>Architektonische Kegelform: <\/strong>Moderne Geometrie, die Ihrem Raumduft sofort eine gro\u00dfartige visuelle Wirkung verleiht.<\/li>\n<li><strong>Sicherer Schraubhals: <\/strong>Einfach die runden St\u00e4bchen oder Diffusorst\u00e4bchen gerade hineinstellen \u2013 kein Wackeln, kein Versch\u00fctten.<\/li>\n<li><strong>Optimierter Reed-Flow: <\/strong>Die Kegelform lenkt die Rattanst\u00e4bchen auf nat\u00fcrliche Weise und sorgt so f\u00fcr eine schnellere und gleichm\u00e4\u00dfigere Duftverteilung. Duftflecken geh\u00f6ren der Vergangenheit an.<\/li>\n<\/ul>\n<h2>Wichtigste Spezifikationen<\/h2>\n<table style=\"border-collapse: collapse; width: 80%; margin-left: auto; margin-right: auto;\" border=\"0\" width=\"288\" cellspacing=\"0\" cellpadding=\"0\">\n<tbody>\n<tr style=\"height: 13.50pt;\">\n<td style=\"height: 13.5pt; width: 54pt; text-align: center;\" width=\"72\" height=\"18\">Gr\u00f6\u00dfe<\/td>\n<td style=\"width: 54pt; text-align: center;\" width=\"72\">Abmessungen (mm)<\/td>\n<td style=\"width: 54pt; text-align: center;\" width=\"72\">Halsdurchmesser<\/td>\n<td style=\"width: 54pt; text-align: center;\" width=\"72\">Form<\/td>\n<\/tr>\n<tr style=\"height: 13.50pt;\">\n<td style=\"height: 13.5pt; text-align: center;\" height=\"18\">120 ml<\/td>\n<td style=\"text-align: center;\">93 \u00d7 80<\/td>\n<td style=\"text-align: center;\">18 \/ 27 mm<\/td>\n<td style=\"text-align: center;\">Konisch<\/td>\n<\/tr>\n<\/tbody>\n<\/table>\n<h2>Erfolgsbeispiel<\/h2>\n<p>Eine nordische Duftmarke, die sich auf minimalistische Lebensstile spezialisiert hat, w\u00e4hlte diesen 100-ml-Glasflakon als Verpackung f\u00fcr ihre limitierte Sommerkollektion. Das Unternehmen entschied sich f\u00fcr eine einzigartige, transparente Beschichtung, die die charakteristischen Farben der Marke \u2013 Rauchrosa und Waldgr\u00fcn \u2013 perfekt wiedergibt. Zus\u00e4tzlich wurden die Flakons mit speziell angefertigten Diffusorst\u00e4bchen aus Naturfasern versehen, deren L\u00e4nge und Farbe auf die visuelle Identit\u00e4t der Marke abgestimmt sind.<\/p>\n<p>Die Verkaufszahlen der Produktlinie sind in der ersten Saison um 60 % gestiegen. Aufgrund dieser starken Marktresonanz hat das Unternehmen weitere 150.000 Einheiten bestellt und die Produktlinie offiziell weltweit als festes Produkt eingef\u00fchrt.<\/p>\n<h2>Ihre Anpassungsoptionen<\/h2>\n<ol>\n<li><strong>Anpassung von Flaschenmaterial und Farbbeschichtung:<\/strong> Zur Auswahl stehen beispielsweise eine mattierte Oberfl\u00e4che, eine Lackierung mit Farbverlauf oder eine durchscheinende, matte Oberfl\u00e4che. Dadurch wird das Licht im konischen Flaschenk\u00f6rper weicher gebrochen und es entsteht eine gr\u00f6\u00dfere optische Tiefe.<\/li>\n<li><strong>Techniken zur Markenidentifikation (Logo-Branding):<\/strong> Dank der Stabilit\u00e4t, die durch den verdickten Boden gew\u00e4hrleistet wird, k\u00f6nnen Lasergravuren, Siebdruck, Druckverfahren oder Hochtemperatur-Abziehbilder an der Seite oder am Boden der Flasche verwendet werden, um das Markenlogo zu einer stilvollen visuellen Ikone zu machen.<\/li>\n<li><strong>Vielf\u00e4ltige Diffusormedienoptionen:<\/strong> Sie k\u00f6nnen das Material und die Farbe der Diffusorst\u00e4bchen im Einklang mit dem Stil der Marke w\u00e4hlen, z. B. durch die Verwendung von umweltfreundlichen Naturfaserst\u00e4bchen oder handgefertigten Bl\u00fcten aus Sola-Holz, und folgen damit dem Markttrend in Richtung Nachhaltigkeit oder botanischer Themen.<\/li>\n<\/ol>","protected":false},"excerpt":{"rendered":"<p>Elegante, konische Duftst\u00e4bchenflaschen mit beschwertem Boden. Diese Duftst\u00e4bchenflaschen sind f\u00fcr individuelle Anpassungen in gro\u00dfen Mengen und schnellen Versand geeignet. Jetzt anfragen!<\/p>","protected":false},"featured_media":4727,"template":"","meta":{"postBodyCss":"","postBodyMargin":[],"postBodyPadding":[],"postBodyBackground":{"backgroundType":"classic","gradient":""}},"product_brand":[],"product_cat":[15,16,63],"product_tag":[],"class_list":{"0":"post-4717","1":"product","2":"type-product","3":"status-publish","4":"has-post-thumbnail","6":"product_cat-glass-containers","7":"product_cat-glass-bottles","8":"product_cat-reed-diffuser-bottles","10":"first","11":"instock","12":"shipping-taxable","13":"product-type-simple"},"jetpack_sharing_enabled":true,"_links":{"self":[{"href":"https:\/\/minghanggroup.com\/de\/wp-json\/wp\/v2\/product\/4717","targetHints":{"allow":["GET"]}}],"collection":[{"href":"https:\/\/minghanggroup.com\/de\/wp-json\/wp\/v2\/product"}],"about":[{"href":"https:\/\/minghanggroup.com\/de\/wp-json\/wp\/v2\/types\/product"}],"wp:featuredmedia":[{"embeddable":true,"href":"https:\/\/minghanggroup.com\/de\/wp-json\/wp\/v2\/media\/4727"}],"wp:attachment":[{"href":"https:\/\/minghanggroup.com\/de\/wp-json\/wp\/v2\/media?parent=4717"}],"wp:term":[{"taxonomy":"product_brand","embeddable":true,"href":"https:\/\/minghanggroup.com\/de\/wp-json\/wp\/v2\/product_brand?post=4717"},{"taxonomy":"product_cat","embeddable":true,"href":"https:\/\/minghanggroup.com\/de\/wp-json\/wp\/v2\/product_cat?post=4717"},{"taxonomy":"product_tag","embeddable":true,"href":"https:\/\/minghanggroup.com\/de\/wp-json\/wp\/v2\/product_tag?post=4717"}],"curies":[{"name":"wp","href":"https:\/\/api.w.org\/{rel}","templated":true}]}}