{"id":4716,"date":"2026-01-16T10:06:35","date_gmt":"2026-01-16T02:06:35","guid":{"rendered":"https:\/\/minghanggroup.com\/?post_type=product&#038;p=4716"},"modified":"2026-01-16T10:57:47","modified_gmt":"2026-01-16T02:57:47","slug":"empty-hexagonal-glass-perfume-diffuser-bottle-bulk","status":"publish","type":"product","link":"https:\/\/minghanggroup.com\/de\/produkt\/empty-hexagonal-glass-perfume-diffuser-bottle-bulk\/","title":{"rendered":"Leere sechseckige Glas-Parf\u00fcmflakons (50 ml, 100 ml, 200 ml) \u2013 Gro\u00dfpackung"},"content":{"rendered":"<p>Dieser Parf\u00fcmflakon besticht durch sein klares, einzigartiges sechseckiges Design. Der Flaschenhals ist mehrfach mit einem Gewinde versehen, das den Verschluss sichert, und die Seiten des Flakons sind flach und kantig.<\/p>\n<h2>Produktmerkmale<\/h2>\n<ul>\n<li><strong>Einfaches sechseckiges Design:<\/strong> Der sechseckige Schnitt sorgt f\u00fcr ein sauberes und modernes Aussehen und erm\u00f6glicht eine einfache Montage.<\/li>\n<li><strong>Mehrfachgewindeter Hals:<\/strong> Diese Konstruktion verf\u00fcgt \u00fcber einen robusten Gewindehals, der einen dichten Sitz gew\u00e4hrleistet, Auslaufen verhindert und eine sichere Aufbewahrung erm\u00f6glicht.<\/li>\n<li><strong>Drei multifunktionale Kapazit\u00e4ten:<\/strong> Es gibt drei Kapazit\u00e4tsoptionen, die f\u00fcr Probepackungen, den pers\u00f6nlichen Gebrauch oder gro\u00dffl\u00e4chige Diffusoren geeignet sind.<\/li>\n<\/ul>\n<h2 style=\"text-align: left;\">Wichtigste Spezifikationen<\/h2>\n<table class=\"aligncenter\" style=\"border-collapse: collapse; width: 444.77pt;\" border=\"0\" width=\"593\" cellspacing=\"0\" cellpadding=\"0\">\n<tbody>\n<tr style=\"height: 13.50pt;\">\n<td style=\"height: 13.50pt; width: 119.25pt;\" width=\"159\" height=\"18\">Specification<\/td>\n<td style=\"width: 325.50pt;\" width=\"434\">Details<\/td>\n<\/tr>\n<tr style=\"height: 13.50pt;\">\n<td style=\"height: 13.50pt;\" height=\"18\">Kapazit\u00e4t<\/td>\n<td>50 ml \/ 100 ml \/ 200 ml<\/td>\n<\/tr>\n<tr style=\"height: 13.50pt;\">\n<td style=\"height: 13.50pt;\" height=\"18\">Abmessungen<\/td>\n<td>64\u00d770 mm \/ 78\u00d781 mm \/ 74\u00d794 mm<\/td>\n<\/tr>\n<tr style=\"height: 13.50pt;\">\n<td style=\"height: 13.50pt;\" height=\"18\">Innen-\/Au\u00dfenhalsdurchmesser<\/td>\n<td>17 mm \/ 27 mm<\/td>\n<\/tr>\n<tr style=\"height: 13.50pt;\">\n<td style=\"height: 13.50pt;\" height=\"18\">Material<\/td>\n<td>Soda-Kalk-Glas<\/td>\n<\/tr>\n<tr style=\"height: 13.50pt;\">\n<td style=\"height: 13.50pt;\" height=\"18\">Flaschenform<\/td>\n<td>Sechseckiges Prisma<\/td>\n<\/tr>\n<tr style=\"height: 13.50pt;\">\n<td style=\"height: 13.50pt;\" height=\"18\">Anpassungsumfang<\/td>\n<td>Farbe, matte Oberfl\u00e4che, Gr\u00f6\u00dfe, Form<\/td>\n<\/tr>\n<tr style=\"height: 13.50pt;\">\n<td style=\"height: 13.50pt;\" height=\"18\">Handwerkskunst<\/td>\n<td>Sechseckiges Glaspressen, Facettenpolieren, Gewindeschneiden<\/td>\n<\/tr>\n<tr style=\"height: 13.50pt;\">\n<td style=\"height: 13.50pt;\" height=\"18\">Produktzweck<\/td>\n<td>Flaschendiffusor, dekorative Duft\u00f6lgef\u00e4\u00dfe<\/td>\n<\/tr>\n<tr style=\"height: 13.50pt;\">\n<td style=\"height: 13.50pt;\" height=\"18\">Geeignete Branchen<\/td>\n<td>Moderne Raumd\u00fcfte, Hotelketten<\/td>\n<\/tr>\n<\/tbody>\n<\/table>\n<h2>Erfolgsgeschichte<\/h2>\n<p>Eine nordische Marke f\u00fcr Wohnaccessoires entschied sich f\u00fcr unseren 100-ml-Flaschendiffusor als Flaggschiffprodukt. Die klare, sechseckige Formgebung passte perfekt zur Marken\u00e4sthetik und f\u00fchrte im ersten Quartal zu einem Umsatzwachstum von 40 Prozent im station\u00e4ren Handel. Der Standard-Innendurchmesser von 17 mm ist mit allen Diffusorst\u00e4bchen-Lieferanten kompatibel, was eine Kostenersparnis von 15 Prozent in der Lieferkette bedeutet. Die Marke war so zufrieden mit dem Produkt, dass sie eine weitere Produktion von 300.000 Flaschen in allen drei Gr\u00f6\u00dfen bestellte, um die landesweite Expansion im Einzelhandel zu unterst\u00fctzen.<\/p>\n<h2>Individualisierung der Parf\u00fcmflakons<\/h2>\n<ul>\n<li>Glasfarbe: Erh\u00e4ltlich in klar, rauchfarben, bernsteinfarben oder hellgrau f\u00fcr einen minimalistischen Look.<\/li>\n<li>Abgeschr\u00e4gter Schnitt: An jeder Seite wird eine Abschr\u00e4gung angebracht, um mehr Licht einzufangen und zu reflektieren.<\/li>\n<li>Lasergravur: Gravieren Sie einfache Linienmuster, Markennamen oder Zahlen auf einer der Seiten.<\/li>\n<li>Kristallklar vs. ged\u00e4mpft: Erh\u00e4ltlich in ultraklarem Kristallglas oder in sanften, ged\u00e4mpften T\u00f6nen.<\/li>\n<\/ul>","protected":false},"excerpt":{"rendered":"<p>Dekorativer sechseckiger Flakon aus Klarglas. Dieser Parf\u00fcmflakon eignet sich ideal f\u00fcr Marken; kostenlose Muster sind auf Anfrage erh\u00e4ltlich.<\/p>","protected":false},"featured_media":4720,"template":"","meta":{"postBodyCss":"","postBodyMargin":[],"postBodyPadding":[],"postBodyBackground":{"backgroundType":"classic","gradient":""}},"product_brand":[],"product_cat":[15,16,63],"product_tag":[],"class_list":{"0":"post-4716","1":"product","2":"type-product","3":"status-publish","4":"has-post-thumbnail","6":"product_cat-glass-containers","7":"product_cat-glass-bottles","8":"product_cat-reed-diffuser-bottles","10":"first","11":"instock","12":"shipping-taxable","13":"product-type-simple"},"jetpack_sharing_enabled":true,"_links":{"self":[{"href":"https:\/\/minghanggroup.com\/de\/wp-json\/wp\/v2\/product\/4716","targetHints":{"allow":["GET"]}}],"collection":[{"href":"https:\/\/minghanggroup.com\/de\/wp-json\/wp\/v2\/product"}],"about":[{"href":"https:\/\/minghanggroup.com\/de\/wp-json\/wp\/v2\/types\/product"}],"wp:featuredmedia":[{"embeddable":true,"href":"https:\/\/minghanggroup.com\/de\/wp-json\/wp\/v2\/media\/4720"}],"wp:attachment":[{"href":"https:\/\/minghanggroup.com\/de\/wp-json\/wp\/v2\/media?parent=4716"}],"wp:term":[{"taxonomy":"product_brand","embeddable":true,"href":"https:\/\/minghanggroup.com\/de\/wp-json\/wp\/v2\/product_brand?post=4716"},{"taxonomy":"product_cat","embeddable":true,"href":"https:\/\/minghanggroup.com\/de\/wp-json\/wp\/v2\/product_cat?post=4716"},{"taxonomy":"product_tag","embeddable":true,"href":"https:\/\/minghanggroup.com\/de\/wp-json\/wp\/v2\/product_tag?post=4716"}],"curies":[{"name":"wp","href":"https:\/\/api.w.org\/{rel}","templated":true}]}}