{"id":4710,"date":"2026-01-16T09:08:33","date_gmt":"2026-01-16T01:08:33","guid":{"rendered":"https:\/\/minghanggroup.com\/?post_type=product&#038;p=4710"},"modified":"2026-01-16T11:10:47","modified_gmt":"2026-01-16T03:10:47","slug":"unique-reed-diffuser-bottles-with-petal-form-bulk","status":"publish","type":"product","link":"https:\/\/minghanggroup.com\/de\/produkt\/unique-reed-diffuser-bottles-with-petal-form-bulk\/","title":{"rendered":"200 ml einzigartige Duftst\u00e4bchen-Flaschen in Bl\u00fctenform (Gro\u00dfpackung)"},"content":{"rendered":"<p>Diese einzigartigen Duftst\u00e4bchen-Flaschen sind aus klarem Natrium-Kalzium-Glas gefertigt. Ihre mehrschichtige Bl\u00fctenblattform wirkt frisch und lebendig und erinnert an eine bl\u00fchende Blume.<\/p>\n<h2>Produktmerkmale<\/h2>\n<ul>\n<li><strong>Facettenreiches Bl\u00fctenblattdesign:<\/strong> Das facettenreiche Bl\u00fctenblattdesign wird mit weichen geometrischen Linien umgesetzt, die der Flasche ein neues Aussehen verleihen und ihre visuelle Attraktivit\u00e4t steigern.<\/li>\n<li><strong>Langlebiges Natronkalkglas:<\/strong> Das verwendete Glasmaterial ist von langlebiger Beschaffenheit und bewahrt das exquisite Design des Produkts \u00fcber einen l\u00e4ngeren Zeitraum hinweg; es vermittelt zudem ein wertiges und stabiles Gef\u00fchl.<\/li>\n<li><strong>Facettenreiche Lichtreflexion:<\/strong> Das abgeschr\u00e4gte Design ist glatt und f\u00e4ngt das Licht ein, wodurch die Flasche auch im leeren Zustand funkelt und eine gewisse dekorative Note erh\u00e4lt.<\/li>\n<\/ul>\n<h2 style=\"text-align: left;\">Wichtigste Spezifikationen<\/h2>\n<table class=\"aligncenter\" style=\"border-collapse: collapse; width: 444.77pt;\" border=\"0\" width=\"593\" cellspacing=\"0\" cellpadding=\"0\">\n<tbody>\n<tr style=\"height: 13.50pt;\">\n<td style=\"height: 13.50pt; width: 119.25pt;\" width=\"159\" height=\"18\">Specification<\/td>\n<td style=\"width: 325.50pt;\" width=\"434\">Details<\/td>\n<\/tr>\n<tr style=\"height: 13.50pt;\">\n<td style=\"height: 13.50pt;\" height=\"18\">Kapazit\u00e4t<\/td>\n<td>200 ml<\/td>\n<\/tr>\n<tr style=\"height: 13.50pt;\">\n<td style=\"height: 13.50pt;\" height=\"18\">Abmessungen<\/td>\n<td>73 \u00d7 92 mm<\/td>\n<\/tr>\n<tr style=\"height: 13.50pt;\">\n<td style=\"height: 13.50pt;\" height=\"18\">Innen-\/Au\u00dfenhalsdurchmesser<\/td>\n<td>17 mm \/ 27 mm<\/td>\n<\/tr>\n<tr style=\"height: 13.50pt;\">\n<td style=\"height: 13.50pt;\" height=\"18\">Material<\/td>\n<td>Soda-Kalk-Glas<\/td>\n<\/tr>\n<tr style=\"height: 13.50pt;\">\n<td style=\"height: 13.50pt;\" height=\"18\">Flaschenform<\/td>\n<td>Facettenreiche Bl\u00fctenblattform<\/td>\n<\/tr>\n<tr style=\"height: 13.50pt;\">\n<td style=\"height: 13.50pt;\" height=\"18\">Anpassungsumfang<\/td>\n<td>Farbe, Facettendesign, Gr\u00f6\u00dfe<\/td>\n<\/tr>\n<tr style=\"height: 13.50pt;\">\n<td style=\"height: 13.50pt;\" height=\"18\">Handwerkskunst<\/td>\n<td>Mehrteilige Glasformteile, pr\u00e4zise Nahtverarbeitung<\/td>\n<\/tr>\n<tr style=\"height: 13.50pt;\">\n<td style=\"height: 13.50pt;\" height=\"18\">Produktzweck<\/td>\n<td>Glasdiffusorflaschen, dekorative Duftst\u00e4bchen-Diffusorflaschen<\/td>\n<\/tr>\n<tr style=\"height: 13.50pt;\">\n<td style=\"height: 13.50pt;\" height=\"18\">Geeignete Branchen<\/td>\n<td>Boutique-Marken f\u00fcr Wohndekoration, Floristik und Lifestyle<\/td>\n<\/tr>\n<\/tbody>\n<\/table>\n<h2>Erfolgsgeschichte: Floristen und Einrichtungsmarke und ein Bestsellerprodukt<\/h2>\n<p>Unsere 200-ml-Glasflasche mit Diffusor wurde von einer europ\u00e4ischen Marke f\u00fcr Raumd\u00fcfte als Verpackung f\u00fcr ihr Produkt ausgew\u00e4hlt. Die Bl\u00fctenblattform war ein sofortiger Erfolg, passte ideal zum Blumenthema und f\u00fchrte zu einer 150-prozentigen Steigerung der Online-Interaktionen. Das unverwechselbare Design sorgte zudem f\u00fcr eine hervorragende Markenbekanntheit im Einzelhandel, was zu einem Umsatzwachstum von 75 Prozent f\u00fchrte. Die Verkaufszahlen und die optimale Markenpassung \u00fcberzeugten das Unternehmen so sehr, dass es weitere 200.000 Flaschen f\u00fcr seine Kernproduktlinie bestellte.<\/p>\n<h2>Individuelle Gestaltung von Duftst\u00e4bchenflaschen<\/h2>\n<ul>\n<li>Glasfarben: Erh\u00e4ltlich in Klar, Zartrosa, Hellgr\u00fcn oder Bernstein, um Blumenfarben nachzuahmen.<\/li>\n<li>Variationen des Facettenmusters: Hinzuf\u00fcgen oder Entfernen einer Anzahl von Bl\u00fctenbl\u00e4ttern oder Ver\u00e4ndern der Form der Bl\u00fctenbl\u00e4tter.<\/li>\n<li>Farbige Dekorpaneele: Bei zweifarbigem Glas ist nur ein Teil des Paneels farbig.<\/li>\n<li>Lasergravur: Um das botanische Thema zu verst\u00e4rken, werden auf die Bl\u00fctenblatt-Paneele auch strukturierte Muster aufgebracht.<\/li>\n<\/ul>","protected":false},"excerpt":{"rendered":"<p>Diese einzigartigen Duftst\u00e4bchenflaschen mit ihrer bl\u00fctenf\u00f6rmigen Facettenoptik stellen eine hochwertige Option unter den Glasdiffusorflaschen dar und bieten OEM-Unterst\u00fctzung f\u00fcr individuelle Branding-Anforderungen.<\/p>","protected":false},"featured_media":4715,"template":"","meta":{"postBodyCss":"","postBodyMargin":[],"postBodyPadding":[],"postBodyBackground":{"backgroundType":"classic","gradient":""}},"product_brand":[],"product_cat":[15,16,63],"product_tag":[],"class_list":{"0":"post-4710","1":"product","2":"type-product","3":"status-publish","4":"has-post-thumbnail","6":"product_cat-glass-containers","7":"product_cat-glass-bottles","8":"product_cat-reed-diffuser-bottles","10":"first","11":"instock","12":"shipping-taxable","13":"product-type-simple"},"jetpack_sharing_enabled":true,"_links":{"self":[{"href":"https:\/\/minghanggroup.com\/de\/wp-json\/wp\/v2\/product\/4710","targetHints":{"allow":["GET"]}}],"collection":[{"href":"https:\/\/minghanggroup.com\/de\/wp-json\/wp\/v2\/product"}],"about":[{"href":"https:\/\/minghanggroup.com\/de\/wp-json\/wp\/v2\/types\/product"}],"wp:featuredmedia":[{"embeddable":true,"href":"https:\/\/minghanggroup.com\/de\/wp-json\/wp\/v2\/media\/4715"}],"wp:attachment":[{"href":"https:\/\/minghanggroup.com\/de\/wp-json\/wp\/v2\/media?parent=4710"}],"wp:term":[{"taxonomy":"product_brand","embeddable":true,"href":"https:\/\/minghanggroup.com\/de\/wp-json\/wp\/v2\/product_brand?post=4710"},{"taxonomy":"product_cat","embeddable":true,"href":"https:\/\/minghanggroup.com\/de\/wp-json\/wp\/v2\/product_cat?post=4710"},{"taxonomy":"product_tag","embeddable":true,"href":"https:\/\/minghanggroup.com\/de\/wp-json\/wp\/v2\/product_tag?post=4710"}],"curies":[{"name":"wp","href":"https:\/\/api.w.org\/{rel}","templated":true}]}}