{"id":4704,"date":"2026-01-15T16:15:18","date_gmt":"2026-01-15T08:15:18","guid":{"rendered":"https:\/\/minghanggroup.com\/?post_type=product&#038;p=4704"},"modified":"2026-01-15T16:15:19","modified_gmt":"2026-01-15T08:15:19","slug":"irregular-square-diffuser-bottles-empty-for-packaging-bulk","status":"publish","type":"product","link":"https:\/\/minghanggroup.com\/de\/produkt\/irregular-square-diffuser-bottles-empty-for-packaging-bulk\/","title":{"rendered":"100 ml und 200 ml unregelm\u00e4\u00dfige quadratische Diffusorflaschen, leer, f\u00fcr die Verpackung in gro\u00dfen Mengen"},"content":{"rendered":"<p>Ihre Diffusorflaschen sollten nicht nur Duft speichern, sondern Ihr Zuhause mit Licht erf\u00fcllen. Als Spezialisten f\u00fcr Aromatherapieflaschen fertigen wir Glas-St\u00e4bchen-Diffusoren, die Ihren \u00e4therischen \u00d6ldiffusor in einen stillen, pulsierenden Mittelpunkt Ihres Raumes verwandeln.<\/p>\n<h2>Produktmerkmale<\/h2>\n<ul>\n<li><strong>Flacher, quadratischer, unregelm\u00e4\u00dfiger Charme:<\/strong> Stilvoll, modern und exklusiv \u2013 Ihr Raumduftdiffusor verwandelt sich in ein Dekorationsobjekt.<\/li>\n<li><strong>Kristallklare Klarheit:<\/strong> Betrachten Sie alle Nuancen der duftenden \u00e4therischen \u00d6le durch transparentes Glas \u2013 ohne tr\u00fcbe Filter.<\/li>\n<li><strong>Die Sch\u00f6nheit des Negativraums:<\/strong> Ob Siebdruck, Hei\u00dfpr\u00e4gung oder Etikettierung \u2013 egal was, das Ergebnis kommt auf einem sauberen Hintergrund immer gut zur Geltung.<\/li>\n<\/ul>\n<h2>Wichtigste Spezifikationen<\/h2>\n<table style=\"border-collapse: collapse; width: 80%; margin-left: auto; margin-right: auto;\" border=\"0\" width=\"288\" cellspacing=\"0\" cellpadding=\"0\">\n<tbody>\n<tr style=\"height: 13.50pt;\">\n<td style=\"height: 13.5pt; width: 54pt; text-align: center;\" width=\"72\" height=\"18\">Gr\u00f6\u00dfe (ml)<\/td>\n<td style=\"width: 54pt; text-align: center;\" width=\"72\">Abmessungen (mm)<\/td>\n<td style=\"width: 54pt; text-align: center;\" width=\"72\">Halsdurchmesser (mm)<\/td>\n<td style=\"width: 54pt; text-align: center;\" width=\"72\">Form<\/td>\n<\/tr>\n<tr style=\"height: 13.50pt;\">\n<td style=\"height: 13.5pt; text-align: center;\" align=\"right\" height=\"18\">100<\/td>\n<td style=\"text-align: center;\">93 \u00d7 102<\/td>\n<td style=\"text-align: center;\">15\/26<\/td>\n<td class=\"et2\" style=\"text-align: center;\" rowspan=\"2\">Unregelm\u00e4\u00dfiges flaches Quadrat<\/td>\n<\/tr>\n<tr style=\"height: 13.50pt;\">\n<td style=\"height: 13.5pt; text-align: center;\" align=\"right\" height=\"18\">200<\/td>\n<td style=\"text-align: center;\">104 \u00d7 119<\/td>\n<td style=\"text-align: center;\">18\/31<\/td>\n<\/tr>\n<\/tbody>\n<\/table>\n<h2>Erfolgsbeispiel<\/h2>\n<p>Ein Hersteller exklusiver Raumd\u00fcfte hat unsere Aromatherapie-Flakons f\u00fcr die Markteinf\u00fchrung seiner neuen Duftkollektion verwendet und sie individuell gestaltet. Zun\u00e4chst wurde ein rosafarbener Flakon personalisiert, um die Eleganz der \u00e4therischen \u00d6le widerzuspiegeln. Anschlie\u00dfend wurde er mit einzigartigen Bambusstreifen versehen und schlie\u00dflich im Siebdruckverfahren mit dem eigenen Logo bedruckt.<\/p>\n<p>Letztendlich f\u00fchrte die \u00fcberarbeitete Verpackung zu einer deutlichen Steigerung der Produktpr\u00e4senz in den Regalen, einer verbesserten Kundenbindung und einem Anstieg der Wiederk\u00e4ufe um 35 %.<\/p>\n<h2>Ihre Anpassungsoptionen<\/h2>\n<ol>\n<li><strong>Branding-Techniken:<\/strong> Pr\u00e4gen oder vertiefen Sie das Logo auf dem Flaschenk\u00f6rper oder der Flaschenschulter. Dies kann mit Siebdruck f\u00fcr feine Muster oder Typografie kombiniert werden.<\/li>\n<li><strong>Auswahl von Kappe und Kragen:<\/strong> Um die Markenidentit\u00e4t zu st\u00e4rken, k\u00f6nnen Sie die Flasche mit passenden Flaschenverschl\u00fcssen aus Metall, Holz oder mattem Kunststoff in Gold, Schwarz oder individuell gestalteten Farben versehen.<\/li>\n<li><strong>Anpassung der Stimmzungen:<\/strong> Bieten Sie nat\u00fcrliches Rattan, schwarze Faserrohre oder dekorative Blumenrohre an, um verschiedenen \u00e4sthetischen Stilen gerecht zu werden.<\/li>\n<\/ol>","protected":false},"excerpt":{"rendered":"<p>Die leeren Diffusorflaschen zeichnen sich durch ihr unregelm\u00e4\u00dfig geformtes Design aus und bestehen aus nat\u00fcrlichem Rattan. Die Aromatherapie-Flaschen werden direkt ab Werk versandt.<\/p>","protected":false},"featured_media":4708,"template":"","meta":{"postBodyCss":"","postBodyMargin":[],"postBodyPadding":[],"postBodyBackground":{"backgroundType":"classic","gradient":""}},"product_brand":[],"product_cat":[15,16,63],"product_tag":[],"class_list":{"0":"post-4704","1":"product","2":"type-product","3":"status-publish","4":"has-post-thumbnail","6":"product_cat-glass-containers","7":"product_cat-glass-bottles","8":"product_cat-reed-diffuser-bottles","10":"first","11":"instock","12":"shipping-taxable","13":"product-type-simple"},"jetpack_sharing_enabled":true,"_links":{"self":[{"href":"https:\/\/minghanggroup.com\/de\/wp-json\/wp\/v2\/product\/4704","targetHints":{"allow":["GET"]}}],"collection":[{"href":"https:\/\/minghanggroup.com\/de\/wp-json\/wp\/v2\/product"}],"about":[{"href":"https:\/\/minghanggroup.com\/de\/wp-json\/wp\/v2\/types\/product"}],"wp:featuredmedia":[{"embeddable":true,"href":"https:\/\/minghanggroup.com\/de\/wp-json\/wp\/v2\/media\/4708"}],"wp:attachment":[{"href":"https:\/\/minghanggroup.com\/de\/wp-json\/wp\/v2\/media?parent=4704"}],"wp:term":[{"taxonomy":"product_brand","embeddable":true,"href":"https:\/\/minghanggroup.com\/de\/wp-json\/wp\/v2\/product_brand?post=4704"},{"taxonomy":"product_cat","embeddable":true,"href":"https:\/\/minghanggroup.com\/de\/wp-json\/wp\/v2\/product_cat?post=4704"},{"taxonomy":"product_tag","embeddable":true,"href":"https:\/\/minghanggroup.com\/de\/wp-json\/wp\/v2\/product_tag?post=4704"}],"curies":[{"name":"wp","href":"https:\/\/api.w.org\/{rel}","templated":true}]}}