{"id":4695,"date":"2026-01-15T15:18:09","date_gmt":"2026-01-15T07:18:09","guid":{"rendered":"https:\/\/minghanggroup.com\/?post_type=product&#038;p=4695"},"modified":"2026-01-15T16:22:52","modified_gmt":"2026-01-15T08:22:52","slug":"glass-round-flat-reed-diffuser-bottles-bulk","status":"publish","type":"product","link":"https:\/\/minghanggroup.com\/de\/produkt\/glass-round-flat-reed-diffuser-bottles-bulk\/","title":{"rendered":"100 ml und 200 ml runde und flache Glasflaschen f\u00fcr Duftst\u00e4bchen (Gro\u00dfpackung)"},"content":{"rendered":"<p>Ihre Glasfl\u00e4schchen f\u00fcr Duftst\u00e4bchen sollten nicht nur Duft speichern, sondern jeden Raum mit Licht erf\u00fcllen. Als f\u00fchrender Hersteller von Duftst\u00e4bchen-Fl\u00e4schchen fertigen wir Glasfl\u00e4schchen, die Ihren Diffusor f\u00fcr \u00e4therische \u00d6le zum stillen Herzst\u00fcck Ihres Zuhauses machen.<\/p>\n<h2>Produktmerkmale<\/h2>\n<ul>\n<li><strong>Flache, runde Eleganz: <\/strong>Anspruchsvoll, ausgewogen und modern \u2013 Ihr Raumdiffusor wird zum Dekorationsobjekt.<\/li>\n<li><strong>Perfektion im flachen Mund: <\/strong>Stecken Sie die runden Duftst\u00e4bchen oder Diffusorst\u00e4bchen einfach gerade nach unten ein \u2013 kein l\u00e4stiges Einsetzen.<\/li>\n<li><strong>Stabile Basisleistung: <\/strong>Dank des schweren Fu\u00dfes wackelt die Flasche \u00fcberhaupt nicht auf Ihrem Couchtisch. Der Glasdiffusor sieht robust und langlebig aus und f\u00fchlt sich auch so an.<\/li>\n<\/ul>\n<h2>Wichtigste Spezifikationen<\/h2>\n<table style=\"border-collapse: collapse; width: 80%; margin-left: auto; margin-right: auto;\" border=\"0\" width=\"288\" cellspacing=\"0\" cellpadding=\"0\">\n<tbody>\n<tr style=\"height: 13.50pt;\">\n<td style=\"height: 13.5pt; width: 54pt; text-align: center;\" width=\"72\" height=\"18\">Gr\u00f6\u00dfe (ml)<\/td>\n<td style=\"width: 54pt; text-align: center;\" width=\"72\">Abmessungen (mm)<\/td>\n<td style=\"width: 54pt; text-align: center;\" width=\"72\">Halsdurchmesser (mm)<\/td>\n<td style=\"width: 54pt; text-align: center;\" width=\"72\">Hauptmerkmal<\/td>\n<\/tr>\n<tr style=\"height: 13.50pt;\">\n<td style=\"height: 13.5pt; text-align: center;\" align=\"right\" height=\"18\">100<\/td>\n<td style=\"text-align: center;\">85 \u00d7 94<\/td>\n<td style=\"text-align: center;\">14.4 \/ 25<\/td>\n<td class=\"et2\" style=\"text-align: center;\" rowspan=\"2\">Flache runde Form<\/td>\n<\/tr>\n<tr style=\"height: 13.50pt;\">\n<td style=\"height: 13.5pt; text-align: center;\" align=\"right\" height=\"18\">200<\/td>\n<td style=\"text-align: center;\">103 \u00d7 117<\/td>\n<td style=\"text-align: center;\">18.5 \/ 30.7<\/td>\n<\/tr>\n<\/tbody>\n<\/table>\n<h2>Erfolgsbeispiel<\/h2>\n<p>Um ihre neue Duftkollektion vorzustellen, entschied sich eine Marke f\u00fcr Raumd\u00fcfte f\u00fcr unsere runden Glasflakons mit Duftst\u00e4bchen und veredelte diese mit einer sanft mattierten Oberfl\u00e4che, warmem Bernsteinglas und einem gepr\u00e4gten Markenlogo auf der Schulter. Elegante Siebdruckgrafiken hoben die verschiedenen D\u00fcfte der Kollektion hervor.<\/p>\n<p>Letztendlich trug die \u00fcberarbeitete Verpackung dazu bei, dass das Produkt in den Verkaufsregalen besser wahrgenommen wurde, was in den ersten zwei Monaten nach Markteinf\u00fchrung zu einem Umsatzanstieg von 35 Prozent f\u00fchrte. Angespornt durch das positive Feedback des Marktes konnte die Marke auch in den folgenden Quartalen weiterhin gro\u00dfe Bestellungen aufgeben.<\/p>\n<h2>Ihre Anpassungsoptionen<\/h2>\n<ol>\n<li><strong>Kappenfarbe: <\/strong>Schwarz steht f\u00fcr erdig, Silber f\u00fcr frisch \u2013 der Verschluss erz\u00e4hlt seine Geschichte.<\/li>\n<li><strong>Schilffarbenharmonie: <\/strong>W\u00e4hlen Sie die Duftst\u00e4bchen passend zum Duft aus (wei\u00df f\u00fcr Zitrusd\u00fcfte, braun f\u00fcr holzige D\u00fcfte).<\/li>\n<li><strong>Galvanisierung f\u00fcr Luxusg\u00fcter: <\/strong>Eine Gold- oder Silberveredelung wertet die Verpackung des Diffusors sofort auf.<\/li>\n<\/ol>","protected":false},"excerpt":{"rendered":"<p>Glasflakons mit sanften Rundungen und klarer Oberfl\u00e4che. Direkt vom Hersteller, kostenlose Muster und zuverl\u00e4ssige Gro\u00dfbestellungen.<\/p>","protected":false},"featured_media":4703,"template":"","meta":{"postBodyCss":"","postBodyMargin":[],"postBodyPadding":[],"postBodyBackground":{"backgroundType":"classic","gradient":""}},"product_brand":[],"product_cat":[15,16,63],"product_tag":[],"class_list":{"0":"post-4695","1":"product","2":"type-product","3":"status-publish","4":"has-post-thumbnail","6":"product_cat-glass-containers","7":"product_cat-glass-bottles","8":"product_cat-reed-diffuser-bottles","10":"first","11":"instock","12":"shipping-taxable","13":"product-type-simple"},"jetpack_sharing_enabled":true,"_links":{"self":[{"href":"https:\/\/minghanggroup.com\/de\/wp-json\/wp\/v2\/product\/4695","targetHints":{"allow":["GET"]}}],"collection":[{"href":"https:\/\/minghanggroup.com\/de\/wp-json\/wp\/v2\/product"}],"about":[{"href":"https:\/\/minghanggroup.com\/de\/wp-json\/wp\/v2\/types\/product"}],"wp:featuredmedia":[{"embeddable":true,"href":"https:\/\/minghanggroup.com\/de\/wp-json\/wp\/v2\/media\/4703"}],"wp:attachment":[{"href":"https:\/\/minghanggroup.com\/de\/wp-json\/wp\/v2\/media?parent=4695"}],"wp:term":[{"taxonomy":"product_brand","embeddable":true,"href":"https:\/\/minghanggroup.com\/de\/wp-json\/wp\/v2\/product_brand?post=4695"},{"taxonomy":"product_cat","embeddable":true,"href":"https:\/\/minghanggroup.com\/de\/wp-json\/wp\/v2\/product_cat?post=4695"},{"taxonomy":"product_tag","embeddable":true,"href":"https:\/\/minghanggroup.com\/de\/wp-json\/wp\/v2\/product_tag?post=4695"}],"curies":[{"name":"wp","href":"https:\/\/api.w.org\/{rel}","templated":true}]}}