{"id":4689,"date":"2026-01-15T13:41:24","date_gmt":"2026-01-15T05:41:24","guid":{"rendered":"https:\/\/minghanggroup.com\/?post_type=product&#038;p=4689"},"modified":"2026-01-15T14:33:32","modified_gmt":"2026-01-15T06:33:32","slug":"empty-reed-diffuser-containers-with-embossed-bulk","status":"publish","type":"product","link":"https:\/\/minghanggroup.com\/de\/produkt\/empty-reed-diffuser-containers-with-embossed-bulk\/","title":{"rendered":"120 ml leere Beh\u00e4lter f\u00fcr Duftst\u00e4bchen mit gepr\u00e4gtem Gro\u00dfformat"},"content":{"rendered":"<p>Diese leere Duftflasche mit Schilfrohr verleiht jedem Raum einen nostalgischen Charme. Der massive, zylindrische Korpus besteht aus kristallklarem Glas und ist mit einem fein gepr\u00e4gten Blumenmuster verziert.<\/p>\n<h2>Produktmerkmale<\/h2>\n<ul>\n<li><strong>Dreidimensionale Bl\u00fctenstruktur:<\/strong> Die auf der Flasche gepr\u00e4gte florale Textur verleiht ihr durch die Details nicht nur einen nostalgischen und romantischen Look, sondern verbessert auch die Griffigkeit.<\/li>\n<li><strong>Hochtransparentes Glas:<\/strong> Das vollkommen transparente Glas l\u00e4sst die Farbe der \u00e4therischen \u00d6le klar zur Geltung kommen, und die Textur verleiht dem Glas Tiefe und Dimension, wenn es dem Licht ausgesetzt ist, was es edel wirken l\u00e4sst.<\/li>\n<li><strong>Quadratischer zylindrischer K\u00f6rper:<\/strong> Der gedrungene, zylindrische Korpus bietet Stabilit\u00e4t beim Sitzen und seine glatten Linien passen zu anderen Designs der Inneneinrichtung.<\/li>\n<\/ul>\n<h2 style=\"text-align: left;\">Wichtigste Spezifikationen<\/h2>\n<table class=\"aligncenter\" style=\"border-collapse: collapse; width: 485.27pt;\" border=\"0\" width=\"647\" cellspacing=\"0\" cellpadding=\"0\">\n<tbody>\n<tr style=\"height: 13.50pt;\">\n<td style=\"height: 13.50pt; width: 155.25pt;\" width=\"207\" height=\"18\">Specification<\/td>\n<td style=\"width: 330.00pt;\" width=\"440\">Details<\/td>\n<\/tr>\n<tr style=\"height: 13.50pt;\">\n<td style=\"height: 13.50pt;\" height=\"18\">Kapazit\u00e4t<\/td>\n<td>120 ml<\/td>\n<\/tr>\n<tr style=\"height: 13.50pt;\">\n<td style=\"height: 13.50pt;\" height=\"18\">Abmessungen<\/td>\n<td>60\u00d785mm<\/td>\n<\/tr>\n<tr style=\"height: 13.50pt;\">\n<td style=\"height: 13.50pt;\" height=\"18\">Innen-\/Au\u00dfenhalsdurchmesser<\/td>\n<td>17 mm \/ 27 mm<\/td>\n<\/tr>\n<tr style=\"height: 13.50pt;\">\n<td style=\"height: 13.50pt;\" height=\"18\">Material<\/td>\n<td>Soda-Kalk-Glas<\/td>\n<\/tr>\n<tr style=\"height: 13.50pt;\">\n<td style=\"height: 13.50pt;\" height=\"18\">Flaschenform<\/td>\n<td>Zylinder mit 3D-Blumengravur<\/td>\n<\/tr>\n<tr style=\"height: 13.50pt;\">\n<td style=\"height: 13.50pt;\" height=\"18\">Anpassungsumfang<\/td>\n<td>Farbe, Gravurmuster, Oberfl\u00e4chenbeschaffenheit (klar, get\u00f6nt)<\/td>\n<\/tr>\n<tr style=\"height: 13.50pt;\">\n<td style=\"height: 13.50pt;\" height=\"18\">Handwerkskunst<\/td>\n<td>3D-Glasgravur\/-pressung, Halsveredelung<\/td>\n<\/tr>\n<tr style=\"height: 13.50pt;\">\n<td style=\"height: 13.50pt;\" height=\"18\">Produktzweck<\/td>\n<td>Diffusorbeh\u00e4lter, dekorative Duft\u00f6lgef\u00e4\u00dfe<\/td>\n<\/tr>\n<tr style=\"height: 13.50pt;\">\n<td style=\"height: 13.50pt;\" height=\"18\">Geeignete Branchen<\/td>\n<td>Boutique-Raumd\u00fcfte, Geschenkl\u00e4den<\/td>\n<\/tr>\n<\/tbody>\n<\/table>\n<h2>Erfolgsgeschichte: Die meistverkaufte Produktlinie einer britischen Marke im Landhausstil<\/h2>\n<p>Eine britische Marke brachte eine neue Duftst\u00e4bchen-Linie mit floralem Muster auf den Markt. Besonders beliebt war die 120-ml-Flasche. Die wundersch\u00f6ne, florale Gravur diente als Markenzeichen und sorgte f\u00fcr einen Anstieg der Social-Media-Shares um 300 Prozent. Dank des 17-mm-Standardhalses sind alle g\u00e4ngigen Duftst\u00e4bchen kompatibel, was die Produktion vereinfacht. Die robuste Konstruktion garantiert eine sichere Zustellung in 99,5 % der F\u00e4lle. Die Kundenresonanz und die Verkaufszahlen waren hervorragend, und die Marke hat bereits weitere 250.000 Flaschen ihrer Standard- und Saisonkollektionen bestellt.<\/p>\n<h2>Anpassungsm\u00f6glichkeiten f\u00fcr den Diffusorbeh\u00e4lter<\/h2>\n<ul>\n<li>Glasfarbe: Es ist in klarem, hellgr\u00fcnem, hellblauem oder bernsteinfarbenem Glas erh\u00e4ltlich, um ihm ein Vintage-Aussehen zu verleihen.<\/li>\n<li>Individuell graviertes Muster: Blumenmuster werden in Kr\u00e4uter-, geometrische und Jugendstil-Designs umgewandelt.<\/li>\n<li>Gepr\u00e4gtes Logo: Ein kleines, erhabenes Logo kann leicht in das eingravierte Muster eingepr\u00e4gt werden.<\/li>\n<li>Glanz- oder Perlglanzlackierung: Eine leichte Perlglanzlackierung sorgt f\u00fcr einen schimmernden Effekt im Licht.<\/li>\n<\/ul>","protected":false},"excerpt":{"rendered":"<p>Leerer Duftst\u00e4bchen-Diffusor im Vintage-Stil mit gepr\u00e4gten Blumenmotiven, hochtransparente Diffusorbeh\u00e4lter, geeignet f\u00fcr die Verwendung als Raumduft, kostenlose Proben erh\u00e4ltlich.<\/p>","protected":false},"featured_media":4691,"template":"","meta":{"postBodyCss":"","postBodyMargin":[],"postBodyPadding":[],"postBodyBackground":{"backgroundType":"classic","gradient":""}},"product_brand":[],"product_cat":[15,16,63],"product_tag":[],"class_list":{"0":"post-4689","1":"product","2":"type-product","3":"status-publish","4":"has-post-thumbnail","6":"product_cat-glass-containers","7":"product_cat-glass-bottles","8":"product_cat-reed-diffuser-bottles","10":"first","11":"instock","12":"shipping-taxable","13":"product-type-simple"},"jetpack_sharing_enabled":true,"_links":{"self":[{"href":"https:\/\/minghanggroup.com\/de\/wp-json\/wp\/v2\/product\/4689","targetHints":{"allow":["GET"]}}],"collection":[{"href":"https:\/\/minghanggroup.com\/de\/wp-json\/wp\/v2\/product"}],"about":[{"href":"https:\/\/minghanggroup.com\/de\/wp-json\/wp\/v2\/types\/product"}],"wp:featuredmedia":[{"embeddable":true,"href":"https:\/\/minghanggroup.com\/de\/wp-json\/wp\/v2\/media\/4691"}],"wp:attachment":[{"href":"https:\/\/minghanggroup.com\/de\/wp-json\/wp\/v2\/media?parent=4689"}],"wp:term":[{"taxonomy":"product_brand","embeddable":true,"href":"https:\/\/minghanggroup.com\/de\/wp-json\/wp\/v2\/product_brand?post=4689"},{"taxonomy":"product_cat","embeddable":true,"href":"https:\/\/minghanggroup.com\/de\/wp-json\/wp\/v2\/product_cat?post=4689"},{"taxonomy":"product_tag","embeddable":true,"href":"https:\/\/minghanggroup.com\/de\/wp-json\/wp\/v2\/product_tag?post=4689"}],"curies":[{"name":"wp","href":"https:\/\/api.w.org\/{rel}","templated":true}]}}