{"id":4684,"date":"2026-01-15T13:23:21","date_gmt":"2026-01-15T05:23:21","guid":{"rendered":"https:\/\/minghanggroup.com\/?post_type=product&#038;p=4684"},"modified":"2026-01-15T13:41:53","modified_gmt":"2026-01-15T05:41:53","slug":"clear-empty-reed-diffuser-bottles-wholesale","status":"publish","type":"product","link":"https:\/\/minghanggroup.com\/de\/produkt\/clear-empty-reed-diffuser-bottles-wholesale\/","title":{"rendered":"120 ml und 200 ml durchsichtige, leere Duftst\u00e4bchenflaschen im Gro\u00dfhandel"},"content":{"rendered":"<p>Diese Duftst\u00e4bchen-Flaschen im Gro\u00dfhandel vereinen Stil und Funktionalit\u00e4t perfekt. Die Flaschen bestehen aus kristallklarem, dickem Glas, haben abgerundete, weiche Linien in einer quadratischen Form und der Flaschenhals ist mit einem Mehrfachgewinde versehen, sodass er fest mit dem Diffusorverschluss verschlie\u00dft.<\/p>\n<h2>Produktmerkmale<\/h2>\n<ul>\n<li><strong>Rechteckiger K\u00f6rper:<\/strong> Das Design ist klar und hat die Form eines Rechtecks, das glatt aussieht und sich gut pr\u00e4sentieren l\u00e4sst.<\/li>\n<li><strong>Auslaufsicherer Gewindehals:<\/strong> Die Konstruktion mit mehreren Gewindeg\u00e4ngen gew\u00e4hrleistet eine dichte und sichere Abdichtung, was f\u00fcr die sichere Lagerung der Waren unerl\u00e4sslich ist.<\/li>\n<li><strong>Doppelte Kapazit\u00e4t:<\/strong> 120 ml in kleineren Bereichen und 200 ml in gr\u00f6\u00dferen Bereichen, um eine lang anhaltende und ausreichende Duftverteilung zu gew\u00e4hrleisten.<\/li>\n<\/ul>\n<h2 style=\"text-align: left;\">Wichtigste Spezifikationen<\/h2>\n<table class=\"aligncenter\" style=\"border-collapse: collapse; width: 465.02pt;\" border=\"0\" width=\"620\" cellspacing=\"0\" cellpadding=\"0\">\n<tbody>\n<tr style=\"height: 13.50pt;\">\n<td style=\"height: 13.50pt; width: 155.25pt;\" width=\"207\" height=\"18\">Specification<\/td>\n<td style=\"width: 309.75pt;\" width=\"413\">Details<\/td>\n<\/tr>\n<tr style=\"height: 13.50pt;\">\n<td style=\"height: 13.50pt;\" height=\"18\">Kapazit\u00e4t<\/td>\n<td>120 ml \/ 200 ml<\/td>\n<\/tr>\n<tr style=\"height: 13.50pt;\">\n<td style=\"height: 13.50pt;\" height=\"18\">Abmessungen<\/td>\n<td>90\u00d736\u00d796 mm \/ 96\u00d748\u00d7105 mm<\/td>\n<\/tr>\n<tr style=\"height: 13.50pt;\">\n<td style=\"height: 13.50pt;\" height=\"18\">Innen-\/Au\u00dfenhalsdurchmesser<\/td>\n<td>17 mm \/ 27 mm<\/td>\n<\/tr>\n<tr style=\"height: 13.50pt;\">\n<td style=\"height: 13.50pt;\" height=\"18\">Material<\/td>\n<td>Natrium-Calcium-Glas<\/td>\n<\/tr>\n<tr style=\"height: 13.50pt;\">\n<td style=\"height: 13.50pt;\" height=\"18\">Flaschenform<\/td>\n<td>Quader<\/td>\n<\/tr>\n<tr style=\"height: 13.50pt;\">\n<td style=\"height: 13.50pt;\" height=\"18\">Anpassungsumfang<\/td>\n<td>Farbe, Oberfl\u00e4che (mattiert, klar), Gr\u00f6\u00dfe<\/td>\n<\/tr>\n<tr style=\"height: 13.50pt;\">\n<td style=\"height: 13.50pt;\" height=\"18\">Handwerkskunst<\/td>\n<td>Pr\u00e4zisions-Rechteckformung, Hochglanz-Finish<\/td>\n<\/tr>\n<tr style=\"height: 13.50pt;\">\n<td style=\"height: 13.50pt;\" height=\"18\">Produktzweck<\/td>\n<td>Gro\u00dfhandel f\u00fcr Duftst\u00e4bchenflaschen, Diffusorglaswaren<\/td>\n<\/tr>\n<tr style=\"height: 13.50pt;\">\n<td style=\"height: 13.50pt;\" height=\"18\">Geeignete Branchen<\/td>\n<td>Marken f\u00fcr Raumd\u00fcfte, Hotelgruppen<\/td>\n<\/tr>\n<\/tbody>\n<\/table>\n<h2>Erfolgsgeschichte<\/h2>\n<p>Eine der gr\u00f6\u00dften Hotelketten Nordamerikas kaufte unsere 200-ml-Diffusorflaschen im Gro\u00dfhandel. Die minimalistische, rechteckige Form passte perfekt zu ihrem Markenimage, und die 200-ml-Gr\u00f6\u00dfe minimierte die Anzahl der Nachf\u00fcllungen, wodurch die Reinigungskosten f\u00fcr die Zimmer um 20 Prozent gesenkt wurden. Ihre individuellen \u00e4therischen \u00d6lmischungen wurden in den Glasflaschen gut sichtbar pr\u00e4sentiert, was zu einem Umsatzplus von 15 Prozent im Einzelhandel f\u00fchrte. Die Hotelkette war sehr zufrieden und bestellte weitere 1,2 Millionen Flaschen, um ihren Bedarf in allen Hotels f\u00fcr die n\u00e4chsten drei Jahre zu decken.<\/p>\n<h2>Diffusorflaschen Gro\u00dfhandel \u2013 Individuelle Anpassungsm\u00f6glichkeiten<\/h2>\n<ul>\n<li>Glast\u00f6nung: Das Glas kann in klar, hellgrau oder rauchschwarz get\u00f6nt werden, um verschiedene Atmosph\u00e4ren zu erzielen.<\/li>\n<li>Benutzerdefinierte Gr\u00f6\u00dfen: \u00c4ndern Sie die Proportionen der Gr\u00f6\u00dfen leicht und behalten Sie die Form als Rechteck bei.<\/li>\n<li>Mattbeschichtung: F\u00fcr eine hochwertige Haptik sorgen eine Soft-Touch- oder Mattbeschichtung.<\/li>\n<li>Siebdruck: Drucken Sie schlichte und ansprechende Markennamen oder Bilder mit langlebiger Keramikfarbe.<\/li>\n<\/ul>","protected":false},"excerpt":{"rendered":"<p>Gro\u00dfhandel mit transparenten Diffusorflaschen aus hochwertigem Kristallglas, ideal als Nachf\u00fcll- und Pr\u00e4sentationsflasche f\u00fcr Duftst\u00e4bchen, schneller weltweiter Versand.<\/p>","protected":false},"featured_media":4685,"template":"","meta":{"postBodyCss":"","postBodyMargin":[],"postBodyPadding":[],"postBodyBackground":{"backgroundType":"classic","gradient":""}},"product_brand":[],"product_cat":[15,16,63],"product_tag":[],"class_list":{"0":"post-4684","1":"product","2":"type-product","3":"status-publish","4":"has-post-thumbnail","6":"product_cat-glass-containers","7":"product_cat-glass-bottles","8":"product_cat-reed-diffuser-bottles","10":"first","11":"instock","12":"shipping-taxable","13":"product-type-simple"},"jetpack_sharing_enabled":true,"_links":{"self":[{"href":"https:\/\/minghanggroup.com\/de\/wp-json\/wp\/v2\/product\/4684","targetHints":{"allow":["GET"]}}],"collection":[{"href":"https:\/\/minghanggroup.com\/de\/wp-json\/wp\/v2\/product"}],"about":[{"href":"https:\/\/minghanggroup.com\/de\/wp-json\/wp\/v2\/types\/product"}],"wp:featuredmedia":[{"embeddable":true,"href":"https:\/\/minghanggroup.com\/de\/wp-json\/wp\/v2\/media\/4685"}],"wp:attachment":[{"href":"https:\/\/minghanggroup.com\/de\/wp-json\/wp\/v2\/media?parent=4684"}],"wp:term":[{"taxonomy":"product_brand","embeddable":true,"href":"https:\/\/minghanggroup.com\/de\/wp-json\/wp\/v2\/product_brand?post=4684"},{"taxonomy":"product_cat","embeddable":true,"href":"https:\/\/minghanggroup.com\/de\/wp-json\/wp\/v2\/product_cat?post=4684"},{"taxonomy":"product_tag","embeddable":true,"href":"https:\/\/minghanggroup.com\/de\/wp-json\/wp\/v2\/product_tag?post=4684"}],"curies":[{"name":"wp","href":"https:\/\/api.w.org\/{rel}","templated":true}]}}