{"id":4664,"date":"2026-01-15T10:29:57","date_gmt":"2026-01-15T02:29:57","guid":{"rendered":"https:\/\/minghanggroup.com\/?post_type=product&#038;p=4664"},"modified":"2026-01-15T10:29:59","modified_gmt":"2026-01-15T02:29:59","slug":"faceted-diffuser-bottles-and-reeds-for-packaging-bulk","status":"publish","type":"product","link":"https:\/\/minghanggroup.com\/de\/produkt\/faceted-diffuser-bottles-and-reeds-for-packaging-bulk\/","title":{"rendered":"100 ml und 200 ml Facetten-Diffusorflaschen und Duftst\u00e4bchen f\u00fcr die Gro\u00dfpackung"},"content":{"rendered":"<p>Ihre Diffusorflaschen und -st\u00e4bchen sollten nicht nur Duft speichern, sondern jeden Raum in ein sanftes Licht tauchen. Als f\u00fchrender Hersteller von Duftdiffusorflaschen fertigen wir Glasflaschen, die Ihren \u00e4therischen \u00d6ldiffusor zum stillen Herzst\u00fcck Ihres Zuhauses machen.<\/p>\n<h2>Produktmerkmale<\/h2>\n<ul>\n<li><strong>Facettierter Design-Anh\u00e4nger:<\/strong> Ihr Raumdiffusor wird nicht nur rund, leistungsstark und besonders trendig sein, sondern auch ein Dekorationselement.<\/li>\n<li><strong>Diamant, geschliffenes Licht, Magie:<\/strong> Die scharfen Facetten erzeugen eine Lichtstreuung \u2013 Vintage-Mode f\u00fcr Ihren Raumduft.<\/li>\n<li><strong>Rohrblatt, Ready Neck:<\/strong> Die neuen runden Duftst\u00e4bchen oder Diffusorst\u00e4bchen lassen sich ohne Probleme direkt einsetzen.<\/li>\n<\/ul>\n<h2>Wichtigste Spezifikationen<\/h2>\n<table style=\"border-collapse: collapse; width: 80%; margin-right: auto; margin-left: auto;\" border=\"0\" width=\"360\" cellspacing=\"0\" cellpadding=\"0\">\n<tbody>\n<tr style=\"height: 13.50pt;\">\n<td style=\"height: 13.5pt; width: 54pt; text-align: center;\" width=\"72\" height=\"18\">Gr\u00f6\u00dfe (ml)<\/td>\n<td style=\"width: 54pt; text-align: center;\" width=\"72\">Abmessungen (mm)<\/td>\n<td style=\"width: 54pt; text-align: center;\" width=\"72\">Halsdurchmesser<\/td>\n<td style=\"width: 54pt; text-align: center;\" width=\"72\">Form<\/td>\n<td style=\"width: 54pt; text-align: center;\" width=\"72\">Verf\u00fcgbare Prozesse<\/td>\n<\/tr>\n<tr style=\"height: 13.50pt;\">\n<td style=\"height: 13.5pt; text-align: center;\" height=\"18\">100<\/td>\n<td style=\"text-align: center;\">81 \u00d7 82<\/td>\n<td class=\"et2\" style=\"text-align: center;\" rowspan=\"2\">17,5\/26,8 mm<\/td>\n<td class=\"et2\" style=\"text-align: center;\" rowspan=\"2\">K\u00fcrbis<\/td>\n<td class=\"et2\" style=\"text-align: center;\" rowspan=\"2\">Galvanisieren, Lackieren, Schneiden, Siebdruck usw.<\/td>\n<\/tr>\n<tr style=\"height: 13.50pt;\">\n<td style=\"height: 13.5pt; text-align: center;\" height=\"18\">200<\/td>\n<td style=\"text-align: center;\">93 \u00d7 93<\/td>\n<\/tr>\n<\/tbody>\n<\/table>\n<h2>Erfolgsbeispiel<\/h2>\n<p>Ein kleines Unternehmen f\u00fcr Raumd\u00fcfte, das in seinen Diffusoren nat\u00fcrliche \u00e4therische \u00d6le verwendet, w\u00fcnschte sich eine Verpackung, die den handgefertigten, luxuri\u00f6sen Duft seiner Produkte besser widerspiegelt. F\u00fcr die Einf\u00fchrung einer neuen Produktlinie w\u00e4hlten sie unsere Glasflakons und -st\u00e4bchen f\u00fcr die Diffusoren und personalisierten die Flakons mit einem Ros\u00e9goldton, einem dezent gepr\u00e4gten Logo auf der Flaschenschulter und dekorativen, feinen Seidenapplikationen mit aufgedruckten Pflanzenmotiven.<\/p>\n<p>Nach der Einf\u00fchrung der neuen Verpackung gab die Marke bekannt, dass Tests im Einzelhandel zu einer 35% h\u00f6heren Attraktivit\u00e4t im Regal und einer deutlich verbesserten Markenbekanntheit bei Stammkunden gef\u00fchrt haben. Infolgedessen wurden die Parf\u00fcmflakons zur Standardverpackung f\u00fcr die Hauptproduktlinie.<\/p>\n<h2>Ihre Anpassungsoptionen<\/h2>\n<ol>\n<li><strong>Flaschenfarbanpassung:<\/strong> Sie k\u00f6nnen zwischen klarem, bernsteinfarbenem, rauchgrauem oder Farbverlaufsglas w\u00e4hlen, um verschiedene Duftstoffe und Einrichtungsstile zu erg\u00e4nzen.<\/li>\n<li><strong>Anpassung des Markenlogos:<\/strong> Sie k\u00f6nnen Ihr Logo, ein individuelles Design oder einen Text in gepr\u00e4gter Form auf dem Korpus, der Schulter oder dem Boden der Duftdiffusorflaschen anbringen lassen.<\/li>\n<li><strong>Kappen- und Zubeh\u00f6roptionen:<\/strong> W\u00e4hlen Sie aus einer breiten Palette von Kappen, darunter Holzkappen, galvanisierte Metallkappen und matte Kunststoffkappen, und kombinieren Sie diese mit Aromast\u00e4bchen aus verschiedenen Materialien und Farben.<\/li>\n<\/ol>","protected":false},"excerpt":{"rendered":"<p>Glasdiffusorflaschen und -st\u00e4bchen mit facettiertem Design. Direkt vom Hersteller, Spezialisten f\u00fcr Duftdiffusorflaschen, auch individuelle Gro\u00dfbestellungen m\u00f6glich.<\/p>","protected":false},"featured_media":4668,"template":"","meta":{"postBodyCss":"","postBodyMargin":[],"postBodyPadding":[],"postBodyBackground":{"backgroundType":"classic","gradient":""}},"product_brand":[],"product_cat":[15,16,63],"product_tag":[],"class_list":{"0":"post-4664","1":"product","2":"type-product","3":"status-publish","4":"has-post-thumbnail","6":"product_cat-glass-containers","7":"product_cat-glass-bottles","8":"product_cat-reed-diffuser-bottles","10":"first","11":"instock","12":"shipping-taxable","13":"product-type-simple"},"jetpack_sharing_enabled":true,"_links":{"self":[{"href":"https:\/\/minghanggroup.com\/de\/wp-json\/wp\/v2\/product\/4664","targetHints":{"allow":["GET"]}}],"collection":[{"href":"https:\/\/minghanggroup.com\/de\/wp-json\/wp\/v2\/product"}],"about":[{"href":"https:\/\/minghanggroup.com\/de\/wp-json\/wp\/v2\/types\/product"}],"wp:featuredmedia":[{"embeddable":true,"href":"https:\/\/minghanggroup.com\/de\/wp-json\/wp\/v2\/media\/4668"}],"wp:attachment":[{"href":"https:\/\/minghanggroup.com\/de\/wp-json\/wp\/v2\/media?parent=4664"}],"wp:term":[{"taxonomy":"product_brand","embeddable":true,"href":"https:\/\/minghanggroup.com\/de\/wp-json\/wp\/v2\/product_brand?post=4664"},{"taxonomy":"product_cat","embeddable":true,"href":"https:\/\/minghanggroup.com\/de\/wp-json\/wp\/v2\/product_cat?post=4664"},{"taxonomy":"product_tag","embeddable":true,"href":"https:\/\/minghanggroup.com\/de\/wp-json\/wp\/v2\/product_tag?post=4664"}],"curies":[{"name":"wp","href":"https:\/\/api.w.org\/{rel}","templated":true}]}}