{"id":4651,"date":"2026-01-14T15:16:13","date_gmt":"2026-01-14T07:16:13","guid":{"rendered":"https:\/\/minghanggroup.com\/?post_type=product&#038;p=4651"},"modified":"2026-01-14T16:33:45","modified_gmt":"2026-01-14T08:33:45","slug":"round-diffuser-glassware-with-spiral-texture-design-bulk","status":"publish","type":"product","link":"https:\/\/minghanggroup.com\/de\/produkt\/round-diffuser-glassware-with-spiral-texture-design-bulk\/","title":{"rendered":"100 ml und 250 ml runde Diffusorgl\u00e4ser mit spiralf\u00f6rmigem Strukturdesign (Gro\u00dfpackung)"},"content":{"rendered":"<p>Dieser kristallklare Diffusor aus Glas ist in einem Glasbeh\u00e4lter gestaltet. Die flie\u00dfenden Spiralmuster, die in den glatten, kugelf\u00f6rmigen K\u00f6rper eingeschnitten sind, schimmern und funkeln im Licht.<\/p>\n<h2>Produktmerkmale<\/h2>\n<ul>\n<li><strong>Spiralstruktur:<\/strong> Die spiralf\u00f6rmige Textur auf der Flasche sorgt nicht nur daf\u00fcr, dass die Flasche besser in der Hand liegt, sondern verleiht ihr durch die Lichtbrechung auch mehrere Ebenen visueller Textur und macht sie dadurch noch k\u00fcnstlerischer.<\/li>\n<li><strong>Sph\u00e4risches Design:<\/strong> Die glatte, runde Oberfl\u00e4che des Sockels sorgt f\u00fcr eine angenehme \u00c4sthetik, garantiert einen stabilen Stand auf Tischplatten und passt zu den meisten Einrichtungsstilen.<\/li>\n<li><strong>Klares Kristallmaterial:<\/strong> Das vollkommen transparente Glas bringt die Farbe der \u00e4therischen \u00d6le der Aromatherapie auf der kristallinen Textur des Glases und dessen Glanz deutlich zur Geltung und verleiht ihm so einen Hauch von eleganter Klasse.<\/li>\n<\/ul>\n<h2 style=\"text-align: left;\">Wichtigste Spezifikationen<\/h2>\n<table class=\"aligncenter\" style=\"border-collapse: collapse; width: 493.52pt;\" border=\"0\" width=\"658\" cellspacing=\"0\" cellpadding=\"0\">\n<tbody>\n<tr style=\"height: 13.50pt;\">\n<td style=\"height: 13.50pt; width: 111.75pt;\" width=\"149\" height=\"18\">Specification<\/td>\n<td style=\"width: 381.75pt;\" width=\"509\">Details<\/td>\n<\/tr>\n<tr style=\"height: 13.50pt;\">\n<td style=\"height: 13.50pt;\" height=\"18\">Kapazit\u00e4t<\/td>\n<td>100 ml \/ 250 ml<\/td>\n<\/tr>\n<tr style=\"height: 13.50pt;\">\n<td style=\"height: 13.50pt;\" height=\"18\">Abmessungen<\/td>\n<td>71,3 \u00d7 84,2 mm \/ 91,1 \u00d7 103,7 mm<\/td>\n<\/tr>\n<tr style=\"height: 13.50pt;\">\n<td style=\"height: 13.50pt;\" height=\"18\">Material<\/td>\n<td>Natrium-Calcium-Glas<\/td>\n<\/tr>\n<tr style=\"height: 13.50pt;\">\n<td style=\"height: 13.50pt;\" height=\"18\">Flaschenform<\/td>\n<td>Kugel mit spiralf\u00f6rmiger Oberfl\u00e4chenstruktur<\/td>\n<\/tr>\n<tr style=\"height: 13.50pt;\">\n<td style=\"height: 13.50pt;\" height=\"18\">Anpassungsumfang<\/td>\n<td>Form, Gr\u00f6\u00dfe, Farbe, Textur, Oberfl\u00e4che (mattiert, gl\u00e4nzend)<\/td>\n<\/tr>\n<tr style=\"height: 13.50pt;\">\n<td style=\"height: 13.50pt;\" height=\"18\">Handwerkskunst<\/td>\n<td>Komplexe Glasformung mit integrierter 3D-Textur, Gewindepr\u00e4zision<\/td>\n<\/tr>\n<tr style=\"height: 13.50pt;\">\n<td style=\"height: 13.50pt;\" height=\"18\">Produktzweck<\/td>\n<td>Glasflaschen f\u00fcr Duftst\u00e4bchen, Diffusor-Glaswaren<\/td>\n<\/tr>\n<tr style=\"height: 13.50pt;\">\n<td style=\"height: 13.50pt;\" height=\"18\">Geeignete Branchen<\/td>\n<td>Marken f\u00fcr Raumd\u00fcfte, Gastgewerbe, Spa &amp; Wellness<\/td>\n<\/tr>\n<\/tbody>\n<\/table>\n<h2>Erfolgsgeschichte: Die meistverkaufte Serie einer nordischen Einrichtungsmarke<\/h2>\n<p>Eine der f\u00fchrenden skandinavischen M\u00f6belmarken entschied sich f\u00fcr unseren 250-ml-Raumduftbeh\u00e4lter und passte den Korpus aus Milchglas und den mattwei\u00dfen Holzverschluss an. Die spezielle Spiralstruktur sorgt f\u00fcr einen sicheren Halt und wird von den Kunden sehr gesch\u00e4tzt, was sich in 40 Prozent der positiven Bewertungen widerspiegelt. Das angenehme Gewicht und die hochwertige Verarbeitung trugen ebenfalls zu einem Umsatzanstieg von 50 Prozent bei. Das Umsatzwachstum und das positive Feedback waren f\u00fcr die Marke sehr erfreulich, weshalb sie weitere 500.000 Einheiten ihrer Kernproduktlinie bestellt hat.<\/p>\n<h2>Anpassung von Schilfdiffusorbeh\u00e4ltern<\/h2>\n<ul>\n<li>Farbe und Transparenz: Das Glas ist transparent oder durchscheinend in sanften Farben (grau, bernsteinfarben) oder undurchsichtig wei\u00df.<\/li>\n<li>Anpassung von Mustern und Texturen: Spiralmuster k\u00f6nnen als Wellen-, Blattader- oder geometrische Texturen programmiert werden.<\/li>\n<li>Materialien f\u00fcr individuelle Verschl\u00fcsse: Verschl\u00fcsse k\u00f6nnen aus Kork, Holz, Keramik oder mattem Kunststoff gefertigt sein.<\/li>\n<li>Lasergravur: Ritzen Sie Ihren Markennamen oder Ihr Design in einen glatten Bereich in Richtung Flaschenhals ein.<\/li>\n<\/ul>","protected":false},"excerpt":{"rendered":"<p>Mit ihren spiralf\u00f6rmigen Details und dem Gewindehals unterstreicht diese Diffusor-Glasvase die Marken\u00e4sthetik. Hochwertiger Diffusorbeh\u00e4lter mit Gratisproben.<\/p>","protected":false},"featured_media":4659,"template":"","meta":{"postBodyCss":"","postBodyMargin":[],"postBodyPadding":[],"postBodyBackground":{"backgroundType":"classic","gradient":""}},"product_brand":[],"product_cat":[15,16,63],"product_tag":[],"class_list":{"0":"post-4651","1":"product","2":"type-product","3":"status-publish","4":"has-post-thumbnail","6":"product_cat-glass-containers","7":"product_cat-glass-bottles","8":"product_cat-reed-diffuser-bottles","10":"first","11":"instock","12":"shipping-taxable","13":"product-type-simple"},"jetpack_sharing_enabled":true,"_links":{"self":[{"href":"https:\/\/minghanggroup.com\/de\/wp-json\/wp\/v2\/product\/4651","targetHints":{"allow":["GET"]}}],"collection":[{"href":"https:\/\/minghanggroup.com\/de\/wp-json\/wp\/v2\/product"}],"about":[{"href":"https:\/\/minghanggroup.com\/de\/wp-json\/wp\/v2\/types\/product"}],"wp:featuredmedia":[{"embeddable":true,"href":"https:\/\/minghanggroup.com\/de\/wp-json\/wp\/v2\/media\/4659"}],"wp:attachment":[{"href":"https:\/\/minghanggroup.com\/de\/wp-json\/wp\/v2\/media?parent=4651"}],"wp:term":[{"taxonomy":"product_brand","embeddable":true,"href":"https:\/\/minghanggroup.com\/de\/wp-json\/wp\/v2\/product_brand?post=4651"},{"taxonomy":"product_cat","embeddable":true,"href":"https:\/\/minghanggroup.com\/de\/wp-json\/wp\/v2\/product_cat?post=4651"},{"taxonomy":"product_tag","embeddable":true,"href":"https:\/\/minghanggroup.com\/de\/wp-json\/wp\/v2\/product_tag?post=4651"}],"curies":[{"name":"wp","href":"https:\/\/api.w.org\/{rel}","templated":true}]}}