{"id":4636,"date":"2026-01-14T10:39:15","date_gmt":"2026-01-14T02:39:15","guid":{"rendered":"https:\/\/minghanggroup.com\/?post_type=product&#038;p=4636"},"modified":"2026-01-14T11:24:47","modified_gmt":"2026-01-14T03:24:47","slug":"square-glass-perfume-beautiful-bottles-bulk","status":"publish","type":"product","link":"https:\/\/minghanggroup.com\/de\/produkt\/square-glass-perfume-beautiful-bottles-bulk\/","title":{"rendered":"3,4 oz (ca. 100 ml) gro\u00dfe, quadratische Parf\u00fcmflaschen aus Glas \u2013 gro\u00dfe Auswahl"},"content":{"rendered":"<p>Der wundersch\u00f6ne Parf\u00fcmflakon besticht durch seine exquisite Verarbeitung. Der kristalline Korpus aus quadratischem, kantigem Kristallglas bildet einen starken Kontrast zur glatten Glasoberfl\u00e4che des zylindrischen Verschlusses mit seinem blauen Marmormuster und erzeugt so eine besonders eindrucksvolle Optik.<\/p>\n<h2>Produktmerkmale<\/h2>\n<ul>\n<li><strong>Quadratischer Winkelk\u00f6rper:<\/strong> Der moderne, minimalistische Stil wird durch das klare, quadratische Geh\u00e4use und die polierten Kanten beibehalten und tr\u00e4gt zum angenehmen Griff bei.<\/li>\n<li><strong>Transparentes Kristallmaterial:<\/strong> Das Kristallglas ist so klar, dass die Farbe und die Reinheit des Duftes perfekt sichtbar sind.<\/li>\n<li><strong>Blaue, strukturierte zylindrische Kappe:<\/strong> Die Flasche ist mit einem hellblauen, strukturierten zylindrischen Verschluss versehen, dessen strukturierte Form zum minimalistischen Stil beitr\u00e4gt.<\/li>\n<\/ul>\n<h2 style=\"text-align: left;\">Wichtigste Spezifikationen<\/h2>\n<table class=\"aligncenter\" style=\"border-collapse: collapse; width: 504.77pt;\" border=\"0\" width=\"673\" cellspacing=\"0\" cellpadding=\"0\">\n<tbody>\n<tr style=\"height: 13.50pt;\">\n<td style=\"height: 13.50pt; width: 119.25pt;\" width=\"159\" height=\"18\">Specification<\/td>\n<td style=\"width: 385.50pt;\" width=\"514\">Details<\/td>\n<\/tr>\n<tr style=\"height: 13.50pt;\">\n<td style=\"height: 13.50pt;\" height=\"18\">Kapazit\u00e4t<\/td>\n<td>100 ml (3,4 oz)<\/td>\n<\/tr>\n<tr style=\"height: 13.50pt;\">\n<td style=\"height: 13.50pt;\" height=\"18\">Abmessungen<\/td>\n<td>57 \u00d7 42 \u00d7 96 mm<\/td>\n<\/tr>\n<tr style=\"height: 13.50pt;\">\n<td style=\"height: 13.50pt;\" height=\"18\">Material<\/td>\n<td>Kristallglas<\/td>\n<\/tr>\n<tr style=\"height: 13.50pt;\">\n<td style=\"height: 13.50pt;\" height=\"18\">Flaschenform<\/td>\n<td>Quadratisches Prisma<\/td>\n<\/tr>\n<tr style=\"height: 13.50pt;\">\n<td style=\"height: 13.50pt;\" height=\"18\">Anpassungsumfang<\/td>\n<td>Gr\u00f6\u00dfe, Form, Farbe, Gravur<\/td>\n<\/tr>\n<tr style=\"height: 13.50pt;\">\n<td style=\"height: 13.50pt;\" height=\"18\">Handwerkskunst<\/td>\n<td>Pr\u00e4zisionsglasschneiden und -polieren, Herstellung von gemusterten Kappen<\/td>\n<\/tr>\n<tr style=\"height: 13.50pt;\">\n<td style=\"height: 13.50pt;\" height=\"18\">Produktzweck<\/td>\n<td>Frische K\u00f6lnischwasser-Flakons, wundersch\u00f6ne Parf\u00fcmflaschen<\/td>\n<\/tr>\n<tr style=\"height: 13.50pt;\">\n<td style=\"height: 13.50pt;\" height=\"18\">Geeignete Branchen<\/td>\n<td>Zeitgen\u00f6ssische Parf\u00fcmerie, Designermarken<\/td>\n<\/tr>\n<\/tbody>\n<\/table>\n<h2>Erfolgsbeispiel<\/h2>\n<p>Eine kalifornische Lifestyle-Marke brachte ein Orangenwasser-Parf\u00fcm auf den Markt. Sie w\u00e4hlten unser 100-ml-Fl\u00e4schchen und gestalteten es mit einem mattierten, aquablauen Glask\u00f6rper und einem Verschluss in wei\u00dfem Marmormuster. Die offene Glaskonstruktion und die blauen Akzente erh\u00f6hten die Haltbarkeit um 45 %; die quadratische Form sorgte zudem f\u00fcr Stabilit\u00e4t und reduzierte die Bruchgefahr beim Transport um 42 %. Die Marke war mit dem Erfolg am Markt und bei den Kunden sehr zufrieden und bestellte daher weitere 400.000 Flaschen ihres Hauptsortiments.<\/p>\n<h2>Parf\u00fcmflakons \u2013 Individuelle Gestaltungsm\u00f6glichkeiten<\/h2>\n<ul>\n<li>Gestalte deine eigene Kappe: Entwirf deine eigene Kappe mit verschiedenen Mustern (Marmor, Granit, abstrakt) und in jeder beliebigen Farbe.<\/li>\n<li>Seitliche Lasergravur: Geometrische Muster und Markendesigns oder Designs mit K\u00fcstenmotiven werden in die Glasscheibe eingraviert.<\/li>\n<li>Sandgestrahlte Dekorplatte: Bespr\u00fchen Sie eine Seite der quadratischen Flasche, um eine mattierte Platte zu erzeugen, die zur Schaffung einer dezenten Markenidentit\u00e4t dient.<\/li>\n<li>Gl\u00e4nzender Siebdruck: Der erhabene Markenname kann auch mit gl\u00e4nzender Farbe gedruckt werden, um einen haptischen Effekt zu erzielen.<\/li>\n<\/ul>","protected":false},"excerpt":{"rendered":"<p>Mit ihrem eleganten, quadratischen Korpus und dem stilvollen blauen Verschluss passt diese wundersch\u00f6ne Parf\u00fcmflasche perfekt in moderne Ausstellungsr\u00e4ume. Ein edles 100-ml-Fl\u00e4schchen (3,4 oz), direkt vom Hersteller.<\/p>","protected":false},"featured_media":4641,"template":"","meta":{"postBodyCss":"","postBodyMargin":[],"postBodyPadding":[],"postBodyBackground":{"backgroundType":"classic","gradient":""}},"product_brand":[],"product_cat":[15,16,62],"product_tag":[],"class_list":{"0":"post-4636","1":"product","2":"type-product","3":"status-publish","4":"has-post-thumbnail","6":"product_cat-glass-containers","7":"product_cat-glass-bottles","8":"product_cat-perfume-bottles","10":"first","11":"instock","12":"shipping-taxable","13":"product-type-simple"},"jetpack_sharing_enabled":true,"_links":{"self":[{"href":"https:\/\/minghanggroup.com\/de\/wp-json\/wp\/v2\/product\/4636","targetHints":{"allow":["GET"]}}],"collection":[{"href":"https:\/\/minghanggroup.com\/de\/wp-json\/wp\/v2\/product"}],"about":[{"href":"https:\/\/minghanggroup.com\/de\/wp-json\/wp\/v2\/types\/product"}],"wp:featuredmedia":[{"embeddable":true,"href":"https:\/\/minghanggroup.com\/de\/wp-json\/wp\/v2\/media\/4641"}],"wp:attachment":[{"href":"https:\/\/minghanggroup.com\/de\/wp-json\/wp\/v2\/media?parent=4636"}],"wp:term":[{"taxonomy":"product_brand","embeddable":true,"href":"https:\/\/minghanggroup.com\/de\/wp-json\/wp\/v2\/product_brand?post=4636"},{"taxonomy":"product_cat","embeddable":true,"href":"https:\/\/minghanggroup.com\/de\/wp-json\/wp\/v2\/product_cat?post=4636"},{"taxonomy":"product_tag","embeddable":true,"href":"https:\/\/minghanggroup.com\/de\/wp-json\/wp\/v2\/product_tag?post=4636"}],"curies":[{"name":"wp","href":"https:\/\/api.w.org\/{rel}","templated":true}]}}