{"id":4634,"date":"2026-01-14T11:09:21","date_gmt":"2026-01-14T03:09:21","guid":{"rendered":"https:\/\/minghanggroup.com\/?post_type=product&#038;p=4634"},"modified":"2026-01-14T16:46:00","modified_gmt":"2026-01-14T08:46:00","slug":"pink-perfume-bottles-with-sprayer-for-brands-packaging-bulk","status":"publish","type":"product","link":"https:\/\/minghanggroup.com\/de\/produkt\/pink-perfume-bottles-with-sprayer-for-brands-packaging-bulk\/","title":{"rendered":"100-ml-Parf\u00fcmflaschen in Rosa mit Spr\u00fchkopf f\u00fcr Markenverpackungen in gro\u00dfen Mengen"},"content":{"rendered":"<p>Ihre rosafarbenen Parf\u00fcmflakons sollen nicht nur Duft speichern \u2013 sie sollen die Blicke auf sich ziehen und zum Innehalten beim Scrollen anregen. Als Hersteller von Parf\u00fcmflakons fertigen wir Glasflakons, die Ihr individuelles Parf\u00fcm in einen luxuri\u00f6sen Moment verwandeln.<\/p>\n<h2>Produktmerkmale<\/h2>\n<ul>\n<li><strong>Pink Cap Pop:<\/strong> Zartrosa Kappen auf transparentem Glas? Das ist definitiv eine optische Neuheit in Sachen Parf\u00fcmverpackung!<\/li>\n<li><strong>Kristallklare Klarheit:<\/strong> Durch eine solche Glasflasche kann man die Farbe eines Duftes kaum anders als sehr rein und klar erkennen, ohne die tr\u00fcben Filter.<\/li>\n<li><strong>Zylindrische Eleganz: <\/strong>Klare Linien, eine moderne Interpretation von Vintage-Charme. Der von Ihrer Marke vertriebene Parf\u00fcmflakon aus Glas f\u00fchlt sich wertig und hochwertig an.<\/li>\n<\/ul>\n<h2>Wichtigste Spezifikationen<\/h2>\n<table style=\"border-collapse: collapse; width: 80%; margin-left: auto; margin-right: auto;\" border=\"0\" width=\"288\" cellspacing=\"0\" cellpadding=\"0\">\n<tbody>\n<tr style=\"height: 13.50pt;\">\n<td style=\"height: 13.5pt; width: 54pt; text-align: center;\" width=\"72\" height=\"18\">Gr\u00f6\u00dfe<\/td>\n<td style=\"width: 54pt; text-align: center;\" width=\"72\">Abmessungen (mm)<\/td>\n<td style=\"width: 54pt; text-align: center;\" width=\"72\">Kappenfarbe<\/td>\n<td style=\"width: 54pt; text-align: center;\" width=\"72\">Dichtungstyp<\/td>\n<\/tr>\n<tr style=\"height: 13.50pt;\">\n<td style=\"height: 13.5pt; text-align: center;\" height=\"18\">100 ml<\/td>\n<td style=\"text-align: center;\">55 \u00d7 97<\/td>\n<td style=\"text-align: center;\">Rosa<\/td>\n<td style=\"text-align: center;\">Pumpenspr\u00fchger\u00e4t<\/td>\n<\/tr>\n<\/tbody>\n<\/table>\n<h2>Erfolgsbeispiel<\/h2>\n<p>Eine auf Damend\u00fcfte spezialisierte Parf\u00fcmmarke hat uns bei der Gestaltung dieses Glasflakons f\u00fcr einen neuen, zarten Duft unterst\u00fctzt. Der Kunde entwarf ein im Siebdruckverfahren aufgebrachtes Logo f\u00fcr den zylindrischen Flakon sowie einen rosafarbenen, halbtransparenten Kugelverschluss, um den sanften und eleganten Charakter des Produkts zu unterstreichen. Zus\u00e4tzlich wurden Pr\u00e4geverzierungen auf dem Flakon angebracht.<\/p>\n<p>Nach der Markteinf\u00fchrung verzeichnete das neue Parf\u00fcm aufgrund seines sehr einpr\u00e4gsamen Designs in seinem ersten Vertriebskanal ein Umsatzwachstum von etwa 22 %, was im Wesentlichen eine Steigerung der Attraktivit\u00e4t der Marke auf dem Markt f\u00fcr Damend\u00fcfte bedeutete.<\/p>\n<h2>Ihre Anpassungsoptionen<\/h2>\n<ol>\n<li><strong>Anpassbares Material und Effekte f\u00fcr kugelf\u00f6rmige Flaschenverschl\u00fcsse:<\/strong> W\u00e4hlen Sie zwischen einfarbigen, halbtransparenten, transparenten, Farbverlaufs- oder Kristallfarben sowie kugelf\u00f6rmigen Effekt-Flaschenverschl\u00fcssen. F\u00fcr ein ansprechenderes Erscheinungsbild k\u00f6nnen auch Perlmutt- oder Schimmerpartikel hinzugef\u00fcgt werden.<\/li>\n<li><strong>Verbesserte Reduzierung des Flaschenglasgewichts:<\/strong> Es ist m\u00f6glich, einer transparenten Flasche mattierte Stellen, eine helle oder farbige Innenbespr\u00fchung oder hohe und gl\u00e4nzende abgeschr\u00e4gte Linien auf der Flasche hinzuzuf\u00fcgen, wodurch das Gef\u00fchl von Tiefe und das haptische Erlebnis intensiver werden.<\/li>\n<li><strong>Personalisiertes Markenlogo:<\/strong> Mittels Siebdruck, Hei\u00dfpr\u00e4gung (Gold, Silber) oder Lasergravur k\u00f6nnen das Markenlogo und die Seriennummer auf den Boden oder den Korpus der Flasche gedruckt werden.<\/li>\n<\/ol>","protected":false},"excerpt":{"rendered":"<p>Direkt vom Hersteller: Rosafarbene Parf\u00fcmflakons mit elegantem Design und Zerst\u00e4uber. Ideal f\u00fcr Markenunternehmen, geeignet f\u00fcr individuelle Gro\u00dfbestellungen und schnellen Versand.<\/p>","protected":false},"featured_media":4640,"template":"","meta":{"postBodyCss":"","postBodyMargin":[],"postBodyPadding":[],"postBodyBackground":{"backgroundType":"classic","gradient":""}},"product_brand":[],"product_cat":[15,16,62],"product_tag":[],"class_list":{"0":"post-4634","1":"product","2":"type-product","3":"status-publish","4":"has-post-thumbnail","6":"product_cat-glass-containers","7":"product_cat-glass-bottles","8":"product_cat-perfume-bottles","10":"first","11":"instock","12":"shipping-taxable","13":"product-type-simple"},"jetpack_sharing_enabled":true,"_links":{"self":[{"href":"https:\/\/minghanggroup.com\/de\/wp-json\/wp\/v2\/product\/4634","targetHints":{"allow":["GET"]}}],"collection":[{"href":"https:\/\/minghanggroup.com\/de\/wp-json\/wp\/v2\/product"}],"about":[{"href":"https:\/\/minghanggroup.com\/de\/wp-json\/wp\/v2\/types\/product"}],"wp:featuredmedia":[{"embeddable":true,"href":"https:\/\/minghanggroup.com\/de\/wp-json\/wp\/v2\/media\/4640"}],"wp:attachment":[{"href":"https:\/\/minghanggroup.com\/de\/wp-json\/wp\/v2\/media?parent=4634"}],"wp:term":[{"taxonomy":"product_brand","embeddable":true,"href":"https:\/\/minghanggroup.com\/de\/wp-json\/wp\/v2\/product_brand?post=4634"},{"taxonomy":"product_cat","embeddable":true,"href":"https:\/\/minghanggroup.com\/de\/wp-json\/wp\/v2\/product_cat?post=4634"},{"taxonomy":"product_tag","embeddable":true,"href":"https:\/\/minghanggroup.com\/de\/wp-json\/wp\/v2\/product_tag?post=4634"}],"curies":[{"name":"wp","href":"https:\/\/api.w.org\/{rel}","templated":true}]}}