{"id":4622,"date":"2026-01-14T08:58:15","date_gmt":"2026-01-14T00:58:15","guid":{"rendered":"https:\/\/minghanggroup.com\/?post_type=product&#038;p=4622"},"modified":"2026-01-14T10:38:56","modified_gmt":"2026-01-14T02:38:56","slug":"crystal-pink-perfume-bottle-for-travel-packing-bulk","status":"publish","type":"product","link":"https:\/\/minghanggroup.com\/de\/produkt\/crystal-pink-perfume-bottle-for-travel-packing-bulk\/","title":{"rendered":"30 ml Kristallrosa Parf\u00fcmflasche f\u00fcr Reisepackungen (Gro\u00dfpackung)"},"content":{"rendered":"<p>Dieser kleine, aber luxuri\u00f6se rosafarbene Glasflakon besticht durch seine elegante Form, die vom kurzen, breiten Quadrat in einen abgerundeten Boden \u00fcbergeht. Der gl\u00e4nzende, zartrosa Verschluss macht ihn zum idealen Reiseflakon.<\/p>\n<h2>Produktmerkmale<\/h2>\n<ul>\n<li><strong>Hellrosa kugelf\u00f6rmige Kappe:<\/strong> Der feminine Stil wird durch das gl\u00e4nzende, hellrosa Kugeldesign noch s\u00fc\u00dfer und h\u00fcbscher, und die abgerundete Form erleichtert das Festhalten.<\/li>\n<li><strong>Kurze, rechteckige Flasche mit hoher Transparenz:<\/strong> Die kurze, breite, rechteckige Flasche ist sehr stabil, kippt nicht leicht um und f\u00fchlt sich solide an.<\/li>\n<li><strong>Inh\u00e4rent gekr\u00fcmmte Pumpe:<\/strong> Die gebogene Pumpe besteht aus Stroh, das in die Flasche eingesetzt wird und ein einfaches Spr\u00fchen erm\u00f6glicht. Das Gesamtdesign ist sch\u00f6n und klar.<\/li>\n<\/ul>\n<h2 style=\"text-align: left;\">Wichtigste Spezifikationen<\/h2>\n<table class=\"aligncenter\" style=\"border-collapse: collapse; width: 432.02pt;\" border=\"0\" width=\"576\" cellspacing=\"0\" cellpadding=\"0\">\n<tbody>\n<tr style=\"height: 13.50pt;\">\n<td style=\"height: 13.50pt; width: 119.25pt;\" width=\"159\" height=\"18\">Specification<\/td>\n<td style=\"width: 312.75pt;\" width=\"417\">Details<\/td>\n<\/tr>\n<tr style=\"height: 13.50pt;\">\n<td style=\"height: 13.50pt;\" height=\"18\">Kapazit\u00e4t<\/td>\n<td>30 ml<\/td>\n<\/tr>\n<tr style=\"height: 13.50pt;\">\n<td style=\"height: 13.50pt;\" height=\"18\">Abmessungen<\/td>\n<td>40\u00d740\u00d748 mm<\/td>\n<\/tr>\n<tr style=\"height: 13.50pt;\">\n<td style=\"height: 13.50pt;\" height=\"18\">Material<\/td>\n<td>Hochreines Glas<\/td>\n<\/tr>\n<tr style=\"height: 13.50pt;\">\n<td style=\"height: 13.50pt;\" height=\"18\">Flaschenform<\/td>\n<td>Kurze quadratische S\u00e4ule mit abgerundetem Sockel<\/td>\n<\/tr>\n<tr style=\"height: 13.50pt;\">\n<td style=\"height: 13.50pt;\" height=\"18\">Anpassungsumfang<\/td>\n<td>Form, Gr\u00f6\u00dfe, Farbe, Pumpentyp, Oberfl\u00e4che<\/td>\n<\/tr>\n<tr style=\"height: 13.50pt;\">\n<td style=\"height: 13.50pt;\" height=\"18\">Handwerkskunst<\/td>\n<td>Quadratische Glasformteile, Hochglanz-Decklackierung<\/td>\n<\/tr>\n<tr style=\"height: 13.50pt;\">\n<td style=\"height: 13.50pt;\" height=\"18\">Produktzweck<\/td>\n<td>Reiseparf\u00fcmflakons, kleine Parf\u00fcmflakons<\/td>\n<\/tr>\n<tr style=\"height: 13.50pt;\">\n<td style=\"height: 13.50pt;\" height=\"18\">Geeignete Branchen<\/td>\n<td>Mainstream- und Nischenparf\u00fcmerie, Kosmetikmarken<\/td>\n<\/tr>\n<\/tbody>\n<\/table>\n<h2>Erfolgsbeispiel: Der Deb\u00fct eines viralen Parfums einer koreanischen Kosmetikmarke<\/h2>\n<p>Eine der beliebtesten koreanischen Beauty-Marken mit ihrem niedlichen Design entschied sich, unseren 30-ml-Parf\u00fcmflakon als exklusive Verpackung zu verwenden und passte den zartrosa Verschluss sowie den perlmuttfarbenen Glasflakon an. Das einzigartige, quadratische Flakondesign ging in den sozialen Medien sofort viral und wurde innerhalb des ersten Monats \u00fcber eine Million Mal erw\u00e4hnt. Die Zielgruppe mit ihrem vollen Terminkalender und ihrem schnelllebigen Lebensstil profitierte von dem kleinen, auslaufsicheren Design mit einer Erfolgsquote von 99,9 % beim Versand. Die Marke war von der Marktnachfrage und der Begeisterung der Kunden positiv \u00fcberrascht und bestellte umgehend weitere 500.000 Flakons f\u00fcr eine weltweite Werbekampagne.<\/p>\n<h2>Personalisierung einer rosafarbenen Parf\u00fcmflasche<\/h2>\n<ul>\n<li>Farbe der Kappe nach Wunsch: W\u00e4hlen Sie die Kugelkappe in einer beliebigen Pantone-Farbe, von zarten Pastellt\u00f6nen bis hin zu Neonfarben.<\/li>\n<li>Individuelle Kappenform: Die Kappe wird leicht in eine Herz- oder flache Form gebogen.<\/li>\n<li>Glaslasergravur: \u00c4tzen Sie die Glasoberfl\u00e4che der Flasche mit einem Herz, einem Stern oder einem Markenlogo.<\/li>\n<li>Glaspaneele: Die Vorder- und R\u00fcckseite der Paneele werden mattiert, um einen vertr\u00e4umten, weichen Eindruck zu erzeugen.<\/li>\n<\/ul>","protected":false},"excerpt":{"rendered":"<p>Werten Sie Ihre Marke mit Parf\u00fcmflakons aus Glas auf. Diese Zerst\u00e4uberflakons aus Glas zeichnen sich durch abgerundete Kanten und einzigartige, marmorierte Verschlusskappen aus. Schneller Versand!<\/p>","protected":false},"featured_media":4629,"template":"","meta":{"postBodyCss":"","postBodyMargin":[],"postBodyPadding":[],"postBodyBackground":{"backgroundType":"classic","gradient":""}},"product_brand":[],"product_cat":[15,16,62],"product_tag":[],"class_list":{"0":"post-4622","1":"product","2":"type-product","3":"status-publish","4":"has-post-thumbnail","6":"product_cat-glass-containers","7":"product_cat-glass-bottles","8":"product_cat-perfume-bottles","10":"first","11":"instock","12":"shipping-taxable","13":"product-type-simple"},"jetpack_sharing_enabled":true,"_links":{"self":[{"href":"https:\/\/minghanggroup.com\/de\/wp-json\/wp\/v2\/product\/4622","targetHints":{"allow":["GET"]}}],"collection":[{"href":"https:\/\/minghanggroup.com\/de\/wp-json\/wp\/v2\/product"}],"about":[{"href":"https:\/\/minghanggroup.com\/de\/wp-json\/wp\/v2\/types\/product"}],"wp:featuredmedia":[{"embeddable":true,"href":"https:\/\/minghanggroup.com\/de\/wp-json\/wp\/v2\/media\/4629"}],"wp:attachment":[{"href":"https:\/\/minghanggroup.com\/de\/wp-json\/wp\/v2\/media?parent=4622"}],"wp:term":[{"taxonomy":"product_brand","embeddable":true,"href":"https:\/\/minghanggroup.com\/de\/wp-json\/wp\/v2\/product_brand?post=4622"},{"taxonomy":"product_cat","embeddable":true,"href":"https:\/\/minghanggroup.com\/de\/wp-json\/wp\/v2\/product_cat?post=4622"},{"taxonomy":"product_tag","embeddable":true,"href":"https:\/\/minghanggroup.com\/de\/wp-json\/wp\/v2\/product_tag?post=4622"}],"curies":[{"name":"wp","href":"https:\/\/api.w.org\/{rel}","templated":true}]}}