{"id":4598,"date":"2026-01-13T14:38:53","date_gmt":"2026-01-13T06:38:53","guid":{"rendered":"https:\/\/minghanggroup.com\/?post_type=product&#038;p=4598"},"modified":"2026-01-13T16:51:05","modified_gmt":"2026-01-13T08:51:05","slug":"square-glass-perfume-atomiser-bottles-wholesale","status":"publish","type":"product","link":"https:\/\/minghanggroup.com\/de\/produkt\/square-glass-perfume-atomiser-bottles-wholesale\/","title":{"rendered":"30 ml, 50 ml, 100 ml quadratische Glas-Parf\u00fcmzerst\u00e4uberflaschen im Gro\u00dfhandel"},"content":{"rendered":"<p>Diese Parf\u00fcmzerst\u00e4uber aus Kristallglas sind quadratisch und sanft geschwungen. Die Verschl\u00fcsse sind in drei verschiedenen Ausf\u00fchrungen erh\u00e4ltlich: schwarz, grau und mattiert, was f\u00fcr dezente optische Unterschiede sorgt.<\/p>\n<h2>Produktmerkmale<\/h2>\n<ul>\n<li><strong>Abgerundete quadratische Flasche:<\/strong> Die abgerundete quadratische Form hat den Vorteil, dass die geraden Linien einer quadratischen Form erhalten bleiben, aber die abgerundeten Ecken die scharfen Kanten sauber und angenehm in der Hand liegen lassen.<\/li>\n<li><strong>Gro\u00dffl\u00e4chiges, transparentes Kristallmaterial:<\/strong> Das gl\u00e4nzende, kristallklare Glas bietet einen klaren und deutlichen Blick auf Ihr Parf\u00fcm.<\/li>\n<li><strong>Mehrere Varianten mit strukturierter Kappe:<\/strong> Die mattierten Kappen in Schwarz, Grau und Transparent sorgen f\u00fcr optische Abwechslung und passen zu verschiedenen Verpackungsstilen f\u00fcr Parfums.<\/li>\n<\/ul>\n<h2 style=\"text-align: left;\">Wichtigste Spezifikationen<\/h2>\n<table class=\"aligncenter\" style=\"border-collapse: collapse; width: 378.77pt;\" border=\"0\" width=\"505\" cellspacing=\"0\" cellpadding=\"0\">\n<tbody>\n<tr style=\"height: 13.50pt;\">\n<td style=\"height: 13.50pt; width: 119.25pt;\" width=\"159\" height=\"18\">Specification<\/td>\n<td style=\"width: 259.50pt;\" width=\"346\">Details<\/td>\n<\/tr>\n<tr style=\"height: 13.50pt;\">\n<td style=\"height: 13.50pt;\" height=\"18\">Kapazit\u00e4t<\/td>\n<td>30 ml \/ 50 ml \/ 100 ml<\/td>\n<\/tr>\n<tr style=\"height: 13.50pt;\">\n<td style=\"height: 13.50pt;\" height=\"18\">Abmessungen<\/td>\n<td>52 \u00d7 28 \u00d7 63 mm \/ 61 \u00d7 29 \u00d7 72 mm \/ 81 \u00d7 35 \u00d7 89 mm<\/td>\n<\/tr>\n<tr style=\"height: 13.50pt;\">\n<td style=\"height: 13.50pt;\" height=\"18\">Material<\/td>\n<td>Kristallglas<\/td>\n<\/tr>\n<tr style=\"height: 13.50pt;\">\n<td style=\"height: 13.50pt;\" height=\"18\">Flaschenform<\/td>\n<td>Abgerundetes quadratisches Prisma<\/td>\n<\/tr>\n<tr style=\"height: 13.50pt;\">\n<td style=\"height: 13.50pt;\" height=\"18\">Anpassungsumfang<\/td>\n<td>Form, Gr\u00f6\u00dfe, Farbe, Oberfl\u00e4che, Kapazit\u00e4t<\/td>\n<\/tr>\n<tr style=\"height: 13.50pt;\">\n<td style=\"height: 13.50pt;\" height=\"18\">Handwerkskunst<\/td>\n<td>Pr\u00e4zisionsglasformung<\/td>\n<\/tr>\n<tr style=\"height: 13.50pt;\">\n<td style=\"height: 13.50pt;\" height=\"18\">Produktzweck<\/td>\n<td>Parf\u00fcmflaschen aus Glas, Duftbeh\u00e4lter<\/td>\n<\/tr>\n<tr style=\"height: 13.50pt;\">\n<td style=\"height: 13.50pt;\" height=\"18\">Geeignete Branchen<\/td>\n<td>Duftmarken, Lifestyle-Marken<\/td>\n<\/tr>\n<\/tbody>\n<\/table>\n<h2>Erfolgsgeschichte<\/h2>\n<p>Die 100-ml-Glasflakons f\u00fcr Parf\u00fcmzerst\u00e4uber wurden von einer Marke aus Toronto bestellt, die individuelle Duftkreationen anbietet. Auf Kundenwunsch wurde ein Blattmuster per Laser in die Flakons eingraviert. Dank der weichen, quadratischen Form f\u00fchlen sich die Flakons angenehm an \u2013 90 % der Kunden loben das angenehme Gef\u00fchl. Die Kundenzufriedenheit stieg um 42 %, da die Dekoration mit Glas deutlich einfacher ist. Die Resonanz des Marktes ist \u00fcberw\u00e4ltigend positiv, und die Marke hat k\u00fcrzlich 380.000 Flakons bestellt, um ihr Franchise-Netzwerk weiter auszubauen.<\/p>\n<h2>Personalisierung von Parf\u00fcmglasflaschen<\/h2>\n<ul>\n<li>Spezielles Kappenmaterial und -textur: Kappen k\u00f6nnen aus speziellen Materialien wie Holz, Stein, Keramik oder Gummi gefertigt sein.<\/li>\n<li>Lasergravur an den Seiten: Einfache Logos, geometrische Designs oder Zutatenlisten k\u00f6nnen auf die flache Glasscheibe graviert werden.<\/li>\n<li>Dekorative Metalleinlage: Die Nahtstelle zwischen Flasche und Verschluss ist mit einem d\u00fcnnen Metallstreifen (Kupfer, Messing) versehen.<\/li>\n<li>Siebdruck: Die feinen Kanten oder Etikettenmuster werden auf die Oberfl\u00e4che des Glases gedruckt.<\/li>\n<\/ul>","protected":false},"excerpt":{"rendered":"<p>Werten Sie Ihre Marke mit Parf\u00fcmflakons aus Glas auf. Diese Zerst\u00e4uberflakons aus Glas zeichnen sich durch abgerundete Kanten und einzigartige, marmorierte Verschlusskappen aus. Schneller Versand!<\/p>","protected":false},"featured_media":4604,"template":"","meta":{"postBodyCss":"","postBodyMargin":[],"postBodyPadding":[],"postBodyBackground":{"backgroundType":"classic","gradient":""}},"product_brand":[],"product_cat":[15,16,62],"product_tag":[],"class_list":{"0":"post-4598","1":"product","2":"type-product","3":"status-publish","4":"has-post-thumbnail","6":"product_cat-glass-containers","7":"product_cat-glass-bottles","8":"product_cat-perfume-bottles","10":"first","11":"instock","12":"shipping-taxable","13":"product-type-simple"},"jetpack_sharing_enabled":true,"_links":{"self":[{"href":"https:\/\/minghanggroup.com\/de\/wp-json\/wp\/v2\/product\/4598","targetHints":{"allow":["GET"]}}],"collection":[{"href":"https:\/\/minghanggroup.com\/de\/wp-json\/wp\/v2\/product"}],"about":[{"href":"https:\/\/minghanggroup.com\/de\/wp-json\/wp\/v2\/types\/product"}],"wp:featuredmedia":[{"embeddable":true,"href":"https:\/\/minghanggroup.com\/de\/wp-json\/wp\/v2\/media\/4604"}],"wp:attachment":[{"href":"https:\/\/minghanggroup.com\/de\/wp-json\/wp\/v2\/media?parent=4598"}],"wp:term":[{"taxonomy":"product_brand","embeddable":true,"href":"https:\/\/minghanggroup.com\/de\/wp-json\/wp\/v2\/product_brand?post=4598"},{"taxonomy":"product_cat","embeddable":true,"href":"https:\/\/minghanggroup.com\/de\/wp-json\/wp\/v2\/product_cat?post=4598"},{"taxonomy":"product_tag","embeddable":true,"href":"https:\/\/minghanggroup.com\/de\/wp-json\/wp\/v2\/product_tag?post=4598"}],"curies":[{"name":"wp","href":"https:\/\/api.w.org\/{rel}","templated":true}]}}