{"id":4592,"date":"2026-01-13T16:32:57","date_gmt":"2026-01-13T08:32:57","guid":{"rendered":"https:\/\/minghanggroup.com\/?post_type=product&#038;p=4592"},"modified":"2026-01-13T16:53:18","modified_gmt":"2026-01-13T08:53:18","slug":"100-ml-perfume-bottles-bulk-fragrance-bottle-manufacturers","status":"publish","type":"product","link":"https:\/\/minghanggroup.com\/de\/produkt\/100-ml-perfume-bottles-bulk-fragrance-bottle-manufacturers\/","title":{"rendered":"100-ml-Parf\u00fcmflaschen mit quadratischem Design (Gro\u00dfpackung)"},"content":{"rendered":"<p>Ihr 100-ml-Parf\u00fcmflakon sollte nicht nur Duft enthalten \u2013 er sollte die Blicke der Nutzer auf sich ziehen. Als f\u00fchrender Hersteller von Parf\u00fcmflakons fertigen wir Glasflakons, die Ihr individuelles Parf\u00fcm zu einem luxuri\u00f6sen und unwiderstehlichen Erlebnis machen.<\/p>\n<h2>Produktmerkmale<\/h2>\n<ul>\n<li><strong>Kontrast zwischen rosa und schwarzer Kappe: <\/strong>Zartrosa oder schwarze Kappen auf klarem Glas? Ein echter Hingucker f\u00fcr Ihre Parf\u00fcmverpackung.<\/li>\n<li><strong>Stabilisiertes Rechteck: <\/strong>Verdickter Boden, kein Wackeln im Regal. Ihre Glasparf\u00fcmflasche f\u00fchlt sich wertig und luxuri\u00f6s an.<\/li>\n<li><strong>Markenbereit: <\/strong>Keine Etiketten erforderlich \u2013 ideal f\u00fcr die Markteinf\u00fchrung eines individuellen Parfums oder die Pr\u00e4sentation \u00e4therischer \u00d6le.<\/li>\n<\/ul>\n<h2>Wichtigste Spezifikationen<\/h2>\n<table style=\"border-collapse: collapse; width: 80%; margin-right: auto; margin-left: auto;\" border=\"0\" width=\"288\" cellspacing=\"0\" cellpadding=\"0\">\n<tbody>\n<tr style=\"height: 13.50pt;\">\n<td style=\"height: 13.5pt; width: 54pt; text-align: center;\" width=\"72\" height=\"18\">Gr\u00f6\u00dfe<\/td>\n<td style=\"width: 54pt; text-align: center;\" width=\"72\">Abmessungen (mm)<\/td>\n<td style=\"width: 54pt; text-align: center;\" width=\"72\">Kappenfarbe<\/td>\n<td style=\"width: 54pt; text-align: center;\" width=\"72\">Dichtungstyp<\/td>\n<\/tr>\n<tr style=\"height: 13.50pt;\">\n<td style=\"height: 13.5pt; text-align: center;\" height=\"18\">100 ml<\/td>\n<td style=\"text-align: center;\">68\u00d736\u00d7100<\/td>\n<td style=\"text-align: center;\">Rosa\/Schwarz<\/td>\n<td style=\"text-align: center;\">Spr\u00fchkopf (Zerst\u00e4uber)<\/td>\n<\/tr>\n<\/tbody>\n<\/table>\n<h2>Erfolgsbeispiel<\/h2>\n<p>Eine der f\u00fchrenden Duftmarken im Bereich minimalistischer, moderner D\u00fcfte suchte nach einer Verpackung, die die Reinheit ihrer Produkte und den eleganten Charakter der Marke widerspiegelt. Zur Pr\u00e4sentation ihrer neuen Kollektion entschied sich die Marke f\u00fcr unsere quadratischen Glasflakons und veredelte diese unter anderem mit einer sanft mattierten Oberfl\u00e4che und einem perforierten Logo f\u00fcr eine bessere Wiedererkennung im Regal.<\/p>\n<p>Letztendlich erwies sich dieses elegante Layout als so effektiv, dass die Marke im Gesch\u00e4ft hervorstach, was zu einer Steigerung der Wiederkaufsraten bei den H\u00e4ndlern um 46 % und einem Umsatzanstieg von 30 % innerhalb von zwei Quartalen f\u00fchrte.<\/p>\n<h2>Ihre Anpassungsoptionen<\/h2>\n<ol>\n<li><strong>Kappenfarbe: <\/strong>Rosa f\u00fcr blumige D\u00fcfte, Schwarz f\u00fcr holzig \u2013 Ihre Kappe verr\u00e4t die Geschichte schon vor dem ersten Spr\u00fchsto\u00df.<\/li>\n<li><strong>UV-Druck f\u00fcr Dekorationszwecke: <\/strong>Verleihen Sie Ihren Glaswaren ein raffiniertes Muster, und Ihre Verpackungsl\u00f6sungen f\u00fcr Parfums werden zum Gespr\u00e4chsthema.<\/li>\n<li><strong>Optimierungen f\u00fcr den Zerst\u00e4uber von \u00e4therischen \u00d6len: <\/strong>Stellen Sie den Zerst\u00e4uber f\u00fcr die dickfl\u00fcssigen \u00d6le so ein, dass er nicht verstopft, sondern einen perfekt feinen Nebel erzeugt.<\/li>\n<\/ol>","protected":false},"excerpt":{"rendered":"<p>100-ml-Parf\u00fcmflakons mit klarem Design und dickem Glas. Direkt vom Hersteller, kostenlose Muster, individuelle Gro\u00dfbestellungen von erfahrenen Parf\u00fcmflakonherstellern.<\/p>","protected":false},"featured_media":4602,"template":"","meta":{"postBodyCss":"","postBodyMargin":[],"postBodyPadding":[],"postBodyBackground":{"backgroundType":"classic","gradient":""}},"product_brand":[],"product_cat":[16,15,62],"product_tag":[],"class_list":{"0":"post-4592","1":"product","2":"type-product","3":"status-publish","4":"has-post-thumbnail","6":"product_cat-glass-bottles","7":"product_cat-glass-containers","8":"product_cat-perfume-bottles","10":"first","11":"instock","12":"shipping-taxable","13":"product-type-simple"},"jetpack_sharing_enabled":true,"_links":{"self":[{"href":"https:\/\/minghanggroup.com\/de\/wp-json\/wp\/v2\/product\/4592","targetHints":{"allow":["GET"]}}],"collection":[{"href":"https:\/\/minghanggroup.com\/de\/wp-json\/wp\/v2\/product"}],"about":[{"href":"https:\/\/minghanggroup.com\/de\/wp-json\/wp\/v2\/types\/product"}],"wp:featuredmedia":[{"embeddable":true,"href":"https:\/\/minghanggroup.com\/de\/wp-json\/wp\/v2\/media\/4602"}],"wp:attachment":[{"href":"https:\/\/minghanggroup.com\/de\/wp-json\/wp\/v2\/media?parent=4592"}],"wp:term":[{"taxonomy":"product_brand","embeddable":true,"href":"https:\/\/minghanggroup.com\/de\/wp-json\/wp\/v2\/product_brand?post=4592"},{"taxonomy":"product_cat","embeddable":true,"href":"https:\/\/minghanggroup.com\/de\/wp-json\/wp\/v2\/product_cat?post=4592"},{"taxonomy":"product_tag","embeddable":true,"href":"https:\/\/minghanggroup.com\/de\/wp-json\/wp\/v2\/product_tag?post=4592"}],"curies":[{"name":"wp","href":"https:\/\/api.w.org\/{rel}","templated":true}]}}