{"id":4576,"date":"2026-01-13T10:51:34","date_gmt":"2026-01-13T02:51:34","guid":{"rendered":"https:\/\/minghanggroup.com\/?post_type=product&#038;p=4576"},"modified":"2026-01-13T16:51:38","modified_gmt":"2026-01-13T08:51:38","slug":"mini-fragrance-bottles-for-travel-design-wholesale","status":"publish","type":"product","link":"https:\/\/minghanggroup.com\/de\/produkt\/mini-fragrance-bottles-for-travel-design-wholesale\/","title":{"rendered":"10-ml-Mini-Parf\u00fcmfl\u00e4schchen f\u00fcr unterwegs \u2013 Gro\u00dfhandel"},"content":{"rendered":"<p>Diese Mini-Parf\u00fcmflakons gibt es in zwei attraktiven Designs: dem schlanken, quadratischen Prisma und dem klassischen Zylinderflakon. Jeder Flakon enth\u00e4lt 10 ml. Die Miniaturflakons sind aus transparentem Glas gefertigt und passen daher in jede Tasche.<\/p>\n<h2>Produktmerkmale<\/h2>\n<ul>\n<li><strong>Klein und exquisit:<\/strong> Dieser Parf\u00fcmflakon ist klein, praktisch und sieht gut aus, sodass er in jede Handtasche oder Hosentasche passt.<\/li>\n<li><strong>Quadratisch oder zylindrisch:<\/strong> Sie k\u00f6nnen sich f\u00fcr eine elegante, quadratische Flasche oder eine \u00e4ltere, zylindrische Flasche entscheiden, die mit Ihrer Marke vergleichbar ist.<\/li>\n<li><strong>Kristallklare Glasflasche:<\/strong> Der Flakon ist aus transparentem Glas gefertigt, sodass die G\u00e4ste die verbleibende Menge an Parf\u00fcm in der Flasche sehen k\u00f6nnen, was ihm einen reinen und makellosen Charakter verleiht.<\/li>\n<\/ul>\n<h2 style=\"text-align: left;\">Wichtigste Spezifikationen<\/h2>\n<table class=\"aligncenter\" style=\"border-collapse: collapse; width: 473.27pt;\" border=\"0\" width=\"631\" cellspacing=\"0\" cellpadding=\"0\">\n<tbody>\n<tr style=\"height: 13.50pt;\">\n<td style=\"height: 13.50pt; width: 119.25pt;\" width=\"159\" height=\"18\">Specification<\/td>\n<td style=\"width: 354.00pt;\" width=\"472\">Details<\/td>\n<\/tr>\n<tr style=\"height: 13.50pt;\">\n<td style=\"height: 13.50pt;\" height=\"18\">Kapazit\u00e4t<\/td>\n<td>10 ml (Alle Sorten)<\/td>\n<\/tr>\n<tr style=\"height: 13.50pt;\">\n<td style=\"height: 13.50pt;\" height=\"18\">Abmessungen<\/td>\n<td>17\u00d717\u00d799 mm \/ 21\u00d721\u00d7103 mm (Quadrat) \/ 23\u00d7105 mm (Zylinder)<\/td>\n<\/tr>\n<tr style=\"height: 13.50pt;\">\n<td style=\"height: 13.50pt;\" height=\"18\">Material<\/td>\n<td>Klarglas, Metallkappen<\/td>\n<\/tr>\n<tr style=\"height: 13.50pt;\">\n<td style=\"height: 13.50pt;\" height=\"18\">Flaschenform<\/td>\n<td>Quadratisches Prisma und Zylinder<\/td>\n<\/tr>\n<tr style=\"height: 13.50pt;\">\n<td style=\"height: 13.50pt;\" height=\"18\">Anpassungsumfang<\/td>\n<td>Flaschenform, Gr\u00f6\u00dfe, Farbe\/T\u00f6nung<\/td>\n<\/tr>\n<tr style=\"height: 13.50pt;\">\n<td style=\"height: 13.50pt;\" height=\"18\">Handwerkskunst<\/td>\n<td>Pr\u00e4zisions-Miniaturglasblasen, Montage der Metallkappe<\/td>\n<\/tr>\n<tr style=\"height: 13.50pt;\">\n<td style=\"height: 13.50pt;\" height=\"18\">Produktzweck<\/td>\n<td>Reise-Parf\u00fcmbeh\u00e4lter, Parf\u00fcmprobenfl\u00e4schchen<\/td>\n<\/tr>\n<tr style=\"height: 13.50pt;\">\n<td style=\"height: 13.50pt;\" height=\"18\">Geeignete Branchen<\/td>\n<td>Gastgewerbe, Reiseeinzelhandel, Parf\u00fcmmarken<\/td>\n<\/tr>\n<\/tbody>\n<\/table>\n<h2>Erfolgsgeschichte: Besondere Einrichtungen f\u00fcr eine Luxushotelkette<\/h2>\n<p>Eine F\u00fcnf-Sterne-Hotelkette bestellte unsere Mini-Parf\u00fcmflakons, die sie individuell gestaltete. Sie verf\u00fcgen \u00fcber einen goldenen Verschluss und eine elegante, mattierte Oberfl\u00e4che inklusive Hotellogo. Die 10-ml-Gr\u00f6\u00dfe ist ideal f\u00fcr G\u00e4ste, und 92 Prozent der G\u00e4ste nahmen den Flakon als Souvenir mit. Die G\u00e4stezufriedenheit stieg um 80 Prozent \u2013 \u200b\u200bnicht zuletzt aufgrund der hochwertigen Ausstattung der Zimmer, sondern auch wegen des langanhaltenden Duftes. Die Hotelkette war mit der positiven Resonanz und der erfolgreichen Markenwerbung so zufrieden, dass sie weitere 800.000 Flakons bestellte, die in ihren Hotels weltweit verteilt werden sollen.<\/p>\n<h2>Premium-Personalisierung von Reiseparf\u00fcmbeh\u00e4ltern<\/h2>\n<ul>\n<li>Glasfarboptionen: Kunden k\u00f6nnen zwischen klarem, rauchgrauem oder bernsteinfarbenem Glas w\u00e4hlen, um den Schutz vor UV-Strahlung oder die Markenpr\u00e4senz zu verbessern.<\/li>\n<li>Mattglas-Effekt: Die vollst\u00e4ndig oder teilweise mattierten Fassaden des fertigen Objekts verleihen ihm einen weichen, luxuri\u00f6sen Look.<\/li>\n<li>Siebdruck: Kann ein kleines Logo oder Bild auf die Seite der Flasche gedruckt werden, um ein eindeutiges Markenimage zu gew\u00e4hrleisten?<\/li>\n<li>Reisespr\u00fchger\u00e4t: Es ist von hoher Qualit\u00e4t, seine Reisespr\u00fchpumpe ist auslaufsicher und einfach zu bedienen.<\/li>\n<\/ul>","protected":false},"excerpt":{"rendered":"<p>Unser Reise-Parf\u00fcmflaschen-Set enth\u00e4lt Flakons aus quadratischem und zylindrischem Glas. Die Mini-Parf\u00fcmfl\u00e4schchen sind mit hochwertigen Deckeln in Gold und Silber versehen. Gratisproben inklusive.<\/p>","protected":false},"featured_media":4580,"template":"","meta":{"postBodyCss":"","postBodyMargin":[],"postBodyPadding":[],"postBodyBackground":{"backgroundType":"classic","gradient":""}},"product_brand":[],"product_cat":[15,16,62],"product_tag":[],"class_list":{"0":"post-4576","1":"product","2":"type-product","3":"status-publish","4":"has-post-thumbnail","6":"product_cat-glass-containers","7":"product_cat-glass-bottles","8":"product_cat-perfume-bottles","10":"first","11":"instock","12":"shipping-taxable","13":"product-type-simple"},"jetpack_sharing_enabled":true,"_links":{"self":[{"href":"https:\/\/minghanggroup.com\/de\/wp-json\/wp\/v2\/product\/4576","targetHints":{"allow":["GET"]}}],"collection":[{"href":"https:\/\/minghanggroup.com\/de\/wp-json\/wp\/v2\/product"}],"about":[{"href":"https:\/\/minghanggroup.com\/de\/wp-json\/wp\/v2\/types\/product"}],"wp:featuredmedia":[{"embeddable":true,"href":"https:\/\/minghanggroup.com\/de\/wp-json\/wp\/v2\/media\/4580"}],"wp:attachment":[{"href":"https:\/\/minghanggroup.com\/de\/wp-json\/wp\/v2\/media?parent=4576"}],"wp:term":[{"taxonomy":"product_brand","embeddable":true,"href":"https:\/\/minghanggroup.com\/de\/wp-json\/wp\/v2\/product_brand?post=4576"},{"taxonomy":"product_cat","embeddable":true,"href":"https:\/\/minghanggroup.com\/de\/wp-json\/wp\/v2\/product_cat?post=4576"},{"taxonomy":"product_tag","embeddable":true,"href":"https:\/\/minghanggroup.com\/de\/wp-json\/wp\/v2\/product_tag?post=4576"}],"curies":[{"name":"wp","href":"https:\/\/api.w.org\/{rel}","templated":true}]}}