{"id":4571,"date":"2026-01-13T08:50:56","date_gmt":"2026-01-13T00:50:56","guid":{"rendered":"https:\/\/minghanggroup.com\/?post_type=product&#038;p=4571"},"modified":"2026-01-13T16:52:23","modified_gmt":"2026-01-13T08:52:23","slug":"clear-rectangle-3-4-oz-perfume-bottles-wholesale","status":"publish","type":"product","link":"https:\/\/minghanggroup.com\/de\/produkt\/clear-rectangle-3-4-oz-perfume-bottles-wholesale\/","title":{"rendered":"Gro\u00dfhandel mit transparenten, rechteckigen 3,4-Unzen-Parf\u00fcmflaschen"},"content":{"rendered":"<p>Dieser 100-ml-Parf\u00fcmflakon aus kristallklarem Glas besticht durch seine elegante, rechteckige Form. Der bumerangf\u00f6rmige Korpus mit seinen abgerundeten Kanten l\u00e4sst das Licht sanft hindurchscheinen, und der schwarze, trapezf\u00f6rmige, gl\u00e4nzende Verschluss ist ein echter Blickfang.<\/p>\n<h2>Produktmerkmale<\/h2>\n<ul>\n<li><strong>Hochtransparente Kristallflasche:<\/strong> Die hochtransparente Kristallglasflasche bietet dank ihres Glanzes und ihrer Klarheit die perfekte Pr\u00e4sentation des Duftes.<\/li>\n<li><strong>Abgerundete quadratische Flasche:<\/strong> Die abgerundete quadratische Flasche garantiert ein sauberes Erscheinungsbild am Aufstellungsort und bietet zudem mehr Komfort beim Halten in der Hand.<\/li>\n<li><strong>Gl\u00e4nzend schwarze trapezf\u00f6rmige Kappe:<\/strong> Die transparente Flasche bildet einen Kontrast zum gl\u00e4nzend schwarzen, trapezf\u00f6rmigen Verschluss, und die klaren Linien unterstreichen den minimalistischen und eleganten Stil.<\/li>\n<\/ul>\n<h2 style=\"text-align: left;\">Wichtigste Spezifikationen<\/h2>\n<table class=\"aligncenter\" style=\"border-collapse: collapse; width: 414.02pt;\" border=\"0\" width=\"552\" cellspacing=\"0\" cellpadding=\"0\">\n<tbody>\n<tr style=\"height: 13.50pt;\">\n<td style=\"height: 13.50pt; width: 119.25pt;\" width=\"159\" height=\"18\">Specification<\/td>\n<td style=\"width: 294.75pt;\" width=\"393\">Details<\/td>\n<\/tr>\n<tr style=\"height: 13.50pt;\">\n<td style=\"height: 13.50pt;\" height=\"18\">Kapazit\u00e4t<\/td>\n<td>100 ml (3,4 oz)<\/td>\n<\/tr>\n<tr style=\"height: 13.50pt;\">\n<td style=\"height: 13.50pt;\" height=\"18\">Abmessungen<\/td>\n<td>73 \u00d7 31 \u00d7 106 mm<\/td>\n<\/tr>\n<tr style=\"height: 13.50pt;\">\n<td style=\"height: 13.50pt;\" height=\"18\">Material<\/td>\n<td>Kristallglas<\/td>\n<\/tr>\n<tr style=\"height: 13.50pt;\">\n<td style=\"height: 13.50pt;\" height=\"18\">Flaschenform<\/td>\n<td>Rechteck mit abgerundeten Ecken<\/td>\n<\/tr>\n<tr style=\"height: 13.50pt;\">\n<td style=\"height: 13.50pt;\" height=\"18\">Anpassungsumfang<\/td>\n<td>Form, Gr\u00f6\u00dfe, Glasfarbe\/Oberfl\u00e4che<\/td>\n<\/tr>\n<tr style=\"height: 13.50pt;\">\n<td style=\"height: 13.50pt;\" height=\"18\">Handwerkskunst<\/td>\n<td>Pr\u00e4zisionsglasformung, Hochglanz-Veredelung<\/td>\n<\/tr>\n<tr style=\"height: 13.50pt;\">\n<td style=\"height: 13.50pt;\" height=\"18\">Produktzweck<\/td>\n<td>Rechteckige Parf\u00fcmflasche, leere Parf\u00fcmflaschen<\/td>\n<\/tr>\n<tr style=\"height: 13.50pt;\">\n<td style=\"height: 13.50pt;\" height=\"18\">Geeignete Branchen<\/td>\n<td>Marken aus Kaufh\u00e4usern, Luxusgeschenke<\/td>\n<\/tr>\n<\/tbody>\n<\/table>\n<h2>Erfolgsgeschichte<\/h2>\n<p>Eine New Yorker Marke f\u00fcr moderne Wohnaccessoires w\u00e4hlte unseren 100-ml-Parf\u00fcmflakon als Beh\u00e4lter und personalisierte ihn mit einem hellen, rauchgrauen Glask\u00f6rper und dem charakteristischen mattschwarzen, trapezf\u00f6rmigen Verschluss. Die rechteckige Form des Flakons sorgt f\u00fcr maximale Aufmerksamkeit im Regal, und Einzelh\u00e4ndler berichten von einer Verkaufsquote von 25 Prozent \u2013 \u200b\u200bh\u00f6her als bei anderen Flakonformen. Das kristallklare Glas (auch get\u00f6ntes Glas) signalisiert hohe Qualit\u00e4t und Authentizit\u00e4t und erh\u00f6ht die Wahrscheinlichkeit eines Wiederkaufs um 50 Prozent. Die Marke war von der Performance des Produkts so begeistert, dass sie 400.000 weitere Flakons bestellte, um den Duft dauerhaft in ihr Sortiment aufzunehmen.<\/p>\n<h2>Individualisierung von rechteckigen Parf\u00fcmflaschen<\/h2>\n<ul>\n<li>Glasfarben und -oberfl\u00e4chen: Glasflaschen sind rechteckig und in den Ausf\u00fchrungen klar, rauchfarben, bernsteinfarben und mattiert erh\u00e4ltlich.<\/li>\n<li>Glaslasergravur: Auf die Flasche k\u00f6nnen einfache Designs, Markennamen oder dekorative Linien eingraviert werden.<\/li>\n<li>Sandgestrahltes Markenlogo-Panel: Es besteht die M\u00f6glichkeit, das Markenlogo auf ein mattiertes, rechteckiges Panel zu drucken, das auf der Vorder- oder R\u00fcckseite der Flasche sandgestrahlt wird.<\/li>\n<li>Dekorative Metalldetails: Ein feines Metallblech (entweder aus Silber oder Gold) kann am Boden des Verschlusses oder am Flaschenhals angebracht werden.<\/li>\n<\/ul>","protected":false},"excerpt":{"rendered":"<p>Dieser 100-ml-Parf\u00fcmflakon ist aus kristallklarem Glas gefertigt, hat abgerundete Kanten und einen hochgl\u00e4nzenden schwarzen Verschluss. Die rechteckige Form des Flakons kann individuell angepasst werden.<\/p>","protected":false},"featured_media":4573,"template":"","meta":{"postBodyCss":"","postBodyMargin":[],"postBodyPadding":[],"postBodyBackground":{"backgroundType":"classic","gradient":""}},"product_brand":[],"product_cat":[15,16,62],"product_tag":[],"class_list":{"0":"post-4571","1":"product","2":"type-product","3":"status-publish","4":"has-post-thumbnail","6":"product_cat-glass-containers","7":"product_cat-glass-bottles","8":"product_cat-perfume-bottles","10":"first","11":"instock","12":"shipping-taxable","13":"product-type-simple"},"jetpack_sharing_enabled":true,"_links":{"self":[{"href":"https:\/\/minghanggroup.com\/de\/wp-json\/wp\/v2\/product\/4571","targetHints":{"allow":["GET"]}}],"collection":[{"href":"https:\/\/minghanggroup.com\/de\/wp-json\/wp\/v2\/product"}],"about":[{"href":"https:\/\/minghanggroup.com\/de\/wp-json\/wp\/v2\/types\/product"}],"wp:featuredmedia":[{"embeddable":true,"href":"https:\/\/minghanggroup.com\/de\/wp-json\/wp\/v2\/media\/4573"}],"wp:attachment":[{"href":"https:\/\/minghanggroup.com\/de\/wp-json\/wp\/v2\/media?parent=4571"}],"wp:term":[{"taxonomy":"product_brand","embeddable":true,"href":"https:\/\/minghanggroup.com\/de\/wp-json\/wp\/v2\/product_brand?post=4571"},{"taxonomy":"product_cat","embeddable":true,"href":"https:\/\/minghanggroup.com\/de\/wp-json\/wp\/v2\/product_cat?post=4571"},{"taxonomy":"product_tag","embeddable":true,"href":"https:\/\/minghanggroup.com\/de\/wp-json\/wp\/v2\/product_tag?post=4571"}],"curies":[{"name":"wp","href":"https:\/\/api.w.org\/{rel}","templated":true}]}}