{"id":4566,"date":"2026-01-13T11:21:53","date_gmt":"2026-01-13T03:21:53","guid":{"rendered":"https:\/\/minghanggroup.com\/?post_type=product&#038;p=4566"},"modified":"2026-01-13T16:48:50","modified_gmt":"2026-01-13T08:48:50","slug":"glass-personalized-cologne-bottle-with-diamond-lids-bulk","status":"publish","type":"product","link":"https:\/\/minghanggroup.com\/de\/produkt\/glass-personalized-cologne-bottle-with-diamond-lids-bulk\/","title":{"rendered":"50 ml personalisierte Glas-Parf\u00fcmflaschen mit Diamantdeckeln (Gro\u00dfpackung)"},"content":{"rendered":"<p>Ihre personalisierten Parf\u00fcmflakons sollten nicht nur Duft speichern \u2013 sie sollten Kunden zum Innehalten und Verweilen veranlassen. Als f\u00fchrender Anbieter von Duftflakons fertigen wir Glasflakons, die Ihr individuelles Parf\u00fcm zu einem luxuri\u00f6sen und unwiderstehlichen Erlebnis im Regal machen.<\/p>\n<h2>Produktmerkmale<\/h2>\n<ul>\n<li><strong>Kontrast der Kappe (Silber\/Gold): <\/strong>Metallische Verschl\u00fcsse auf Klarglas? Parf\u00fcmverpackungen \u2013 ein Erfolg \u00fcber Nacht.<\/li>\n<li><strong>Stabilisierter, verdickter Boden, rechteckige Basis: <\/strong>Kein Wackeln im Regal. Ihr Parf\u00fcmflakon aus Glas ist schwer und hochwertig.<\/li>\n<li><strong>Facettenreiche Kappenmagie: <\/strong>Die obere Kappe reflektiert das Licht \u2013 eine sofortige Dekoration ohne zus\u00e4tzliche Kosten.<\/li>\n<\/ul>\n<h2>Wichtigste Spezifikationen<\/h2>\n<table style=\"border-collapse: collapse; width: 80%; margin-left: auto; margin-right: auto;\" border=\"0\" width=\"288\" cellspacing=\"0\" cellpadding=\"0\">\n<tbody>\n<tr style=\"height: 13.50pt;\">\n<td style=\"height: 13.5pt; width: 54pt; text-align: center;\" width=\"72\" height=\"18\">Gr\u00f6\u00dfe<\/td>\n<td style=\"width: 54pt; text-align: center;\" width=\"72\">Abmessungen (mm)<\/td>\n<td style=\"width: 54pt; text-align: center;\" width=\"72\">Kappenfarbe<\/td>\n<td style=\"width: 54pt; text-align: center;\" width=\"72\">Dichtungstyp<\/td>\n<\/tr>\n<tr style=\"height: 13.50pt;\">\n<td style=\"height: 13.5pt; text-align: center;\" height=\"18\">50 ml<\/td>\n<td style=\"text-align: center;\">58\u00d733\u00d779 \/ 58\u00d735\u00d791<\/td>\n<td style=\"text-align: center;\">Silber\/Gold<\/td>\n<td style=\"text-align: center;\">Spr\u00fchkopf (Zerst\u00e4uber)<\/td>\n<\/tr>\n<\/tbody>\n<\/table>\n<h2>Erfolgsbeispiel<\/h2>\n<p>Eine der Parf\u00fcmmarken, die sich auf hochwertige Eau de Parfum spezialisiert hat, suchte nach einer transparenten Verpackung, die die handwerkliche Qualit\u00e4t widerspiegelt und das Produkt im Premiumsegment positioniert. F\u00fcr die Markteinf\u00fchrung ihrer neuen Kollektion entschied sich die Marke f\u00fcr unsere ma\u00dfgefertigten Glasflakons mit mattierter Oberfl\u00e4che, einem dezent gepr\u00e4gten Logo auf der Vorderseite und einem individuell gestalteten Spr\u00fchkopf in Goldoptik, der perfekt zum Markenimage passt.<br \/>\nDie Marke konnte ihr Nachbestellungsvolumen innerhalb von zwei Produkteinf\u00fchrungen um 35 Prozent steigern und eine gr\u00f6\u00dfere Resonanz bei den Vertriebspartnern erzielen, was diese dazu veranlasste, \u00fcber verschiedene Saisons hinweg weiterhin Nachbestellungen aufzugeben.<\/p>\n<h2>Ihre Anpassungsoptionen<\/h2>\n<ol>\n<li><strong>Rindenfarbe:<\/strong> Goldene Bl\u00fctenaromen und silberne Holznoten \u2013 Ihre Kappe verr\u00e4t alles schon vor dem ersten Spr\u00fchsto\u00df.<\/li>\n<li><strong>UV-Druck: <\/strong>Verzieren Sie das Glas mit Blumenmotiven \u2013 Ihre Parf\u00fcmverpackungsl\u00f6sungen werden f\u00fcr Gespr\u00e4chsstoff sorgen.<\/li>\n<li><strong>Luxus gravieren: <\/strong>Lassen Sie Ihr Logo per Laser an der Seite eingravieren.<\/li>\n<\/ol>","protected":false},"excerpt":{"rendered":"<p>Personalisierter Parf\u00fcmflakon aus Klarglas mit Spr\u00fchverschluss. Arbeiten Sie mit zuverl\u00e4ssigen Herstellern von Duftflakons zusammen, die Direktbestellungen ab Werk und individuelle Gro\u00dfbestellungen anbieten.<\/p>","protected":false},"featured_media":4570,"template":"","meta":{"postBodyCss":"","postBodyMargin":[],"postBodyPadding":[],"postBodyBackground":{"backgroundType":"classic","gradient":""}},"product_brand":[],"product_cat":[15,16,62],"product_tag":[],"class_list":{"0":"post-4566","1":"product","2":"type-product","3":"status-publish","4":"has-post-thumbnail","6":"product_cat-glass-containers","7":"product_cat-glass-bottles","8":"product_cat-perfume-bottles","10":"first","11":"instock","12":"shipping-taxable","13":"product-type-simple"},"jetpack_sharing_enabled":true,"_links":{"self":[{"href":"https:\/\/minghanggroup.com\/de\/wp-json\/wp\/v2\/product\/4566","targetHints":{"allow":["GET"]}}],"collection":[{"href":"https:\/\/minghanggroup.com\/de\/wp-json\/wp\/v2\/product"}],"about":[{"href":"https:\/\/minghanggroup.com\/de\/wp-json\/wp\/v2\/types\/product"}],"wp:featuredmedia":[{"embeddable":true,"href":"https:\/\/minghanggroup.com\/de\/wp-json\/wp\/v2\/media\/4570"}],"wp:attachment":[{"href":"https:\/\/minghanggroup.com\/de\/wp-json\/wp\/v2\/media?parent=4566"}],"wp:term":[{"taxonomy":"product_brand","embeddable":true,"href":"https:\/\/minghanggroup.com\/de\/wp-json\/wp\/v2\/product_brand?post=4566"},{"taxonomy":"product_cat","embeddable":true,"href":"https:\/\/minghanggroup.com\/de\/wp-json\/wp\/v2\/product_cat?post=4566"},{"taxonomy":"product_tag","embeddable":true,"href":"https:\/\/minghanggroup.com\/de\/wp-json\/wp\/v2\/product_tag?post=4566"}],"curies":[{"name":"wp","href":"https:\/\/api.w.org\/{rel}","templated":true}]}}