{"id":4554,"date":"2026-01-12T13:39:25","date_gmt":"2026-01-12T05:39:25","guid":{"rendered":"https:\/\/minghanggroup.com\/?post_type=product&#038;p=4554"},"modified":"2026-01-12T16:44:53","modified_gmt":"2026-01-12T08:44:53","slug":"cylindrical-matte-cologne-black-bottles-bulk","status":"publish","type":"product","link":"https:\/\/minghanggroup.com\/de\/produkt\/cylindrical-matte-cologne-black-bottles-bulk\/","title":{"rendered":"30 ml, 50 ml, 100 ml zylindrische, matte, schwarze K\u00f6lnischwasserflaschen (Gro\u00dfpackung)"},"content":{"rendered":"<p>Es handelt sich um einen mattschwarzen Parf\u00fcmflakon mit einem glatten, zylindrischen Korpus (und einem dazu passenden quadratischen Verschluss), der eine ikonische und zugleich moderne und elegante Form bildet.<\/p>\n<h2>Produktmerkmale<\/h2>\n<ul>\n<li><strong>Vollst\u00e4ndig matte, schwarze Lackierung:<\/strong> Sowohl die Flasche als auch der Verschluss sind mit der gleichen mattschwarzen Oberfl\u00e4che versehen, was zu einem nahtlosen, eleganten und modernen Erscheinungsbild f\u00fchrt.<\/li>\n<li><strong>Glatt zylindrisch:<\/strong> Das klassische zylindrische Design ist glatt, robust und langlebig und verk\u00f6rpert am besten das minimalistische Markenimage.<\/li>\n<li><strong>Mehrere Gr\u00f6\u00dfen:<\/strong> Es ist in den Gr\u00f6\u00dfen 30 ml, 50 ml und 100 ml erh\u00e4ltlich und bietet somit jeder Marke eine Produktlinie, die skalierbar und harmonisierbar ist.<\/li>\n<\/ul>\n<h2 style=\"text-align: left;\">Wichtigste Spezifikationen<\/h2>\n<table class=\"aligncenter\" style=\"border-collapse: collapse; width: 475.52pt;\" border=\"0\" width=\"634\" cellspacing=\"0\" cellpadding=\"0\">\n<tbody>\n<tr style=\"height: 13.50pt;\">\n<td style=\"height: 13.50pt; width: 119.25pt;\" width=\"159\" height=\"18\">Specification<\/td>\n<td style=\"width: 356.25pt;\" width=\"475\">Details<\/td>\n<\/tr>\n<tr style=\"height: 13.50pt;\">\n<td style=\"height: 13.50pt;\" height=\"18\">Kapazit\u00e4t<\/td>\n<td>30 ml \/ 50 ml \/ 100 ml<\/td>\n<\/tr>\n<tr style=\"height: 13.50pt;\">\n<td style=\"height: 13.50pt;\" height=\"18\">Abmessungen<\/td>\n<td>45\u00d756 mm \/ 50\u00d772 mm \/ 58\u00d784 mm<\/td>\n<\/tr>\n<tr style=\"height: 13.50pt;\">\n<td style=\"height: 13.50pt;\" height=\"18\">Material<\/td>\n<td>Glas mit mattschwarzer Beschichtung<\/td>\n<\/tr>\n<tr style=\"height: 13.50pt;\">\n<td style=\"height: 13.50pt;\" height=\"18\">Flaschenform<\/td>\n<td>Zylinder<\/td>\n<\/tr>\n<tr style=\"height: 13.50pt;\">\n<td style=\"height: 13.50pt;\" height=\"18\">Anpassungsumfang<\/td>\n<td>Flaschenform, Gr\u00f6\u00dfe, Oberfl\u00e4chenstruktur, Lasergravur<\/td>\n<\/tr>\n<tr style=\"height: 13.50pt;\">\n<td style=\"height: 13.50pt;\" height=\"18\">Handwerkskunst<\/td>\n<td>Pr\u00e4zisionszylinder-Glasformung, Mattbeschichtung<\/td>\n<\/tr>\n<tr style=\"height: 13.50pt;\">\n<td style=\"height: 13.50pt;\" height=\"18\">Produktzweck<\/td>\n<td>Schwarze K\u00f6lnischwasserflaschen, Luxus-Parf\u00fcmflakons<\/td>\n<\/tr>\n<tr style=\"height: 13.50pt;\">\n<td style=\"height: 13.50pt;\" height=\"18\">Geeignete Branchen<\/td>\n<td>Zeitgen\u00f6ssische Parf\u00fcmerie, hochwertige Pflege<\/td>\n<\/tr>\n<\/tbody>\n<\/table>\n<h2>Die Erfolgsgeschichte: Skandinavisches Tech-Startup bringt Duftprodukt auf den Markt<\/h2>\n<p>Ein skandinavisches Tech-Start-up w\u00e4hlte unseren schwarzen 100-ml-Herrenparf\u00fcmflakon als Flaggschiffprodukt und veredelte ihn mit einem ultramatten Finish. Das einzigartige Design entspricht optimal der Markenphilosophie \u2013 unsichtbare Technologie \u2013 und f\u00fchrte zu einem Anstieg der Vorbestellungen um 400 Prozent. Die hohe Qualit\u00e4t und der damit verbundene Preis (60 Prozent \u00fcber den Produktionskosten) rechtfertigen die erstklassige Haptik. Das Startup war begeistert vom Erfolg des Produkts am Markt und bestellte daher weitere 500.000 Flakons f\u00fcr den Start seines internationalen Abo-Services.<\/p>\n<h2>Individualisierungsoption f\u00fcr schwarze K\u00f6lnischwasserflaschen<\/h2>\n<ul>\n<li>Variation der Oberfl\u00e4chenstruktur: Bietet verschiedene Oberfl\u00e4chenstrukturen (weiche Haptik, sandgestrahlt, samtig) f\u00fcr ein einzigartiges haptisches Erlebnis.<\/li>\n<li>\u00c4tzen mikroskopischer Details: \u00c4tzen von Mustern, Seriennummern oder Zutatenlisten usw., sodass diese nur aus bestimmten Blickwinkeln sichtbar sind.<\/li>\n<li>Individuelle Kappendetails: Die zylindrische Kappe kann mit dezenten Rillen, ger\u00e4ndelten Kanten oder verschiedenen Texturen versehen werden.<\/li>\n<li>Beschwerter Sockel: Eine Metallscheibe im Sockel sorgt f\u00fcr mehr Stabilit\u00e4t und ein hochwertigeres, solideres Gef\u00fchl.<\/li>\n<\/ul>","protected":false},"excerpt":{"rendered":"<p>Entdecken Sie den modernen schwarzen Flakon f\u00fcr Herrenparf\u00fcm mit passendem Verschluss. Dieser elegante Flakon eignet sich ideal f\u00fcr exklusive Nischend\u00fcfte. Kostenlose Probe anfordern.<\/p>","protected":false},"featured_media":4561,"template":"","meta":{"postBodyCss":"","postBodyMargin":[],"postBodyPadding":[],"postBodyBackground":{"backgroundType":"classic","gradient":""}},"product_brand":[],"product_cat":[15,16,62],"product_tag":[],"class_list":{"0":"post-4554","1":"product","2":"type-product","3":"status-publish","4":"has-post-thumbnail","6":"product_cat-glass-containers","7":"product_cat-glass-bottles","8":"product_cat-perfume-bottles","10":"first","11":"instock","12":"shipping-taxable","13":"product-type-simple"},"jetpack_sharing_enabled":true,"_links":{"self":[{"href":"https:\/\/minghanggroup.com\/de\/wp-json\/wp\/v2\/product\/4554","targetHints":{"allow":["GET"]}}],"collection":[{"href":"https:\/\/minghanggroup.com\/de\/wp-json\/wp\/v2\/product"}],"about":[{"href":"https:\/\/minghanggroup.com\/de\/wp-json\/wp\/v2\/types\/product"}],"wp:featuredmedia":[{"embeddable":true,"href":"https:\/\/minghanggroup.com\/de\/wp-json\/wp\/v2\/media\/4561"}],"wp:attachment":[{"href":"https:\/\/minghanggroup.com\/de\/wp-json\/wp\/v2\/media?parent=4554"}],"wp:term":[{"taxonomy":"product_brand","embeddable":true,"href":"https:\/\/minghanggroup.com\/de\/wp-json\/wp\/v2\/product_brand?post=4554"},{"taxonomy":"product_cat","embeddable":true,"href":"https:\/\/minghanggroup.com\/de\/wp-json\/wp\/v2\/product_cat?post=4554"},{"taxonomy":"product_tag","embeddable":true,"href":"https:\/\/minghanggroup.com\/de\/wp-json\/wp\/v2\/product_tag?post=4554"}],"curies":[{"name":"wp","href":"https:\/\/api.w.org\/{rel}","templated":true}]}}