{"id":4540,"date":"2026-01-12T11:08:58","date_gmt":"2026-01-12T03:08:58","guid":{"rendered":"https:\/\/minghanggroup.com\/?post_type=product&#038;p=4540"},"modified":"2026-01-12T11:48:17","modified_gmt":"2026-01-12T03:48:17","slug":"amber-glass-perfume-bottles-with-wooden-lids-bulk","status":"publish","type":"product","link":"https:\/\/minghanggroup.com\/de\/produkt\/amber-glass-perfume-bottles-with-wooden-lids-bulk\/","title":{"rendered":"30 ml, 50 ml, 100 ml Parf\u00fcmflakons aus Braunglas mit Holzdeckel (Gro\u00dfpackung)"},"content":{"rendered":"<p>Diese bernsteinfarbenen Parf\u00fcmflakons sind aus warmem, bernsteinbraunem, lichtdurchl\u00e4ssigem Glas gefertigt (unempfindlich gegen\u00fcber Duftstoffen mit lichtempfindlichen Inhaltsstoffen). Der zylindrische Korpus mit seiner glatten Oberfl\u00e4che wird durch einen matten Verschluss aus Naturholz erg\u00e4nzt, wodurch eine nat\u00fcrliche und warme Atmosph\u00e4re entsteht.<\/p>\n<h2>Produktmerkmale<\/h2>\n<ul>\n<li><strong>Bernsteinbraune, durchscheinende Flasche:<\/strong> Das bernsteinbraune, durchscheinende Glas ist praktisch und raffiniert zugleich, da es die Duftstoffe sch\u00fctzt (sie sind nicht exponiert) und gleichzeitig den Inhalt sichtbar macht, sodass er leicht erkennbar ist.<\/li>\n<li><strong>Kappe aus Naturholz:<\/strong> Die angenehme, nat\u00fcrliche Haptik und die W\u00e4rme des Holzbezugs in Kombination mit der bernsteinbraunen Flasche verleihen dem Ganzen einen frischen und rustikalen Wald-Look.<\/li>\n<li><strong>Sicherer Feinnebel-Spr\u00fchnebel:<\/strong> Jede Flasche des Produkts verf\u00fcgt \u00fcber einen effizienten Zerst\u00e4uber, der einen feinen Nebel erzeugt und so bei jedem Spr\u00fchsto\u00df f\u00fcr eine optimale Anwendung sorgt.<\/li>\n<\/ul>\n<h2 style=\"text-align: left;\">Wichtigste Spezifikationen<\/h2>\n<table class=\"aligncenter\" style=\"border-collapse: collapse; width: 491.27pt;\" border=\"0\" width=\"655\" cellspacing=\"0\" cellpadding=\"0\">\n<tbody>\n<tr style=\"height: 13.50pt;\">\n<td style=\"height: 13.50pt; width: 119.25pt;\" width=\"159\" height=\"18\">Specification<\/td>\n<td style=\"width: 372.00pt;\" width=\"496\">Details<\/td>\n<\/tr>\n<tr style=\"height: 13.50pt;\">\n<td style=\"height: 13.50pt;\" height=\"18\">Kapazit\u00e4t<\/td>\n<td>30 ml \/ 50 ml \/ 100 ml<\/td>\n<\/tr>\n<tr style=\"height: 13.50pt;\">\n<td style=\"height: 13.50pt;\" height=\"18\">Abmessungen<\/td>\n<td>39\u00d773 mm \/ 44\u00d784 mm \/ 53\u00d7100 mm<\/td>\n<\/tr>\n<tr style=\"height: 13.50pt;\">\n<td style=\"height: 13.50pt;\" height=\"18\">Material<\/td>\n<td>Bernsteinfarbenes Glas, Holzkappe<\/td>\n<\/tr>\n<tr style=\"height: 13.50pt;\">\n<td style=\"height: 13.50pt;\" height=\"18\">Flaschenform<\/td>\n<td>Abgerundeter Zylinder<\/td>\n<\/tr>\n<tr style=\"height: 13.50pt;\">\n<td style=\"height: 13.50pt;\" height=\"18\">Anpassungsumfang<\/td>\n<td>Flaschenform, Gr\u00f6\u00dfe, Farbe, Farbton, Verschlussmaterial\/Oberfl\u00e4che<\/td>\n<\/tr>\n<tr style=\"height: 13.50pt;\">\n<td style=\"height: 13.50pt;\" height=\"18\">Handwerkskunst<\/td>\n<td>Formgebung von Bernsteinglas, Drechseln oder Formen von Holzverbundwerkstoffen<\/td>\n<\/tr>\n<tr style=\"height: 13.50pt;\">\n<td style=\"height: 13.50pt;\" height=\"18\">Produktzweck<\/td>\n<td>Parf\u00fcmflaschen aus Braunglas, Fl\u00e4schchen f\u00fcr \u00e4therische \u00d6le<\/td>\n<\/tr>\n<tr style=\"height: 13.50pt;\">\n<td style=\"height: 13.50pt;\" height=\"18\">Geeignete Branchen<\/td>\n<td>Marken f\u00fcr nat\u00fcrliche Sch\u00f6nheit, Aromatherapie, Bio-Produkte und Wellness<\/td>\n<\/tr>\n<\/tbody>\n<\/table>\n<h2>Erfolgsbeispiel<\/h2>\n<p>Eine der f\u00fchrenden Bio-Hautpflegemarken im pazifischen Nordwesten entschied sich f\u00fcr unsere 100-ml-Parf\u00fcmflakons aus Braunglas mit Zedernholzdeckeln und leicht mattiertem Korpus. Das Braunglas bietet wichtigen UV-Schutz und verl\u00e4ngert die Haltbarkeit der nat\u00fcrlichen Inhaltsstoffe um etwa 30 Tage. Besonders beliebt bei den Kunden waren die Holzdeckel, die in 80 Prozent der positiven Bewertungen erw\u00e4hnt wurden. Dies best\u00e4rkte die Marke so sehr, dass sie aufgrund des Kundenfeedbacks und der Produktleistung weitere 200.000 Flakons bestellte, um die neue Duftlinie zu etablieren.<\/p>\n<h2>Individuell gestaltbare Designs f\u00fcr bernsteinfarbene Parf\u00fcmflaschen<\/h2>\n<ul>\n<li>Auswahl an Bernsteint\u00f6nen: Sie haben die Wahl zwischen einer Vielzahl verschiedener Bernsteint\u00f6ne. Die Farbpalette reicht von hellem Honiggelb bis zu tiefem Cognac.<\/li>\n<li>Personalisierte Holzkappen: Kunden k\u00f6nnen ihre Kappen aus verschiedenen Holzarten anfertigen lassen. Neben ihrer Umweltfreundlichkeit eignen sich unter anderem Bambus, Kork und Sandelholz als Materialien.<\/li>\n<li>Glas\u00e4tzung: Lassen Sie ein Muster, Markennamen oder eine botanische Zeichnung in die Glasoberfl\u00e4che \u00e4tzen.<\/li>\n<li>Mattiertes Glas: Mattierte Glasflaschen werden durch das Aufbringen einer vollst\u00e4ndigen Mattierung oder einer Mattierung mit Farbverlauf auf bernsteinfarbene Glasflaschen erzielt, wodurch ein viel weicherer und undurchsichtigerer Effekt entsteht.<\/li>\n<\/ul>","protected":false},"excerpt":{"rendered":"<p>Entdecken Sie Parf\u00fcmflakons aus bernsteinfarbenem Glas mit Deckeln aus Naturholz. Diese minimalistische Kollektion aus bernsteinfarbenen Parf\u00fcmflakons ist ideal f\u00fcr Nischend\u00fcfte. Schneller Versand!<\/p>","protected":false},"featured_media":4541,"template":"","meta":{"postBodyCss":"","postBodyMargin":[],"postBodyPadding":[],"postBodyBackground":{"backgroundType":"classic","gradient":""}},"product_brand":[],"product_cat":[15,16,62],"product_tag":[],"class_list":{"0":"post-4540","1":"product","2":"type-product","3":"status-publish","4":"has-post-thumbnail","6":"product_cat-glass-containers","7":"product_cat-glass-bottles","8":"product_cat-perfume-bottles","10":"first","11":"instock","12":"shipping-taxable","13":"product-type-simple"},"jetpack_sharing_enabled":true,"_links":{"self":[{"href":"https:\/\/minghanggroup.com\/de\/wp-json\/wp\/v2\/product\/4540","targetHints":{"allow":["GET"]}}],"collection":[{"href":"https:\/\/minghanggroup.com\/de\/wp-json\/wp\/v2\/product"}],"about":[{"href":"https:\/\/minghanggroup.com\/de\/wp-json\/wp\/v2\/types\/product"}],"wp:featuredmedia":[{"embeddable":true,"href":"https:\/\/minghanggroup.com\/de\/wp-json\/wp\/v2\/media\/4541"}],"wp:attachment":[{"href":"https:\/\/minghanggroup.com\/de\/wp-json\/wp\/v2\/media?parent=4540"}],"wp:term":[{"taxonomy":"product_brand","embeddable":true,"href":"https:\/\/minghanggroup.com\/de\/wp-json\/wp\/v2\/product_brand?post=4540"},{"taxonomy":"product_cat","embeddable":true,"href":"https:\/\/minghanggroup.com\/de\/wp-json\/wp\/v2\/product_cat?post=4540"},{"taxonomy":"product_tag","embeddable":true,"href":"https:\/\/minghanggroup.com\/de\/wp-json\/wp\/v2\/product_tag?post=4540"}],"curies":[{"name":"wp","href":"https:\/\/api.w.org\/{rel}","templated":true}]}}