{"id":4530,"date":"2026-01-12T09:24:34","date_gmt":"2026-01-12T01:24:34","guid":{"rendered":"https:\/\/minghanggroup.com\/?post_type=product&#038;p=4530"},"modified":"2026-01-12T10:41:57","modified_gmt":"2026-01-12T02:41:57","slug":"glass-empty-spray-bottles-for-perfume-wholesale","status":"publish","type":"product","link":"https:\/\/minghanggroup.com\/de\/produkt\/glass-empty-spray-bottles-for-perfume-wholesale\/","title":{"rendered":"30 ml, 50 ml, 100 ml leere Glas-Spr\u00fchflaschen f\u00fcr Parf\u00fcm (Gro\u00dfhandel)"},"content":{"rendered":"<p>Hierbei handelt es sich um leere, rechteckige Spr\u00fchflaschen f\u00fcr Parf\u00fcm. Die transparente Flasche pr\u00e4sentiert Ihr Parf\u00fcm optimal und ist mit matten, wei\u00dfen, silbernen oder schwarzen zylindrischen Verschl\u00fcssen erh\u00e4ltlich, sodass Sie Ihr Parf\u00fcm individuell an Ihre Marke anpassen k\u00f6nnen.<\/p>\n<h2>Produktmerkmale<\/h2>\n<ul>\n<li><strong>Feiner Spr\u00fchnebel:<\/strong> Das Spray sorgt f\u00fcr ein luxuri\u00f6ses Dufterlebnis, indem es bei jeder Anwendung einen feinen und gleichm\u00e4\u00dfigen Spr\u00fchnebel abgibt.<\/li>\n<li><strong>Hochtransparentes Glas:<\/strong> Hierbei handelt es sich um ein Parf\u00fcm, das aus hochtransparentem Glas hergestellt wird, wodurch die Farbe und Reinheit des Parf\u00fcms zum visuellen Anker werden.<\/li>\n<li><strong>Stilvolle Kappe:<\/strong> F\u00fcr den Verschluss stehen drei verschiedene Oberfl\u00e4chen zur Auswahl, die dem Parf\u00fcmflakon sofort Stil und Qualit\u00e4t verleihen.<\/li>\n<\/ul>\n<h2 style=\"text-align: left;\">Wichtigste Spezifikationen<\/h2>\n<table class=\"aligncenter\" style=\"border-collapse: collapse; width: 491.27pt;\" border=\"0\" width=\"655\" cellspacing=\"0\" cellpadding=\"0\">\n<tbody>\n<tr style=\"height: 13.50pt;\">\n<td style=\"height: 13.50pt; width: 119.25pt;\" width=\"159\" height=\"18\">Specification<\/td>\n<td style=\"width: 372.00pt;\" width=\"496\">Details<\/td>\n<\/tr>\n<tr style=\"height: 13.50pt;\">\n<td style=\"height: 13.50pt;\" height=\"18\">Abmessungen<\/td>\n<td>51\u00d733\u00d768 mm (30 ml) \/ 56\u00d737\u00d782 mm (50 ml) \/ 56\u00d727\u00d7132 mm (100 ml)<\/td>\n<\/tr>\n<tr style=\"height: 13.50pt;\">\n<td style=\"height: 13.50pt;\" height=\"18\">Material<\/td>\n<td>Hochwertiges Klarglas<\/td>\n<\/tr>\n<tr style=\"height: 13.50pt;\">\n<td style=\"height: 13.50pt;\" height=\"18\">Flaschenform<\/td>\n<td>Rechteck<\/td>\n<\/tr>\n<tr style=\"height: 13.50pt;\">\n<td style=\"height: 13.50pt;\" height=\"18\">Anpassungsumfang<\/td>\n<td>Farbe \/ Oberfl\u00e4che \/ Kappenmaterial \/ Gravur \/ Gr\u00f6\u00dfe<\/td>\n<\/tr>\n<tr style=\"height: 13.50pt;\">\n<td style=\"height: 13.50pt;\" height=\"18\">Handwerkskunst<\/td>\n<td>Pr\u00e4zisionsgeformte, abgerundete Kanten, strukturierte Kappenherstellung<\/td>\n<\/tr>\n<tr style=\"height: 13.50pt;\">\n<td style=\"height: 13.50pt;\" height=\"18\">Produktzweck<\/td>\n<td>Leere Spr\u00fchflaschen f\u00fcr Parf\u00fcm, Parf\u00fcm-Spr\u00fchflaschen aus Glas<\/td>\n<\/tr>\n<tr style=\"height: 13.50pt;\">\n<td style=\"height: 13.50pt;\" height=\"18\">Zielbranchen<\/td>\n<td>Individuelle Duftsets, luxuri\u00f6se Geschenksets, hochwertige Firmengeschenke<\/td>\n<\/tr>\n<\/tbody>\n<\/table>\n<h2>Erfolgsgeschichte: Die Resort-Kollektion der Lifestyle-Marke Miami<\/h2>\n<p>Unser 100-ml-Parf\u00fcmzerst\u00e4uber aus Glas wurde von einer Luxusmarke aus Miami ausgew\u00e4hlt. Jeder Duft wurde mit einem weiteren strukturierten Verschluss (wei\u00df, silber, schwarz) angeboten. Die weiche, quadratische Form des Flakons verk\u00f6rpert die hochwertige Haptik und die Philosophie des entspannten Luxus perfekt und wurde in 70 % der positiven Medienberichte hervorgehoben. Die strukturierte Oberfl\u00e4che der Verschl\u00fcsse sorgt f\u00fcr einen sicheren Halt, was bei den Kunden sehr beliebt ist, und minimiert das Risiko des versehentlichen Herunterfallens um 99 %. Aufgrund des gro\u00dfen Erfolgs und der positiven Resonanz am Markt bestellte die Marke weitere 400.000 Flakons f\u00fcr ihre regul\u00e4re Kernkollektion und saisonale Produktlinien.<\/p>\n<h2>Individuell gestaltete leere Spr\u00fchflaschen f\u00fcr Parf\u00fcm<\/h2>\n<ul>\n<li>Mattiertes oder get\u00f6ntes Glas: Um ein sanfteres Erscheinungsbild zu erzielen, wird eine mattierte Oberfl\u00e4che verwendet, oder es kann get\u00f6ntes Glas (rauchgrau, kobaltblau, bernsteinfarben) eingesetzt werden, um den Charakter der Marke zu betonen.<\/li>\n<li>Laserge\u00e4tztes Glas: Markieren Sie ein Wellenmuster entlang der K\u00fcste, Koordinaten oder einen einfachen Markennamen durch ein Wellenmuster auf einem flachen Glasst\u00fcck.<\/li>\n<li>Metallische Verzierungen: Ein feines Metallband (Kupfer, Ros\u00e9gold) ziert den oberen oder unteren Rand der Flasche.<\/li>\n<li>Gestaltung der kleinen Spr\u00fchd\u00fcse: Spr\u00fchen Sie den Knopf der kleinen Spr\u00fchd\u00fcse auf der Kappe in Ihrer Wunschfarbe oder mit Ihrem Markenlogo auf.<\/li>\n<\/ul>","protected":false},"excerpt":{"rendered":"<p>Leere Parf\u00fcmzerst\u00e4uber aus hochwertigem Glas mit abgerundetem, quadratischem Design. OEM-Fertigung mit individuellen Verschl\u00fcssen, Gr\u00f6\u00dfen und Branding m\u00f6glich.<\/p>","protected":false},"featured_media":4532,"template":"","meta":{"postBodyCss":"","postBodyMargin":[],"postBodyPadding":[],"postBodyBackground":{"backgroundType":"classic","gradient":""}},"product_brand":[],"product_cat":[15,16,62],"product_tag":[],"class_list":{"0":"post-4530","1":"product","2":"type-product","3":"status-publish","4":"has-post-thumbnail","6":"product_cat-glass-containers","7":"product_cat-glass-bottles","8":"product_cat-perfume-bottles","10":"first","11":"instock","12":"shipping-taxable","13":"product-type-simple"},"jetpack_sharing_enabled":true,"_links":{"self":[{"href":"https:\/\/minghanggroup.com\/de\/wp-json\/wp\/v2\/product\/4530","targetHints":{"allow":["GET"]}}],"collection":[{"href":"https:\/\/minghanggroup.com\/de\/wp-json\/wp\/v2\/product"}],"about":[{"href":"https:\/\/minghanggroup.com\/de\/wp-json\/wp\/v2\/types\/product"}],"wp:featuredmedia":[{"embeddable":true,"href":"https:\/\/minghanggroup.com\/de\/wp-json\/wp\/v2\/media\/4532"}],"wp:attachment":[{"href":"https:\/\/minghanggroup.com\/de\/wp-json\/wp\/v2\/media?parent=4530"}],"wp:term":[{"taxonomy":"product_brand","embeddable":true,"href":"https:\/\/minghanggroup.com\/de\/wp-json\/wp\/v2\/product_brand?post=4530"},{"taxonomy":"product_cat","embeddable":true,"href":"https:\/\/minghanggroup.com\/de\/wp-json\/wp\/v2\/product_cat?post=4530"},{"taxonomy":"product_tag","embeddable":true,"href":"https:\/\/minghanggroup.com\/de\/wp-json\/wp\/v2\/product_tag?post=4530"}],"curies":[{"name":"wp","href":"https:\/\/api.w.org\/{rel}","templated":true}]}}