{"id":4529,"date":"2026-01-12T10:39:55","date_gmt":"2026-01-12T02:39:55","guid":{"rendered":"https:\/\/minghanggroup.com\/?post_type=product&#038;p=4529"},"modified":"2026-01-12T16:51:39","modified_gmt":"2026-01-12T08:51:39","slug":"clear-glass-perfume-bottle-custom-design-for-packaging-bulk","status":"publish","type":"product","link":"https:\/\/minghanggroup.com\/de\/produkt\/clear-glass-perfume-bottle-custom-design-for-packaging-bulk\/","title":{"rendered":"50 ml und 100 ml Parf\u00fcmflasche aus Klarglas \u2013 individuelles Design f\u00fcr Gro\u00dfpackungen"},"content":{"rendered":"<p>Ihre individuellen Parf\u00fcmflakons sollten nicht nur Duft speichern \u2013 sie sollten Kunden zum Innehalten und Weiterscrollen bewegen. Als Hersteller von Parf\u00fcmflakons fertigen wir Glasflakons, die Ihr individuelles Parf\u00fcm zu einem sofortigen Luxus-Statement machen.<\/p>\n<h2>Produktmerkmale<\/h2>\n<ul>\n<li><strong>Kristallklare Klarheit:<\/strong> Dieser Glasflakon enth\u00fcllt die exquisite Nuance Ihres Duftes. Er enth\u00e4lt keine tr\u00fcben Filter, sondern nur die Sch\u00f6nheit des reinen Glases.<\/li>\n<li><strong>Stabile rechteckige Basis:<\/strong> Der verdickte Flaschenboden verhindert Wackeln im Regal. Das Gewicht des Parf\u00fcmflakons vermittelt ein luxuri\u00f6ses und hochwertiges Gef\u00fchl.<\/li>\n<li><strong>Kontrast der schwarzen Kappe:<\/strong> Mattschwarze Verschl\u00fcsse kombiniert mit Klarglas? Ihre Parf\u00fcmverpackung erh\u00e4lt in Sekundenschnelle eine atemberaubende dekorative Note.<\/li>\n<\/ul>\n<h2>Wichtigste Spezifikationen<\/h2>\n<table style=\"border-collapse: collapse; width: 80%; margin-left: auto; margin-right: auto;\" border=\"0\" width=\"360\" cellspacing=\"0\" cellpadding=\"0\">\n<tbody>\n<tr style=\"height: 13.50pt;\">\n<td style=\"height: 13.5pt; width: 54pt; text-align: center;\" width=\"72\" height=\"18\">Gr\u00f6\u00dfe (ml)<\/td>\n<td style=\"width: 54pt; text-align: center;\" width=\"72\">Abmessungen (mm)<\/td>\n<td style=\"width: 54pt; text-align: center;\" width=\"72\">Material<\/td>\n<td style=\"width: 54pt; text-align: center;\" width=\"72\">Kappenart<\/td>\n<td style=\"width: 54pt; text-align: center;\" width=\"72\">Dichtungstyp<\/td>\n<\/tr>\n<tr style=\"height: 13.50pt;\">\n<td style=\"height: 13.5pt; text-align: center;\" height=\"18\">50<\/td>\n<td style=\"text-align: center;\">82\u00d754\u00d729<\/td>\n<td class=\"et2\" style=\"text-align: center;\" rowspan=\"2\">Kristallglas<\/td>\n<td class=\"et2\" style=\"text-align: center;\" rowspan=\"2\">Mattschwarz<\/td>\n<td class=\"et2\" style=\"text-align: center;\" rowspan=\"2\">Spr\u00fchdeckel<\/td>\n<\/tr>\n<tr style=\"height: 13.50pt;\">\n<td style=\"height: 13.5pt; text-align: center;\" height=\"18\">100<\/td>\n<td style=\"text-align: center;\">107\u00d772\u00d731<\/td>\n<\/tr>\n<\/tbody>\n<\/table>\n<h2>Erfolgsbeispiel<\/h2>\n<p>Ein Parf\u00fcmhersteller hat mit uns zusammengearbeitet, um diesen transparenten Glasflakon f\u00fcr die Markteinf\u00fchrung seines neuen Duftes zu entwickeln. Die Proportionen des Flakons wurden im Hinblick auf die Markenpositionierung durch die Verwendung von hochtransparentem Glas optimal angepasst. Der Flakon tr\u00e4gt ein erhabenes Logo und ist mit einem speziell angefertigten, schwarzen Zylinderverschluss versehen. Er bietet zudem Platz f\u00fcr Siebdruck und Etikettierung, um den Anforderungen der Marken-Seriennummerierung gerecht zu werden.<\/p>\n<p>Als Folge der Produkteinf\u00fchrung hat sich die allgemeine Qualit\u00e4t der Verpackung deutlich verbessert, der Absatz des neuen Parfums hat sich im Vergleich zum Vorjahr verdoppelt, was einem Anstieg von rund 25 % entspricht, und es wurde vom Markt sehr positiv aufgenommen.<\/p>\n<h2>Ihre Anpassungsoptionen<\/h2>\n<ol>\n<li><strong>Passende Kappe zu den Duftnoten: <\/strong>Schwarze Kappen f\u00fcr holzige \u00e4therische \u00d6le, silberne f\u00fcr Zitrus\u00f6le \u2013 Ihre Kappe bestimmt die Stimmung.<\/li>\n<li><strong>Verwenden Sie Klarglas f\u00fcr die Produktpr\u00e4sentation: <\/strong>Lassen Sie Ihren Duft zur Geltung kommen \u2013 perfekt f\u00fcr hochwertige Duftverpackungen.<\/li>\n<li><strong>Vollst\u00e4ndig individualisierbar mit einem Verdampfer: <\/strong>W\u00e4hlen Sie zwischen rosafarbenen, blauen oder schwarzen Zerst\u00e4uberpumpen \u2013 Ihr Spray erz\u00e4hlt die Geschichte des Duftes.<\/li>\n<\/ol>","protected":false},"excerpt":{"rendered":"<p>Individuelle Parf\u00fcmflaschen von erfahrenen Herstellern. Direkt vom Hersteller, auch Gro\u00dfbestellungen f\u00fcr Marken m\u00f6glich.<\/p>","protected":false},"featured_media":4538,"template":"","meta":{"postBodyCss":"","postBodyMargin":[],"postBodyPadding":[],"postBodyBackground":{"backgroundType":"classic","gradient":""}},"product_brand":[],"product_cat":[15,16,62],"product_tag":[],"class_list":{"0":"post-4529","1":"product","2":"type-product","3":"status-publish","4":"has-post-thumbnail","6":"product_cat-glass-containers","7":"product_cat-glass-bottles","8":"product_cat-perfume-bottles","10":"first","11":"instock","12":"shipping-taxable","13":"product-type-simple"},"jetpack_sharing_enabled":true,"_links":{"self":[{"href":"https:\/\/minghanggroup.com\/de\/wp-json\/wp\/v2\/product\/4529","targetHints":{"allow":["GET"]}}],"collection":[{"href":"https:\/\/minghanggroup.com\/de\/wp-json\/wp\/v2\/product"}],"about":[{"href":"https:\/\/minghanggroup.com\/de\/wp-json\/wp\/v2\/types\/product"}],"wp:featuredmedia":[{"embeddable":true,"href":"https:\/\/minghanggroup.com\/de\/wp-json\/wp\/v2\/media\/4538"}],"wp:attachment":[{"href":"https:\/\/minghanggroup.com\/de\/wp-json\/wp\/v2\/media?parent=4529"}],"wp:term":[{"taxonomy":"product_brand","embeddable":true,"href":"https:\/\/minghanggroup.com\/de\/wp-json\/wp\/v2\/product_brand?post=4529"},{"taxonomy":"product_cat","embeddable":true,"href":"https:\/\/minghanggroup.com\/de\/wp-json\/wp\/v2\/product_cat?post=4529"},{"taxonomy":"product_tag","embeddable":true,"href":"https:\/\/minghanggroup.com\/de\/wp-json\/wp\/v2\/product_tag?post=4529"}],"curies":[{"name":"wp","href":"https:\/\/api.w.org\/{rel}","templated":true}]}}