{"id":4518,"date":"2026-01-09T14:57:15","date_gmt":"2026-01-09T06:57:15","guid":{"rendered":"https:\/\/minghanggroup.com\/?post_type=product&#038;p=4518"},"modified":"2026-01-09T16:53:31","modified_gmt":"2026-01-09T08:53:31","slug":"empty-fancy-cologne-bottles-with-spray-bulk","status":"publish","type":"product","link":"https:\/\/minghanggroup.com\/de\/produkt\/empty-fancy-cologne-bottles-with-spray-bulk\/","title":{"rendered":"30 ml, 50 ml, 100 ml Leere, edle Parf\u00fcmflaschen mit Spr\u00fchkopf (Gro\u00dfpackung)"},"content":{"rendered":"<p>Diese edlen Parf\u00fcmflakons sind aus kristallklarem Glas gefertigt und vereinen mit ihrer abgerundeten, quadratischen Form \u00c4sthetik und Griffigkeit. Ihre elegante Sch\u00f6nheit wird durch drei weitere, strukturierte Verschl\u00fcsse (mattwei\u00df, silber und mattschwarz) unterstrichen.<\/p>\n<h2>Produktmerkmale<\/h2>\n<ul>\n<li><strong>Kappen-Design mit mehreren Texturen:<\/strong> Drei verschiedene Kappen, darunter eine mattwei\u00dfe, eine silberne und eine schwarze, weisen unterschiedliche visuelle und haptische Eigenschaften auf und sprechen damit unterschiedliche Modevorlieben an.<\/li>\n<li><strong>Abgerundeter quadratischer Korpus:<\/strong> Der abgerundete, quadratische Korpus zeichnet sich durch ein elegantes und attraktives Design aus und bietet zudem eine komfortable Ablagefl\u00e4che.<\/li>\n<li><strong>Transparentes Glasmaterial:<\/strong> Das Glasmaterial ist von hoher Qualit\u00e4t und transparent mit einer edlen Haptik, die den Charme Ihres Parfums perfekt zur Geltung bringt.<\/li>\n<\/ul>\n<h2 style=\"text-align: left;\">Wichtigste Spezifikationen<\/h2>\n<table class=\"aligncenter\" style=\"border-collapse: collapse; width: 467.27pt;\" border=\"0\" width=\"623\" cellspacing=\"0\" cellpadding=\"0\">\n<tbody>\n<tr style=\"height: 13.50pt;\">\n<td style=\"height: 13.50pt; width: 119.25pt;\" width=\"159\" height=\"18\">Specification<\/td>\n<td style=\"width: 348.00pt;\" width=\"464\">Details<\/td>\n<\/tr>\n<tr style=\"height: 13.50pt;\">\n<td style=\"height: 13.50pt;\" height=\"18\">Abmessungen<\/td>\n<td>51\u00d733\u00d768 mm (30 ml) \/ 56\u00d737\u00d782 mm (50 ml) \/ 62\u00d740\u00d7117 mm (100 ml)<\/td>\n<\/tr>\n<tr style=\"height: 13.50pt;\">\n<td style=\"height: 13.50pt;\" height=\"18\">Material<\/td>\n<td>Hochwertiges Klarglas<\/td>\n<\/tr>\n<tr style=\"height: 13.50pt;\">\n<td style=\"height: 13.50pt;\" height=\"18\">Flaschenform<\/td>\n<td>Abgerundetes quadratisches Prisma<\/td>\n<\/tr>\n<tr style=\"height: 13.50pt;\">\n<td style=\"height: 13.50pt;\" height=\"18\">Anpassungsumfang<\/td>\n<td>Flaschenform, Gr\u00f6\u00dfe, Farbe, Oberfl\u00e4che<\/td>\n<\/tr>\n<tr style=\"height: 13.50pt;\">\n<td style=\"height: 13.50pt;\" height=\"18\">Handwerkskunst<\/td>\n<td>Pr\u00e4zisionsgeformte, abgerundete Kanten, strukturierte Kappenherstellung<\/td>\n<\/tr>\n<tr style=\"height: 13.50pt;\">\n<td style=\"height: 13.50pt;\" height=\"18\">Produktzweck<\/td>\n<td>Edle Parf\u00fcmflaschen, Duftflaschen in Gro\u00dfpackungen<\/td>\n<\/tr>\n<tr style=\"height: 13.50pt;\">\n<td style=\"height: 13.50pt;\" height=\"18\">Geeignete Branchen<\/td>\n<td>Luxuri\u00f6se Pflege, Boutique-Einzelhandel<\/td>\n<\/tr>\n<\/tbody>\n<\/table>\n<h2>Erfolgsbeispiel: Resort-Kollektion der Lifestyle-Marke Miami<\/h2>\n<p>Eine unserer exklusiven Lifestyle-Marken in Miami w\u00e4hlte unseren 100-ml-Parf\u00fcmflakon mit Spr\u00fchkopf und stattete jeden Duft mit einem passenden Verschluss in Wei\u00df, Silber und Schwarz aus. Die hochwertige Haptik und die sanfte, quadratische Form f\u00fchrten zu 70 positiven Bewertungen. Die geriffelten Verschl\u00fcsse bieten einen sicheren Halt, was von den Kunden sehr gesch\u00e4tzt wird, und reduzieren das versehentliche Versch\u00fctten um 99,9 %. Die Marke war mit dem Erfolg des Produkts und der positiven Resonanz am Markt \u00e4u\u00dferst zufrieden und bestellte daher weitere 400.000 Flakons sowohl aus der regul\u00e4ren Kernkollektion als auch aus der neuen Saisonkollektion.<\/p>\n<h2>Flaschenindividualisierung: Edle Parf\u00fcmflaschen<\/h2>\n<ul>\n<li>Komplett individuelles Kappen-Design: Sie haben die M\u00f6glichkeit, Ihre eigenen Kappen-Texturen (Leinen, Holzmaserung, Geometrie) und Farben passend zu Ihrer Marke zu gestalten.<\/li>\n<li>Mattiertes oder get\u00f6ntes Glas: Sie k\u00f6nnen entweder auf ein dezentes Erscheinungsbild mit mattierter Oberfl\u00e4che setzen oder get\u00f6ntes Glas (Rauchglas, Kobaltblau, Bernstein) w\u00e4hlen, um Ihre Marke hervorzuheben.<\/li>\n<li>Glaslasergravur: Die Glaslasergravur ist eine weitere hervorragende Alternative, um eindrucksvolle Bilder von Meereswellen, Koordinaten oder einfache Logos auf einer Standardglasscheibe anzubringen.<\/li>\n<li>Individuelle Spr\u00fchger\u00e4tedekoration: Lackieren Sie den kleinen Spr\u00fchknopf auf der Kappe in einer Farbe, die zur Farbe der Kappe oder des Markenlogos passt, das Sie gew\u00e4hlt haben.<\/li>\n<\/ul>","protected":false},"excerpt":{"rendered":"<p>Elegante Parf\u00fcmflakons aus abgerundetem, quadratischem Klarglas mit Spr\u00fchpumpe. Direkt vom Hersteller: Parf\u00fcmflakon mit Spr\u00fchkopf zum Nachf\u00fcllen, f\u00fcr Reisen und als Markenverpackung.<\/p>","protected":false},"featured_media":4520,"template":"","meta":{"postBodyCss":"","postBodyMargin":[],"postBodyPadding":[],"postBodyBackground":{"backgroundType":"classic","gradient":""}},"product_brand":[],"product_cat":[15,16,62],"product_tag":[],"class_list":{"0":"post-4518","1":"product","2":"type-product","3":"status-publish","4":"has-post-thumbnail","6":"product_cat-glass-containers","7":"product_cat-glass-bottles","8":"product_cat-perfume-bottles","10":"first","11":"instock","12":"shipping-taxable","13":"product-type-simple"},"jetpack_sharing_enabled":true,"_links":{"self":[{"href":"https:\/\/minghanggroup.com\/de\/wp-json\/wp\/v2\/product\/4518","targetHints":{"allow":["GET"]}}],"collection":[{"href":"https:\/\/minghanggroup.com\/de\/wp-json\/wp\/v2\/product"}],"about":[{"href":"https:\/\/minghanggroup.com\/de\/wp-json\/wp\/v2\/types\/product"}],"wp:featuredmedia":[{"embeddable":true,"href":"https:\/\/minghanggroup.com\/de\/wp-json\/wp\/v2\/media\/4520"}],"wp:attachment":[{"href":"https:\/\/minghanggroup.com\/de\/wp-json\/wp\/v2\/media?parent=4518"}],"wp:term":[{"taxonomy":"product_brand","embeddable":true,"href":"https:\/\/minghanggroup.com\/de\/wp-json\/wp\/v2\/product_brand?post=4518"},{"taxonomy":"product_cat","embeddable":true,"href":"https:\/\/minghanggroup.com\/de\/wp-json\/wp\/v2\/product_cat?post=4518"},{"taxonomy":"product_tag","embeddable":true,"href":"https:\/\/minghanggroup.com\/de\/wp-json\/wp\/v2\/product_tag?post=4518"}],"curies":[{"name":"wp","href":"https:\/\/api.w.org\/{rel}","templated":true}]}}