{"id":4507,"date":"2026-01-09T13:36:30","date_gmt":"2026-01-09T05:36:30","guid":{"rendered":"https:\/\/minghanggroup.com\/?post_type=product&#038;p=4507"},"modified":"2026-01-09T14:39:52","modified_gmt":"2026-01-09T06:39:52","slug":"empty-square-fragrance-spray-bottles-wholesale","status":"publish","type":"product","link":"https:\/\/minghanggroup.com\/de\/produkt\/empty-square-fragrance-spray-bottles-wholesale\/","title":{"rendered":"30 ml, 50 ml, 100 ml leere quadratische Duftsprayflaschen im Gro\u00dfhandel"},"content":{"rendered":"<p>Die Duftzerst\u00e4uberflaschen sind aus kristallklarem Glas gefertigt und zeichnen sich durch eine quadratische Form, flie\u00dfende Linien und drei verschiedene Verschlussarten aus: einen facettierten, kristallklaren Verschluss, einen zylindrischen, mattschwarzen Verschluss und eine polierte silberne Spr\u00fchd\u00fcse.<\/p>\n<h2>Produktmerkmale<\/h2>\n<ul>\n<li><strong>Hochreines Glas:<\/strong> Durch das vollkommen transparente Glas ist der Duft im Inneren sichtbar, was dem Produkt eine saubere und elegante Note verleiht.<\/li>\n<li><strong>Mehrere Kappenoptionen:<\/strong> Die Vielfalt der Kappen (Diamant-, Schliff-, schwarze zylindrische, silberne Spr\u00fchkappen) deckt ein breites Spektrum an Branding-Anforderungen ab.<\/li>\n<li><strong>Form des Flaschenquadrats:<\/strong> Die Flasche ist weich, f\u00fchlt sich modern und angenehm an und hat ein stilvolles Aussehen.<\/li>\n<\/ul>\n<h2 style=\"text-align: left;\">Wichtigste Spezifikationen<\/h2>\n<table class=\"aligncenter\" style=\"border-collapse: collapse; width: 438.77pt;\" border=\"0\" width=\"585\" cellspacing=\"0\" cellpadding=\"0\">\n<tbody>\n<tr style=\"height: 13.50pt;\">\n<td style=\"height: 13.50pt; width: 119.25pt;\" width=\"159\" height=\"18\">Specification<\/td>\n<td style=\"width: 319.50pt;\" width=\"426\">Details<\/td>\n<\/tr>\n<tr style=\"height: 13.50pt;\">\n<td style=\"height: 13.50pt;\" height=\"18\">Abmessungen<\/td>\n<td>46\u00d725\u00d768 mm (30 ml) \/ 46\u00d730\u00d7100 mm (50 ml) \/ 63\u00d730\u00d7113 mm (100 ml)<\/td>\n<\/tr>\n<tr style=\"height: 13.50pt;\">\n<td style=\"height: 13.50pt;\" height=\"18\">Material<\/td>\n<td>Deckel aus hochtransparentem Glas, Kunststoff oder Metall<\/td>\n<\/tr>\n<tr style=\"height: 13.50pt;\">\n<td style=\"height: 13.50pt;\" height=\"18\">Flaschenform<\/td>\n<td>Rechteck<\/td>\n<\/tr>\n<tr style=\"height: 13.50pt;\">\n<td style=\"height: 13.50pt;\" height=\"18\">Anpassungsumfang<\/td>\n<td>Flaschenform, Gr\u00f6\u00dfe, Farbe, Mattierung, Oberfl\u00e4che<\/td>\n<\/tr>\n<tr style=\"height: 13.50pt;\">\n<td style=\"height: 13.50pt;\" height=\"18\">Handwerkskunst<\/td>\n<td>Glasformung, Pr\u00e4zisionskappenherstellung (Diamantschneiden, Metallbearbeitung)<\/td>\n<\/tr>\n<tr style=\"height: 13.50pt;\">\n<td style=\"height: 13.50pt;\" height=\"18\">Produktzweck<\/td>\n<td>Duftsprayflaschen, individuell gestaltete Parf\u00fcmflaschen<\/td>\n<\/tr>\n<tr style=\"height: 13.50pt;\">\n<td style=\"height: 13.50pt;\" height=\"18\">Geeignete Branchen<\/td>\n<td>Zeitgen\u00f6ssische Parf\u00fcmerie, Nischen- und Luxuseinzelhandel<\/td>\n<\/tr>\n<\/tbody>\n<\/table>\n<h2>Erfolgsgeschichte: Ein Bestseller aus der Geschenkkollektion einer Lifestyle-Marke aus Sydney<\/h2>\n<p>Wir wurden von einem renommierten nordischen Designstudio beauftragt, individuelle Parf\u00fcmflakons mit ma\u00dfgefertigten, diamantgeschliffenen Verschl\u00fcssen zu entwickeln. Die erste Bestellung umfasste 1800 Flakons. Die Marktpositionierung war \u00e4u\u00dferst erfolgreich: Die gro\u00dfe Auswahl an Verschl\u00fcssen und die markante Flakonform trugen zu einer um 44 % h\u00f6heren Platzierung im Einzelhandel bei. Das harmonische Erscheinungsbild der Parf\u00fcmflakons f\u00fchrte im ersten Jahr zu einem Umsatzwachstum von 250 % gegen\u00fcber den Erwartungen. Das Studio war sehr zufrieden und bestellte sp\u00e4ter weitere 500.000 Flakons, um den internationalen Markt zu erschlie\u00dfen.<\/p>\n<h2>Personalisierung von Duftsprayflaschen<\/h2>\n<ul>\n<li>Glasfarbe und Transparenz: Es kann aus klarem, get\u00f6ntem oder mattiertem Glas bestehen.<\/li>\n<li>Individuell gestaltete Kappen: Wir bieten auch einzigartig gestaltete Kappen an. Dabei k\u00f6nnen spezifische Farben, Materialien (Holz, Keramik) oder Designaspekte ber\u00fccksichtigt werden.<\/li>\n<li>Laser\u00e4tzung: Die Oberfl\u00e4che des Glases kann mit einfachen Mustern oder eingravierten Markenlogos verziert werden.<\/li>\n<li>Individuelle D\u00fcsenfarben: W\u00e4hlen Sie die D\u00fcsenfarbe, die zur Kappen- oder Markenfarbe passt.<\/li>\n<\/ul>","protected":false},"excerpt":{"rendered":"<p>Duftzerst\u00e4uber aus quadratischem Klarglas mit verschiedenen Verschl\u00fcssen. Individuelle Parf\u00fcmflaschen direkt vom Hersteller \u2013 L\u00f6sungen f\u00fcr Marken, Nachf\u00fcllpackungen und Einzelhandelsverpackungen.<\/p>","protected":false},"featured_media":4510,"template":"","meta":{"postBodyCss":"","postBodyMargin":[],"postBodyPadding":[],"postBodyBackground":{"backgroundType":"classic","gradient":""}},"product_brand":[],"product_cat":[15,16,62],"product_tag":[],"class_list":{"0":"post-4507","1":"product","2":"type-product","3":"status-publish","4":"has-post-thumbnail","6":"product_cat-glass-containers","7":"product_cat-glass-bottles","8":"product_cat-perfume-bottles","10":"first","11":"instock","12":"shipping-taxable","13":"product-type-simple"},"jetpack_sharing_enabled":true,"_links":{"self":[{"href":"https:\/\/minghanggroup.com\/de\/wp-json\/wp\/v2\/product\/4507","targetHints":{"allow":["GET"]}}],"collection":[{"href":"https:\/\/minghanggroup.com\/de\/wp-json\/wp\/v2\/product"}],"about":[{"href":"https:\/\/minghanggroup.com\/de\/wp-json\/wp\/v2\/types\/product"}],"wp:featuredmedia":[{"embeddable":true,"href":"https:\/\/minghanggroup.com\/de\/wp-json\/wp\/v2\/media\/4510"}],"wp:attachment":[{"href":"https:\/\/minghanggroup.com\/de\/wp-json\/wp\/v2\/media?parent=4507"}],"wp:term":[{"taxonomy":"product_brand","embeddable":true,"href":"https:\/\/minghanggroup.com\/de\/wp-json\/wp\/v2\/product_brand?post=4507"},{"taxonomy":"product_cat","embeddable":true,"href":"https:\/\/minghanggroup.com\/de\/wp-json\/wp\/v2\/product_cat?post=4507"},{"taxonomy":"product_tag","embeddable":true,"href":"https:\/\/minghanggroup.com\/de\/wp-json\/wp\/v2\/product_tag?post=4507"}],"curies":[{"name":"wp","href":"https:\/\/api.w.org\/{rel}","templated":true}]}}