{"id":4499,"date":"2026-01-09T11:51:56","date_gmt":"2026-01-09T03:51:56","guid":{"rendered":"https:\/\/minghanggroup.com\/?post_type=product&#038;p=4499"},"modified":"2026-01-09T13:30:52","modified_gmt":"2026-01-09T05:30:52","slug":"flat-empty-pretty-perfume-bottles-wholesale","status":"publish","type":"product","link":"https:\/\/minghanggroup.com\/de\/produkt\/flat-empty-pretty-perfume-bottles-wholesale\/","title":{"rendered":"25 ml, 50 ml, 100 ml Flache, leere, h\u00fcbsche Parf\u00fcmfl\u00e4schchen im Gro\u00dfhandel"},"content":{"rendered":"<p>Diese h\u00fcbschen Parf\u00fcmflakons sind mit ihrem kristallklaren Glas (leicht quadratische Form) und den farbenfrohen Verschl\u00fcssen wirklich wundersch\u00f6n. Das transparente Design bringt die Duftfarbe hervorragend zur Geltung.<\/p>\n<h2>Produktmerkmale<\/h2>\n<ul>\n<li><strong>Hochwertige, transparente Glasflasche:<\/strong> Der Duft selbst ist optisch die Hauptattraktion der Flasche, denn sie besteht aus ultraklarem Glas und offenbart ein klares und minimalistisches Design.<\/li>\n<li><strong>Kontrastreiches Kappen-Design:<\/strong> Mit blauen und schwarzen Kappen verleihen Sie den Produkten sicherlich eine verspielte Note, und es liegt ganz bei Ihnen, welche Farbakzente Sie w\u00e4hlen, um den Charakter Ihrer Marke widerzuspiegeln.<\/li>\n<li><strong>Abgerundete quadratische Flasche:<\/strong> Die quadratische Flasche verf\u00fcgt \u00fcber abgerundete Ecken, die f\u00fcr einen angenehmen Halt und eine bequeme Positionierung sorgen.<\/li>\n<\/ul>\n<h2 style=\"text-align: left;\">Wichtigste Spezifikationen<\/h2>\n<table class=\"aligncenter\" style=\"border-collapse: collapse; width: 438.77pt;\" border=\"0\" width=\"585\" cellspacing=\"0\" cellpadding=\"0\">\n<tbody>\n<tr style=\"height: 13.50pt;\">\n<td style=\"height: 13.50pt; width: 119.25pt;\" width=\"159\" height=\"18\">Specification<\/td>\n<td style=\"width: 319.50pt;\" width=\"426\">Details<\/td>\n<\/tr>\n<tr style=\"height: 13.50pt;\">\n<td style=\"height: 13.50pt;\" height=\"18\">Abmessungen<\/td>\n<td>52x21x68mm \/ 70\u00d727\u00d784mm (50ml) \/ 95\u00d730\u00d7109mm (100ml)<\/td>\n<\/tr>\n<tr style=\"height: 13.50pt;\">\n<td style=\"height: 13.50pt;\" height=\"18\">Material<\/td>\n<td>Hochreines Glas<\/td>\n<\/tr>\n<tr style=\"height: 13.50pt;\">\n<td style=\"height: 13.50pt;\" height=\"18\">Flaschenform<\/td>\n<td>Abgerundetes quadratisches Prisma<\/td>\n<\/tr>\n<tr style=\"height: 13.50pt;\">\n<td style=\"height: 13.50pt;\" height=\"18\">Anpassungsumfang<\/td>\n<td>Flaschenform, Gr\u00f6\u00dfe, Farbe, Oberfl\u00e4che, Druck<\/td>\n<\/tr>\n<tr style=\"height: 13.50pt;\">\n<td style=\"height: 13.50pt;\" height=\"18\">Handwerkskunst<\/td>\n<td>Pr\u00e4zisions-Glasformteil mit abgerundeten Kanten<\/td>\n<\/tr>\n<tr style=\"height: 13.50pt;\">\n<td style=\"height: 13.50pt;\" height=\"18\">Produktzweck<\/td>\n<td>Gro\u00dfhandel mit h\u00fcbschen Parf\u00fcmflakons, leere Parf\u00fcmflakons<\/td>\n<\/tr>\n<tr style=\"height: 13.50pt;\">\n<td style=\"height: 13.50pt;\" height=\"18\">Geeignete Branchen<\/td>\n<td>Parf\u00fcmerie f\u00fcr den Massenmarkt und Nischenm\u00e4rkte, Lifestyle- und Geschenkartikelhandel<\/td>\n<\/tr>\n<\/tbody>\n<\/table>\n<h2>Erfolgsgeschichte: Ein Bestseller aus der Geschenkkollektion einer Lifestyle-Marke aus Sydney<\/h2>\n<p>Eine angesagte Lifestyle-Marke aus Sydney w\u00e4hlte unsere 100-ml-Leerflasche f\u00fcr Parf\u00fcmzerst\u00e4uber mit einem exklusiven floralen Muster auf dem Glas (UV-Druck) und einem individuell gestalteten Verschluss. Urspr\u00fcnglich waren 2.000 Flaschen im Sortiment, doch die leicht quadratische Form war so beliebt, dass 85 Prozent der Kundinnen und Kunden das Design als charmant und gleichzeitig elegant lobten. Die farbenfrohen Verschl\u00fcsse wurden so zu einem Markenzeichen, was zu einem 300-prozentigen Anstieg der Social-Media-Pr\u00e4senz der Produkte des Portfolios f\u00fchrte. Die Verkaufszahlen und die positive Resonanz der Kundinnen und Kunden waren so zufriedenstellend, dass das Unternehmen weitere 300.000 Flaschen f\u00fcr die Einf\u00fchrung einer neuen Herbstkollektion bestellte.<\/p>\n<h2>Personalisierung der h\u00fcbschen Parf\u00fcmflakons<\/h2>\n<ul>\n<li>Personalisierte Kappenfarben: Jede Art von zylindrischer Kappe kann an jede beliebige Marke oder jede Pantene-Farbe angepasst werden.<\/li>\n<li>Mattierte Glaspaneele: Die Vorder- und R\u00fcckw\u00e4nde erhalten eine mattierte Oberfl\u00e4che f\u00fcr ein sanft diffuses Erscheinungsbild.<\/li>\n<li>Glassiebdruck: Dies ist ein Druckverfahren, mit dem einfache Muster, Logos oder auch Texte auf eine flache Glasscheibe gedruckt werden k\u00f6nnen.<\/li>\n<li>Details zur gepr\u00e4gten Textur: Eine feine 3D-gepr\u00e4gte Textur wird in die Glasflasche einge\u00e4tzt, um das haptische Erlebnis und die \u00c4sthetik zu verbessern.<\/li>\n<\/ul>","protected":false},"excerpt":{"rendered":"<p>Stilvolle, elegante Parf\u00fcmflakons mit glatten, quadratischen Kanten und farbigen Verschl\u00fcssen. Leere Parf\u00fcmspr\u00fchflaschen im Gro\u00dfhandel f\u00fcr Gro\u00dfbestellungen und Markenverpackungsl\u00f6sungen.<\/p>","protected":false},"featured_media":4506,"template":"","meta":{"postBodyCss":"","postBodyMargin":[],"postBodyPadding":[],"postBodyBackground":{"backgroundType":"classic","gradient":""}},"product_brand":[],"product_cat":[15,16,62],"product_tag":[],"class_list":{"0":"post-4499","1":"product","2":"type-product","3":"status-publish","4":"has-post-thumbnail","6":"product_cat-glass-containers","7":"product_cat-glass-bottles","8":"product_cat-perfume-bottles","10":"first","11":"instock","12":"shipping-taxable","13":"product-type-simple"},"jetpack_sharing_enabled":true,"_links":{"self":[{"href":"https:\/\/minghanggroup.com\/de\/wp-json\/wp\/v2\/product\/4499","targetHints":{"allow":["GET"]}}],"collection":[{"href":"https:\/\/minghanggroup.com\/de\/wp-json\/wp\/v2\/product"}],"about":[{"href":"https:\/\/minghanggroup.com\/de\/wp-json\/wp\/v2\/types\/product"}],"wp:featuredmedia":[{"embeddable":true,"href":"https:\/\/minghanggroup.com\/de\/wp-json\/wp\/v2\/media\/4506"}],"wp:attachment":[{"href":"https:\/\/minghanggroup.com\/de\/wp-json\/wp\/v2\/media?parent=4499"}],"wp:term":[{"taxonomy":"product_brand","embeddable":true,"href":"https:\/\/minghanggroup.com\/de\/wp-json\/wp\/v2\/product_brand?post=4499"},{"taxonomy":"product_cat","embeddable":true,"href":"https:\/\/minghanggroup.com\/de\/wp-json\/wp\/v2\/product_cat?post=4499"},{"taxonomy":"product_tag","embeddable":true,"href":"https:\/\/minghanggroup.com\/de\/wp-json\/wp\/v2\/product_tag?post=4499"}],"curies":[{"name":"wp","href":"https:\/\/api.w.org\/{rel}","templated":true}]}}