{"id":4485,"date":"2026-01-09T10:20:42","date_gmt":"2026-01-09T02:20:42","guid":{"rendered":"https:\/\/minghanggroup.com\/?post_type=product&#038;p=4485"},"modified":"2026-01-09T11:51:54","modified_gmt":"2026-01-09T03:51:54","slug":"blank-perfume-bottles-with-metal-lids-wholesale","status":"publish","type":"product","link":"https:\/\/minghanggroup.com\/de\/produkt\/blank-perfume-bottles-with-metal-lids-wholesale\/","title":{"rendered":"25 ml, 50 ml, 100 ml leere Parf\u00fcmflaschen mit Metalldeckeln \u2013 Gro\u00dfhandel"},"content":{"rendered":"<p>Die leeren Parf\u00fcmflakons bestehen aus hochwertigem Glas mit glatten Kanten und quadratischer Form. Sie werden in drei Gr\u00f6\u00dfen angeboten, wahlweise mit silbernen oder goldenen Metallkappen, um den luxuri\u00f6sen Eindruck zu verst\u00e4rken.<\/p>\n<h2>Produktmerkmale<\/h2>\n<ul>\n<li><strong>Quadratischer Korpus mit Kantenschnitt:<\/strong> Die quadratische Flasche hat abgeschr\u00e4gte Kanten, die das Licht brillant reflektieren, Textur verleihen und ein elegantes geometrisches Design schaffen.<\/li>\n<li><strong>Optionen f\u00fcr Bimetallkappen:<\/strong> Die zylindrischen Kappen aus Silber oder Gold k\u00f6nnen auch mit einem Markennamen personalisiert werden, was einen Hauch von klassischem Luxus verleiht.<\/li>\n<li><strong>Zwei Gr\u00f6\u00dfen Zwei Gr\u00f6\u00dfen:<\/strong> F\u00fcnf und 100 ml, sowohl f\u00fcr den t\u00e4glichen Gebrauch als auch f\u00fcr das anspruchsvolle und individuelle Erlebnis.<\/li>\n<\/ul>\n<h2 style=\"text-align: left;\">Wichtigste Spezifikationen<\/h2>\n<table class=\"aligncenter\" style=\"border-collapse: collapse; width: 493.52pt;\" border=\"0\" width=\"658\" cellspacing=\"0\" cellpadding=\"0\">\n<tbody>\n<tr style=\"height: 13.50pt;\">\n<td style=\"height: 13.50pt; width: 119.25pt;\" width=\"159\" height=\"18\">Specification<\/td>\n<td style=\"width: 374.25pt;\" width=\"499\">Details<\/td>\n<\/tr>\n<tr style=\"height: 13.50pt;\">\n<td style=\"height: 13.50pt;\" height=\"18\">Abmessungen<\/td>\n<td>41\u00d725\u00d777mm (25ml)\/ 43\u00d730\u00d788mm (50ml)\/ 53\u00d731\u00d773mm (50ml)\/ 57\u00d738\u00d7107mm (100ml)<\/td>\n<\/tr>\n<tr style=\"height: 13.50pt;\">\n<td style=\"height: 13.50pt;\" height=\"18\">Material<\/td>\n<td>Hochreines Glas, Metallkappen<\/td>\n<\/tr>\n<tr style=\"height: 13.50pt;\">\n<td style=\"height: 13.50pt;\" height=\"18\">Anpassungsumfang<\/td>\n<td>Flaschenform, Gr\u00f6\u00dfe, Farbe, Oberfl\u00e4che, Mattierung<\/td>\n<\/tr>\n<tr style=\"height: 13.50pt;\">\n<td style=\"height: 13.50pt;\" height=\"18\">Handwerkskunst<\/td>\n<td>Pr\u00e4zisionsglasschneiden, Metallbeschichtung<\/td>\n<\/tr>\n<tr style=\"height: 13.50pt;\">\n<td style=\"height: 13.50pt;\" height=\"18\">Produktzweck<\/td>\n<td>Luxuri\u00f6se Parf\u00fcmflakons aus Glas, leere Parf\u00fcmflakons<\/td>\n<\/tr>\n<tr style=\"height: 13.50pt;\">\n<td style=\"height: 13.50pt;\" height=\"18\">Geeignete Branchen<\/td>\n<td>Haute Parfumerie, Eigenmarken, Luxuseinzelhandel<\/td>\n<\/tr>\n<\/tbody>\n<\/table>\n<h2>Erfolgsgeschichte: Personalisierungsservices eines Londoner Parf\u00fcmstudios<\/h2>\n<p>Ein Londoner Parf\u00fcmlabor, das sich auf die Herstellung individueller Parf\u00fcmflakons spezialisiert hat, ben\u00f6tigte elegante und nachf\u00fcllbare Flakons. Sie entschieden sich f\u00fcr unseren 100-ml-Glasflakon mit einem speziellen Goldverschluss. Der Premium-Service, der sich durch ein hochwertiges Design auszeichnete, f\u00fchrte zu einer Steigerung des durchschnittlichen Transaktionswerts um 30 Prozent, und die 3D-geschliffenen Kanten erh\u00f6hten die Attraktivit\u00e4t im Verkaufsregal um 42 Prozent. Die Zufriedenheit des Studios mit dem Produkt veranlasste es, weitere 150.000 Flakons zu bestellen, um sein Individualisierungsprojekt der n\u00e4chsten f\u00fcnf Jahre zu unterst\u00fctzen.<\/p>\n<h2>Personalisierung von leeren Parf\u00fcmflakons<\/h2>\n<ul>\n<li>Glasfarben und -effekte: Es ist in klaren, rauchigen oder sanften Farben erh\u00e4ltlich, mit einer Auswahl an klaren, vollst\u00e4ndig oder teilweise mattierten Oberfl\u00e4chen.<\/li>\n<li>Personalisierung der Kappenmaterialien: Kappen k\u00f6nnen unter anderem aus Keramik, Holz oder Kunststoff gefertigt sein.<\/li>\n<li>Tiefenlasergravur: Detaillierte Muster, Logos oder Schriftz\u00fcge werden auf einer \u00e4u\u00dfersten Seite der Flasche eingraviert, sodass sie zu einer griffigen und dauerhaften Marke wird.<\/li>\n<li>Sandgestrahltes Logofeld: Dieses Feld ist mattiert und befindet sich auf einer Seite der quadratischen Flasche. Das Logo wirkt dadurch leicht matt.<\/li>\n<\/ul>","protected":false},"excerpt":{"rendered":"<p>Elegante, unbedruckte Parf\u00fcmflakons mit geschliffenen Kanten. Jeder Flakon wird mit einem Metallzerst\u00e4uber geliefert. Gro\u00dfhandelspreise f\u00fcr Gro\u00dfbestellungen. Schneller Versand!<\/p>","protected":false},"featured_media":4498,"template":"","meta":{"postBodyCss":"","postBodyMargin":[],"postBodyPadding":[],"postBodyBackground":{"backgroundType":"classic","gradient":""}},"product_brand":[],"product_cat":[15,16,62],"product_tag":[],"class_list":{"0":"post-4485","1":"product","2":"type-product","3":"status-publish","4":"has-post-thumbnail","6":"product_cat-glass-containers","7":"product_cat-glass-bottles","8":"product_cat-perfume-bottles","10":"first","11":"instock","12":"shipping-taxable","13":"product-type-simple"},"jetpack_sharing_enabled":true,"_links":{"self":[{"href":"https:\/\/minghanggroup.com\/de\/wp-json\/wp\/v2\/product\/4485","targetHints":{"allow":["GET"]}}],"collection":[{"href":"https:\/\/minghanggroup.com\/de\/wp-json\/wp\/v2\/product"}],"about":[{"href":"https:\/\/minghanggroup.com\/de\/wp-json\/wp\/v2\/types\/product"}],"wp:featuredmedia":[{"embeddable":true,"href":"https:\/\/minghanggroup.com\/de\/wp-json\/wp\/v2\/media\/4498"}],"wp:attachment":[{"href":"https:\/\/minghanggroup.com\/de\/wp-json\/wp\/v2\/media?parent=4485"}],"wp:term":[{"taxonomy":"product_brand","embeddable":true,"href":"https:\/\/minghanggroup.com\/de\/wp-json\/wp\/v2\/product_brand?post=4485"},{"taxonomy":"product_cat","embeddable":true,"href":"https:\/\/minghanggroup.com\/de\/wp-json\/wp\/v2\/product_cat?post=4485"},{"taxonomy":"product_tag","embeddable":true,"href":"https:\/\/minghanggroup.com\/de\/wp-json\/wp\/v2\/product_tag?post=4485"}],"curies":[{"name":"wp","href":"https:\/\/api.w.org\/{rel}","templated":true}]}}