{"id":4472,"date":"2026-01-08T16:31:41","date_gmt":"2026-01-08T08:31:41","guid":{"rendered":"https:\/\/minghanggroup.com\/?post_type=product&#038;p=4472"},"modified":"2026-04-14T10:05:16","modified_gmt":"2026-04-14T02:05:16","slug":"square-brown-perfume-bottles-with-black-lids-bulk","status":"publish","type":"product","link":"https:\/\/minghanggroup.com\/de\/produkt\/square-brown-perfume-bottles-with-black-lids-bulk\/","title":{"rendered":"50-ml-Parf\u00fcmflaschen, quadratisch, braun, mit schwarzen Deckeln, Gro\u00dfpackung"},"content":{"rendered":"<p>Diese braunen Parf\u00fcmflakons sind aus durchscheinendem, dunkelbraunem Glas gefertigt. Ihre elegante Erscheinung wird durch den quadratischen, kantigen Korpus und den schwarzen, zylindrischen Verschluss unterstrichen \u2013 schlicht und doch stilvoll.<\/p>\n<h2>Produktmerkmale<\/h2>\n<ul>\n<li><strong>Dunkelbraune, durchscheinende Textur:<\/strong> Das braune Glas ist satt und verleiht dem Inhalt eine warme, erdige und hochwertige Optik, die lichtempfindliche Gegenst\u00e4nde optimal sch\u00fctzt.<\/li>\n<li><strong>Schwarz-braunes Kontrastdesign:<\/strong> Der schwarze Verschluss bildet einen dezenten Kontrast zur dunkelbraunen Flasche und verleiht dem Produkt ein sauberes und elegantes Aussehen, was die Produktqualit\u00e4t erh\u00f6ht.<\/li>\n<li><strong>Luxuri\u00f6se quadratische Form:<\/strong> Das schlichte, quadratische Flaschendesign ist \u00fcbersichtlich und handlich genug f\u00fcr den t\u00e4glichen Gebrauch und eignet sich auch hervorragend als Nischenparf\u00fcmverpackung.<\/li>\n<\/ul>\n<h2 style=\"text-align: left;\">Wichtigste Spezifikationen<\/h2>\n<table class=\"aligncenter\" style=\"border-collapse: collapse; width: 469.52pt;\" border=\"0\" width=\"626\" cellspacing=\"0\" cellpadding=\"0\">\n<tbody>\n<tr style=\"height: 13.50pt;\">\n<td style=\"height: 13.50pt; width: 119.25pt;\" width=\"159\" height=\"18\">Specification<\/td>\n<td style=\"width: 350.25pt;\" width=\"467\">Details<\/td>\n<\/tr>\n<tr style=\"height: 13.50pt;\">\n<td style=\"height: 13.50pt;\" height=\"18\">Kapazit\u00e4t<\/td>\n<td>50 ml<\/td>\n<\/tr>\n<tr style=\"height: 13.50pt;\">\n<td style=\"height: 13.50pt;\" height=\"18\">Abmessungen<\/td>\n<td>39 \u00d7 39 \u00d7 86 mm<\/td>\n<\/tr>\n<tr style=\"height: 13.50pt;\">\n<td style=\"height: 13.50pt;\" height=\"18\">Material<\/td>\n<td>Halbtransparentes braunes Glas<\/td>\n<\/tr>\n<tr style=\"height: 13.50pt;\">\n<td style=\"height: 13.50pt;\" height=\"18\">Flaschenform<\/td>\n<td>Quadrat<\/td>\n<\/tr>\n<tr style=\"height: 13.50pt;\">\n<td style=\"height: 13.50pt;\" height=\"18\">Anpassungsumfang<\/td>\n<td>Flaschenform, Gr\u00f6\u00dfe, Farbe, Oberfl\u00e4che, Gravur<\/td>\n<\/tr>\n<tr style=\"height: 13.50pt;\">\n<td style=\"height: 13.50pt;\" height=\"18\">Handwerkskunst<\/td>\n<td>Pr\u00e4zisionsglasformung &amp; Facettierung, Dunkelglasf\u00e4rbung<\/td>\n<\/tr>\n<tr style=\"height: 13.50pt;\">\n<td style=\"height: 13.50pt;\" height=\"18\">Produktzweck<\/td>\n<td>Individuell gestaltete Parf\u00fcmflakons, Herrenparf\u00fcmflakons<\/td>\n<\/tr>\n<tr style=\"height: 13.50pt;\">\n<td style=\"height: 13.50pt;\" height=\"18\">Geeignete Branchen<\/td>\n<td>Handgefertigte Parfums, Naturkosmetikmarken, Herrenpflege<\/td>\n<\/tr>\n<\/tbody>\n<\/table>\n<h2>Erfolgsgeschichte<\/h2>\n<p>Eine der bekanntesten Marken f\u00fcr handgefertigte Produkte aus dem pazifischen Nordwesten entschied sich f\u00fcr unseren 50-ml-Flakon aus braunem K\u00f6lnischwasser. Der Flaschenk\u00f6rper wurde in der Farbe von gebrannter Eiche gestaltet und mit einem mattschwarzen Verschluss in Holzoptik versehen. Das braune Glas bietet 99 % UV-Schutz, was f\u00fcr den Erhalt der nat\u00fcrlichen \u00e4therischen \u00d6le wichtig ist. Die kantige und elegante Form des Flakons sorgt zudem f\u00fcr einen sicheren Halt, was in 45 % der Kundenbewertungen hervorgehoben wird. Die ersten 20.000 Flakons waren innerhalb von 72 Stunden online ausverkauft. Die Marke war begeistert und bestellte weitere 450.000 Flakons, um ein stabiles Markenprodukt zu etablieren und in den Markt f\u00fcr Raumd\u00fcfte einzusteigen.<\/p>\n<h2>Personalisierung brauner Parf\u00fcmflakons<\/h2>\n<ul>\n<li>Glasfarbe und Transparenz: Es verf\u00fcgt \u00fcber eine breite Palette an Braunt\u00f6nen (Bernstein, Cognac, Espresso) und Transparenz.<\/li>\n<li>Abgeschr\u00e4gtes Design und Gr\u00f6\u00dfe: Breite, Tiefe und Winkel der facettierten Schnittkanten werden individuell gestaltet, um ein unverwechselbares Flaschenprofil zu entwickeln.<\/li>\n<li>Material und Ausf\u00fchrung der Kappe: Als Kappenmaterialien k\u00f6nnen mattschwarzer Kunststoff, gebeiztes Holz oder strukturiertes Metall verwendet werden.<\/li>\n<li>Sockel aus strukturiertem Glas: Sandgestrahlte oder gepunktete Texturen auf dem Sockel sorgen f\u00fcr ein haptisches Erlebnis.<\/li>\n<\/ul>","protected":false},"excerpt":{"rendered":"<p>Moderner brauner Parf\u00fcmflakon mit minimalistischem schwarzem Spr\u00fchverschluss und hochwertigem Glas. Braune Parf\u00fcmflakons f\u00fcr Eigenmarken \u2013 sowohl als OEM- als auch als Gro\u00dfhandelsprodukt.<\/p>","protected":false},"featured_media":4473,"template":"","meta":{"postBodyCss":"","postBodyMargin":[],"postBodyPadding":[],"postBodyBackground":{"backgroundType":"classic","gradient":""}},"product_brand":[],"product_cat":[15,16,62],"product_tag":[111],"class_list":{"0":"post-4472","1":"product","2":"type-product","3":"status-publish","4":"has-post-thumbnail","6":"product_cat-glass-containers","7":"product_cat-glass-bottles","8":"product_cat-perfume-bottles","9":"product_tag-glass-mist-bottles","11":"first","12":"instock","13":"shipping-taxable","14":"product-type-simple"},"jetpack_sharing_enabled":true,"_links":{"self":[{"href":"https:\/\/minghanggroup.com\/de\/wp-json\/wp\/v2\/product\/4472","targetHints":{"allow":["GET"]}}],"collection":[{"href":"https:\/\/minghanggroup.com\/de\/wp-json\/wp\/v2\/product"}],"about":[{"href":"https:\/\/minghanggroup.com\/de\/wp-json\/wp\/v2\/types\/product"}],"wp:featuredmedia":[{"embeddable":true,"href":"https:\/\/minghanggroup.com\/de\/wp-json\/wp\/v2\/media\/4473"}],"wp:attachment":[{"href":"https:\/\/minghanggroup.com\/de\/wp-json\/wp\/v2\/media?parent=4472"}],"wp:term":[{"taxonomy":"product_brand","embeddable":true,"href":"https:\/\/minghanggroup.com\/de\/wp-json\/wp\/v2\/product_brand?post=4472"},{"taxonomy":"product_cat","embeddable":true,"href":"https:\/\/minghanggroup.com\/de\/wp-json\/wp\/v2\/product_cat?post=4472"},{"taxonomy":"product_tag","embeddable":true,"href":"https:\/\/minghanggroup.com\/de\/wp-json\/wp\/v2\/product_tag?post=4472"}],"curies":[{"name":"wp","href":"https:\/\/api.w.org\/{rel}","templated":true}]}}