{"id":4462,"date":"2026-01-08T15:47:37","date_gmt":"2026-01-08T07:47:37","guid":{"rendered":"https:\/\/minghanggroup.com\/?post_type=product&#038;p=4462"},"modified":"2026-01-08T17:02:41","modified_gmt":"2026-01-08T09:02:41","slug":"glossy-mens-black-fragrance-bottles-wholesale","status":"publish","type":"product","link":"https:\/\/minghanggroup.com\/de\/produkt\/glossy-mens-black-fragrance-bottles-wholesale\/","title":{"rendered":"30 ml, 50 ml, 100 ml Gl\u00e4nzende schwarze Herrenparf\u00fcmflaschen \u2013 Gro\u00dfhandel"},"content":{"rendered":"<p>Die schwarzen Parf\u00fcmflakons sind mit einer hochgl\u00e4nzenden, komplett schwarzen Oberfl\u00e4che versehen. Die Flakonform ist rechteckig mit leicht abgerundeten Kanten und wird mit einem gleichfarbigen, zylindrischen Verschluss geliefert, dessen gl\u00e4nzende Oberfl\u00e4che das Licht reflektiert.<\/p>\n<h2>Produktmerkmale<\/h2>\n<ul>\n<li><strong>Hochgl\u00e4nzende schwarze Lackierung:<\/strong> Die gl\u00e4nzend schwarze Oberfl\u00e4che der Flasche und des Verschlusses verleiht dem Ganzen eine edle und luxuri\u00f6se Optik.<\/li>\n<li><strong>Abgerundete Ecken:<\/strong> Die abgerundeten Ecken verleihen dem M\u00f6belst\u00fcck eine gewisse Eleganz und sorgen gleichzeitig f\u00fcr ein angenehmes und sicheres Gef\u00fchl.<\/li>\n<li><strong>Rechteckige Flasche:<\/strong> Die rechteckige, schwarze, gl\u00e4nzende Flasche besitzt eine kraftvolle, selbstbewusste und wiedererkennbare Form.<\/li>\n<\/ul>\n<h2 style=\"text-align: left;\">Wichtigste Spezifikationen<\/h2>\n<table class=\"aligncenter\" style=\"border-collapse: collapse; width: 469.52pt;\" border=\"0\" width=\"626\" cellspacing=\"0\" cellpadding=\"0\">\n<tbody>\n<tr style=\"height: 13.50pt;\">\n<td style=\"height: 13.50pt; width: 119.25pt;\" width=\"159\" height=\"18\">Specification<\/td>\n<td style=\"width: 350.25pt;\" width=\"467\">Details<\/td>\n<\/tr>\n<tr style=\"height: 13.50pt;\">\n<td style=\"height: 13.50pt;\" height=\"18\">Kapazit\u00e4t<\/td>\n<td>30 ml \/ 50 ml \/ 100 ml<\/td>\n<\/tr>\n<tr style=\"height: 13.50pt;\">\n<td style=\"height: 13.50pt;\" height=\"18\">Abmessungen<\/td>\n<td>42\u00d729\u00d777 mm \/ 51\u00d728\u00d792 mm \/ 53\u00d735\u00d7116 mm<\/td>\n<\/tr>\n<tr style=\"height: 13.50pt;\">\n<td style=\"height: 13.50pt;\" height=\"18\">Material<\/td>\n<td>Glas mit hochgl\u00e4nzender schwarzer Beschichtung<\/td>\n<\/tr>\n<tr style=\"height: 13.50pt;\">\n<td style=\"height: 13.50pt;\" height=\"18\">Flaschenform<\/td>\n<td>Rechteck<\/td>\n<\/tr>\n<tr style=\"height: 13.50pt;\">\n<td style=\"height: 13.50pt;\" height=\"18\">Anpassungsumfang<\/td>\n<td>Flaschenform, Gr\u00f6\u00dfe, Farbe, Oberfl\u00e4che (gl\u00e4nzend, matt, strukturiert)<\/td>\n<\/tr>\n<tr style=\"height: 13.50pt;\">\n<td style=\"height: 13.50pt;\" height=\"18\">Handwerkskunst<\/td>\n<td>Pr\u00e4zisionsglasformung, Hochglanzlackierung<\/td>\n<\/tr>\n<tr style=\"height: 13.50pt;\">\n<td style=\"height: 13.50pt;\" height=\"18\">Produktzweck<\/td>\n<td>Flakons f\u00fcr Herrenparf\u00fcm, schwarze Duftflakons<\/td>\n<\/tr>\n<tr style=\"height: 13.50pt;\">\n<td style=\"height: 13.50pt;\" height=\"18\">Geeignete Branchen<\/td>\n<td>Herrenpflege, Moderne Parf\u00fcmerie, Luxusg\u00fcter<\/td>\n<\/tr>\n<\/tbody>\n<\/table>\n<h2>Erfolgsgeschichte: Das meistverkaufte Parf\u00fcm einer europ\u00e4ischen Herrenpflegemarke<\/h2>\n<p>Eine der f\u00fchrenden europ\u00e4ischen Luxusmarken f\u00fcr Herrenpflege w\u00e4hlte unseren 100-ml-Flakon f\u00fcr Herrenparf\u00fcm in Schwarz und veredelte ihn mit einer gl\u00e4nzenden, anthrazitgrauen Oberfl\u00e4che und einem stark gepr\u00e4gten Markenlogo auf der Vorderseite. Die hochwertige Haptik des Flakons f\u00fchrte zu einem um 35 Prozent h\u00f6heren Preis der neuen Generation im Vergleich zum Vorg\u00e4ngermodell. Die 50-ml-Variante verkaufte sich in den Duty-Free-Shops an Flugh\u00e4fen au\u00dferordentlich gut, der Umsatz war 150-mal h\u00f6her. Dank des klaren und markanten Designs stiegen die organischen Erw\u00e4hnungen in den sozialen Medien um 400 Prozent. Die Marke war von den Verkaufszahlen und dem Markenaufbau so begeistert, dass sie weitere 400.000 Flakons bestellte, um ihren Bedarf an Kernprodukten f\u00fcr die n\u00e4chsten zwei Jahre zu decken.<\/p>\n<h2>Optionen zur individuellen Gestaltung schwarzer Parf\u00fcmflakons<\/h2>\n<ul>\n<li>Oberfl\u00e4chenveredelungen: Erh\u00e4ltlich in matt, seidenmatt, griffig oder geb\u00fcrstet-metallic. Metallische Dekorelemente<\/li>\n<li>Details: Ein Metallstreifen (Kupfer, Bronze) in d\u00fcnner Schicht sollte entlang des Flaschenrandes angelegt und das Metall vertieft werden.<\/li>\n<li>Tiefenlasergravur: \u00c4tzen Sie Logos, Zutatenlisten oder Seriennummern, um eine anspruchsvolle und langlebige Identit\u00e4t zu schaffen.<\/li>\n<li>Individuelle Kappendetails: Kappe mit R\u00e4ndelung, Gummigriff oder alternativem Kappenprofil (z. B. leicht konisch).<\/li>\n<\/ul>","protected":false},"excerpt":{"rendered":"<p>Schwarze Herrenparf\u00fcmflakons aus gl\u00e4nzendem, rechteckigem Glas mit abgerundeten Kanten. OEM-Flakons f\u00fcr Herrenparf\u00fcmmarken direkt vom Hersteller erh\u00e4ltlich.<\/p>","protected":false},"featured_media":4466,"template":"","meta":{"postBodyCss":"","postBodyMargin":[],"postBodyPadding":[],"postBodyBackground":{"backgroundType":"classic","gradient":""}},"product_brand":[],"product_cat":[15,16,62],"product_tag":[],"class_list":{"0":"post-4462","1":"product","2":"type-product","3":"status-publish","4":"has-post-thumbnail","6":"product_cat-glass-containers","7":"product_cat-glass-bottles","8":"product_cat-perfume-bottles","10":"first","11":"instock","12":"shipping-taxable","13":"product-type-simple"},"jetpack_sharing_enabled":true,"_links":{"self":[{"href":"https:\/\/minghanggroup.com\/de\/wp-json\/wp\/v2\/product\/4462","targetHints":{"allow":["GET"]}}],"collection":[{"href":"https:\/\/minghanggroup.com\/de\/wp-json\/wp\/v2\/product"}],"about":[{"href":"https:\/\/minghanggroup.com\/de\/wp-json\/wp\/v2\/types\/product"}],"wp:featuredmedia":[{"embeddable":true,"href":"https:\/\/minghanggroup.com\/de\/wp-json\/wp\/v2\/media\/4466"}],"wp:attachment":[{"href":"https:\/\/minghanggroup.com\/de\/wp-json\/wp\/v2\/media?parent=4462"}],"wp:term":[{"taxonomy":"product_brand","embeddable":true,"href":"https:\/\/minghanggroup.com\/de\/wp-json\/wp\/v2\/product_brand?post=4462"},{"taxonomy":"product_cat","embeddable":true,"href":"https:\/\/minghanggroup.com\/de\/wp-json\/wp\/v2\/product_cat?post=4462"},{"taxonomy":"product_tag","embeddable":true,"href":"https:\/\/minghanggroup.com\/de\/wp-json\/wp\/v2\/product_tag?post=4462"}],"curies":[{"name":"wp","href":"https:\/\/api.w.org\/{rel}","templated":true}]}}