{"id":4455,"date":"2026-01-08T15:04:49","date_gmt":"2026-01-08T07:04:49","guid":{"rendered":"https:\/\/minghanggroup.com\/?post_type=product&#038;p=4455"},"modified":"2026-01-08T15:17:05","modified_gmt":"2026-01-08T07:17:05","slug":"rectangular-black-cologne-bottles-wholesale","status":"publish","type":"product","link":"https:\/\/minghanggroup.com\/de\/produkt\/rectangular-black-cologne-bottles-wholesale\/","title":{"rendered":"30 ml, 50 ml, 100 ml rechteckige schwarze K\u00f6lnischwasserflaschen im Gro\u00dfhandel"},"content":{"rendered":"<p>Diese schwarzen Parf\u00fcmflakons haben eine matte, komplett schwarze Oberfl\u00e4che, der Korpus ist rechteckig (die Kanten sind leicht abgerundet) und der Verschluss ist zylindrisch schwarz, was ein harmonisches, dezentes und elegantes Erscheinungsbild erzeugt.<\/p>\n<h2>Produktmerkmale<\/h2>\n<ul>\n<li><strong>Matte, komplett schwarze Textur:<\/strong> Das matte Schwarz der Flasche und des Verschlusses verleiht ihr eine dezente, aber hochwertige Note, die gut zu Nischenmode mit k\u00fchlen Farben passt.<\/li>\n<li><strong>Abgerundeter rechteckiger K\u00f6rper:<\/strong> Die abgerundeten Kanten der rechteckigen Flasche gew\u00e4hrleisten eine einfache Handhabung und platzsparende Aufbewahrung.<\/li>\n<li><strong>Verschiedene Gr\u00f6\u00dfen:<\/strong> Es gibt drei Gr\u00f6\u00dfen der rechteckigen Parf\u00fcmflakons, je nach Bedarf f\u00fcr verschiedene Situationen, z. B. f\u00fcr den t\u00e4glichen Gebrauch und als Nachf\u00fcllflaschen.<\/li>\n<\/ul>\n<h2 style=\"text-align: left;\">Wichtigste Spezifikationen<\/h2>\n<table class=\"aligncenter\" style=\"border-collapse: collapse; width: 469.52pt;\" border=\"0\" width=\"626\" cellspacing=\"0\" cellpadding=\"0\">\n<tbody>\n<tr style=\"height: 13.50pt;\">\n<td style=\"height: 13.50pt; width: 119.25pt;\" width=\"159\" height=\"18\">Specification<\/td>\n<td style=\"width: 350.25pt;\" width=\"467\">Details<\/td>\n<\/tr>\n<tr style=\"height: 13.50pt;\">\n<td style=\"height: 13.50pt;\" height=\"18\">Kapazit\u00e4t<\/td>\n<td>30 ml \/ 50 ml \/ 100 ml<\/td>\n<\/tr>\n<tr style=\"height: 13.50pt;\">\n<td style=\"height: 13.50pt;\" height=\"18\">Abmessungen<\/td>\n<td>42\u00d729\u00d776 mm \/ 51\u00d728\u00d791 mm \/ 53\u00d736\u00d7116 mm<\/td>\n<\/tr>\n<tr style=\"height: 13.50pt;\">\n<td style=\"height: 13.50pt;\" height=\"18\">Material<\/td>\n<td>Glas mit mattschwarzer Beschichtung<\/td>\n<\/tr>\n<tr style=\"height: 13.50pt;\">\n<td style=\"height: 13.50pt;\" height=\"18\">Flaschenform<\/td>\n<td>Rechteck<\/td>\n<\/tr>\n<tr style=\"height: 13.50pt;\">\n<td style=\"height: 13.50pt;\" height=\"18\">Anpassungsumfang<\/td>\n<td>Oberfl\u00e4chenstruktur, Kappendetails, Pr\u00e4gung, dezentes Branding<\/td>\n<\/tr>\n<tr style=\"height: 13.50pt;\">\n<td style=\"height: 13.50pt;\" height=\"18\">Handwerkskunst<\/td>\n<td>Pr\u00e4zisionsglasformung, gleichm\u00e4\u00dfige matte Beschichtung<\/td>\n<\/tr>\n<tr style=\"height: 13.50pt;\">\n<td style=\"height: 13.50pt;\" height=\"18\">Produktzweck<\/td>\n<td>Gro\u00dfhandel mit schwarzen K\u00f6lnischwasserflaschen, Vintage-Parf\u00fcmflaschen<\/td>\n<\/tr>\n<tr style=\"height: 13.50pt;\">\n<td style=\"height: 13.50pt;\" height=\"18\">Geeignete Branchen<\/td>\n<td>Zeitgen\u00f6ssische Parf\u00fcmerie, Luxus-Hautpflege<\/td>\n<\/tr>\n<\/tbody>\n<\/table>\n<h2>Erfolgsgeschichte: Eine Eigenmarke eines Tokioter Avantgarde-Parf\u00fcmeurs<\/h2>\n<p>Eine der in Tokio ans\u00e4ssigen Nischenparf\u00fcmmarken entschied sich f\u00fcr unsere 100-ml-Flakons in Schwarz als exklusives Produkt und versah sie mit einer mikrotexturierten, matten Oberfl\u00e4che f\u00fcr besseren Halt. Dank des exklusiven mattschwarzen Designs stieg die Markenbekanntheit um 48 Prozent; die Sichtbarkeit im Regal erh\u00f6hte sich um 42 Prozent, was zu einem Umsatzplus von 60 Prozent im Vergleich zu herk\u00f6mmlichen transparenten Flakons f\u00fchrte. Die Marke war begeistert, wie gut der Flakon die Marke widerspiegelte, bestellte weitere 500.000 Flakons und schloss einen weltweiten Exklusivvertriebsvertrag ab.<\/p>\n<h2>Schwarze Parf\u00fcmflakons k\u00f6nnen individuell gestaltet werden<\/h2>\n<ul>\n<li>Beschichtungstexturen und Glanzgrade: Bietet eine Auswahl von ultramatt bis seidenmatt oder f\u00fchrt einige Mikrotexturen ein.<\/li>\n<li>Glasgrundfarben: Verleiht klarem, get\u00f6ntem oder Buntglas durch das Auftragen der matten Beschichtung einen besonderen, edlen Effekt.<\/li>\n<li>Kappenverzierungen: Versehen Sie die Kappe mit einem einfachen Metallring, Gummiring oder anderen Oberfl\u00e4chenstrukturen.<\/li>\n<li>Kontrast-Siebdruck: Druckt kontrastierende Farben (Wei\u00df, Metallic) auf eine Matte.<\/li>\n<\/ul>","protected":false},"excerpt":{"rendered":"<p>Elegante schwarze Parf\u00fcmflakons mit glatter, matter Oberfl\u00e4che und passenden Verschl\u00fcssen. Mengenrabatt auf schwarze Parf\u00fcmflakons bei gr\u00f6\u00dferen Bestellmengen.<\/p>","protected":false},"featured_media":4458,"template":"","meta":{"postBodyCss":"","postBodyMargin":[],"postBodyPadding":[],"postBodyBackground":{"backgroundType":"classic","gradient":""}},"product_brand":[],"product_cat":[15,16,62],"product_tag":[],"class_list":{"0":"post-4455","1":"product","2":"type-product","3":"status-publish","4":"has-post-thumbnail","6":"product_cat-glass-containers","7":"product_cat-glass-bottles","8":"product_cat-perfume-bottles","10":"first","11":"instock","12":"shipping-taxable","13":"product-type-simple"},"jetpack_sharing_enabled":true,"_links":{"self":[{"href":"https:\/\/minghanggroup.com\/de\/wp-json\/wp\/v2\/product\/4455","targetHints":{"allow":["GET"]}}],"collection":[{"href":"https:\/\/minghanggroup.com\/de\/wp-json\/wp\/v2\/product"}],"about":[{"href":"https:\/\/minghanggroup.com\/de\/wp-json\/wp\/v2\/types\/product"}],"wp:featuredmedia":[{"embeddable":true,"href":"https:\/\/minghanggroup.com\/de\/wp-json\/wp\/v2\/media\/4458"}],"wp:attachment":[{"href":"https:\/\/minghanggroup.com\/de\/wp-json\/wp\/v2\/media?parent=4455"}],"wp:term":[{"taxonomy":"product_brand","embeddable":true,"href":"https:\/\/minghanggroup.com\/de\/wp-json\/wp\/v2\/product_brand?post=4455"},{"taxonomy":"product_cat","embeddable":true,"href":"https:\/\/minghanggroup.com\/de\/wp-json\/wp\/v2\/product_cat?post=4455"},{"taxonomy":"product_tag","embeddable":true,"href":"https:\/\/minghanggroup.com\/de\/wp-json\/wp\/v2\/product_tag?post=4455"}],"curies":[{"name":"wp","href":"https:\/\/api.w.org\/{rel}","templated":true}]}}